{"id":13173,"date":"1970-01-01T00:00:00","date_gmt":"1969-12-31T23:00:00","guid":{"rendered":"https:\/\/www.esssecaffe.com\/?page_id=13173"},"modified":"2023-03-20T19:19:41","modified_gmt":"2023-03-20T18:19:41","slug":"s-20-latte-sistema-espresso-machine","status":"publish","type":"page","link":"https:\/\/www.esssecaffe.com\/de\/linea-home\/maschine-s-12-espresso-system\/s-20-latte-sistema-espresso-machine\/","title":{"rendered":"S.20 Latte Sistema Espresso Machine"},"content":{"rendered":"<div id=\"\" class=\"product-section\">\n\n\n\n<div data-scroll-section class=\"l-container\" style=\"margin-bottom: 50px; margin-top: 30px;\"><nav class=\"woocommerce-breadcrumb rank-math-breadcrumb\"><span class=\"last\">Home<\/span><\/nav><\/div>\n\n<div data-scroll-section>\n    <div class=\"l-container\">\n        <div class=\"product-flex product-flex_product product-section-small\">\n            <div class=\"product-gallery with-coffee-bg \"> \n                <div class=\"product-gallery-image\">\n                    <img loading=\"lazy\" decoding=\"async\" width=\"531\" height=\"714\" src=\"https:\/\/www.esssecaffe.com\/wp-content\/uploads\/2023\/03\/MILK-S.20-ROSSA-FRONTE.png\" class=\"attachment-full size-full\" alt=\"\" srcset=\"https:\/\/www.esssecaffe.com\/wp-content\/uploads\/2023\/03\/MILK-S.20-ROSSA-FRONTE.png 531w, https:\/\/www.esssecaffe.com\/wp-content\/uploads\/2023\/03\/MILK-S.20-ROSSA-FRONTE-223x300.png 223w, https:\/\/www.esssecaffe.com\/wp-content\/uploads\/2023\/03\/MILK-S.20-ROSSA-FRONTE-214x288.png 214w, https:\/\/www.esssecaffe.com\/wp-content\/uploads\/2023\/03\/MILK-S.20-ROSSA-FRONTE-230x309.png 230w, https:\/\/www.esssecaffe.com\/wp-content\/uploads\/2023\/03\/MILK-S.20-ROSSA-FRONTE-477x641.png 477w\" sizes=\"auto, (max-width: 531px) 100vw, 531px\" \/>                <\/div>\n            <\/div>\n            <div class=\"product-info\">\n                <div class=\"product-info__inner\">\n                    <p class=\"h1 product-title title-decoration reveal-text longest-title longest-title_short\" data-scroll>S.20 Latte Sistema Espresso Machine<\/p>\n                    <div class=\"product-description fade-in-bottom\" data-scroll>\n                        <p>Mit einem <strong>Design von Italdesign Giugiaro<\/strong> <strong>und fortschrittlicher Technologie<\/strong> ist die neue S.20 die ideale Maschine f\u00fcr Ihr Zuhause, Ihr B\u00fcro oder Ihr Unternehmen.<\/p>\n<p>\u00a0<\/p>\n<p>Diese professionelle Maschine f\u00fcr den Hausgebrauch verf\u00fcgt \u00fcber <strong>fortschrittliche Funktionen<\/strong>, die eine einfache und effektive Bedienung garantieren, so dass Sie immer eine hervorragende Qualit\u00e4t von <strong>Kaffee und Getr\u00e4nken genie\u00dfen k\u00f6nnen.<\/strong><\/p>\n<p><strong>\u00a0<\/strong><\/p>\n<p><u>BESCHREIBUNG DES PRODUKTS<\/u><\/p>\n<p><strong>\u00a0<\/strong><\/p>\n<p>Die S.20 Latte ist die fortschrittlichste Maschine des Sistema Espresso von Essse Caff\u00e8. Sie verf\u00fcgt \u00fcber einzigartige Funktionen und Technologien, die sie zu einer der f\u00fchrenden Maschinen in der Branche machen.<\/p>\n<p>\u00a0<\/p>\n<ul>\n<li><strong>2,8&#8220; Grafikdisplay mit kapazitivem Touchscreen<\/strong><\/li>\n<\/ul>\n<p>Es erm\u00f6glicht Ihnen die Verwaltung des Navigationsmen\u00fcs im Smartphone-Stil, das Sie nach Ihren W\u00fcnschen anpassen k\u00f6nnen.<\/p>\n<p>\u00a0<\/p>\n<ul>\n<li><strong>Essse Caff\u00e8 patentierter Br\u00fchkopf<\/strong><\/li>\n<\/ul>\n<p>Entwickelt, um die Cremigkeit und die aromatische Harmonie von Kaffee und allen Getr\u00e4nken der Sistema Espresso Reihe zu verbessern.<\/p>\n<p><strong>\u00a0<\/strong><\/p>\n<ul>\n<li><strong>Volumenabh\u00e4ngigs Ausgabesystem<\/strong><\/li>\n<\/ul>\n<p>S.20 Latte dosiert volumenabh\u00e4ngig und erm\u00f6glicht so die Zubereitung eines exzellenten Espressos, im Gegensatz zum traditionellen und nicht sehr pr\u00e4zisen zeitbasierten Br\u00fchvorgang.<\/p>\n<p>\u00a0<\/p>\n<ul>\n<li><strong>Hot pipe<\/strong><\/li>\n<\/ul>\n<p>Mit S20 Latte k\u00f6nnen Sie nicht nur Kaffeegetr\u00e4nke, sondern auch Kr\u00e4utertees, Tees und andere Hei\u00dfgetr\u00e4nke zubereiten.<\/p>\n<p>\u00a0<\/p>\n<ul>\n<li><strong>Hochfeste Hebel\u00f6ffnung<\/strong><\/li>\n<\/ul>\n<p>Entwickelt aus hochwertigen Materialien f\u00fcr St\u00e4rke und Zuverl\u00e4ssigkeit.<\/p>\n<p>\u00a0<\/p>\n<ul>\n<li><strong>Verstellbare Tassenablage<\/strong><\/li>\n<\/ul>\n<p>F\u00fcr alle Anforderungen in Bezug auf das Produktvolumen.<\/p>\n<p>\u00a0<\/p>\n<ul>\n<li><strong>Z\u00e4hlerfunktion<\/strong><\/li>\n<\/ul>\n<p>Speicherung aller ausgegebenen Produkte zur \u00dcberwachung des Verbrauchs.<\/p>\n<p>\u00a0<\/p>\n<ul>\n<li><strong>Test- und Diagnosebereich<\/strong><\/li>\n<\/ul>\n<p>Um das perfekte Funktionieren Ihrer S.20 Maschine jederzeit unter Kontrolle zu haben<\/p>\n<p>\u00a0<\/p>\n<ul>\n<li><strong>Automatisiertes und gef\u00fchrtes Entkalkungssystem<\/strong><\/li>\n<\/ul>\n<p>S.20 f\u00fchrt den Benutzer durch die einfachen Schritte des Entkalkungsvorgangs, die programmiert sind und durch ein spezielles Warnsignal angezeigt werden.<\/p>\n<p>\u00a0<\/p>\n<ul>\n<li><strong>0,5l Milchtank <\/strong><\/li>\n<\/ul>\n<p>Abnehmbar und leicht zu reinigen.<\/p>\n<p><strong>\u00a0<\/strong><\/p>\n<ul>\n<li><strong>8 verschiedene Arten von anpassbaren Getr\u00e4nken. <\/strong><\/li>\n<\/ul>\n<p>\u00a0<\/p>\n<ul>\n<li><strong>Einstellung der Art des Milchschaums. <\/strong><\/li>\n<\/ul>\n<p>\u00a0<\/p>\n<ul>\n<li><strong>Gro\u00dfer 1,4l Wassertank.<\/strong><\/li>\n<\/ul>\n                    <\/div>\n                <\/div>\n            <\/div>\n        <\/div>\n    <\/div>\n<\/div>\n<style>\n    :root {\n        --product-color: #000000;\n    }\n    <\/style>\n\n\n\n<\/div>","protected":false},"excerpt":{"rendered":"","protected":false},"author":95,"featured_media":0,"parent":6672,"menu_order":0,"comment_status":"closed","ping_status":"closed","template":"","meta":{"inline_featured_image":false,"footnotes":""},"class_list":["post-13173","page","type-page","status-publish","hentry"],"_links":{"self":[{"href":"https:\/\/www.esssecaffe.com\/de\/wp-json\/wp\/v2\/pages\/13173","targetHints":{"allow":["GET"]}}],"collection":[{"href":"https:\/\/www.esssecaffe.com\/de\/wp-json\/wp\/v2\/pages"}],"about":[{"href":"https:\/\/www.esssecaffe.com\/de\/wp-json\/wp\/v2\/types\/page"}],"author":[{"embeddable":true,"href":"https:\/\/www.esssecaffe.com\/de\/wp-json\/wp\/v2\/users\/95"}],"replies":[{"embeddable":true,"href":"https:\/\/www.esssecaffe.com\/de\/wp-json\/wp\/v2\/comments?post=13173"}],"version-history":[{"count":0,"href":"https:\/\/www.esssecaffe.com\/de\/wp-json\/wp\/v2\/pages\/13173\/revisions"}],"up":[{"embeddable":true,"href":"https:\/\/www.esssecaffe.com\/de\/wp-json\/wp\/v2\/pages\/6672"}],"wp:attachment":[{"href":"https:\/\/www.esssecaffe.com\/de\/wp-json\/wp\/v2\/media?parent=13173"}],"curies":[{"name":"wp","href":"https:\/\/api.w.org\/{rel}","templated":true}]}}