{"id":13365,"date":"2023-03-19T00:34:07","date_gmt":"2023-03-18T23:34:07","guid":{"rendered":"https:\/\/www.esssecaffe.com\/?page_id=13365"},"modified":"2023-03-20T18:42:16","modified_gmt":"2023-03-20T17:42:16","slug":"s-20-sistema-espresso-machine","status":"publish","type":"page","link":"https:\/\/www.esssecaffe.com\/de\/s-20-sistema-espresso-machine\/","title":{"rendered":"S.20 Sistema Espresso Machine"},"content":{"rendered":"<div id=\"\" class=\"product-section\">\n\n\n\n<div data-scroll-section class=\"l-container\" style=\"margin-bottom: 50px; margin-top: 30px;\"><nav class=\"woocommerce-breadcrumb rank-math-breadcrumb\"><span class=\"last\">Home<\/span><\/nav><\/div>\n\n<div data-scroll-section>\n    <div class=\"l-container\">\n        <div class=\"product-flex product-flex_product product-section-small\">\n            <div class=\"product-gallery with-coffee-bg \"> \n                <div class=\"product-gallery-image\">\n                    <img loading=\"lazy\" decoding=\"async\" width=\"531\" height=\"714\" src=\"https:\/\/www.esssecaffe.com\/wp-content\/uploads\/2023\/03\/S.20-ROSSA-FRONTE.png\" class=\"attachment-full size-full\" alt=\"\" srcset=\"https:\/\/www.esssecaffe.com\/wp-content\/uploads\/2023\/03\/S.20-ROSSA-FRONTE.png 531w, https:\/\/www.esssecaffe.com\/wp-content\/uploads\/2023\/03\/S.20-ROSSA-FRONTE-223x300.png 223w, https:\/\/www.esssecaffe.com\/wp-content\/uploads\/2023\/03\/S.20-ROSSA-FRONTE-214x288.png 214w, https:\/\/www.esssecaffe.com\/wp-content\/uploads\/2023\/03\/S.20-ROSSA-FRONTE-230x309.png 230w, https:\/\/www.esssecaffe.com\/wp-content\/uploads\/2023\/03\/S.20-ROSSA-FRONTE-477x641.png 477w\" sizes=\"auto, (max-width: 531px) 100vw, 531px\" \/>                <\/div>\n            <\/div>\n            <div class=\"product-info\">\n                <div class=\"product-info__inner\">\n                    <p class=\"h1 product-title title-decoration reveal-text longest-title longest-title_short\" data-scroll>S.20 Sistema Espresso Machine<\/p>\n                    <div class=\"product-description fade-in-bottom\" data-scroll>\n                        <p>Die S.20 kombiniert die <strong>fortschrittliche Technologie<\/strong> von Essse Caff\u00e8 mit dem <strong>raffinierten Design von Italdesign Giugiaro, <\/strong>eine Kombination, die hohe Leistung und elegantes Aussehen garantiert.<\/p>\n<p>Diese Maschine wurde entwickelt, um Ihnen zu Hause, im B\u00fcro oder in Ihrem Unternehmen einen <strong>exzellenten und cremigen Espresso<\/strong> zu bieten, dank der perfekten Kaffeeextraktion.<\/p>\n<p><strong>\u00a0<\/strong><\/p>\n<p><u>BESCHREIBUNG DES PRODUKTS<\/u><\/p>\n<p><strong>\u00a0<\/strong><\/p>\n<p>Die S.20 ist mit Funktionen und Vorrichtungen ausgestattet, die sie effizient und dennoch einfach zu bedienen machen und die jederzeit die Ausgabe von Kaffee und Hei\u00dfgetr\u00e4nken in hervorragender Qualit\u00e4t garantieren.<\/p>\n<p><strong>\u00a0<\/strong><\/p>\n<ul>\n<li><strong>Essse Caff\u00e8 patentierter Br\u00fchkopf<br \/><\/strong>Entwickelt, um die Cremigkeit und die aromatische Harmonie von Kaffee zu verbessern.<\/li>\n<\/ul>\n<ul>\n<li><strong>Energiesparend<\/strong><\/li>\n<\/ul>\n<p>Automatischer Stand-by-Modus nach 10 Minuten Nichtbenutzung<\/p>\n<p><strong>\u00a0<\/strong><\/p>\n<ul>\n<li><strong>Soft-Touch-Tastatur<\/strong><br \/>F\u00fcr ein angenehmes Tastgef\u00fchl, so warm und gem\u00fctlich wie unsere Kaffees.<\/li>\n<\/ul>\n<ul>\n<li><strong>Erkennung des ersten Kaffees des Tages<\/strong><br \/>Die Maschine erkennt den ersten Kaffee und passt die Temperatur- und Br\u00fcheinstellungen entsprechend an.<\/li>\n<\/ul>\n<ul>\n<li><strong>Br\u00fchmenge<\/strong><\/li>\n<\/ul>\n<p>Sie k\u00f6nnen die Getr\u00e4nkemenge sogar w\u00e4hrend des Br\u00fchvorgangs mit einer einfachen Ber\u00fchrung der Tasten f\u00fcr Kaffee Ristretto oder Kaffee Lungo \u00e4ndern.<\/p>\n<ul>\n<li><strong>Entkalkungsalarm<\/strong><br \/>Nach 600 Br\u00fchungen warnt die Maschine den Benutzer automatisch durch ein Lichtsignal.<\/li>\n<\/ul>\n<ul>\n<li><strong>Gef\u00fchrte Entkalkung<\/strong><br \/>F\u00fchrt den Benutzer durch die einfachen Schritte des programmierten Entkalkungsvorgangs.<\/li>\n<\/ul>\n                    <\/div>\n                <\/div>\n            <\/div>\n        <\/div>\n    <\/div>\n<\/div>\n<style>\n    :root {\n        --product-color: #000000;\n    }\n    <\/style>\n\n\n\n<\/div>","protected":false},"excerpt":{"rendered":"","protected":false},"author":95,"featured_media":0,"parent":0,"menu_order":0,"comment_status":"closed","ping_status":"closed","template":"","meta":{"inline_featured_image":false,"footnotes":""},"class_list":["post-13365","page","type-page","status-publish","hentry"],"_links":{"self":[{"href":"https:\/\/www.esssecaffe.com\/de\/wp-json\/wp\/v2\/pages\/13365","targetHints":{"allow":["GET"]}}],"collection":[{"href":"https:\/\/www.esssecaffe.com\/de\/wp-json\/wp\/v2\/pages"}],"about":[{"href":"https:\/\/www.esssecaffe.com\/de\/wp-json\/wp\/v2\/types\/page"}],"author":[{"embeddable":true,"href":"https:\/\/www.esssecaffe.com\/de\/wp-json\/wp\/v2\/users\/95"}],"replies":[{"embeddable":true,"href":"https:\/\/www.esssecaffe.com\/de\/wp-json\/wp\/v2\/comments?post=13365"}],"version-history":[{"count":0,"href":"https:\/\/www.esssecaffe.com\/de\/wp-json\/wp\/v2\/pages\/13365\/revisions"}],"wp:attachment":[{"href":"https:\/\/www.esssecaffe.com\/de\/wp-json\/wp\/v2\/media?parent=13365"}],"curies":[{"name":"wp","href":"https:\/\/api.w.org\/{rel}","templated":true}]}}