{"id":5304,"date":"2022-09-21T14:18:44","date_gmt":"2022-09-21T12:18:44","guid":{"rendered":"https:\/\/www.esssecaffe.com\/die-welt-von-essse\/"},"modified":"2022-11-14T11:08:32","modified_gmt":"2022-11-14T10:08:32","slug":"die-welt-von-essse","status":"publish","type":"page","link":"https:\/\/www.esssecaffe.com\/de\/die-welt-von-essse\/","title":{"rendered":"Die Welt von Essse"},"content":{"rendered":"<div class=\"top-section full-screen-section\" data-scroll-section>\n\n    <div class=\"top-section__bg\">\n    <div class=\"top-section__bg-img\" style=\"background-image: url(https:\/\/www.esssecaffe.com\/wp-content\/uploads\/2022\/09\/foto-banner.jpg)\" data-scroll><\/div>\n\n    <\/div>\n    <div class=\"l-container\">rddd\n        <div class=\"top-section__inner\">\n            <div class=\"top-section__info\" data-scroll>\n                <div class=\"top-section__info-inner\">\n                    <h1 class=\"main-title text-center reveal-text\" data-scroll>Die Welt von Essse<\/h1>\n                    <p class=\"main-description text-center fade-in-bottom\" data-scroll>Seit \u00fcber 40 Jahren, das Geheimnis eines gro\u00dfen Espresso. \nMit Leidenschaft, Engagement und Kompetenz widmen wir uns der Auslese und der Verarbeitung der erlesensten Mischungen, um Ihnen das intensive Aroma und den eleganten und harmonischen Geschmack von bestem italienischen Espresso zu bieten. <\/p>\n                <\/div>\n            <\/div>\n        <\/div>\n    <\/div>\n        <a href=\"#essse-storia\" class=\"scroll-down bounce\" data-scroll-to data-scroll\n       data-scroll-speed=\"-0.3\" data-scroll-position=\"top\" data-scroll-delay=\"0.05\">\n        <svg width=\"101\" height=\"53\" viewBox=\"0 0 101 53\" fill=\"none\" xmlns=\"http:\/\/www.w3.org\/2000\/svg\">\n            <path d=\"M2.12207 2.125L50.793 50.796L99.4641 2.125\" stroke=\"white\" stroke-width=\"3\"\n                  stroke-linecap=\"round\" stroke-linejoin=\"round\"\/>\n        <\/svg>\n    <\/a>\n    <\/div>\n\n\n\n<div data-scroll-section class=\"l-container\" style=\"margin-bottom: 50px; margin-top: 30px;\"><nav class=\"woocommerce-breadcrumb rank-math-breadcrumb\"><span class=\"last\">Home<\/span><\/nav><\/div>\n\n<div id=\"essse-storia\" class=\"info   \" data-scroll-section >\n    <div class=\"l-container\">\n        <div class=\"info__row\">\n            <div class=\"info__col info__col_left\">\n                <div class=\"info__title\">\n                    <h2 class=\"main-title title-decoration reveal-text\" data-scroll>DIE GESCHICHTE VON ESSSE CAFF\u00c9<\/h2>\n                <\/div>\n                                            <div class=\"info__description\">\n                                <p class=\"fade-in-bottom\" data-scroll>Es war 1979, als Francesco Segafredo, stark durch eine langj\u00e4hrige Familientradition in der Welt der R\u00f6sterei, Essse Caff\u00e8 gr\u00fcndet. Von Anfang an besteht das Ziel darin, exzellente Kaffee anzubieten, der das italienische Espresso-Konzept am besten repr\u00e4sentiert.<\/p>\n                            <\/div>\n                                                                                                                                                  \n                                <a href=\"https:\/\/www.esssecaffe.com\/de\/die-welt-von-essse\/unsere-geschichte\/\" class=\"main-link\" >\n                                    <div class=\"main-link__flex fade-in-bottom\" data-scroll>\n                                        <svg width=\"30\" height=\"29\" viewBox=\"0 0 30 29\" fill=\"none\"\n                                             xmlns=\"http:\/\/www.w3.org\/2000\/svg\">\n                                            <path d=\"M7.45662 1.00302C7.33562 0.996017 27.7096 1.02603 27.7096 1.02603L20.3366 24.48C19.6186 26.257 18.0306 27.242 15.6996 27.438C14.1883 27.5313 12.6773 27.2514 11.2996 26.623C3.35963 23.19 -0.678357 14.558 1.65864 5.22802C2.01725 3.9787 2.78243 2.88474 3.83302 2.11944C4.88361 1.35414 6.15952 0.961249 7.45863 1.00302\"\n                                                  stroke=\"#BF0020\" fill=\"transparent\" stroke-width=\"2\"\/>\n                                        <\/svg>\n                                        <span>UNSERE GESCHICHTE ENTDECKEN<\/span>\n                                    <\/div>\n                                <\/a>\n                                                                                                                                                <\/div>\n            <div class=\"info__col info__col_right\">\n                <div class=\"image-container\">\n\n                                            <div class=\"image-parallax-wrapper\">\n\t\t\t\n                            <div class=\"image-parallax black-overlay\"\n                                 style=\"background-image: url(https:\/\/www.esssecaffe.com\/wp-content\/uploads\/2022\/09\/1982.jpg)\" \n                                 data-scroll\n                                 data-scroll-speed=\"-3.5\">\n\t\t\t\t<\/div>\n                        <\/div>\n                                    <\/div>\n            <\/div>\n        <\/div>\n    <\/div>\n<\/div>\n\n<div id=\"essse-storia\" class=\"info  reverse \" data-scroll-section >\n    <div class=\"l-container\">\n        <div class=\"info__row\">\n            <div class=\"info__col info__col_left\">\n                <div class=\"info__title\">\n                    <h2 class=\"main-title title-decoration reveal-text\" data-scroll>DREI ESSSE CAFF\u00c9<\/h2>\n                <\/div>\n                                            <div class=\"info__description\">\n                                <p class=\"fade-in-bottom\" data-scroll>Die drei S von Wissenschaft, Weisheit und Spezialisierung verk\u00f6rpern das Herz unseres Betriebs, unsere Werte, unsere Grundprinzipien.  \nEssse steht f\u00fcr Harmonie zwischen Innovation, Kultur, Erfahrung und Technologie.\n<\/p>\n                            <\/div>\n                                                                                                                                                  \n                                <a href=\"https:\/\/www.esssecaffe.com\/de\/die-welt-von-essse\/il-caffe-delle-tre-essse\/\" class=\"main-link\" >\n                                    <div class=\"main-link__flex fade-in-bottom\" data-scroll>\n                                        <svg width=\"30\" height=\"29\" viewBox=\"0 0 30 29\" fill=\"none\"\n                                             xmlns=\"http:\/\/www.w3.org\/2000\/svg\">\n                                            <path d=\"M7.45662 1.00302C7.33562 0.996017 27.7096 1.02603 27.7096 1.02603L20.3366 24.48C19.6186 26.257 18.0306 27.242 15.6996 27.438C14.1883 27.5313 12.6773 27.2514 11.2996 26.623C3.35963 23.19 -0.678357 14.558 1.65864 5.22802C2.01725 3.9787 2.78243 2.88474 3.83302 2.11944C4.88361 1.35414 6.15952 0.961249 7.45863 1.00302\"\n                                                  stroke=\"#BF0020\" fill=\"transparent\" stroke-width=\"2\"\/>\n                                        <\/svg>\n                                        <span>UNSERE WERTE UND UNSERE MISSION ENTDECKEN<\/span>\n                                    <\/div>\n                                <\/a>\n                                                                                                                                                <\/div>\n            <div class=\"info__col info__col_right\">\n                <div class=\"image-container\">\n\n                                            <div class=\"image-parallax-wrapper\">\n\t\t\t\n                            <div class=\"image-parallax black-overlay\"\n                                 style=\"background-image: url(https:\/\/www.esssecaffe.com\/wp-content\/uploads\/2022\/09\/Il-caffe\u0300-delle-tre-Essse.jpg)\" \n                                 data-scroll\n                                 data-scroll-speed=\"-3.5\">\n\t\t\t\t<\/div>\n                        <\/div>\n                                    <\/div>\n            <\/div>\n        <\/div>\n    <\/div>\n<\/div>\n\n<div id=\"essse-storia\" class=\"info   \" data-scroll-section >\n    <div class=\"l-container\">\n        <div class=\"info__row\">\n            <div class=\"info__col info__col_left\">\n                <div class=\"info__title\">\n                    <h2 class=\"main-title title-decoration reveal-text\" data-scroll>ZERTIFIZIERTE VORZ\u00dcGLICHKEIT<\/h2>\n                <\/div>\n                                            <div class=\"info__description\">\n                                <p class=\"fade-in-bottom\" data-scroll>Qualit\u00e4tsforschung ist eine st\u00e4ndige Mission, die alle Bereiche angeht: von den einzelnen Produkten \u00fcber die Sicherheit der Arbeitnehmer, bis zum Umweltbewusstsein haben wir uns um die Zertifizierung aller wichtigen Qualit\u00e4tskriterien bem\u00fcht.\n<\/p>\n                            <\/div>\n                                                                                                                                                  \n                                <a href=\"https:\/\/www.esssecaffe.com\/de\/die-welt-von-essse\/zertifizierte-vorzueglichkeit\/\" class=\"main-link\" >\n                                    <div class=\"main-link__flex fade-in-bottom\" data-scroll>\n                                        <svg width=\"30\" height=\"29\" viewBox=\"0 0 30 29\" fill=\"none\"\n                                             xmlns=\"http:\/\/www.w3.org\/2000\/svg\">\n                                            <path d=\"M7.45662 1.00302C7.33562 0.996017 27.7096 1.02603 27.7096 1.02603L20.3366 24.48C19.6186 26.257 18.0306 27.242 15.6996 27.438C14.1883 27.5313 12.6773 27.2514 11.2996 26.623C3.35963 23.19 -0.678357 14.558 1.65864 5.22802C2.01725 3.9787 2.78243 2.88474 3.83302 2.11944C4.88361 1.35414 6.15952 0.961249 7.45863 1.00302\"\n                                                  stroke=\"#BF0020\" fill=\"transparent\" stroke-width=\"2\"\/>\n                                        <\/svg>\n                                        <span>UNSERE ZERTIFIZIERUNGEN ENTDECKEN<\/span>\n                                    <\/div>\n                                <\/a>\n                                                                                                                                                <\/div>\n            <div class=\"info__col info__col_right\">\n                <div class=\"image-container\">\n\n                                            <div class=\"image-parallax-wrapper\">\n\t\t\t\n                            <div class=\"image-parallax black-overlay\"\n                                 style=\"background-image: url(https:\/\/www.esssecaffe.com\/wp-content\/uploads\/2022\/10\/Eccellenza-Certificata_big.jpg)\" \n                                 data-scroll\n                                 data-scroll-speed=\"-3.5\">\n\t\t\t\t<\/div>\n                        <\/div>\n                                    <\/div>\n            <\/div>\n        <\/div>\n    <\/div>\n<\/div>\n\n<div id=\"essse-storia\" class=\"info  reverse \" data-scroll-section >\n    <div class=\"l-container\">\n        <div class=\"info__row\">\n            <div class=\"info__col info__col_left\">\n                <div class=\"info__title\">\n                    <h2 class=\"main-title title-decoration reveal-text\" data-scroll>UNSER ENGAGEMENT<\/h2>\n                <\/div>\n                                            <div class=\"info__description\">\n                                <p class=\"fade-in-bottom\" data-scroll>Seit jeher geht unser Engagement \u00fcber die mit der Kaffeeverarbeitung zusammenh\u00e4ngenden T\u00e4tigkeit hinaus.  Im Verlauf der Jahre hat unser Engagament f\u00fcr Soziales eine Reihe Projekte hervorgebracht, die so bedeutende Vereinigungen wie die Stiftungen Umberto Veronesi und die Sport-Stiftung Silvia Rinaldi (Onlus) einbeziehen.\n\n<\/p>\n                            <\/div>\n                                                                                                                                                  \n                                <a href=\"https:\/\/www.esssecaffe.com\/de\/die-welt-von-essse\/unser-engagement\/\" class=\"main-link\" >\n                                    <div class=\"main-link__flex fade-in-bottom\" data-scroll>\n                                        <svg width=\"30\" height=\"29\" viewBox=\"0 0 30 29\" fill=\"none\"\n                                             xmlns=\"http:\/\/www.w3.org\/2000\/svg\">\n                                            <path d=\"M7.45662 1.00302C7.33562 0.996017 27.7096 1.02603 27.7096 1.02603L20.3366 24.48C19.6186 26.257 18.0306 27.242 15.6996 27.438C14.1883 27.5313 12.6773 27.2514 11.2996 26.623C3.35963 23.19 -0.678357 14.558 1.65864 5.22802C2.01725 3.9787 2.78243 2.88474 3.83302 2.11944C4.88361 1.35414 6.15952 0.961249 7.45863 1.00302\"\n                                                  stroke=\"#BF0020\" fill=\"transparent\" stroke-width=\"2\"\/>\n                                        <\/svg>\n                                        <span>ENTDECKE UNSERE SPEZIALPROJEKTE<\/span>\n                                    <\/div>\n                                <\/a>\n                                                                                                                                                <\/div>\n            <div class=\"info__col info__col_right\">\n                <div class=\"image-container\">\n\n                                            <div class=\"image-parallax-wrapper\">\n\t\t\t\n                            <div class=\"image-parallax black-overlay\"\n                                 style=\"background-image: url(https:\/\/www.esssecaffe.com\/wp-content\/uploads\/2022\/10\/Impegno_big_hero.jpg)\" \n                                 data-scroll\n                                 data-scroll-speed=\"-3.5\">\n\t\t\t\t<\/div>\n                        <\/div>\n                                    <\/div>\n            <\/div>\n        <\/div>\n    <\/div>\n<\/div>\n\n<div id=\"essse-storia\" class=\"info   \" data-scroll-section >\n    <div class=\"l-container\">\n        <div class=\"info__row\">\n            <div class=\"info__col info__col_left\">\n                <div class=\"info__title\">\n                    <h2 class=\"main-title title-decoration reveal-text\" data-scroll>ESSSE CAFFE&#8216; IN DER WELT<\/h2>\n                <\/div>\n                                            <div class=\"info__description\">\n                                <p class=\"fade-in-bottom\" data-scroll>Ausl\u00e4ndische M\u00e4rkte zu erobern bedeutet f\u00fcr uns eine ehrgeizige und leidenschaftliche Herausforderung, die uns kontinuierlich zur Verbesserung anregt, um allen Anforderungen unserer Kunden gerecht zu werden.  \n\n<\/p>\n                            <\/div>\n                                                                                                                                                  \n                                <a href=\"https:\/\/www.esssecaffe.com\/de\/die-welt-von-essse\/essse-caffe-in-der-welt\/\" class=\"main-link\" >\n                                    <div class=\"main-link__flex fade-in-bottom\" data-scroll>\n                                        <svg width=\"30\" height=\"29\" viewBox=\"0 0 30 29\" fill=\"none\"\n                                             xmlns=\"http:\/\/www.w3.org\/2000\/svg\">\n                                            <path d=\"M7.45662 1.00302C7.33562 0.996017 27.7096 1.02603 27.7096 1.02603L20.3366 24.48C19.6186 26.257 18.0306 27.242 15.6996 27.438C14.1883 27.5313 12.6773 27.2514 11.2996 26.623C3.35963 23.19 -0.678357 14.558 1.65864 5.22802C2.01725 3.9787 2.78243 2.88474 3.83302 2.11944C4.88361 1.35414 6.15952 0.961249 7.45863 1.00302\"\n                                                  stroke=\"#BF0020\" fill=\"transparent\" stroke-width=\"2\"\/>\n                                        <\/svg>\n                                        <span>N\u00c4HERES<\/span>\n                                    <\/div>\n                                <\/a>\n                                                                                                                                                <\/div>\n            <div class=\"info__col info__col_right\">\n                <div class=\"image-container\">\n\n                                            <div class=\"image-parallax-wrapper\">\n\t\t\t\n                            <div class=\"image-parallax black-overlay\"\n                                 style=\"background-image: url(https:\/\/www.esssecaffe.com\/wp-content\/uploads\/2022\/10\/Essse-nel-mondo.jpg)\" \n                                 data-scroll\n                                 data-scroll-speed=\"-3.5\">\n\t\t\t\t<\/div>\n                        <\/div>\n                                    <\/div>\n            <\/div>\n        <\/div>\n    <\/div>\n<\/div>","protected":false},"excerpt":{"rendered":"","protected":false},"author":95,"featured_media":16155,"parent":0,"menu_order":615,"comment_status":"closed","ping_status":"closed","template":"","meta":{"inline_featured_image":false,"footnotes":""},"class_list":["post-5304","page","type-page","status-publish","has-post-thumbnail","hentry"],"_links":{"self":[{"href":"https:\/\/www.esssecaffe.com\/de\/wp-json\/wp\/v2\/pages\/5304","targetHints":{"allow":["GET"]}}],"collection":[{"href":"https:\/\/www.esssecaffe.com\/de\/wp-json\/wp\/v2\/pages"}],"about":[{"href":"https:\/\/www.esssecaffe.com\/de\/wp-json\/wp\/v2\/types\/page"}],"author":[{"embeddable":true,"href":"https:\/\/www.esssecaffe.com\/de\/wp-json\/wp\/v2\/users\/95"}],"replies":[{"embeddable":true,"href":"https:\/\/www.esssecaffe.com\/de\/wp-json\/wp\/v2\/comments?post=5304"}],"version-history":[{"count":0,"href":"https:\/\/www.esssecaffe.com\/de\/wp-json\/wp\/v2\/pages\/5304\/revisions"}],"wp:featuredmedia":[{"embeddable":true,"href":"https:\/\/www.esssecaffe.com\/de\/wp-json\/wp\/v2\/media\/16155"}],"wp:attachment":[{"href":"https:\/\/www.esssecaffe.com\/de\/wp-json\/wp\/v2\/media?parent=5304"}],"curies":[{"name":"wp","href":"https:\/\/api.w.org\/{rel}","templated":true}]}}