{"id":5332,"date":"2022-09-21T14:48:14","date_gmt":"2022-09-21T12:48:14","guid":{"rendered":"https:\/\/www.esssecaffe.com\/die-welt-von-essse\/unser-engagement\/schutzgenossenschaft-fuer-traditionellen-italienischen-espresso\/"},"modified":"2022-09-28T10:17:02","modified_gmt":"2022-09-28T08:17:02","slug":"schutzgenossenschaft-fuer-traditionellen-italienischen-espresso","status":"publish","type":"page","link":"https:\/\/www.esssecaffe.com\/de\/die-welt-von-essse\/unser-engagement\/schutzgenossenschaft-fuer-traditionellen-italienischen-espresso\/","title":{"rendered":"Schutzgenossenschaft f\u00fcr traditionellen Italienischen Espresso"},"content":{"rendered":"<!-- #### array(1) {\n  [\"fields\"]=>\n  array(3) {\n    [\"block_title\"]=>\n    string(0) \"\"\n    [\"title\"]=>\n    string(65) \"SCHUTZGENOSSENSCHAFT F\u00dcR TRADITIONELLEN ITALIENISCHEN ESPRESSO  \"\n    [\"image\"]=>\n    string(0) \"\"\n  }\n}\n--><div class=\"top-section top-section_min\" data-scroll-section>\n  <div class=\"mobile-gradient\"><\/div>\n  <div class=\"top-section__bg\" >\n    <div class=\"top-section__bg-inner\">\n      <div class=\"top-section__bg-img\" style=\"background-image: url(https:\/\/www.esssecaffe.com\/wp-content\/uploads\/2024\/03\/codice-etico-Essse-Caffe-scaled.jpg)\" data-id=\"5326\"><\/div>\n    <\/div>\n  <\/div>\n  <div class=\"l-container\">\n    <div class=\"top-section__inner\">\n      <div class=\"top-section__info\" data-scroll>\n        <h1 class=\"main-title text-center reveal-text\" data-scroll>SCHUTZGENOSSENSCHAFT F\u00dcR TRADITIONELLEN ITALIENISCHEN ESPRESSO  <\/h1>\n      <\/div>\n    <\/div>\n  <\/div>\n<\/div>\n\n\n\n<div data-scroll-section class=\"l-container\" style=\"margin-bottom: 50px; margin-top: 30px;\"><nav class=\"woocommerce-breadcrumb rank-math-breadcrumb\"><span class=\"last\">Home<\/span><\/nav><\/div>\n\n<div id=\"\" class=\"specific-page-content\">\n\n<div id=\"\" class=\"info  reverse without-title\" data-scroll-section>\n    <div class=\"l-container\">\n        <div class=\"info__row\">\n            <div class=\"info__col info__col_left\">\n                                <div class=\"info__text\">\n                   <div class=\"fade-in-bottom\" data-scroll>\n                       <p>Wir sind stolz zu den Gr\u00fcndungsmitgliedern der Schutzgenossenschaft f\u00fcr traditionellen italienischen Espresso zu geh\u00f6ren, deren Hauptziel die Promotion, die Aufwertung und der Schutz traditionellen italienischen Espresso bei den Wirtschaftsbeteiligten und Verbrauchern ist.<\/p>\n<p>In der Eigenschaft als italienische R\u00f6sterei, die nicht nur Kaffee erzeugt sondern der ebenfalls am Herzen liegt, was die Espresso-Tradition im Caf\u00e9 f\u00fcr unser Land repr\u00e4sentiert, haben wir uns f\u00fcr die Unterst\u00fctzung der Genossenschaft entschieden, deren Zielen, Werten und Mission wir voll zustimmen, in dem Bestreben sich aktiv an dem UNESCO-Projekt f\u00fcr die Anerkennung des Kaffee-Ritus als immaterielles Weltkulturerbe zu beteiligen.\u00a0<\/p>\n                   <\/div>\n\t\t\t\t\t                         \t\t\t\t\t                   \n                <\/div>\n\t\t\t\t                    \t\t\t\t            <\/div>\n            <div class=\"info__col info__col_right\">\n\n                \n            <\/div>\n        <\/div>\n    <\/div>\n<\/div>\n\n<\/div>","protected":false},"excerpt":{"rendered":"","protected":false},"author":95,"featured_media":0,"parent":5326,"menu_order":478,"comment_status":"closed","ping_status":"closed","template":"","meta":{"inline_featured_image":false,"footnotes":""},"class_list":["post-5332","page","type-page","status-publish","hentry"],"_links":{"self":[{"href":"https:\/\/www.esssecaffe.com\/de\/wp-json\/wp\/v2\/pages\/5332","targetHints":{"allow":["GET"]}}],"collection":[{"href":"https:\/\/www.esssecaffe.com\/de\/wp-json\/wp\/v2\/pages"}],"about":[{"href":"https:\/\/www.esssecaffe.com\/de\/wp-json\/wp\/v2\/types\/page"}],"author":[{"embeddable":true,"href":"https:\/\/www.esssecaffe.com\/de\/wp-json\/wp\/v2\/users\/95"}],"replies":[{"embeddable":true,"href":"https:\/\/www.esssecaffe.com\/de\/wp-json\/wp\/v2\/comments?post=5332"}],"version-history":[{"count":0,"href":"https:\/\/www.esssecaffe.com\/de\/wp-json\/wp\/v2\/pages\/5332\/revisions"}],"up":[{"embeddable":true,"href":"https:\/\/www.esssecaffe.com\/de\/wp-json\/wp\/v2\/pages\/5326"}],"wp:attachment":[{"href":"https:\/\/www.esssecaffe.com\/de\/wp-json\/wp\/v2\/media?parent=5332"}],"curies":[{"name":"wp","href":"https:\/\/api.w.org\/{rel}","templated":true}]}}