{"id":5336,"date":"2022-09-21T14:49:06","date_gmt":"2022-09-21T12:49:06","guid":{"rendered":"https:\/\/www.esssecaffe.com\/die-welt-von-essse\/unser-engagement\/sportstiftung-silvia-rinaldi-gemeinnuetzige-organisation-und-sportfund-gemeinnuetzige-organisation\/"},"modified":"2022-09-28T10:14:36","modified_gmt":"2022-09-28T08:14:36","slug":"sportstiftung-silvia-rinaldi-gemeinnuetzige-organisation-und-sportfund-gemeinnuetzige-organisation","status":"publish","type":"page","link":"https:\/\/www.esssecaffe.com\/de\/die-welt-von-essse\/unser-engagement\/sportstiftung-silvia-rinaldi-gemeinnuetzige-organisation-und-sportfund-gemeinnuetzige-organisation\/","title":{"rendered":"SPORTSTIFTUNG SILVIA RINALDI GEMEINN\u00dcTZIGE ORGANISATION und SPORTFUND GEMEINN\u00dcTZIGE ORGANISATION"},"content":{"rendered":"<!-- #### array(1) {\n  [\"fields\"]=>\n  array(3) {\n    [\"block_title\"]=>\n    string(0) \"\"\n    [\"title\"]=>\n    string(98) \"SPORTSTIFTUNG SILVIA RINALDI GEMEINN\u00dcTZIGE ORGANISATION und SPORTFUND GEMEINN\u00dcTZIGE ORGANISATION\"\n    [\"image\"]=>\n    string(0) \"\"\n  }\n}\n--><div class=\"top-section top-section_min\" data-scroll-section>\n  <div class=\"mobile-gradient\"><\/div>\n  <div class=\"top-section__bg\" >\n    <div class=\"top-section__bg-inner\">\n      <div class=\"top-section__bg-img\" style=\"background-image: url(https:\/\/www.esssecaffe.com\/wp-content\/uploads\/2024\/03\/codice-etico-Essse-Caffe-scaled.jpg)\" data-id=\"5326\"><\/div>\n    <\/div>\n  <\/div>\n  <div class=\"l-container\">\n    <div class=\"top-section__inner\">\n      <div class=\"top-section__info\" data-scroll>\n        <h1 class=\"main-title text-center reveal-text\" data-scroll>SPORTSTIFTUNG SILVIA RINALDI GEMEINN\u00dcTZIGE ORGANISATION und SPORTFUND GEMEINN\u00dcTZIGE ORGANISATION<\/h1>\n      <\/div>\n    <\/div>\n  <\/div>\n<\/div>\n\n\n\n<div data-scroll-section class=\"l-container\" style=\"margin-bottom: 50px; margin-top: 30px;\"><nav class=\"woocommerce-breadcrumb rank-math-breadcrumb\"><span class=\"last\">Home<\/span><\/nav><\/div>\n\n<div id=\"\" class=\"specific-page-content\">\n\n<div id=\"\" class=\"info  reverse without-title\" data-scroll-section>\n    <div class=\"l-container\">\n        <div class=\"info__row\">\n            <div class=\"info__col info__col_left\">\n                                <div class=\"info__text\">\n                   <div class=\"fade-in-bottom\" data-scroll>\n                       <p>Das Thema Sport war f\u00fcr Essse Caff\u00e8 schon immer wichtig, aus diesem Grund haben wir uns in den letzten Jahren auf die Unterst\u00fctzung von Wirklichkeiten wie Sportfund Onlus und Sportstiftung Silvia Rinaldi Gemeinn\u00fctzige Organisation konzentriert, die sich um die Organisation und Promotion von sportlichen Aktivit\u00e4ten k\u00fcmmern, einschlie\u00dflich Aktivit\u00e4ten, die Personen mit Behinderungen gewidmet sind.\u00a0<\/p>\n<p>Im Jahr 2019 haben wir, in Zusammenarbeit mit Sportfund Onlus in unserem Gesch\u00e4ft in Via Galliera in Bologna die Fotoausstellung \u201cSiblings in Sport&#8220; ausgerichtet, die unsere Liebe f\u00fcr Sport mit der Kunst und der Aufmerksamkeit f\u00fcr eine umfassende Vision in allen Bereichen verbindet: Einige Aufnahmen der Ausstellung waren Br\u00fcdern und Schwestern gewidmet, die die Behinderung herausfordern und gemeinsam f\u00fcr den Erfolg und den sportlichen Sieg k\u00e4mpfen.<\/p>\n                   <\/div>\n\t\t\t\t\t                         \t\t\t\t\t                   \n                <\/div>\n\t\t\t\t                    \t\t\t\t            <\/div>\n            <div class=\"info__col info__col_right\">\n\n                \n            <\/div>\n        <\/div>\n    <\/div>\n<\/div>\n\n<\/div>","protected":false},"excerpt":{"rendered":"","protected":false},"author":95,"featured_media":0,"parent":5326,"menu_order":476,"comment_status":"closed","ping_status":"closed","template":"","meta":{"inline_featured_image":false,"footnotes":""},"class_list":["post-5336","page","type-page","status-publish","hentry"],"_links":{"self":[{"href":"https:\/\/www.esssecaffe.com\/de\/wp-json\/wp\/v2\/pages\/5336","targetHints":{"allow":["GET"]}}],"collection":[{"href":"https:\/\/www.esssecaffe.com\/de\/wp-json\/wp\/v2\/pages"}],"about":[{"href":"https:\/\/www.esssecaffe.com\/de\/wp-json\/wp\/v2\/types\/page"}],"author":[{"embeddable":true,"href":"https:\/\/www.esssecaffe.com\/de\/wp-json\/wp\/v2\/users\/95"}],"replies":[{"embeddable":true,"href":"https:\/\/www.esssecaffe.com\/de\/wp-json\/wp\/v2\/comments?post=5336"}],"version-history":[{"count":0,"href":"https:\/\/www.esssecaffe.com\/de\/wp-json\/wp\/v2\/pages\/5336\/revisions"}],"up":[{"embeddable":true,"href":"https:\/\/www.esssecaffe.com\/de\/wp-json\/wp\/v2\/pages\/5326"}],"wp:attachment":[{"href":"https:\/\/www.esssecaffe.com\/de\/wp-json\/wp\/v2\/media?parent=5336"}],"curies":[{"name":"wp","href":"https:\/\/api.w.org\/{rel}","templated":true}]}}