{"id":5348,"date":"2022-09-21T15:09:37","date_gmt":"2022-09-21T13:09:37","guid":{"rendered":"https:\/\/www.esssecaffe.com\/die-welt-von-essse\/essse-caffe-in-der-welt\/"},"modified":"2022-11-22T20:42:55","modified_gmt":"2022-11-22T19:42:55","slug":"essse-caffe-in-der-welt","status":"publish","type":"page","link":"https:\/\/www.esssecaffe.com\/de\/die-welt-von-essse\/essse-caffe-in-der-welt\/","title":{"rendered":"Essse caff\u00e9 in der Welt"},"content":{"rendered":"<!-- #### array(1) {\n  [\"fields\"]=>\n  array(3) {\n    [\"block_title\"]=>\n    string(0) \"\"\n    [\"title\"]=>\n    string(24) \"Essse caff\u00e9 in der Welt\"\n    [\"image\"]=>\n    string(0) \"\"\n  }\n}\n--><div class=\"top-section top-section_min\" data-scroll-section>\n  <div class=\"mobile-gradient\"><\/div>\n  <div class=\"top-section__bg\" >\n    <div class=\"top-section__bg-inner\">\n      <div class=\"top-section__bg-img\" style=\"background-image: url(https:\/\/www.esssecaffe.com\/wp-content\/uploads\/2022\/09\/foto-banner.jpg)\" data-id=\"5304\"><\/div>\n    <\/div>\n  <\/div>\n  <div class=\"l-container\">\n    <div class=\"top-section__inner\">\n      <div class=\"top-section__info\" data-scroll>\n        <h1 class=\"main-title text-center reveal-text\" data-scroll>Essse caff\u00e9 in der Welt<\/h1>\n      <\/div>\n    <\/div>\n  <\/div>\n<\/div>\n\n\n\n<div data-scroll-section class=\"l-container\" style=\"margin-bottom: 50px; margin-top: 30px;\"><nav class=\"woocommerce-breadcrumb rank-math-breadcrumb\"><span class=\"last\">Home<\/span><\/nav><\/div>\n\n<div id=\"\" class=\"specific-page-content\">\n\n<div id=\"\" class=\"info  reverse without-title\" data-scroll-section>\n    <div class=\"l-container\">\n        <div class=\"info__row\">\n            <div class=\"info__col info__col_left\">\n                                <div class=\"info__text\">\n                   <div class=\"fade-in-bottom\" data-scroll>\n                       <p>\u00dcber zwanzig Jahre lange Erfahrung hat uns eine Spitzenposition\u00a0 im HORECA-Bereich in Italien einger\u00e4umt. In den fr\u00fchen 2000 Jahren entscheidet sich Essse Caff\u00e8, auf Eroberung neuer M\u00e4rkte, die Inlandsgrenzen zu \u00fcberschreiten.<\/p>\n<p>Gegenw\u00e4rtig sind wir in \u00fcber 60 L\u00e4ndern mit Vormachtstellungen in einigen davon vertreten. Dank unserer Initiativen gelingt es uns jedes Jahr neue Partnerschaften einzugehen und unser H\u00e4ndlernetz auszubauen, gleichzeitig unterst\u00fctzen wir unsere Partner, um organisch mit einer Langzeitstrategie zu wachsen.<\/p>\n<p>Ausl\u00e4ndische M\u00e4rkte zu erobern bedeutet f\u00fcr uns eine ehrgeizige und leidenschaftliche Herausforderung, die uns kontinuierlich zur Verbesserung anregt, um allen Anforderungen unserer Kunden gerecht zu werden. Jedes Jahr bringen wir Neuheiten in Bezug auf Service und Produkte auf den Markt, um unser Produkt in allen Teilen der Welt einmalig und wettbewerbsf\u00e4hig zu machen.\u00a0<\/p>\n<p>Wir haben ein zuverl\u00e4ssiges und ausgew\u00e4hltes H\u00e4ndlernetz, das im Einklang mit unserem Verhaltenskodex, unserer Vision und Unternehmensmission agiert.<\/p>\n<p>Die Qualit\u00e4t, die Ausdauer und die Beharrlichkeit unseres Kaffees sind die Visitenkarte mit der wir uns pr\u00e4sentieren und unsere Zuverl\u00e4ssigkeit ist die Garantie f\u00fcr st\u00e4ndige Pr\u00e4senz. Aber das ist nicht Alles. Unsere gr\u00f6\u00dfte Genugtuung ist unser Beitrag zur Entwicklung der italienischen Espresso-Kultur.<\/p>\n<p>Unser Schulungsprogramm mit lokaler Unterst\u00fctzung ist der Erfolgsschl\u00fcssel unserer H\u00e4ndler.<\/p>\n<p>Unsere Manager und unser Team der Auslandsabteilung sind darauf vorbereitet, unseren Partnern die notwendige Unterst\u00fctzung f\u00fcr Wachstum und Entwicklung auf den unterschiedlichen M\u00e4rkten zu bieten. Die Schnelligkeit bei der Vergabe schneller Antworten und L\u00f6sung eventueller Problematiken ist eine unserer St\u00e4rken.<\/p>\n<p>Essse Caff\u00e8 nimmt jedes Jahr an den wichtigsten Fachmessen auf der ganzen Welt teil, dadurch erh\u00f6hen wir zun\u00e4chst unsere Sichtbarkeit und au\u00dferdem wird unseren Partnern Gelegenheit gegeben sich zu treffen, um sich kennen zu lernen, zu vergleichen und zu unterst\u00fctzen.<\/p>\n                   <\/div>\n\t\t\t\t\t                         \t\t\t\t\t                   \n                <\/div>\n\t\t\t\t                    \t\t\t\t            <\/div>\n            <div class=\"info__col info__col_right\">\n\n                                \n                    <div class=\"image-container\">\n                                                    <div class=\"image-parallax-wrapper\">\n                                <div class=\"image-parallax black-overlay\"\n                                     style=\"background-image: url(https:\/\/www.esssecaffe.com\/wp-content\/uploads\/2022\/10\/Essse-nel-mondo.jpg)\" data-scroll\n                                     data-scroll-speed=\"-3.5\"><\/div>\n                            <\/div>\n                                            <\/div>\n                \n                \n            <\/div>\n        <\/div>\n    <\/div>\n<\/div>\n\n<div class=\"info-more-section info-more-section_contacts\" data-scroll-section>\n    <div class=\"l-container\">\n        <div class=\"info-more\">\n            <h2 class=\"info-more__title text-center title-decoration reveal-text\" data-scroll>Kontaktiere uns<\/h2>\n            <p class=\"fade-in-bottom text-center\" data-scroll>F\u00dcLLEN SIE UNSER KONTAKTFORMULAR AUS<\/p>\n        <\/div>\n    <\/div>\n<\/div>\n\n\n<div class=\"contact-form-wrapper\" data-scroll-section>\n    <div class=\"l-container\">\n        <h2 class=\"section-title contact-form-section__title text-center reveal-text\" data-scroll>\n                    <\/h2>\n       <div class=\"fade-in-bottom\" data-scroll>\n           \n<div class=\"wpcf7 no-js\" id=\"wpcf7-f10316-o1\" lang=\"de-DE\" dir=\"ltr\" data-wpcf7-id=\"10316\">\n<div class=\"screen-reader-response\"><p role=\"status\" aria-live=\"polite\" aria-atomic=\"true\"><\/p> <ul><\/ul><\/div>\n<form action=\"\/de\/wp-json\/wp\/v2\/pages\/5348#wpcf7-f10316-o1\" method=\"post\" class=\"wpcf7-form init contact-form\" aria-label=\"Kontaktformular\" novalidate=\"novalidate\" data-status=\"init\">\n<fieldset class=\"hidden-fields-container\"><input type=\"hidden\" name=\"_wpcf7\" value=\"10316\" \/><input type=\"hidden\" name=\"_wpcf7_version\" value=\"6.1.5\" \/><input type=\"hidden\" name=\"_wpcf7_locale\" value=\"de_DE\" \/><input type=\"hidden\" name=\"_wpcf7_unit_tag\" value=\"wpcf7-f10316-o1\" \/><input type=\"hidden\" name=\"_wpcf7_container_post\" value=\"0\" \/><input type=\"hidden\" name=\"_wpcf7_posted_data_hash\" value=\"\" \/><input type=\"hidden\" name=\"_wpcf7_recaptcha_response\" value=\"\" \/>\n<\/fieldset>\n<div class=\"contact-form__container\">\n<div class=\"contact-form__row\">\n<div class=\"form-group\">\n<label for=\"first-name\">Name *<\/label>\n<span class=\"wpcf7-form-control-wrap\" data-name=\"first_name\"><input size=\"40\" maxlength=\"400\" class=\"wpcf7-form-control wpcf7-text wpcf7-validates-as-required\" id=\"first-name\" aria-required=\"true\" aria-invalid=\"false\" value=\"\" type=\"text\" name=\"first_name\" \/><\/span>\n<\/div>\n<div class=\"form-group\">\n<label for=\"last-name\">Nachname *<\/label>\n<span class=\"wpcf7-form-control-wrap\" data-name=\"last_name\"><input size=\"40\" maxlength=\"400\" class=\"wpcf7-form-control wpcf7-text wpcf7-validates-as-required\" id=\"last-name\" aria-required=\"true\" aria-invalid=\"false\" value=\"\" type=\"text\" name=\"last_name\" \/><\/span>\n<\/div>\n<\/div>\n<div class=\"contact-form__row\">\n<div class=\"form-group\">\n<label for=\"last-name\">Firmenname<\/label>\n<span class=\"wpcf7-form-control-wrap\" data-name=\"ragione_sociale\"><input size=\"40\" maxlength=\"400\" class=\"wpcf7-form-control wpcf7-text wpcf7-validates-as-required\" id=\"ragione-sociale\" aria-required=\"true\" aria-invalid=\"false\" value=\"\" type=\"text\" name=\"ragione_sociale\" \/><\/span>\n<\/div>\n<div class=\"form-group\">\n<label for=\"products\">Stadt *<\/label>\n<span class=\"wpcf7-form-control-wrap\" data-name=\"city\"><select class=\"wpcf7-form-control wpcf7-select wpcf7-validates-as-required\" id=\"city\" aria-required=\"true\" aria-invalid=\"false\" name=\"city\"><option value=\"\">W\u00e4hlen<\/option><option value=\"W\u00e4hlen2\">W\u00e4hlen2<\/option><option value=\"W\u00e4hlen3\">W\u00e4hlen3<\/option><option value=\"W\u00e4hlen4\">W\u00e4hlen4<\/option><\/select><\/span>\n<\/div>\n<\/div>\n<div class=\"contact-form__row\">\n<div class=\"form-group\">\n<label for=\"last-name\">Provinz<\/label>\n<span class=\"wpcf7-form-control-wrap\" data-name=\"provincia\"><input size=\"40\" maxlength=\"400\" class=\"wpcf7-form-control wpcf7-text wpcf7-validates-as-required\" id=\"provincia\" aria-required=\"true\" aria-invalid=\"false\" value=\"\" type=\"text\" name=\"provincia\" \/><\/span>\n<\/div>\n<div class=\"form-group\">\n<label for=\"email\">E-mail*<\/label>\n<span class=\"wpcf7-form-control-wrap\" data-name=\"email\"><input size=\"40\" maxlength=\"400\" class=\"wpcf7-form-control wpcf7-email wpcf7-validates-as-required wpcf7-text wpcf7-validates-as-email\" id=\"email\" aria-required=\"true\" aria-invalid=\"false\" value=\"\" type=\"email\" name=\"email\" \/><\/span>\n<\/div>\n<\/div>\n<div class=\"contact-form__row\">\n<div class=\"form-group\">\n<label for=\"tel\">Telefon *<\/label>\n<span class=\"wpcf7-form-control-wrap\" data-name=\"phone\"><input size=\"40\" maxlength=\"400\" class=\"wpcf7-form-control wpcf7-tel wpcf7-validates-as-required wpcf7-text wpcf7-validates-as-tel\" id=\"tel\" aria-required=\"true\" aria-invalid=\"false\" value=\"\" type=\"tel\" name=\"phone\" \/><\/span>\n<\/div>\n<\/div>\n<div class=\"textarea-group\">\n<div class=\"form-group\">\n<label for=\"message\">Hinterlassen Sie eine Nachricht *<\/label>\n<span class=\"wpcf7-form-control-wrap\" data-name=\"message\"><textarea cols=\"40\" rows=\"10\" maxlength=\"2000\" class=\"wpcf7-form-control wpcf7-textarea wpcf7-validates-as-required\" id=\"message\" aria-required=\"true\" aria-invalid=\"false\" name=\"message\"><\/textarea><\/span>\n<\/div>\n<\/div>\n<div class=\"acceptance\">\n<span class=\"acceptance-title\">Ausdr\u00fcckliche Zustimmung*<\/span><span class=\"wpcf7-form-control-wrap\" data-name=\"acceptance\"><span class=\"wpcf7-form-control wpcf7-acceptance\"><span class=\"wpcf7-list-item\"><input type=\"checkbox\" name=\"acceptance\" value=\"1\" id=\"checkbox\" aria-invalid=\"false\" \/><\/span><\/span><\/span>\n<label class=\"acceptance-label\" for=\"checkbox\"><span>Ich erkl\u00e4re mich mit der Verarbeitung meiner Daten einverstanden, um meine Anfrage zu erf\u00fcllen.<br> Die Verarbeitung personenbezogener Daten erfolgt gem\u00e4\u00df den Angaben im <a target=\"_blank\" href=\"#\">Abschnitt Datenschutz*.<\/a><\/span><\/label>\n<\/div>\n<div class=\"centered-content\"><input class=\"wpcf7-form-control wpcf7-submit has-spinner form-btn\" type=\"submit\" value=\"Nachricht senden\" \/><\/div>\n<\/div><div class=\"wpcf7-response-output\" aria-hidden=\"true\"><\/div>\n<\/form>\n<\/div>\n           <a href=\"#show-form\" class=\"main-button form-btn toggle-form-mobile__btn\">Clicca qui<\/a>\n       <\/div>\n    <\/div>\n<\/div>\n\n<\/div>","protected":false},"excerpt":{"rendered":"","protected":false},"author":95,"featured_media":6772,"parent":5304,"menu_order":616,"comment_status":"closed","ping_status":"closed","template":"","meta":{"inline_featured_image":false,"footnotes":""},"class_list":["post-5348","page","type-page","status-publish","has-post-thumbnail","hentry"],"_links":{"self":[{"href":"https:\/\/www.esssecaffe.com\/de\/wp-json\/wp\/v2\/pages\/5348","targetHints":{"allow":["GET"]}}],"collection":[{"href":"https:\/\/www.esssecaffe.com\/de\/wp-json\/wp\/v2\/pages"}],"about":[{"href":"https:\/\/www.esssecaffe.com\/de\/wp-json\/wp\/v2\/types\/page"}],"author":[{"embeddable":true,"href":"https:\/\/www.esssecaffe.com\/de\/wp-json\/wp\/v2\/users\/95"}],"replies":[{"embeddable":true,"href":"https:\/\/www.esssecaffe.com\/de\/wp-json\/wp\/v2\/comments?post=5348"}],"version-history":[{"count":0,"href":"https:\/\/www.esssecaffe.com\/de\/wp-json\/wp\/v2\/pages\/5348\/revisions"}],"up":[{"embeddable":true,"href":"https:\/\/www.esssecaffe.com\/de\/wp-json\/wp\/v2\/pages\/5304"}],"wp:featuredmedia":[{"embeddable":true,"href":"https:\/\/www.esssecaffe.com\/de\/wp-json\/wp\/v2\/media\/6772"}],"wp:attachment":[{"href":"https:\/\/www.esssecaffe.com\/de\/wp-json\/wp\/v2\/media?parent=5348"}],"curies":[{"name":"wp","href":"https:\/\/api.w.org\/{rel}","templated":true}]}}