{"id":5360,"date":"2022-09-21T15:15:58","date_gmt":"2022-09-21T13:15:58","guid":{"rendered":"https:\/\/www.esssecaffe.com\/linea-professional\/fur-experten\/service-fur-experten\/"},"modified":"2022-11-23T09:30:22","modified_gmt":"2022-11-23T08:30:22","slug":"service-fur-experten","status":"publish","type":"page","link":"https:\/\/www.esssecaffe.com\/de\/linea-professional\/fur-experten\/service-fur-experten\/","title":{"rendered":"Service f\u016br Experten"},"content":{"rendered":"<div class=\"top-section full-screen-section\" data-scroll-section>\n\n    <div class=\"top-section__bg\">\n    <div class=\"top-section__bg-img\" style=\"background-image: url(https:\/\/www.esssecaffe.com\/wp-content\/uploads\/2022\/09\/Servizi-per-i-professionisti-3-scaled.jpg)\" data-scroll><\/div>\n\n    <\/div>\n    <div class=\"l-container\">rddd\n        <div class=\"top-section__inner\">\n            <div class=\"top-section__info\" data-scroll>\n                <div class=\"top-section__info-inner\">\n                    <h1 class=\"main-title text-center reveal-text\" data-scroll>Service f\u016br Experten<\/h1>\n                    <p class=\"main-description text-center fade-in-bottom\" data-scroll>Essse ist der Kaffee der Experten, nicht nur wegen der Vorz\u00fcglichkeit der Produkte, sondern auch wegen des umfangreichen, dem Ho.re.ca. Kunden gebotenen Dienstleistungsangebots,  das zu seinem Erfolg beitr\u00e4gt. Das Ziel von Essse Caff\u00e8 bestand stets darin Partner der Experten des Sektors zu werden, um die Akteure der Produktionskette dauerhaft und kontinuierlich zu unterst\u00fctzen, die sich tats\u00e4chlich mit der Endverarbeitung von Kaffee besch\u00e4ftigen und in t\u00e4glichem Kontakt mit dem Verbraucher stehen.  \nKunde von Essse Caff\u00e8 zu sein bedeutet modernste und f\u00fcr die spezifische T\u00e4tigkeit geeignete Ausr\u00fcstungen zur Verf\u00fcgung zu haben, ein Merchandising, das die Markenidentit\u00e4t und die Qualit\u00e4t der angebotenen Produkte \u00fcbermittelt, ein Schulungszentrum, das Experten des Ho.re.ca. Sektors durch praktische und F\u00fchrungskr\u00e4fte-Kurse unterst\u00fctzt und eine qualifizierte und stets pr\u00e4senter Vertrieb.  \nDank eines dichten, fl\u00e4chendeckenden Vertriebsnetzes in Italien, wodurch p\u00fcnktliche Lieferungen und ein wichtiger Service f\u00fcr planm\u00e4\u00dfige und au\u00dferplanm\u00e4\u00dfige Wartung garantiert sind, ist Essse auch im OCS und Automaten-Sektor ein zuverl\u00e4ssiger Partner. <\/p>\n                <\/div>\n            <\/div>\n        <\/div>\n    <\/div>\n    <\/div>\n\n\n\n<div data-scroll-section class=\"l-container\" style=\"margin-bottom: 50px; margin-top: 30px;\"><nav class=\"woocommerce-breadcrumb rank-math-breadcrumb\"><span class=\"last\">Home<\/span><\/nav><\/div>\n\n<div id=\"\" class=\"\">\n\n<div id=\"\" class=\"info  reverse \" data-scroll-section >\n    <div class=\"l-container\">\n        <div class=\"info__row\">\n            <div class=\"info__col info__col_left\">\n                <div class=\"info__title\">\n                    <h2 class=\"main-title title-decoration reveal-text\" data-scroll>Der Vertrieb<\/h2>\n                <\/div>\n                                            <div class=\"info__description\">\n                                <p class=\"fade-in-bottom\" data-scroll>Der Vertrieb von Essse Caff\u00e8, erstes Unternehmen in Italien, das auch f\u00fcr den Kundendienst zertifiziert wurde, wird von Experten gebildet, die eine profunde Kenntnis des Sektors haben, die dicht auf alle unsere T\u00e4tigkeitsgebiete verteilt und mit eigener Fahrzeugflotte ausger\u00fcstet sind.  <\/p>\n                            <\/div>\n                                                                                <div class=\"info__description\">\n                                <p class=\"fade-in-bottom\" data-scroll><\/p>\n                            <\/div>\n                                                                                    <\/div>\n            <div class=\"info__col info__col_right\">\n                <div class=\"image-container\">\n\n                                            <div class=\"image-parallax-wrapper\">\n\t\t\t\n                            <div class=\"image-parallax black-overlay\"\n                                 style=\"background-image: url(https:\/\/www.esssecaffe.com\/wp-content\/uploads\/2022\/09\/La-forza-di-vendita.jpg)\" \n                                 data-scroll\n                                 data-scroll-speed=\"-3.5\">\n\t\t\t\t<\/div>\n                        <\/div>\n                                    <\/div>\n            <\/div>\n        <\/div>\n    <\/div>\n<\/div>\n\n<div id=\"\" class=\"info   \" data-scroll-section >\n    <div class=\"l-container\">\n        <div class=\"info__row\">\n            <div class=\"info__col info__col_left\">\n                <div class=\"info__title\">\n                    <h2 class=\"main-title title-decoration reveal-text\" data-scroll>Merchandising<\/h2>\n                <\/div>\n                                            <div class=\"info__description\">\n                                <p class=\"fade-in-bottom\" data-scroll>Die Kunst des echten italienischen Espresso dr\u00fcckt sich vielf\u00e4ltig aus. \nDer Moment der Verkostung, wenn wir einen Schluck von kunstgerecht zubereitem Espresso nehmen, ist die Kr\u00f6nung einer Erfahrung die mit dem Blick beginnt. <\/p>\n                            <\/div>\n                                                                                                                                                  \n                                <a href=\"https:\/\/www.esssecaffe.com\/de\/linea-professional\/fur-experten\/service-fur-experten\/merchandising\/\" class=\"main-link\" >\n                                    <div class=\"main-link__flex fade-in-bottom\" data-scroll>\n                                        <svg width=\"30\" height=\"29\" viewBox=\"0 0 30 29\" fill=\"none\"\n                                             xmlns=\"http:\/\/www.w3.org\/2000\/svg\">\n                                            <path d=\"M7.45662 1.00302C7.33562 0.996017 27.7096 1.02603 27.7096 1.02603L20.3366 24.48C19.6186 26.257 18.0306 27.242 15.6996 27.438C14.1883 27.5313 12.6773 27.2514 11.2996 26.623C3.35963 23.19 -0.678357 14.558 1.65864 5.22802C2.01725 3.9787 2.78243 2.88474 3.83302 2.11944C4.88361 1.35414 6.15952 0.961249 7.45863 1.00302\"\n                                                  stroke=\"#BF0020\" fill=\"transparent\" stroke-width=\"2\"\/>\n                                        <\/svg>\n                                        <span>Mehr entdecken<\/span>\n                                    <\/div>\n                                <\/a>\n                                                                                                                                                <\/div>\n            <div class=\"info__col info__col_right\">\n                <div class=\"image-container\">\n\n                                            <div class=\"image-parallax-wrapper\">\n\t\t\t\n                            <div class=\"image-parallax black-overlay\"\n                                 style=\"background-image: url(https:\/\/www.esssecaffe.com\/wp-content\/uploads\/2022\/09\/merch.jpg)\" \n                                 data-scroll\n                                 data-scroll-speed=\"-3.5\">\n\t\t\t\t<\/div>\n                        <\/div>\n                                    <\/div>\n            <\/div>\n        <\/div>\n    <\/div>\n<\/div>\n\n<\/div>","protected":false},"excerpt":{"rendered":"","protected":false},"author":95,"featured_media":16192,"parent":20715,"menu_order":579,"comment_status":"closed","ping_status":"closed","template":"","meta":{"inline_featured_image":false,"footnotes":""},"class_list":["post-5360","page","type-page","status-publish","has-post-thumbnail","hentry"],"_links":{"self":[{"href":"https:\/\/www.esssecaffe.com\/de\/wp-json\/wp\/v2\/pages\/5360","targetHints":{"allow":["GET"]}}],"collection":[{"href":"https:\/\/www.esssecaffe.com\/de\/wp-json\/wp\/v2\/pages"}],"about":[{"href":"https:\/\/www.esssecaffe.com\/de\/wp-json\/wp\/v2\/types\/page"}],"author":[{"embeddable":true,"href":"https:\/\/www.esssecaffe.com\/de\/wp-json\/wp\/v2\/users\/95"}],"replies":[{"embeddable":true,"href":"https:\/\/www.esssecaffe.com\/de\/wp-json\/wp\/v2\/comments?post=5360"}],"version-history":[{"count":0,"href":"https:\/\/www.esssecaffe.com\/de\/wp-json\/wp\/v2\/pages\/5360\/revisions"}],"up":[{"embeddable":true,"href":"https:\/\/www.esssecaffe.com\/de\/wp-json\/wp\/v2\/pages\/20715"}],"wp:featuredmedia":[{"embeddable":true,"href":"https:\/\/www.esssecaffe.com\/de\/wp-json\/wp\/v2\/media\/16192"}],"wp:attachment":[{"href":"https:\/\/www.esssecaffe.com\/de\/wp-json\/wp\/v2\/media?parent=5360"}],"curies":[{"name":"wp","href":"https:\/\/api.w.org\/{rel}","templated":true}]}}