{"id":5428,"date":"2022-09-21T16:19:37","date_gmt":"2022-09-21T14:19:37","guid":{"rendered":"https:\/\/www.esssecaffe.com\/kontact\/"},"modified":"2024-09-05T14:17:10","modified_gmt":"2024-09-05T12:17:10","slug":"kontact","status":"publish","type":"page","link":"https:\/\/www.esssecaffe.com\/de\/kontact\/","title":{"rendered":"Kontact"},"content":{"rendered":"<!-- #### array(1) {\n  [\"fields\"]=>\n  array(3) {\n    [\"block_title\"]=>\n    string(0) \"\"\n    [\"title\"]=>\n    string(7) \"Kontact\"\n    [\"image\"]=>\n    string(69) \"https:\/\/www.esssecaffe.com\/wp-content\/uploads\/2021\/11\/contacts-bg.png\"\n  }\n}\n--><div class=\"top-section top-section_min\" data-scroll-section>\n  <div class=\"mobile-gradient\"><\/div>\n  <div class=\"top-section__bg\" >\n    <div class=\"top-section__bg-inner\">\n      <div class=\"top-section__bg-img\" style=\"background-image: url(https:\/\/www.esssecaffe.com\/wp-content\/uploads\/2021\/11\/contacts-bg.png)\" data-id=\"0\"><\/div>\n    <\/div>\n  <\/div>\n  <div class=\"l-container\">\n    <div class=\"top-section__inner\">\n      <div class=\"top-section__info\" data-scroll>\n        <h1 class=\"main-title text-center reveal-text\" data-scroll>Kontact<\/h1>\n      <\/div>\n    <\/div>\n  <\/div>\n<\/div>\n\n\n\n<div data-scroll-section class=\"l-container\" style=\"margin-bottom: 50px; margin-top: 30px;\"><nav class=\"woocommerce-breadcrumb rank-math-breadcrumb\"><span class=\"last\">Home<\/span><\/nav><\/div>\n\n<div id=\"\" class=\"contacts\">\n\n<div class=\"l-container\">\n    <div class=\"contacts__flex\" data-scroll-section>\n        <div class=\"contacts__col contacts__col_info fade-in-bottom\" data-scroll>\n            <div class=\"contacts__info\">\n                <div class=\"contacts__item contacts__item_location\">\n                    <div class=\"contacts__title contacts__title_location\">Adresse<\/div>\n                    <p><b>ESSSE CAFF\u00c9 S.p.a.<\/b> &#8211; Via Duilio Carpanelli 18\/A &#8211; 40011 Anzola dell\u2019Emilia &#8211; Bologna &#8211; Italien<\/p>\n                <\/div>\n                <div class=\"contacts__item contacts__item_phone\">\n                    <div class=\"contacts__title contacts__title_phone\">Telefonnummer<\/div>\n                    <p><a href=\"mailto:info@esssecaffe.it\"><b>+39 0516425711<\/b><\/a><\/p>\n                <\/div>\n                <div class=\"contacts__item contacts__item_email\">\n                    <div class=\"contacts__title contacts__title_email\">Email<\/div>\n                    <p><a href=\"mailto:info@esssecaffe.it\"><b>info@esssecaffe.it<\/b><\/a><\/p>\n                <\/div>\n\n                \n            <\/div>\n        <\/div>\n        <div class=\"contacts__col contacts__col_banners fade-in-bottom\" data-scroll>\n            <div class=\"contacts__banners\">\n                \n                \n            <\/div>\n        <\/div>\n    <\/div>\n<\/div>\n\n<div class=\"info-more-section info-more-section_contacts\" data-scroll-section>\n    <div class=\"l-container\">\n        <div class=\"info-more\">\n            <h2 class=\"info-more__title text-center title-decoration reveal-text\" data-scroll>Kontaktiere uns<\/h2>\n            <p class=\"fade-in-bottom text-center\" data-scroll>F\u00dcLLEN SIE UNSER KONTAKTFORMULAR AUS<\/p>\n        <\/div>\n    <\/div>\n<\/div>\n\n\n<div class=\"contact-form-wrapper\" data-scroll-section>\n    <div class=\"l-container\">\n        <h2 class=\"section-title contact-form-section__title text-center reveal-text\" data-scroll>\n                    <\/h2>\n       <div class=\"fade-in-bottom\" data-scroll>\n           \n<div class=\"wpcf7 no-js\" id=\"wpcf7-f10316-o1\" lang=\"de-DE\" dir=\"ltr\" data-wpcf7-id=\"10316\">\n<div class=\"screen-reader-response\"><p role=\"status\" aria-live=\"polite\" aria-atomic=\"true\"><\/p> <ul><\/ul><\/div>\n<form action=\"\/de\/wp-json\/wp\/v2\/pages\/5428#wpcf7-f10316-o1\" method=\"post\" class=\"wpcf7-form init contact-form\" aria-label=\"Kontaktformular\" novalidate=\"novalidate\" data-status=\"init\">\n<fieldset class=\"hidden-fields-container\"><input type=\"hidden\" name=\"_wpcf7\" value=\"10316\" \/><input type=\"hidden\" name=\"_wpcf7_version\" value=\"6.1.5\" \/><input type=\"hidden\" name=\"_wpcf7_locale\" value=\"de_DE\" \/><input type=\"hidden\" name=\"_wpcf7_unit_tag\" value=\"wpcf7-f10316-o1\" \/><input type=\"hidden\" name=\"_wpcf7_container_post\" value=\"0\" \/><input type=\"hidden\" name=\"_wpcf7_posted_data_hash\" value=\"\" \/><input type=\"hidden\" name=\"_wpcf7_recaptcha_response\" value=\"\" \/>\n<\/fieldset>\n<div class=\"contact-form__container\">\n<div class=\"contact-form__row\">\n<div class=\"form-group\">\n<label for=\"first-name\">Name *<\/label>\n<span class=\"wpcf7-form-control-wrap\" data-name=\"first_name\"><input size=\"40\" maxlength=\"400\" class=\"wpcf7-form-control wpcf7-text wpcf7-validates-as-required\" id=\"first-name\" aria-required=\"true\" aria-invalid=\"false\" value=\"\" type=\"text\" name=\"first_name\" \/><\/span>\n<\/div>\n<div class=\"form-group\">\n<label for=\"last-name\">Nachname *<\/label>\n<span class=\"wpcf7-form-control-wrap\" data-name=\"last_name\"><input size=\"40\" maxlength=\"400\" class=\"wpcf7-form-control wpcf7-text wpcf7-validates-as-required\" id=\"last-name\" aria-required=\"true\" aria-invalid=\"false\" value=\"\" type=\"text\" name=\"last_name\" \/><\/span>\n<\/div>\n<\/div>\n<div class=\"contact-form__row\">\n<div class=\"form-group\">\n<label for=\"last-name\">Firmenname<\/label>\n<span class=\"wpcf7-form-control-wrap\" data-name=\"ragione_sociale\"><input size=\"40\" maxlength=\"400\" class=\"wpcf7-form-control wpcf7-text wpcf7-validates-as-required\" id=\"ragione-sociale\" aria-required=\"true\" aria-invalid=\"false\" value=\"\" type=\"text\" name=\"ragione_sociale\" \/><\/span>\n<\/div>\n<div class=\"form-group\">\n<label for=\"products\">Stadt *<\/label>\n<span class=\"wpcf7-form-control-wrap\" data-name=\"city\"><select class=\"wpcf7-form-control wpcf7-select wpcf7-validates-as-required\" id=\"city\" aria-required=\"true\" aria-invalid=\"false\" name=\"city\"><option value=\"\">W\u00e4hlen<\/option><option value=\"W\u00e4hlen2\">W\u00e4hlen2<\/option><option value=\"W\u00e4hlen3\">W\u00e4hlen3<\/option><option value=\"W\u00e4hlen4\">W\u00e4hlen4<\/option><\/select><\/span>\n<\/div>\n<\/div>\n<div class=\"contact-form__row\">\n<div class=\"form-group\">\n<label for=\"last-name\">Provinz<\/label>\n<span class=\"wpcf7-form-control-wrap\" data-name=\"provincia\"><input size=\"40\" maxlength=\"400\" class=\"wpcf7-form-control wpcf7-text wpcf7-validates-as-required\" id=\"provincia\" aria-required=\"true\" aria-invalid=\"false\" value=\"\" type=\"text\" name=\"provincia\" \/><\/span>\n<\/div>\n<div class=\"form-group\">\n<label for=\"email\">E-mail*<\/label>\n<span class=\"wpcf7-form-control-wrap\" data-name=\"email\"><input size=\"40\" maxlength=\"400\" class=\"wpcf7-form-control wpcf7-email wpcf7-validates-as-required wpcf7-text wpcf7-validates-as-email\" id=\"email\" aria-required=\"true\" aria-invalid=\"false\" value=\"\" type=\"email\" name=\"email\" \/><\/span>\n<\/div>\n<\/div>\n<div class=\"contact-form__row\">\n<div class=\"form-group\">\n<label for=\"tel\">Telefon *<\/label>\n<span class=\"wpcf7-form-control-wrap\" data-name=\"phone\"><input size=\"40\" maxlength=\"400\" class=\"wpcf7-form-control wpcf7-tel wpcf7-validates-as-required wpcf7-text wpcf7-validates-as-tel\" id=\"tel\" aria-required=\"true\" aria-invalid=\"false\" value=\"\" type=\"tel\" name=\"phone\" \/><\/span>\n<\/div>\n<\/div>\n<div class=\"textarea-group\">\n<div class=\"form-group\">\n<label for=\"message\">Hinterlassen Sie eine Nachricht *<\/label>\n<span class=\"wpcf7-form-control-wrap\" data-name=\"message\"><textarea cols=\"40\" rows=\"10\" maxlength=\"2000\" class=\"wpcf7-form-control wpcf7-textarea wpcf7-validates-as-required\" id=\"message\" aria-required=\"true\" aria-invalid=\"false\" name=\"message\"><\/textarea><\/span>\n<\/div>\n<\/div>\n<div class=\"acceptance\">\n<span class=\"acceptance-title\">Ausdr\u00fcckliche Zustimmung*<\/span><span class=\"wpcf7-form-control-wrap\" data-name=\"acceptance\"><span class=\"wpcf7-form-control wpcf7-acceptance\"><span class=\"wpcf7-list-item\"><input type=\"checkbox\" name=\"acceptance\" value=\"1\" id=\"checkbox\" aria-invalid=\"false\" \/><\/span><\/span><\/span>\n<label class=\"acceptance-label\" for=\"checkbox\"><span>Ich erkl\u00e4re mich mit der Verarbeitung meiner Daten einverstanden, um meine Anfrage zu erf\u00fcllen.<br> Die Verarbeitung personenbezogener Daten erfolgt gem\u00e4\u00df den Angaben im <a target=\"_blank\" href=\"#\">Abschnitt Datenschutz*.<\/a><\/span><\/label>\n<\/div>\n<div class=\"centered-content\"><input class=\"wpcf7-form-control wpcf7-submit has-spinner form-btn\" type=\"submit\" value=\"Nachricht senden\" \/><\/div>\n<\/div><div class=\"wpcf7-response-output\" aria-hidden=\"true\"><\/div>\n<\/form>\n<\/div>\n           <a href=\"#show-form\" class=\"main-button form-btn toggle-form-mobile__btn\">Clicca qui<\/a>\n       <\/div>\n    <\/div>\n<\/div>\n\n<div class=\"success-form-wrapper\" data-scroll-section>\n    <div class=\"l-container\">\n        <div class=\"success-form\">\n            <h4 class=\"text-center reveal-text\">Vielen Dank f\u00fcr Ihre Kontaktaufnahme<\/h4>\n            <p class=\"fade-in-bottom text-center\" data-scroll>Sie werden so schnell wie m\u00f6glich eine Antwort von uns erhalten.<\/p>\n            <div class=\"centered-content\">\n                <a href=\"https:\/\/www.esssecaffe.com\/de\/\" class=\"form-btn\">Torna alla home<\/a>\n            <\/div>\n        <\/div>\n    <\/div>\n<\/div>\n\n<\/div>","protected":false},"excerpt":{"rendered":"","protected":false},"author":95,"featured_media":0,"parent":0,"menu_order":624,"comment_status":"closed","ping_status":"closed","template":"","meta":{"inline_featured_image":false,"footnotes":""},"class_list":["post-5428","page","type-page","status-publish","hentry"],"_links":{"self":[{"href":"https:\/\/www.esssecaffe.com\/de\/wp-json\/wp\/v2\/pages\/5428","targetHints":{"allow":["GET"]}}],"collection":[{"href":"https:\/\/www.esssecaffe.com\/de\/wp-json\/wp\/v2\/pages"}],"about":[{"href":"https:\/\/www.esssecaffe.com\/de\/wp-json\/wp\/v2\/types\/page"}],"author":[{"embeddable":true,"href":"https:\/\/www.esssecaffe.com\/de\/wp-json\/wp\/v2\/users\/95"}],"replies":[{"embeddable":true,"href":"https:\/\/www.esssecaffe.com\/de\/wp-json\/wp\/v2\/comments?post=5428"}],"version-history":[{"count":0,"href":"https:\/\/www.esssecaffe.com\/de\/wp-json\/wp\/v2\/pages\/5428\/revisions"}],"wp:attachment":[{"href":"https:\/\/www.esssecaffe.com\/de\/wp-json\/wp\/v2\/media?parent=5428"}],"curies":[{"name":"wp","href":"https:\/\/api.w.org\/{rel}","templated":true}]}}