{"id":6672,"date":"2022-10-07T18:04:02","date_gmt":"2022-10-07T16:04:02","guid":{"rendered":"https:\/\/www.esssecaffe.com\/linea-home\/maschine-s-12-espresso-system\/"},"modified":"2022-10-07T18:05:01","modified_gmt":"2022-10-07T16:05:01","slug":"maschine-s-12-espresso-system","status":"publish","type":"page","link":"https:\/\/www.esssecaffe.com\/de\/linea-home\/maschine-s-12-espresso-system\/","title":{"rendered":"MASCHINE S.12 ESPRESSO SYSTEM"},"content":{"rendered":"<!-- #### array(1) {\n  [\"fields\"]=>\n  array(3) {\n    [\"block_title\"]=>\n    string(0) \"\"\n    [\"title\"]=>\n    string(29) \"MASCHINE S.12 ESPRESSO SYSTEM\"\n    [\"image\"]=>\n    string(75) \"https:\/\/www.esssecaffe.com\/wp-content\/uploads\/2021\/10\/per-Il-tuo-bar-bg.png\"\n  }\n}\n--><div class=\"top-section top-section_min\" data-scroll-section>\n  <div class=\"mobile-gradient\"><\/div>\n  <div class=\"top-section__bg\" >\n    <div class=\"top-section__bg-inner\">\n      <div class=\"top-section__bg-img\" style=\"background-image: url(https:\/\/www.esssecaffe.com\/wp-content\/uploads\/2021\/10\/per-Il-tuo-bar-bg.png)\" data-id=\"5408\"><\/div>\n    <\/div>\n  <\/div>\n  <div class=\"l-container\">\n    <div class=\"top-section__inner\">\n      <div class=\"top-section__info\" data-scroll>\n        <h1 class=\"main-title text-center reveal-text\" data-scroll>MASCHINE S.12 ESPRESSO SYSTEM<\/h1>\n      <\/div>\n    <\/div>\n  <\/div>\n<\/div>\n\n\n\n<div data-scroll-section class=\"l-container\" style=\"margin-bottom: 50px; margin-top: 30px;\"><nav class=\"woocommerce-breadcrumb rank-math-breadcrumb\"><span class=\"last\">Home<\/span><\/nav><\/div>\n\n<div id=\"\" class=\"info-products\">\n\n<div data-bgcolor=\"\" class=\"info info-product \">\n  <div class=\"l-container\">\n    <div class=\"info-product__row\">\n      <div class=\"info-product__col info-product__col_left\">\n        <div class=\"info__title\">\n          <h6 class=\"pre-title reveal-text\" data-scroll><\/h6>\n          <h2 class=\"main-title title-decoration reveal-text\" data-scroll>title<\/h2>\n        <\/div>\n        <div class=\"info-product__content\">\n          <div class=\"info__description\">\n            <p class=\"fade-in-bottom\" data-scroll>Eine elegante und fortschrittliche Kapsel-Maschine mit Giugiaro Design, die entwickelt wurde, um in den eigenen W\u00e4nden und im B\u00fcro einen kunstgerecht zubereiteten Espresso zu garantieren. \nDas Geheimnis eines intensiven und erlesenen Kaffees, um sich zu jeder Tageszeit, auch zu Hause einer einh\u00fcllenden Erfahrung hinzugeben.  \nEspresso System entsteht aus dem Wunsch auch zu Hause und im B\u00fcro einen kunstgerecht zubereiteten Espresso zu genie\u00dfen.  \nUm dies zu verwirklichen sind wir von dem ausgegangen, was schon immer unser h\u00f6chstes Ziel ist: Spitzenqualit\u00e4t. Wir haben ein Maschinen-Kapsel System entwickelt, dass ein Resultat in der Tasse erzeugen konnte, das unseren Qualit\u00e4tsstandards gerecht wird.  \nWir haben eine Kaffeemaschine untersucht, geplant und patentiert, die dank ihrer Technologie alle Parameter f\u00fcr die beste Kaffeezubereitung garantieren konnte: Unsere Maschine S.12 Espresso System, f\u00fcr deren Design  IDG Giugiaro Design verantwortlich ist. \nGleichzeitig haben wir mit dieser Zubereitungsart kompatible Mischungen kreiert.  Jede davon wurde entwickelt, um optimale Leistungen mit dieser besonderen Maschine S. 12 zu bieten. Um unseren Kunden die Gelegenheit zu geben zu jeder Tageszeit einen f\u00fclligen, cremigen und ausgewogenen Kaffee zu probieren. <\/p>\n          <\/div>\n                      <a href=\"https:\/\/www.esssecaffe.com\/de\/linea-home\/maschine-s-12-espresso-system\/\" class=\"main-link\">\n              <div class=\"main-link__flex fade-in-bottom\" data-scroll>\n                <svg width=\"30\" height=\"29\" viewBox=\"0 0 30 29\" fill=\"none\"\n                  xmlns=\"http:\/\/www.w3.org\/2000\/svg\">\n                  <path d=\"M7.45662 1.00302C7.33562 0.996017 27.7096 1.02603 27.7096 1.02603L20.3366 24.48C19.6186 26.257 18.0306 27.242 15.6996 27.438C14.1883 27.5313 12.6773 27.2514 11.2996 26.623C3.35963 23.19 -0.678357 14.558 1.65864 5.22802C2.01725 3.9787 2.78243 2.88474 3.83302 2.11944C4.88361 1.35414 6.15952 0.961249 7.45863 1.00302\"\n                    stroke=\"#BF0020\" fill=\"transparent\" stroke-width=\"2\" \/>\n                <\/svg>\n                <span>text<\/span>\n              <\/div>\n            <\/a>\n                  <\/div>\n      <\/div>\n      <div class=\"info-product__col info-product__col_right\">\n        <div class=\"image-container\">\n          <div class=\"image-inner fade-in-bottom\" data-scroll>\n            <div class=\"image-product\" style=\"background-image: url()\">\n                              <div class=\"image-bg\"><\/div>\n                          <\/div>\n          <\/div>\n        <\/div>\n      <\/div>\n    <\/div>\n  <\/div>\n<\/div>\n\n<div data-bgcolor=\"\" class=\"info info-product \">\n  <div class=\"l-container\">\n    <div class=\"info-product__row\">\n      <div class=\"info-product__col info-product__col_left\">\n        <div class=\"info__title\">\n          <h6 class=\"pre-title reveal-text\" data-scroll><\/h6>\n          <h2 class=\"main-title title-decoration reveal-text\" data-scroll>title<\/h2>\n        <\/div>\n        <div class=\"info-product__content\">\n          <div class=\"info__description\">\n            <p class=\"fade-in-bottom\" data-scroll>Eine elegante und fortschrittliche Kapsel-Maschine mit Giugiaro Design, die entwickelt wurde, um in den eigenen W\u00e4nden und im B\u00fcro einen kunstgerecht zubereiteten Espresso zu garantieren. \nDas Geheimnis eines intensiven und erlesenen Kaffees, um sich zu jeder Tageszeit, auch zu Hause einer einh\u00fcllenden Erfahrung hinzugeben.  \nEspresso System entsteht aus dem Wunsch auch zu Hause und im B\u00fcro einen kunstgerecht zubereiteten Espresso zu genie\u00dfen.  \nUm dies zu verwirklichen sind wir von dem ausgegangen, was schon immer unser h\u00f6chstes Ziel ist: Spitzenqualit\u00e4t. Wir haben ein Maschinen-Kapsel System entwickelt, dass ein Resultat in der Tasse erzeugen konnte, das unseren Qualit\u00e4tsstandards gerecht wird.  \nWir haben eine Kaffeemaschine untersucht, geplant und patentiert, die dank ihrer Technologie alle Parameter f\u00fcr die beste Kaffeezubereitung garantieren konnte: Unsere Maschine S.12 Espresso System, f\u00fcr deren Design  IDG Giugiaro Design verantwortlich ist. \nGleichzeitig haben wir mit dieser Zubereitungsart kompatible Mischungen kreiert.  Jede davon wurde entwickelt, um optimale Leistungen mit dieser besonderen Maschine S. 12 zu bieten. Um unseren Kunden die Gelegenheit zu geben zu jeder Tageszeit einen f\u00fclligen, cremigen und ausgewogenen Kaffee zu probieren. <\/p>\n          <\/div>\n                      <a href=\"https:\/\/www.esssecaffe.com\/de\/linea-home\/maschine-s-12-espresso-system\/\" class=\"main-link\">\n              <div class=\"main-link__flex fade-in-bottom\" data-scroll>\n                <svg width=\"30\" height=\"29\" viewBox=\"0 0 30 29\" fill=\"none\"\n                  xmlns=\"http:\/\/www.w3.org\/2000\/svg\">\n                  <path d=\"M7.45662 1.00302C7.33562 0.996017 27.7096 1.02603 27.7096 1.02603L20.3366 24.48C19.6186 26.257 18.0306 27.242 15.6996 27.438C14.1883 27.5313 12.6773 27.2514 11.2996 26.623C3.35963 23.19 -0.678357 14.558 1.65864 5.22802C2.01725 3.9787 2.78243 2.88474 3.83302 2.11944C4.88361 1.35414 6.15952 0.961249 7.45863 1.00302\"\n                    stroke=\"#BF0020\" fill=\"transparent\" stroke-width=\"2\" \/>\n                <\/svg>\n                <span>text<\/span>\n              <\/div>\n            <\/a>\n                  <\/div>\n      <\/div>\n      <div class=\"info-product__col info-product__col_right\">\n        <div class=\"image-container\">\n          <div class=\"image-inner fade-in-bottom\" data-scroll>\n            <div class=\"image-product\" style=\"background-image: url()\">\n                              <div class=\"image-bg\"><\/div>\n                          <\/div>\n          <\/div>\n        <\/div>\n      <\/div>\n    <\/div>\n  <\/div>\n<\/div>\n\n<\/div>","protected":false},"excerpt":{"rendered":"","protected":false},"author":95,"featured_media":0,"parent":5408,"menu_order":582,"comment_status":"closed","ping_status":"closed","template":"template-slider-sections.php","meta":{"inline_featured_image":false,"footnotes":""},"class_list":["post-6672","page","type-page","status-publish","hentry"],"_links":{"self":[{"href":"https:\/\/www.esssecaffe.com\/de\/wp-json\/wp\/v2\/pages\/6672","targetHints":{"allow":["GET"]}}],"collection":[{"href":"https:\/\/www.esssecaffe.com\/de\/wp-json\/wp\/v2\/pages"}],"about":[{"href":"https:\/\/www.esssecaffe.com\/de\/wp-json\/wp\/v2\/types\/page"}],"author":[{"embeddable":true,"href":"https:\/\/www.esssecaffe.com\/de\/wp-json\/wp\/v2\/users\/95"}],"replies":[{"embeddable":true,"href":"https:\/\/www.esssecaffe.com\/de\/wp-json\/wp\/v2\/comments?post=6672"}],"version-history":[{"count":0,"href":"https:\/\/www.esssecaffe.com\/de\/wp-json\/wp\/v2\/pages\/6672\/revisions"}],"up":[{"embeddable":true,"href":"https:\/\/www.esssecaffe.com\/de\/wp-json\/wp\/v2\/pages\/5408"}],"wp:attachment":[{"href":"https:\/\/www.esssecaffe.com\/de\/wp-json\/wp\/v2\/media?parent=6672"}],"curies":[{"name":"wp","href":"https:\/\/api.w.org\/{rel}","templated":true}]}}