{"id":9068,"date":"2022-11-17T10:43:41","date_gmt":"2022-11-17T09:43:41","guid":{"rendered":"https:\/\/www.esssecaffe.com\/linea-home\/capsule-sistema-espresso\/caffe-monorigine-colombia-supremo-capsules\/"},"modified":"2022-11-23T10:32:36","modified_gmt":"2022-11-23T09:32:36","slug":"sortenreine-kaffekapseln-colombia-supremo","status":"publish","type":"page","link":"https:\/\/www.esssecaffe.com\/de\/linea-home\/sistema-espresso-kapseln\/sortenreine-kaffekapseln-colombia-supremo\/","title":{"rendered":"Sortenreine Kaffeekapseln Colombia Supremo"},"content":{"rendered":"<div id=\"\" class=\"product-section\">\n\n\n\n<div data-scroll-section class=\"l-container\" style=\"margin-bottom: 50px; margin-top: 30px;\"><nav class=\"woocommerce-breadcrumb rank-math-breadcrumb\"><span class=\"last\">Home<\/span><\/nav><\/div>\n\n<div data-scroll-section>\n    <div class=\"l-container\">\n        <div class=\"product-flex product-flex_product\">\n            <div class=\"product-gallery with-coffee-bg\">\n                <div class=\"product-gallery-bg\"><\/div>\n                <div class=\"product-gallery-image\">\n                    <img loading=\"lazy\" decoding=\"async\" width=\"355\" height=\"465\" src=\"https:\/\/www.esssecaffe.com\/wp-content\/uploads\/2022\/09\/Colombia-1.png\" class=\"attachment-full size-full\" alt=\"\" srcset=\"https:\/\/www.esssecaffe.com\/wp-content\/uploads\/2022\/09\/Colombia-1.png 355w, https:\/\/www.esssecaffe.com\/wp-content\/uploads\/2022\/09\/Colombia-1-229x300.png 229w, https:\/\/www.esssecaffe.com\/wp-content\/uploads\/2022\/09\/Colombia-1-220x288.png 220w, https:\/\/www.esssecaffe.com\/wp-content\/uploads\/2022\/09\/Colombia-1-230x301.png 230w\" sizes=\"auto, (max-width: 355px) 100vw, 355px\" \/>                <\/div>\n            <\/div>\n            <div class=\"product-info\">\n                <div class=\"product-info__inner\">\n                    <p class=\"h1 product-title title-decoration reveal-text\" data-scroll>Sortenreine Kaffeekapseln Colombia Supremo<\/p>\n                    <div class=\"product-description fade-in-bottom\" data-scroll>\n                        <p>Die <b>sortenreinen Kapseln<\/b> <b>Colombia Supremo<\/b> entf\u00fchren Sie, mit ihrem <b>weichen Geschmack und den Noten nach Kakao<\/b> auf eine echte Reise ins Zentrum von S\u00fcdamerika.<span class=\"Apple-converted-space\">\u00a0<\/span><\/p>\n<p>Bei der Wahl von Colombia<b> <\/b>Supremo k\u00f6nnen Sie sich Tassen reinen Genuss g\u00f6nnen und Ihren Beitrag zum <b>Umweltschutz und Respekt f\u00fcr Menschen l<\/b>eisten.<span class=\"Apple-converted-space\">\u00a0 \u00a0<\/span><\/p>\n<p><b>PRODUKTBESCHREIBUNG<\/b><\/p>\n<p>Colombia Supremo geh\u00f6rt zur neuen Reihe sortenreiner Kaffees Latitudini Itinerari Sensoriali von Essse Caff\u00e8, die Sie die st\u00e4rkste Essenz des aus diesen Gebieten stammenden Kaffees entdecken l\u00e4sst.<span class=\"Apple-converted-space\">\u00a0 \u00a0<\/span><\/p>\n<p>Wie die gesamte Reihe sind auch die Kapseln von Colombia Supremo von der RainForest-Alliance und von FSC zertifiziert, um nicht nur einen geschmackvollen sondern auch <b>ethischen und nachhaltigen Kaffee<\/b> zu garantieren. <span class=\"Apple-converted-space\">\u00a0<\/span><\/p>\n<p><b>GESCHMACK<\/b><\/p>\n<p>Colombia Supremo \u00fcberrascht Sie mit seinem <b>strukturierten und sehr aromatischen Geschmack<\/b>, in perfekter Balance zwischen <b>mittelstarker S\u00e4ure und samtigem K\u00f6rper<\/b>.<span class=\"Apple-converted-space\">\u00a0<\/span><\/p>\n<p>Sie werden die Zartheit der Kapseln Colombia Supremo lieben, perfekte Verb\u00fcndete f\u00fcr die <b>s\u00fc\u00dfen Kakaonoten<\/b>, <b>leicht fruchtig<\/b> und blumige Noten. <span class=\"Apple-converted-space\">\u00a0<\/span><\/p>\n<p><b>MISCHUNG<span class=\"Apple-converted-space\">\u00a0<\/span><\/b><\/p>\n<p>Der Arabica-Kaffee von Colombia Supremo hat eine mittelgro\u00dfe Bohne und wird mit der Waschmethode verarbeitet. <span class=\"Apple-converted-space\">\u00a0<\/span><\/p>\n<p>Nach seiner Ankunft bei Essse Caff\u00e8 wird er von unserem Expertenteam einer <b>mittleren R\u00f6stung<\/b> unterzogen, um den Rohstoff zu schonen und die Kaffeearomen nicht zu ver\u00e4ndern. <span class=\"Apple-converted-space\">\u00a0<\/span><\/p>\n<p>Colombia Supremo ist ideal f\u00fcr das Kapsel-Format, weil die gesamte Erfahrung des strukturierten und vollmundigen Arabica-Kaffees erlebt wird. <span class=\"Apple-converted-space\">\u00a0<\/span><\/p>\n<p><b>VERZEHR<\/b><\/p>\n<p>Colombia Supremo ist ein Kaffee von ausgepr\u00e4gtem und unverkennbarem Geschmack, eine Streicheleinheit, um die Routine zu unterbrechen und sich eine besondere Pause zu g\u00f6nnen; daher empfehlen wir ihn vormittags aber auch nachmittags pur zu probieren.<span class=\"Apple-converted-space\">\u00a0 <\/span>Da es sich um ein 100% Arabica,-Erzeugnis handelt hat er einen niedrigeren Koffein-Gehalt als klassischer Kaffee weshalb er auch bis zum sp\u00e4ten Nachmittag getrunken werden kann. <span class=\"Apple-converted-space\">\u00a0 \u00a0<\/span><\/p>\n<p><b>W\u00e4hlen Sie Colombia Supremo in Kapseln um die faszinierenden Geschmacksrichtungen S\u00fcdamerikas voll auszukosten.<span class=\"Apple-converted-space\">\u00a0<\/span><\/b><\/p>\n                    <\/div>\n                    <div class=\"product-features\">\n                        \t\t\t\t\t\t <div class=\"products-icons\">\n                        <div class=\"product-features__item product-features__item_roasting\">\n                            <div class=\"product-features__name\">Braten<\/div>\n                            <div class=\"product-roasting__icon medium\">\n                                <svg width=\"41\" height=\"55\" viewBox=\"0 0 41 55\" fill=\"none\" xmlns=\"http:\/\/www.w3.org\/2000\/svg\">\n                                    <path d=\"M23.3257 36.0765C23.9491 37.4673 24.4348 38.9159 24.7757 40.4015C25.5069 44.0016 25.2796 47.7307 24.1167 51.2155C23.8996 52.2539 23.3773 53.2038 22.6167 53.9435C21.876 54.5045 20.973 54.8099 20.0437 54.8135C17.5033 55.0482 14.9474 54.5773 12.6574 53.4527C10.3674 52.328 8.43213 50.5933 7.06473 48.4395C4.4466 44.6793 2.50387 40.4917 1.32373 36.0645\" fill=\"#fff\"\/>\n                                    <path d=\"M0.825684 17.7865C1.28226 15.5856 1.92421 13.4272 2.74467 11.3345C3.80693 8.30201 5.80235 5.68382 8.44469 3.85553C10.5456 2.47837 12.9307 1.59431 15.4217 1.26953C15.2217 2.61453 15.0657 3.89052 14.8507 5.15952C14.5087 7.19052 14.0817 9.20753 13.7797 11.2435C13.4498 13.4115 13.4427 15.6164 13.7587 17.7865\" fill=\"#fff\"\/>\n                                    <path d=\"M40.033 36.0645C39.962 36.3555 39.887 36.6475 39.809 36.9375C39.0481 40.2565 37.7751 43.4369 36.036 46.3645C34.0352 49.4336 31.0904 51.7688 27.646 53.0175C27.816 52.1325 27.971 51.3175 28.128 50.5015C28.534 48.3805 29.038 46.2715 29.328 44.1345C29.7805 41.4239 29.4994 38.6417 28.514 36.0765\" fill=\"#fff\"\/>\n                                    <path d=\"M18.1256 17.7863C17.9783 17.0297 17.867 16.263 17.7916 15.4863C17.4586 11.4534 17.7568 7.39326 18.6756 3.45232C18.7857 2.86002 18.9408 2.277 19.1396 1.70833C19.2937 1.14918 19.651 0.667737 20.1416 0.35842C20.6322 0.0491034 21.2207 -0.0657725 21.7916 0.0363378C25.1969 0.289589 28.4268 1.64612 30.9916 3.90032C32.8816 5.66542 34.4848 7.71438 35.7436 9.97335C37.2556 12.4209 38.4644 15.0431 39.3436 17.7823\" fill=\"#fff\"\/>\n                                    <path d=\"M40.033 36.0652C41.0944 31.6832 41.2668 27.1329 40.54 22.6832C40.2586 21.0236 39.8596 19.3862 39.346 17.7832H18.126C18.9697 22.1328 20.9738 26.1733 23.926 29.4772C24.826 30.5122 25.819 31.4842 26.626 32.5842C27.4023 33.6611 28.0362 34.8338 28.512 36.0732H40.031\" fill=\"#fff\"\/>\n                                    <path d=\"M23.3259 36.0651H1.32587C1.04187 34.9984 0.802531 33.9178 0.607864 32.8231C-0.271774 27.8423 -0.196104 22.7396 0.830856 17.7871H13.7639C14.0966 20.0684 14.7817 22.2842 15.7949 24.3551C16.8938 26.5618 18.2488 28.6314 19.8319 30.5211C21.2533 32.1998 22.4315 34.0701 23.3319 36.0771\" fill=\"#fff\"\/>\n                                <\/svg>\n                            <\/div>\n                            <div class=\"product-features__description\">medium<\/div>\n                        <\/div>\n\t\t\t\t\t\t<div class=\"product-features__item product-features__item_roasting product-features_icon\">\n\t\t\t\t\t\t\t\t\t\t\t\t\t<\/div>\t\n\t\t\t\t\t\t<\/div>\n                                                <div class=\"product-features__item\">\n                            <div class=\"product-features__name\">Aroma<\/div>\n                            <div class=\"product-features__rating\">\n                                 \t\t\t\t\t\t\t\t\t\t\t\t\t\t\t<span class=\"checked\"><\/span>\n\t\t\t\t\t                                \n                            \t                                \t\t\t\t\t\t\t\t\t\t\t\t\t\t\t<span class=\"checked\"><\/span>\n\t\t\t\t\t                                \n                            \t                                \t\t\t\t\t\t\t\t\t\t\t\t\t\t\t<span class=\"checked\"><\/span>\n\t\t\t\t\t                                \n                            \t                                \t\t\t\t\t\t\t\t\t\t\t\t\t\t\t<span class=\"checked\"><\/span>\n\t\t\t\t\t                                \n                            \t                                \t\t\t\t\n                                \t<span><\/span>\n                            \t                                                            <\/div>\n                            <div class=\"product-features__description\">4\/5<\/div>\n                        <\/div>\n                                                <div class=\"product-features__item\">\n                            <div class=\"product-features__name\">Karosserie<\/div>\n                            <div class=\"product-features__rating\">\n                                \t\t\t\t\t\t\t\t\t\t\t\t\t\t\t<span class=\"checked\"><\/span>\n\t\t\t\t\t                                \n                            \t                                \t\t\t\t\t\t\t\t\t\t\t\t\t\t\t<span class=\"checked\"><\/span>\n\t\t\t\t\t                                \n                            \t                                \t\t\t\t                                \t<span><\/span>\n                            \t                                \t\t\t\t                                \t<span><\/span>\n                            \t                                \t\t\t\t                                \t<span><\/span>\n                            \t                                                            <\/div>\n                            <div class=\"product-features__description\">2\/5<\/div>\n                        <\/div>\n                                                <div class=\"product-features__item\">\n                            <div class=\"product-features__name\">Beharrlichkeit<\/div>\n                            <div class=\"product-features__rating\">\n                                \t\t\t\t\t\t\t\t\t\t\t\t\t\t\t<span class=\"checked\"><\/span>\n\t\t\t\t\t                                \n                            \t                                \t\t\t\t\t\t\t\t\t\t\t\t\t\t\t<span class=\"checked\"><\/span>\n\t\t\t\t\t                                \n                            \t                                \t\t\t\t\t\t\t\t\t\t\t\t\t\t\t<span class=\"checked\"><\/span>\n\t\t\t\t\t                                \n                            \t                                \t\t\t\t\t\t\t\t\t\t\t\t\t\t\t<span class=\"checked\"><\/span>\n\t\t\t\t\t                                \n                            \t                                \t\t\t\t                                \t<span><\/span>\n                            \t                                                            <\/div>\n                            <div class=\"product-features__description\">4\/5<\/div>\n                        <\/div>\n                                                <div class=\"product-features__item\">\n                            <div class=\"product-features__name\">S\u00e4ure<\/div>\n                            <div class=\"product-features__rating\">\n                                \t\t\t\t\t\t\t\t\t\t\t\t\t\t\t<span class=\"checked\"><\/span>\n\t\t\t\t\t                                \n                            \t                                \t\t\t\t\t\t\t\t\t\t\t\t\t\t\t<span class=\"checked\"><\/span>\n\t\t\t\t\t                                \n                            \t                                \t\t\t\t                                \t<span><\/span>\n                            \t                                \t\t\t\t                                \t<span><\/span>\n                            \t                                \t\t\t\t                                \t<span><\/span>\n                            \t                                                            <\/div>\n                            <div class=\"product-features__description\">2\/5<\/div>\n                        <\/div>\n                    <\/div>\n\t\t\t\t\t                    <a href=\"https:\/\/www.esssecaffe.com\/de\/linea-home\/sistema-espresso-kapseln\/\" class=\"back-button\">\n                        <svg width=\"10\" height=\"15\" viewBox=\"0 0 8 15\" fill=\"none\" xmlns=\"http:\/\/www.w3.org\/2000\/svg\">\n                            <path d=\"M7.02295 0.708984L0.495972 7.23596L7.02295 13.763\" stroke=\"white\" stroke-linecap=\"round\" stroke-linejoin=\"round\"\/>\n                        <\/svg>\t\n                        <span>Zur\u00fcck zu allen Mischungen<\/span>\n                    <\/a>\n\n\t\t\t\t\t                <\/div>\n            <\/div>\n        <\/div>\n    <\/div>\n    <style>\n        :root {\n            --product-color: #B7C165;\n        }\n            <\/style>\n<\/div>\n\n\n\n<\/div>","protected":false},"excerpt":{"rendered":"","protected":false},"author":95,"featured_media":0,"parent":6475,"menu_order":272,"comment_status":"closed","ping_status":"closed","template":"","meta":{"inline_featured_image":false,"footnotes":""},"class_list":["post-9068","page","type-page","status-publish","hentry"],"_links":{"self":[{"href":"https:\/\/www.esssecaffe.com\/de\/wp-json\/wp\/v2\/pages\/9068","targetHints":{"allow":["GET"]}}],"collection":[{"href":"https:\/\/www.esssecaffe.com\/de\/wp-json\/wp\/v2\/pages"}],"about":[{"href":"https:\/\/www.esssecaffe.com\/de\/wp-json\/wp\/v2\/types\/page"}],"author":[{"embeddable":true,"href":"https:\/\/www.esssecaffe.com\/de\/wp-json\/wp\/v2\/users\/95"}],"replies":[{"embeddable":true,"href":"https:\/\/www.esssecaffe.com\/de\/wp-json\/wp\/v2\/comments?post=9068"}],"version-history":[{"count":0,"href":"https:\/\/www.esssecaffe.com\/de\/wp-json\/wp\/v2\/pages\/9068\/revisions"}],"up":[{"embeddable":true,"href":"https:\/\/www.esssecaffe.com\/de\/wp-json\/wp\/v2\/pages\/6475"}],"wp:attachment":[{"href":"https:\/\/www.esssecaffe.com\/de\/wp-json\/wp\/v2\/media?parent=9068"}],"curies":[{"name":"wp","href":"https:\/\/api.w.org\/{rel}","templated":true}]}}