{"id":9097,"date":"2022-11-17T10:51:48","date_gmt":"2022-11-17T09:51:48","guid":{"rendered":"https:\/\/www.esssecaffe.com\/linea-home\/capsule-sistema-espresso\/ginseng\/"},"modified":"2022-11-23T10:30:30","modified_gmt":"2022-11-23T09:30:30","slug":"ginseng","status":"publish","type":"page","link":"https:\/\/www.esssecaffe.com\/de\/linea-home\/sistema-espresso-kapseln\/ginseng\/","title":{"rendered":"Ginseng"},"content":{"rendered":"<div id=\"\" class=\"product-section\">\n\n\n\n<div data-scroll-section class=\"l-container\" style=\"margin-bottom: 50px; margin-top: 30px;\"><nav class=\"woocommerce-breadcrumb rank-math-breadcrumb\"><span class=\"last\">Home<\/span><\/nav><\/div>\n\n<div data-scroll-section>\n    <div class=\"l-container\">\n        <div class=\"product-flex product-flex_product product-section-small\">\n            <div class=\"product-gallery with-coffee-bg \"> \n                <div class=\"product-gallery-image\">\n                    <img loading=\"lazy\" decoding=\"async\" width=\"355\" height=\"465\" src=\"https:\/\/www.esssecaffe.com\/wp-content\/uploads\/2022\/09\/ginseng.png\" class=\"attachment-full size-full\" alt=\"\" srcset=\"https:\/\/www.esssecaffe.com\/wp-content\/uploads\/2022\/09\/ginseng.png 355w, https:\/\/www.esssecaffe.com\/wp-content\/uploads\/2022\/09\/ginseng-229x300.png 229w, https:\/\/www.esssecaffe.com\/wp-content\/uploads\/2022\/09\/ginseng-220x288.png 220w, https:\/\/www.esssecaffe.com\/wp-content\/uploads\/2022\/09\/ginseng-230x301.png 230w\" sizes=\"auto, (max-width: 355px) 100vw, 355px\" \/>                <\/div>\n            <\/div>\n            <div class=\"product-info\">\n                <div class=\"product-info__inner\">\n                    <p class=\"h1 product-title title-decoration reveal-text \" data-scroll>Ginseng<\/p>\n                    <div class=\"product-description fade-in-bottom\" data-scroll>\n                        <p>G\u00f6nnen Sie sich mit den Kapseln f\u00fcr die Maschine S. 12 Sistema Espresso Essse Caff\u00e8 einen <b>s\u00fc\u00dfen und belebenden<\/b> <b>Ginseng<span class=\"Apple-converted-space\">\u00a0 <\/span><\/b>wann immer Sie wollen. \u00a0\u00a0<\/p>\n<p><b>Lebhaft und sanft<\/b>, unser Ginseng in Kapseln l\u00e4dt Ihre Batterien auf, wenn Sie eine <b>genussvolle und energiegeladene Pause<\/b> ben\u00f6tigen.<span class=\"Apple-converted-space\">\u00a0<\/span><\/p>\n<p><b>PRODUKTBESCHREIBUNG<\/b><\/p>\n<p>Ginseng von Essse Caff\u00e8 wei\u00df Ihre Lust nach S\u00fc\u00dfem zu befriedigen: In der Tasse<b> samtig und vollmundi<\/b>g, bereit Ihren Gaumen mit <b>Karamell- und Vanillenoten<\/b> einzuh\u00fcllen.<\/p>\n<p>Ginseng in Kapseln ist ein <b>glutenfreies<\/b> Erzeugnis, perfekt bei Unvertr\u00e4glichkeiten und f\u00fcr Gesundheitsbewu\u00dfte.<span class=\"Apple-converted-space\">\u00a0<\/span><\/p>\n<p><b>VERZEHR\u00a0<\/b><\/p>\n<p>Wenn Sie ein <b>k\u00f6stliches, erf\u00fcllendes und energetisches Getr\u00e4nk f\u00fcr den Tag<\/b> suchen ist Ginseng in Kapseln von Essse Caff\u00e8 ideal. \u00a0<\/p>\n<p>Probieren Sie ihn allein, oder kombinieren ihn mit s\u00fc\u00dfen Gew\u00fcrzen oder schmackhaften Toppings.<span class=\"Apple-converted-space\">\u00a0<\/span><\/p>\n<p>Wir verraten ein Geheimnis:<span class=\"Apple-converted-space\">\u00a0 <\/span><b>Im Sommer ist er geshakt optimal! <\/b>\u00a0<\/p>\n<p><b>W\u00e4hlen Sie Ginseng in Kapseln f\u00fcr eine Tasse kraftvoller S\u00fc\u00dfe.<\/b><\/p>\n                    <\/div>\n                <\/div>\n            <\/div>\n        <\/div>\n    <\/div>\n<\/div>\n<style>\n    :root {\n        --product-color: #FE74B0;\n    }\n    <\/style>\n\n\n\n<\/div>","protected":false},"excerpt":{"rendered":"","protected":false},"author":95,"featured_media":0,"parent":6475,"menu_order":270,"comment_status":"closed","ping_status":"closed","template":"","meta":{"inline_featured_image":false,"footnotes":""},"class_list":["post-9097","page","type-page","status-publish","hentry"],"_links":{"self":[{"href":"https:\/\/www.esssecaffe.com\/de\/wp-json\/wp\/v2\/pages\/9097","targetHints":{"allow":["GET"]}}],"collection":[{"href":"https:\/\/www.esssecaffe.com\/de\/wp-json\/wp\/v2\/pages"}],"about":[{"href":"https:\/\/www.esssecaffe.com\/de\/wp-json\/wp\/v2\/types\/page"}],"author":[{"embeddable":true,"href":"https:\/\/www.esssecaffe.com\/de\/wp-json\/wp\/v2\/users\/95"}],"replies":[{"embeddable":true,"href":"https:\/\/www.esssecaffe.com\/de\/wp-json\/wp\/v2\/comments?post=9097"}],"version-history":[{"count":0,"href":"https:\/\/www.esssecaffe.com\/de\/wp-json\/wp\/v2\/pages\/9097\/revisions"}],"up":[{"embeddable":true,"href":"https:\/\/www.esssecaffe.com\/de\/wp-json\/wp\/v2\/pages\/6475"}],"wp:attachment":[{"href":"https:\/\/www.esssecaffe.com\/de\/wp-json\/wp\/v2\/media?parent=9097"}],"curies":[{"name":"wp","href":"https:\/\/api.w.org\/{rel}","templated":true}]}}