{"id":9113,"date":"2022-11-17T10:53:51","date_gmt":"2022-11-17T09:53:51","guid":{"rendered":"https:\/\/www.esssecaffe.com\/linea-home\/capsule-sistema-espresso\/lorzo-barley-coffee\/"},"modified":"2022-11-23T10:29:59","modified_gmt":"2022-11-23T09:29:59","slug":"gerstenkaffee","status":"publish","type":"page","link":"https:\/\/www.esssecaffe.com\/de\/linea-home\/sistema-espresso-kapseln\/gerstenkaffee\/","title":{"rendered":"Gerstenkaffee"},"content":{"rendered":"<div id=\"\" class=\"product-section\">\n\n\n\n<div data-scroll-section class=\"l-container\" style=\"margin-bottom: 50px; margin-top: 30px;\"><nav class=\"woocommerce-breadcrumb rank-math-breadcrumb\"><span class=\"last\">Home<\/span><\/nav><\/div>\n\n<div data-scroll-section>\n    <div class=\"l-container\">\n        <div class=\"product-flex product-flex_product product-section-small\">\n            <div class=\"product-gallery with-coffee-bg \"> \n                <div class=\"product-gallery-image\">\n                    <img loading=\"lazy\" decoding=\"async\" width=\"355\" height=\"465\" src=\"https:\/\/www.esssecaffe.com\/wp-content\/uploads\/2022\/09\/Orzo.png\" class=\"attachment-full size-full\" alt=\"capsule orzo caff\u00e8 Essse\" srcset=\"https:\/\/www.esssecaffe.com\/wp-content\/uploads\/2022\/09\/Orzo.png 355w, https:\/\/www.esssecaffe.com\/wp-content\/uploads\/2022\/09\/Orzo-229x300.png 229w, https:\/\/www.esssecaffe.com\/wp-content\/uploads\/2022\/09\/Orzo-220x288.png 220w, https:\/\/www.esssecaffe.com\/wp-content\/uploads\/2022\/09\/Orzo-230x301.png 230w\" sizes=\"auto, (max-width: 355px) 100vw, 355px\" \/>                <\/div>\n            <\/div>\n            <div class=\"product-info\">\n                <div class=\"product-info__inner\">\n                    <p class=\"h1 product-title title-decoration reveal-text longest-title longest-title_short\" data-scroll>Gerstenkaffee<\/p>\n                    <div class=\"product-description fade-in-bottom\" data-scroll>\n                        <p>Essse Caff\u00e8 stellt Ihnen den K\u00f6nig der <b>klassischen Kaffeeersatzgetr\u00e4nke<\/b> vor: Gerste.<\/p>\n<p>Seit der Antike verwendetes Getreide, heute werden Sie von den Orzo Essse Kapseln zu einem <b>Entspannungsmoment<\/b> entf\u00fchrt.<span class=\"Apple-converted-space\">\u00a0<\/span><\/p>\n<p><b>PRODUKTBESCHREIBUNG<\/b><\/p>\n<p>Orzo von Essse Caff\u00e8 hat ein <b>intensives Aroma<\/b>, das Ihre Geschmacksnerven mit seiner <b>cremigen und zarten<\/b> Konsistenz unmittelbar zu erobern vermag.<span class=\"Apple-converted-space\">\u00a0<\/span><\/p>\n<p><b>Praktisch f\u00fcr zu Hause und im B\u00fcro, <\/b>Orzo Essse Caff\u00e8 Kapseln schenken einen Genussmoment f\u00fcr alle Sinne. \u00a0<\/p>\n<p><b>VERZEHR\u00a0<\/b><\/p>\n<p>Optimal als Magenbitter und als Kaffeeersatz, Gerste in Kapseln von Essse ist <b>immer ideal, auch zu sp\u00e4ter Stunde.<\/b><span class=\"Apple-converted-space\">\u00a0<\/span><\/p>\n<p>Genie\u00dfen Sie eine Tasse Gerstenkaffee zum Abschluss des Tages und erleben Sie die angenehme Empfindung eines hei\u00dfen Getr\u00e4nks w\u00e4hrend Sie sich entspannen.<span class=\"Apple-converted-space\">\u00a0<\/span><\/p>\n<p><b>Orzo von Essse Caff\u00e8 ist f\u00fcr Alle, die nie auf eine Pause mit intensivem und samtigem Geschmack verzichten.<span class=\"Apple-converted-space\">\u00a0<\/span><\/b><\/p>\n                    <\/div>\n                <\/div>\n            <\/div>\n        <\/div>\n    <\/div>\n<\/div>\n<style>\n    :root {\n        --product-color: #8C5524;\n    }\n    <\/style>\n\n\n\n<\/div>","protected":false},"excerpt":{"rendered":"","protected":false},"author":95,"featured_media":0,"parent":6475,"menu_order":269,"comment_status":"closed","ping_status":"closed","template":"","meta":{"inline_featured_image":false,"footnotes":""},"class_list":["post-9113","page","type-page","status-publish","hentry"],"_links":{"self":[{"href":"https:\/\/www.esssecaffe.com\/de\/wp-json\/wp\/v2\/pages\/9113","targetHints":{"allow":["GET"]}}],"collection":[{"href":"https:\/\/www.esssecaffe.com\/de\/wp-json\/wp\/v2\/pages"}],"about":[{"href":"https:\/\/www.esssecaffe.com\/de\/wp-json\/wp\/v2\/types\/page"}],"author":[{"embeddable":true,"href":"https:\/\/www.esssecaffe.com\/de\/wp-json\/wp\/v2\/users\/95"}],"replies":[{"embeddable":true,"href":"https:\/\/www.esssecaffe.com\/de\/wp-json\/wp\/v2\/comments?post=9113"}],"version-history":[{"count":0,"href":"https:\/\/www.esssecaffe.com\/de\/wp-json\/wp\/v2\/pages\/9113\/revisions"}],"up":[{"embeddable":true,"href":"https:\/\/www.esssecaffe.com\/de\/wp-json\/wp\/v2\/pages\/6475"}],"wp:attachment":[{"href":"https:\/\/www.esssecaffe.com\/de\/wp-json\/wp\/v2\/media?parent=9113"}],"curies":[{"name":"wp","href":"https:\/\/api.w.org\/{rel}","templated":true}]}}