{"id":9129,"date":"2022-11-17T10:56:15","date_gmt":"2022-11-17T09:56:15","guid":{"rendered":"https:\/\/www.esssecaffe.com\/linea-home\/capsule-sistema-espresso\/earl-grey-green-leaf-tea\/"},"modified":"2022-11-23T10:29:31","modified_gmt":"2022-11-23T09:29:31","slug":"earl-grey-gruener-tee-in-blaettern","status":"publish","type":"page","link":"https:\/\/www.esssecaffe.com\/de\/linea-home\/sistema-espresso-kapseln\/earl-grey-gruener-tee-in-blaettern\/","title":{"rendered":"Earl Grey Gr\u00fcner Tee In Bl\u00e4ttern"},"content":{"rendered":"<div id=\"\" class=\"product-section\">\n\n\n\n<div data-scroll-section class=\"l-container\" style=\"margin-bottom: 50px; margin-top: 30px;\"><nav class=\"woocommerce-breadcrumb rank-math-breadcrumb\"><span class=\"last\">Home<\/span><\/nav><\/div>\n\n<div data-scroll-section>\n    <div class=\"l-container\">\n        <div class=\"product-flex product-flex_product product-section-small\">\n            <div class=\"product-gallery with-coffee-bg \"> \n                <div class=\"product-gallery-image\">\n                    <img loading=\"lazy\" decoding=\"async\" width=\"355\" height=\"465\" src=\"https:\/\/www.esssecaffe.com\/wp-content\/uploads\/2022\/09\/Te\u0300-verde.png\" class=\"attachment-full size-full\" alt=\"\" srcset=\"https:\/\/www.esssecaffe.com\/wp-content\/uploads\/2022\/09\/Te\u0300-verde.png 355w, https:\/\/www.esssecaffe.com\/wp-content\/uploads\/2022\/09\/Te\u0300-verde-229x300.png 229w, https:\/\/www.esssecaffe.com\/wp-content\/uploads\/2022\/09\/Te\u0300-verde-220x288.png 220w, https:\/\/www.esssecaffe.com\/wp-content\/uploads\/2022\/09\/Te\u0300-verde-230x301.png 230w\" sizes=\"auto, (max-width: 355px) 100vw, 355px\" \/>                <\/div>\n            <\/div>\n            <div class=\"product-info\">\n                <div class=\"product-info__inner\">\n                    <p class=\"h1 product-title title-decoration reveal-text longest-title longest-title_short\" data-scroll>Earl Grey Gr\u00fcner Tee In Bl\u00e4ttern<\/p>\n                    <div class=\"product-description fade-in-bottom\" data-scroll>\n                        <p>Bei diesem Erzeugnis begegnet der ganze <b>Duft von Bergamotte<\/b> den unverwechselbaren <b>Noten von gr\u00fcnem Tee<\/b>.<span class=\"Apple-converted-space\">\u00a0<\/span><\/p>\n<p>Die Kapseln T\u00e8 Verde Earl Grey in Bl\u00e4ttern von Essse Caff\u00e8 erzeugen ein einmaliges Getr\u00e4nk, ansprechend und angenehm. <span class=\"Apple-converted-space\">\u00a0<\/span><\/p>\n<p>Ganz leichte Zubereitung, Sie k\u00f6nnen eine Tasse gr\u00fcnen Tee sowohl zu Hause als auch im B\u00fcro genie\u00dfen und werden jedes Mal von seinem Duft berauscht. \u00a0<\/p>\n<p><b>PRODUKTBESCHREIBUNG<\/b><\/p>\n<p>Bernsteinfarben in der Tasse und beim Probieren besticht sein <b>weiches und ausgewogenes Aroma<\/b>.<span class=\"Apple-converted-space\">\u00a0<\/span><\/p>\n<p><b>VERZEHR\u00a0<\/b><\/p>\n<p>Die Kapseln T\u00e8 Verde Earl Grey in Bl\u00e4ttern sind ideal, wenn Sie ihre Batterien wieder aufladen m\u00fcssen.<span class=\"Apple-converted-space\">\u00a0 <\/span><b>Probieren Sie ihn vormittags oder am sp\u00e4ten Nachmittag<\/b> f\u00fcr eine elegante und k\u00f6stliche Pause.<span class=\"Apple-converted-space\">\u00a0<\/span><\/p>\n<p><b>W\u00e4hlen Sie T\u00e8 verde Earl Grey um die angenehme Begegnung zwischen dem Fruchtigen der Bergamotte und der Sanftheit von gr\u00fcnem Tee zu erleben.<span class=\"Apple-converted-space\">\u00a0<\/span><\/b><\/p>\n                    <\/div>\n                <\/div>\n            <\/div>\n        <\/div>\n    <\/div>\n<\/div>\n<style>\n    :root {\n        --product-color: #58ACA8;\n    }\n    <\/style>\n\n\n\n<\/div>","protected":false},"excerpt":{"rendered":"","protected":false},"author":95,"featured_media":0,"parent":6475,"menu_order":268,"comment_status":"closed","ping_status":"closed","template":"","meta":{"inline_featured_image":false,"footnotes":""},"class_list":["post-9129","page","type-page","status-publish","hentry"],"_links":{"self":[{"href":"https:\/\/www.esssecaffe.com\/de\/wp-json\/wp\/v2\/pages\/9129","targetHints":{"allow":["GET"]}}],"collection":[{"href":"https:\/\/www.esssecaffe.com\/de\/wp-json\/wp\/v2\/pages"}],"about":[{"href":"https:\/\/www.esssecaffe.com\/de\/wp-json\/wp\/v2\/types\/page"}],"author":[{"embeddable":true,"href":"https:\/\/www.esssecaffe.com\/de\/wp-json\/wp\/v2\/users\/95"}],"replies":[{"embeddable":true,"href":"https:\/\/www.esssecaffe.com\/de\/wp-json\/wp\/v2\/comments?post=9129"}],"version-history":[{"count":0,"href":"https:\/\/www.esssecaffe.com\/de\/wp-json\/wp\/v2\/pages\/9129\/revisions"}],"up":[{"embeddable":true,"href":"https:\/\/www.esssecaffe.com\/de\/wp-json\/wp\/v2\/pages\/6475"}],"wp:attachment":[{"href":"https:\/\/www.esssecaffe.com\/de\/wp-json\/wp\/v2\/media?parent=9129"}],"curies":[{"name":"wp","href":"https:\/\/api.w.org\/{rel}","templated":true}]}}