{"id":9177,"date":"2022-11-17T11:03:22","date_gmt":"2022-11-17T10:03:22","guid":{"rendered":"https:\/\/www.esssecaffe.com\/linea-home\/capsule-sistema-espresso\/sistema-espresso-tasting-kit\/"},"modified":"2022-11-23T10:27:23","modified_gmt":"2022-11-23T09:27:23","slug":"sistema-espresso-probierset","status":"publish","type":"page","link":"https:\/\/www.esssecaffe.com\/de\/linea-home\/sistema-espresso-kapseln\/sistema-espresso-probierset\/","title":{"rendered":"Sistema Espresso Probierset"},"content":{"rendered":"<div id=\"\" class=\"product-section\">\n\n\n\n<div data-scroll-section class=\"l-container\" style=\"margin-bottom: 50px; margin-top: 30px;\"><nav class=\"woocommerce-breadcrumb rank-math-breadcrumb\"><span class=\"last\">Home<\/span><\/nav><\/div>\n\n<div data-scroll-section>\n    <div class=\"l-container\">\n        <div class=\"product-flex product-flex_product product-section-small\">\n            <div class=\"product-gallery with-coffee-bg \"> \n                <div class=\"product-gallery-image\">\n                    <img loading=\"lazy\" decoding=\"async\" width=\"355\" height=\"465\" src=\"https:\/\/www.esssecaffe.com\/wp-content\/uploads\/2022\/09\/Kit-Degustazione-e1667491380138.png\" class=\"attachment-full size-full\" alt=\"\" \/>                <\/div>\n            <\/div>\n            <div class=\"product-info\">\n                <div class=\"product-info__inner\">\n                    <p class=\"h1 product-title title-decoration reveal-text longest-title longest-title_short\" data-scroll>Sistema Espresso Probierset\u00a0<\/p>\n                    <div class=\"product-description fade-in-bottom\" data-scroll>\n                        <p>Sie wissen nicht was f\u00fcr ein Hei\u00dfgetr\u00e4nk Sie w\u00e4hlen sollen oder sind ein Freund von Kaffeemischungen und R\u00f6stungen? Wir von Essse haben die L\u00f6sung f\u00fcr Sie.<\/p>\n<p>Das Probierset f\u00fcr Sistema Espresso ist perfekt, um alle unsere besten Produkte zu probieren.<span class=\"Apple-converted-space\">\u00a0<\/span><\/p>\n<p><b>PRODUKTBESCHREIBUNG<\/b><\/p>\n<p>Unser Sistema Espresso ist eine Welt, die auch aus den unterschiedlichen Mischungen Kaffee, Aufguss, Tee und Hei\u00dfgetr\u00e4nken gemacht ist.<span class=\"Apple-converted-space\">\u00a0<\/span><\/p>\n<p>Aus diesem Grund haben wir ein Sistema Espresso Probierset entwickelt: Warum sollte man sich auf ein einziges Produkt beschr\u00e4nken, wenn man viele probieren kann?<span class=\"Apple-converted-space\">\u00a0<\/span><\/p>\n<p>Wenn Sie verschiedene Geschmackserfahrungen erleben m\u00f6chten oder nach Ihrem Lieblingsgetr\u00e4nk suchen, dann ist dieses Set f\u00fcr Sie gemacht.<span class=\"Apple-converted-space\">\u00a0<\/span><\/p>\n<p>Treten Sie sofort die Reise zu den Essse Caff\u00e8-Aromen an, indem Sie es zusammen mit der Maschine S.12 erwerben!<\/p>\n<p>Entdecken Sie 36 Kapseln, die alle mit der S. 12 Sistema Espresso probiert werden:<\/p>\n<p>Maestoso &#8211; Cremoso und Velluto<\/p>\n<p>Infinito &#8211; Intensiv und lang anhaltend<\/p>\n<p>Barocco &#8211; Stark und vollmundig<\/p>\n<p>Arabesco &#8211; 100% Arabica<span class=\"Apple-converted-space\">\u00a0<\/span><\/p>\n<p>Ideale &#8211; Voller Geschmack, halb so viel Koffein<\/p>\n<p>Koffeinfrei<span class=\"Apple-converted-space\">\u00a0<\/span><\/p>\n<p>Honduras San Andr\u00e8s<span class=\"Apple-converted-space\">\u00a0<\/span><\/p>\n<p>Gerstenkaffee<span class=\"Apple-converted-space\">\u00a0<\/span><\/p>\n<p>Ginseng<span class=\"Apple-converted-space\">\u00a0<\/span><\/p>\n<p>Zitronentee<span class=\"Apple-converted-space\">\u00a0<\/span><\/p>\n<p>Kamillentee<span class=\"Apple-converted-space\">\u00a0<\/span><\/p>\n<p>Schokolade<span class=\"Apple-converted-space\">\u00a0 \u00a0<\/span><\/p>\n                    <\/div>\n                <\/div>\n            <\/div>\n        <\/div>\n    <\/div>\n<\/div>\n<style>\n    :root {\n        --product-color: #A67D52;\n    }\n    <\/style>\n\n\n\n<\/div>","protected":false},"excerpt":{"rendered":"","protected":false},"author":95,"featured_media":0,"parent":6475,"menu_order":265,"comment_status":"closed","ping_status":"closed","template":"","meta":{"inline_featured_image":false,"footnotes":""},"class_list":["post-9177","page","type-page","status-publish","hentry"],"_links":{"self":[{"href":"https:\/\/www.esssecaffe.com\/de\/wp-json\/wp\/v2\/pages\/9177","targetHints":{"allow":["GET"]}}],"collection":[{"href":"https:\/\/www.esssecaffe.com\/de\/wp-json\/wp\/v2\/pages"}],"about":[{"href":"https:\/\/www.esssecaffe.com\/de\/wp-json\/wp\/v2\/types\/page"}],"author":[{"embeddable":true,"href":"https:\/\/www.esssecaffe.com\/de\/wp-json\/wp\/v2\/users\/95"}],"replies":[{"embeddable":true,"href":"https:\/\/www.esssecaffe.com\/de\/wp-json\/wp\/v2\/comments?post=9177"}],"version-history":[{"count":0,"href":"https:\/\/www.esssecaffe.com\/de\/wp-json\/wp\/v2\/pages\/9177\/revisions"}],"up":[{"embeddable":true,"href":"https:\/\/www.esssecaffe.com\/de\/wp-json\/wp\/v2\/pages\/6475"}],"wp:attachment":[{"href":"https:\/\/www.esssecaffe.com\/de\/wp-json\/wp\/v2\/media?parent=9177"}],"curies":[{"name":"wp","href":"https:\/\/api.w.org\/{rel}","templated":true}]}}