{"id":9201,"date":"2022-11-17T11:09:42","date_gmt":"2022-11-17T10:09:42","guid":{"rendered":"https:\/\/www.esssecaffe.com\/linea-home\/nescafe-dolce-gusto-kompatible-kapseln\/conbrio\/"},"modified":"2022-12-13T16:00:09","modified_gmt":"2022-12-13T15:00:09","slug":"conbrio","status":"publish","type":"page","link":"https:\/\/www.esssecaffe.com\/de\/linea-home\/nescafe-dolce-gusto-kompatible-kapseln\/conbrio\/","title":{"rendered":"Conbr\u00eco Nescaf\u00e8 Dolce Gusto"},"content":{"rendered":"<div id=\"\" class=\"product-section\">\n\n\n\n<div data-scroll-section class=\"l-container\" style=\"margin-bottom: 50px; margin-top: 30px;\"><nav class=\"woocommerce-breadcrumb rank-math-breadcrumb\"><span class=\"last\">Home<\/span><\/nav><\/div>\n\n<div data-scroll-section>\n    <div class=\"l-container\">\n        <div class=\"product-flex product-flex_product product-section-small\">\n            <div class=\"product-gallery with-coffee-bg \"> \n                <div class=\"product-gallery-image\">\n                    <img loading=\"lazy\" decoding=\"async\" width=\"484\" height=\"609\" src=\"https:\/\/www.esssecaffe.com\/wp-content\/uploads\/2022\/10\/singola_conbrio-2.png\" class=\"attachment-full size-full\" alt=\"\" srcset=\"https:\/\/www.esssecaffe.com\/wp-content\/uploads\/2022\/10\/singola_conbrio-2.png 484w, https:\/\/www.esssecaffe.com\/wp-content\/uploads\/2022\/10\/singola_conbrio-2-238x300.png 238w, https:\/\/www.esssecaffe.com\/wp-content\/uploads\/2022\/10\/singola_conbrio-2-230x289.png 230w, https:\/\/www.esssecaffe.com\/wp-content\/uploads\/2022\/10\/singola_conbrio-2-477x600.png 477w\" sizes=\"auto, (max-width: 484px) 100vw, 484px\" \/>                <\/div>\n            <\/div>\n            <div class=\"product-info\">\n                <div class=\"product-info__inner\">\n                    <p class=\"h1 product-title title-decoration reveal-text \" data-scroll>Conbr\u00eco<\/p>\n                    <div class=\"product-description fade-in-bottom\" data-scroll>\n                        <p>BALD IN IHREM LAND VERF\u00dcGBAR<\/p>\n<p><b>Intenso\u00a0<\/b><\/p>\n<p>Die ganze Vorz\u00fcglichkeit von Essse Caff\u00e8, auch als Format Nescaf\u00e8\u00ae Dolce Gusto\u00ae.<span class=\"Apple-converted-space\">\u00a0<\/span><\/p>\n<p>Ausgew\u00e4hlte Arabica- und Robustasorten, um alle Noten<span class=\"Apple-converted-space\">\u00a0 <\/span>dieser Mischung bestm\u00f6glich hervorzuheben, bis ins kleinste Detail untersucht, um sich diesem Zubereitungssystem am besten anzupassen.<span class=\"Apple-converted-space\">\u00a0 <\/span>Das Ergebnis ist ein vollmundiger Kaffee von ausgepr\u00e4gtem und schokoladigem Geschmack.<\/p>\n<p><b>PRODUKTBESCHREIBUNG<\/b><\/p>\n<p>F\u00fcr einen Energieschub ist Conbr\u00eco der richtige Kaffee. Die Kapseln sind praktisch und leicht zu benutzen, perfekt um bequem in Ihrer K\u00fcche zubereitet zu werden. <span class=\"Apple-converted-space\">\u00a0<\/span><\/p>\n<p><b>GESCHMACK\u00a0<\/b><\/p>\n<p>Die gehaltvolle Struktur von Intenso unterstreicht die <b>Schokoladennoten,<\/b> die mit <b>Vanille- und Gew\u00fcrz<\/b>noten verschmelzen, vollkommene <b>Ausgewogenheit zwischen S\u00fc\u00df und Bitter<\/b>.<\/p>\n<p>Der lange Nachgeschmack von Conbr\u00eco begleitet Ihren Wunsch nach einem weiteren Schluck dieses wohlriechenden und eleganten Nektars.<span class=\"Apple-converted-space\">\u00a0<\/span><\/p>\n<p><b>MISCHUNG\u00a0<\/b><\/p>\n<p>Durch die lange Erfahrung von Essse Caff\u00e8 entsteht Intenso aus einer geschickten <b>Arabica- und Robustasorten-Mischung<\/b>, die f\u00fcr ein aromatisches, cremiges und ausgewogenes Resultat in der Tasse entwickelt und ausgew\u00e4hlt wurden.\u00a0<\/p>\n<p><b>VERZEHR\u00a0<\/b><\/p>\n<p>Lassen Sie sich vom unglaublichen Geschmack von Conbr\u00eco einh\u00fcllen, <b>perfekt f\u00fcr alle Augenblicke, in denen Sie Energie ben\u00f6tigen, um den Tag zu beginnen oder um die Arbeit wieder aufzunehmen. <\/b>\u00a0<\/p>\n<p><b>W\u00e4hlen Sie Conbr\u00eco in Kapseln f\u00fcr das Nescaf\u00e8\u00ae Dolce Gusto\u00ae-System, damit Sie ihren Lieblingskaffee immer zur Hand haben.<\/b><\/p>\n                    <\/div>\n                <\/div>\n            <\/div>\n        <\/div>\n    <\/div>\n<\/div>\n<style>\n    :root {\n        --product-color: #42403F;\n    }\n    <\/style>\n\n\n\n<\/div>","protected":false},"excerpt":{"rendered":"","protected":false},"author":95,"featured_media":0,"parent":8488,"menu_order":259,"comment_status":"closed","ping_status":"closed","template":"","meta":{"inline_featured_image":false,"footnotes":""},"class_list":["post-9201","page","type-page","status-publish","hentry"],"_links":{"self":[{"href":"https:\/\/www.esssecaffe.com\/de\/wp-json\/wp\/v2\/pages\/9201","targetHints":{"allow":["GET"]}}],"collection":[{"href":"https:\/\/www.esssecaffe.com\/de\/wp-json\/wp\/v2\/pages"}],"about":[{"href":"https:\/\/www.esssecaffe.com\/de\/wp-json\/wp\/v2\/types\/page"}],"author":[{"embeddable":true,"href":"https:\/\/www.esssecaffe.com\/de\/wp-json\/wp\/v2\/users\/95"}],"replies":[{"embeddable":true,"href":"https:\/\/www.esssecaffe.com\/de\/wp-json\/wp\/v2\/comments?post=9201"}],"version-history":[{"count":0,"href":"https:\/\/www.esssecaffe.com\/de\/wp-json\/wp\/v2\/pages\/9201\/revisions"}],"up":[{"embeddable":true,"href":"https:\/\/www.esssecaffe.com\/de\/wp-json\/wp\/v2\/pages\/8488"}],"wp:attachment":[{"href":"https:\/\/www.esssecaffe.com\/de\/wp-json\/wp\/v2\/media?parent=9201"}],"curies":[{"name":"wp","href":"https:\/\/api.w.org\/{rel}","templated":true}]}}