{"id":9203,"date":"2022-11-17T11:09:43","date_gmt":"2022-11-17T10:09:43","guid":{"rendered":"https:\/\/www.esssecaffe.com\/linea-home\/capsule-compatibili-lavazza-a-modo-mio\/conbrio\/"},"modified":"2022-12-13T15:59:31","modified_gmt":"2022-12-13T14:59:31","slug":"conbrio","status":"publish","type":"page","link":"https:\/\/www.esssecaffe.com\/de\/linea-home\/kompatible-kapseln-lavazza-a-modo-mio\/conbrio\/","title":{"rendered":"Conbr\u00eco Lavazza A Modo Mio"},"content":{"rendered":"<div id=\"\" class=\"product-section\">\n\n\n\n<div data-scroll-section class=\"l-container\" style=\"margin-bottom: 50px; margin-top: 30px;\"><nav class=\"woocommerce-breadcrumb rank-math-breadcrumb\"><span class=\"last\">Home<\/span><\/nav><\/div>\n\n<div data-scroll-section>\n    <div class=\"l-container\">\n        <div class=\"product-flex product-flex_product product-section-small\">\n            <div class=\"product-gallery with-coffee-bg \"> \n                <div class=\"product-gallery-image\">\n                    <img loading=\"lazy\" decoding=\"async\" width=\"484\" height=\"609\" src=\"https:\/\/www.esssecaffe.com\/wp-content\/uploads\/2022\/10\/singola_conbrio-1.png\" class=\"attachment-full size-full\" alt=\"\" srcset=\"https:\/\/www.esssecaffe.com\/wp-content\/uploads\/2022\/10\/singola_conbrio-1.png 484w, https:\/\/www.esssecaffe.com\/wp-content\/uploads\/2022\/10\/singola_conbrio-1-238x300.png 238w, https:\/\/www.esssecaffe.com\/wp-content\/uploads\/2022\/10\/singola_conbrio-1-230x289.png 230w, https:\/\/www.esssecaffe.com\/wp-content\/uploads\/2022\/10\/singola_conbrio-1-477x600.png 477w\" sizes=\"auto, (max-width: 484px) 100vw, 484px\" \/>                <\/div>\n            <\/div>\n            <div class=\"product-info\">\n                <div class=\"product-info__inner\">\n                    <p class=\"h1 product-title title-decoration reveal-text \" data-scroll>Conbr\u00eco<\/p>\n                    <div class=\"product-description fade-in-bottom\" data-scroll>\n                        <p>BALD IN IHREM LAND VERF\u00dcGBAR<\/p>\n<p>Intenso entsteht durch die weise Auswahl von <b>Arabica- und Robustasorten<\/b>,<b> die einen reichen und komplexen Geschmack hervorbringen<\/b>.<span class=\"Apple-converted-space\">\u00a0<\/span><\/p>\n<p>Conbr\u00eco ist auch in kompatiblen Kapseln erh\u00e4ltlich, die es Ihnen erm\u00f6glichen diese Mischung mit Ihrer Lavazza A Modo Mio\u00ae-Maschine zu genie\u00dfen.<span class=\"Apple-converted-space\">\u00a0<\/span><\/p>\n<p><b>PRODUKTBESCHREIBUNG<\/b><\/p>\n<p>Der Name dieser Mischung ist der Vorgeschmack f\u00fcr die Empfindung, die der Gaumen bei der Verkostung versp\u00fcrt. <span class=\"Apple-converted-space\">\u00a0<\/span><\/p>\n<p>Conbr\u00eco ist <b>samtig und vollmundig aber immer harmonisch<\/b>, aus diesem Grund wird er sofort zu einem Vergn\u00fcgen, auf das Sie nicht mehr verzichten k\u00f6nnen.<span class=\"Apple-converted-space\">\u00a0<\/span><\/p>\n<p>Die mit Lavazza A Modo Mio\u00ae kompatiblen <b>Kapseln<\/b> wurden f\u00fcr<b> leichte Benutzung und Transport<\/b> konzipiert, damit Sie sie auch zur Arbeit oder in den Urlaub mitnehmen k\u00f6nnen.<span class=\"Apple-converted-space\">\u00a0<\/span><\/p>\n<p><b>GESCHMACK\u00a0<\/b><\/p>\n<p>Die Vielschichtigkeit von Conbr\u00eco ist die Summe von Noten nach <b>Schokolade, Vanille und Gew\u00fcrzen<\/b>. <span class=\"Apple-converted-space\">\u00a0<\/span><\/p>\n<p>Im Geschmack treten sowohl die <b>bittere als auch die s\u00fc\u00dfe Note hervor, ein perfektes Gleichgewicht,<\/b> wovon Sie nicht genug bekommen k\u00f6nnen. <span class=\"Apple-converted-space\">\u00a0<\/span><\/p>\n<p>Durch den <b>lang anhaltenden Geschmack<\/b> m\u00f6chten Sie mehr Kaffee, auch wenn die Tasse leer ist.<span class=\"Apple-converted-space\">\u00a0<\/span><\/p>\n<p><b>MISCHUNG\u00a0<\/b><\/p>\n<p>Conbr\u00eco besteht aus einer edlen Mischung aus <b>Arabica- und Robusta<\/b>s<b>orten<\/b>, von Essse Caff\u00e8-Experten ausgew\u00e4hlt, um Ihnen erf\u00fcllende, harmonische, sinnliche Momente zu schenken.<\/p>\n<p><b>VERZEHR\u00a0<\/b><\/p>\n<p>Conbr\u00eco ist der ideale Kaffee um den Tag bestm\u00f6glich zu beginnen oder um einem Genu\u00dfmoment mit einem Schuss Energie zu verbinden.<span class=\"Apple-converted-space\">\u00a0<\/span><\/p>\n<p>Stark und entschlossen, die richtige Wahl, wenn <b>etwas Elan n\u00f6tig ist<\/b> und Sie sich mit einem einh\u00fcllenden Geschmack belohnen m\u00f6chten.<span class=\"Apple-converted-space\">\u00a0<\/span><\/p>\n<p><b>W\u00e4hlen Sie mit Lavazza A Modo Mio \u00ae kompatible Kapseln und lassen Sie sich von seiner Energie erobern.<span class=\"Apple-converted-space\">\u00a0<\/span><\/b><\/p>\n                    <\/div>\n                <\/div>\n            <\/div>\n        <\/div>\n    <\/div>\n<\/div>\n<style>\n    :root {\n        --product-color: #42403F;\n    }\n    <\/style>\n\n\n\n<\/div>","protected":false},"excerpt":{"rendered":"","protected":false},"author":95,"featured_media":0,"parent":8619,"menu_order":256,"comment_status":"closed","ping_status":"closed","template":"","meta":{"inline_featured_image":false,"footnotes":""},"class_list":["post-9203","page","type-page","status-publish","hentry"],"_links":{"self":[{"href":"https:\/\/www.esssecaffe.com\/de\/wp-json\/wp\/v2\/pages\/9203","targetHints":{"allow":["GET"]}}],"collection":[{"href":"https:\/\/www.esssecaffe.com\/de\/wp-json\/wp\/v2\/pages"}],"about":[{"href":"https:\/\/www.esssecaffe.com\/de\/wp-json\/wp\/v2\/types\/page"}],"author":[{"embeddable":true,"href":"https:\/\/www.esssecaffe.com\/de\/wp-json\/wp\/v2\/users\/95"}],"replies":[{"embeddable":true,"href":"https:\/\/www.esssecaffe.com\/de\/wp-json\/wp\/v2\/comments?post=9203"}],"version-history":[{"count":0,"href":"https:\/\/www.esssecaffe.com\/de\/wp-json\/wp\/v2\/pages\/9203\/revisions"}],"up":[{"embeddable":true,"href":"https:\/\/www.esssecaffe.com\/de\/wp-json\/wp\/v2\/pages\/8619"}],"wp:attachment":[{"href":"https:\/\/www.esssecaffe.com\/de\/wp-json\/wp\/v2\/media?parent=9203"}],"curies":[{"name":"wp","href":"https:\/\/api.w.org\/{rel}","templated":true}]}}