{"id":9694,"date":"2022-11-21T11:44:50","date_gmt":"2022-11-21T10:44:50","guid":{"rendered":"https:\/\/www.esssecaffe.com\/decaffeinated-paper-pods\/"},"modified":"2022-11-23T10:24:16","modified_gmt":"2022-11-23T09:24:16","slug":"papierkapseln-koffeinfrei-kaffe","status":"publish","type":"page","link":"https:\/\/www.esssecaffe.com\/de\/linea-home\/papier-kapseln\/papierkapseln-koffeinfrei-kaffe\/","title":{"rendered":"Papierkapseln Koffeinfreier Kaffee"},"content":{"rendered":"<div id=\"\" class=\"product-section\">\n\n\n\n<div data-scroll-section class=\"l-container\" style=\"margin-bottom: 50px; margin-top: 30px;\"><nav class=\"woocommerce-breadcrumb rank-math-breadcrumb\"><span class=\"last\">Home<\/span><\/nav><\/div>\n\n<div data-scroll-section>\n    <div class=\"l-container\">\n        <div class=\"product-flex product-flex_product product-section-small\">\n            <div class=\"product-gallery with-coffee-bg \"> \n                <div class=\"product-gallery-image\">\n                    <img loading=\"lazy\" decoding=\"async\" width=\"355\" height=\"465\" src=\"https:\/\/www.esssecaffe.com\/wp-content\/uploads\/2022\/09\/Decaffeinato_solo.png\" class=\"attachment-full size-full\" alt=\"\" srcset=\"https:\/\/www.esssecaffe.com\/wp-content\/uploads\/2022\/09\/Decaffeinato_solo.png 355w, https:\/\/www.esssecaffe.com\/wp-content\/uploads\/2022\/09\/Decaffeinato_solo-229x300.png 229w, https:\/\/www.esssecaffe.com\/wp-content\/uploads\/2022\/09\/Decaffeinato_solo-220x288.png 220w, https:\/\/www.esssecaffe.com\/wp-content\/uploads\/2022\/09\/Decaffeinato_solo-230x301.png 230w\" sizes=\"auto, (max-width: 355px) 100vw, 355px\" \/>                <\/div>\n            <\/div>\n            <div class=\"product-info\">\n                <div class=\"product-info__inner\">\n                    <p class=\"h1 product-title title-decoration reveal-text longest-title longest-title_short\" data-scroll>Papierkapseln Koffeinfreier Kaffee<\/p>\n                    <div class=\"product-description fade-in-bottom\" data-scroll>\n                        <p>Koffeinfreier Kaffee in Kapseln ist das wahre Vergn\u00fcgen von koffeinfreiem Essse-Kaffee.<span class=\"Apple-converted-space\">\u00a0 <\/span>G\u00f6nnen Sie sich eine Tasse, wann immer Sie Lust auf einen guten Kaffee haben.<span class=\"Apple-converted-space\">\u00a0<\/span><\/p>\n<p>Zart und leicht, unser koffeinfreier Kaffee erobert Sie mit seinem \u00fcberraschenden Geschmack.<span class=\"Apple-converted-space\">\u00a0<\/span><\/p>\n<p>Unsere einzeln, im Aromaschutzbeutel verpackten Papierkapseln sind ganz leicht zu benutzen.<span class=\"Apple-converted-space\">\u00a0<\/span><\/p>\n<p>PRODUKTBESCHREIBUNG<\/p>\n<p>Dank des Aromaschutzbeutels und der Einzelverpackung bleiben alle organoleptischen Eigenschaften des koffeinfreien Kaffees in Papierkapseln von Essse Caff\u00e8 lange erhalten.<span class=\"Apple-converted-space\">\u00a0<\/span><\/p>\n<p>Immer, wenn Sie eine Kapsel dieser Mischung in Ihre Kaffeemaschine einlegen, wird Sie das unmittelbar wahrnehmbare &#8222;frische&#8220; und intensive Aroma erstaunen.<span class=\"Apple-converted-space\">\u00a0<\/span><\/p>\n<p>GESCHMACK<\/p>\n<p>Koffeinfreier Kaffee in Kapseln hat einen leichten Geschmack, der durch einen runden K\u00f6rper ausgeglichen wird. <span class=\"Apple-converted-space\">\u00a0<\/span><\/p>\n<p>Zeichnet sich durch elegante Noten nach trockenen Fr\u00fcchten und Kakao aus, der koffeinfreie Kaffee von Essse bezieht dank seines klassischen Kaffeearomas all Ihre Sinne ein.<span class=\"Apple-converted-space\">\u00a0<\/span><\/p>\n<p>MISCHUNG<span class=\"Apple-converted-space\">\u00a0<\/span><\/p>\n<p>Aus einer weisen Mischung von koffeinfreien und entwachsten Arabica- und Robustakaffees entstanden, handelt es sich bei koffeinfreiem Kaffee in Kapseln um eine Mischung, deren Koffeingehalt weniger als 0,10% betr\u00e4gt.<\/p>\n<p>Sie k\u00f6nnen den ganzen Kaffeegeschmack ohne die Wirkung von Koffein genie\u00dfen.<span class=\"Apple-converted-space\">\u00a0<\/span><\/p>\n<p>VERZEHR<\/p>\n<p>Koffeinfreien Kaffee in Kapseln k\u00f6nnen Sie sich zu jeder Tageszeit g\u00f6nnen, auch wenn Sie eine Tasse nach dem Abendessen genie\u00dfen m\u00f6chten. <span class=\"Apple-converted-space\">\u00a0<\/span><\/p>\n<p>Wenn Sie nicht auf echten Kaffeegeschmack verzichten wollen, ist koffeinfreier Kaffee in Kapseln Ihr &#8222;Must&#8220;.<\/p>\n                    <\/div>\n                <\/div>\n            <\/div>\n        <\/div>\n    <\/div>\n<\/div>\n<style>\n    :root {\n        --product-color: #1FB4DB;\n    }\n    <\/style>\n\n\n\n<\/div>","protected":false},"excerpt":{"rendered":"","protected":false},"author":95,"featured_media":0,"parent":10203,"menu_order":253,"comment_status":"closed","ping_status":"closed","template":"","meta":{"inline_featured_image":false,"footnotes":""},"class_list":["post-9694","page","type-page","status-publish","hentry"],"_links":{"self":[{"href":"https:\/\/www.esssecaffe.com\/de\/wp-json\/wp\/v2\/pages\/9694","targetHints":{"allow":["GET"]}}],"collection":[{"href":"https:\/\/www.esssecaffe.com\/de\/wp-json\/wp\/v2\/pages"}],"about":[{"href":"https:\/\/www.esssecaffe.com\/de\/wp-json\/wp\/v2\/types\/page"}],"author":[{"embeddable":true,"href":"https:\/\/www.esssecaffe.com\/de\/wp-json\/wp\/v2\/users\/95"}],"replies":[{"embeddable":true,"href":"https:\/\/www.esssecaffe.com\/de\/wp-json\/wp\/v2\/comments?post=9694"}],"version-history":[{"count":0,"href":"https:\/\/www.esssecaffe.com\/de\/wp-json\/wp\/v2\/pages\/9694\/revisions"}],"up":[{"embeddable":true,"href":"https:\/\/www.esssecaffe.com\/de\/wp-json\/wp\/v2\/pages\/10203"}],"wp:attachment":[{"href":"https:\/\/www.esssecaffe.com\/de\/wp-json\/wp\/v2\/media?parent=9694"}],"curies":[{"name":"wp","href":"https:\/\/api.w.org\/{rel}","templated":true}]}}