{"id":9773,"date":"2022-11-21T16:36:21","date_gmt":"2022-11-21T15:36:21","guid":{"rendered":"https:\/\/www.esssecaffe.com\/linea-home\/gemahlener-kaffee\/ground-coffee-for-american-coffee\/"},"modified":"2022-11-22T21:49:15","modified_gmt":"2022-11-22T20:49:15","slug":"gemahlener-filterkaffee","status":"publish","type":"page","link":"https:\/\/www.esssecaffe.com\/de\/linea-home\/gemahlener-kaffee\/gemahlener-filterkaffee\/","title":{"rendered":"Gemahlener Filterkaffee"},"content":{"rendered":"<div id=\"\" class=\"product-section\">\n\n\n\n<div data-scroll-section class=\"l-container\" style=\"margin-bottom: 50px; margin-top: 30px;\"><nav class=\"woocommerce-breadcrumb rank-math-breadcrumb\"><span class=\"last\">Home<\/span><\/nav><\/div>\n\n<div data-scroll-section>\n    <div class=\"l-container\">\n        <div class=\"product-flex product-flex_product product-section-small\">\n            <div class=\"product-gallery with-coffee-bg \"> \n                <div class=\"product-gallery-image\">\n                    <img loading=\"lazy\" decoding=\"async\" width=\"484\" height=\"609\" src=\"https:\/\/www.esssecaffe.com\/wp-content\/uploads\/2021\/09\/Americano.png\" class=\"attachment-full size-full\" alt=\"\" srcset=\"https:\/\/www.esssecaffe.com\/wp-content\/uploads\/2021\/09\/Americano.png 484w, https:\/\/www.esssecaffe.com\/wp-content\/uploads\/2021\/09\/Americano-238x300.png 238w, https:\/\/www.esssecaffe.com\/wp-content\/uploads\/2021\/09\/Americano-230x289.png 230w, https:\/\/www.esssecaffe.com\/wp-content\/uploads\/2021\/09\/Americano-477x600.png 477w\" sizes=\"auto, (max-width: 484px) 100vw, 484px\" \/>                <\/div>\n            <\/div>\n            <div class=\"product-info\">\n                <div class=\"product-info__inner\">\n                    <p class=\"h1 product-title title-decoration reveal-text longest-title longest-title_short\" data-scroll>Gemahlener Filterkaffee<\/p>\n                    <div class=\"product-description fade-in-bottom\" data-scroll>\n                        <p>Die gemahlene Mischung Americano Essse Caff\u00e8 ist f\u00fcr die Zubereitung von echtem Filterkaffee gedacht, leichter K\u00f6rper und zartes Aroma, der gegenw\u00e4rtig der weltweit am h\u00e4ufigsten verzehrte Kaffee ist. <span class=\"Apple-converted-space\">\u00a0<\/span><\/p>\n<p>Dieses Produkt hat eine Konstante w\u00e4hrend seines gesamten Lebensprozesses: Die Zeit.<span class=\"Apple-converted-space\">\u00a0 <\/span>Ein Erzeugnis, das f\u00fcr die Zubereitung in Haushaltsmaschinen mit Papierfilter und einer gro\u00dfen Kanne vorgesehen ist.<span class=\"Apple-converted-space\">\u00a0 <\/span>Nachdem die Maschine eingestellt ist, wird die Perkolation als &#8222;langsam&#8220; bezeichnet und ben\u00f6tigt mehrere Minuten bevor der Kaffee fertig ist. <span class=\"Apple-converted-space\">\u00a0<\/span><\/p>\n<p>Die Kannen sind normalerweise gro\u00df, weil es sich um ein Erzeugnis handelt, das in gro\u00dfen Mengen getrunken wird, in gro\u00dfen Tassen, in Bechern oder in den klassischen Kaffee-to-go Bechern mit Deckel. Es handelt sich also um ein langsam getrunkenes Produkt, das uns bei der t\u00e4glichen Routine begleitet.<span class=\"Apple-converted-space\">\u00a0 \u00a0<\/span><\/p>\n<p><b>PRODUKTBESCHREIBUNG<\/b><\/p>\n<p>Gemahlener Kaffee f\u00fcr Filterkaffee ist in einer eleganten <b>250 Gramm Metalldose<\/b> erh\u00e4ltlich, die nach der Benutzung wiederverwendbar<span class=\"Apple-converted-space\">\u00a0 <\/span>oder komplett <b>recycelbar<\/b> ist.<span class=\"Apple-converted-space\">\u00a0<\/span><\/p>\n<p>Au\u00dferdem ist die Dose schnittfest um sich w\u00e4hrend ihrer Benutzung nicht zu verletzen<span class=\"Apple-converted-space\">\u00a0 <\/span>(auch morgens, wenn man noch nicht ganz wach ist).<\/p>\n<p><b>GESCHMACK<\/b><\/p>\n<p>Der Geschmack ist der typische von \u00dcberseekaffee, ein starker Kaffee mit ausgepr\u00e4gtem Geschmack und langer R\u00f6stung.<span class=\"Apple-converted-space\">\u00a0 <\/span>Wird sorgf\u00e4ltig gemahlen um eine lang anhaltende Perkolation zu erzielen und so den klassischen Geschmack von Filterkaffee wiederherzustellen: Stark, kraftvoll und von zartem K\u00f6rper.<span class=\"Apple-converted-space\">\u00a0<\/span><\/p>\n<p><b>MISCHUNG<span class=\"Apple-converted-space\">\u00a0<\/span><\/b><\/p>\n<p>Um diese Mischung zu erzeugen haben wir sorgf\u00e4ltig die Qualit\u00e4t der edlen Arabica- und Robustamischungen ausgew\u00e4hlt und einen intensiven und unverwechselbaren Kaffee geschaffen.<span class=\"Apple-converted-space\">\u00a0<\/span><\/p>\n<p><b>VERZEHR<\/b><\/p>\n<p>Der ausgepr\u00e4gte Geschmack von gemahlenem Filterkaffee ist perfekt, um Sie den ganzen Tag lang zu begleiten: Zu Hause aber auch auf dem Weg ins B\u00fcro, im klassischen Kunstoffbecher.<span class=\"Apple-converted-space\">\u00a0 <\/span>Perfekt, um Ihnen den richtigen Energieschub f\u00fcr den Tag zu geben.<span class=\"Apple-converted-space\">\u00a0<\/span><\/p>\n<p>Ein Kaffee, der Sie mit seinem unverwechselbaren Aroma und seiner zarten Vollmundigkeit den ganzen Tag lang begleitet.<span class=\"Apple-converted-space\">\u00a0<\/span><\/p>\n<p>Probieren Sie ihn sofort!<span class=\"Apple-converted-space\">\u00a0<\/span><\/p>\n                    <\/div>\n                <\/div>\n            <\/div>\n        <\/div>\n    <\/div>\n<\/div>\n<style>\n    :root {\n        --product-color: #724937;\n    }\n    <\/style>\n\n\n\n<\/div>","protected":false},"excerpt":{"rendered":"","protected":false},"author":95,"featured_media":0,"parent":9760,"menu_order":250,"comment_status":"closed","ping_status":"closed","template":"","meta":{"inline_featured_image":false,"footnotes":""},"class_list":["post-9773","page","type-page","status-publish","hentry"],"_links":{"self":[{"href":"https:\/\/www.esssecaffe.com\/de\/wp-json\/wp\/v2\/pages\/9773","targetHints":{"allow":["GET"]}}],"collection":[{"href":"https:\/\/www.esssecaffe.com\/de\/wp-json\/wp\/v2\/pages"}],"about":[{"href":"https:\/\/www.esssecaffe.com\/de\/wp-json\/wp\/v2\/types\/page"}],"author":[{"embeddable":true,"href":"https:\/\/www.esssecaffe.com\/de\/wp-json\/wp\/v2\/users\/95"}],"replies":[{"embeddable":true,"href":"https:\/\/www.esssecaffe.com\/de\/wp-json\/wp\/v2\/comments?post=9773"}],"version-history":[{"count":0,"href":"https:\/\/www.esssecaffe.com\/de\/wp-json\/wp\/v2\/pages\/9773\/revisions"}],"up":[{"embeddable":true,"href":"https:\/\/www.esssecaffe.com\/de\/wp-json\/wp\/v2\/pages\/9760"}],"wp:attachment":[{"href":"https:\/\/www.esssecaffe.com\/de\/wp-json\/wp\/v2\/media?parent=9773"}],"curies":[{"name":"wp","href":"https:\/\/api.w.org\/{rel}","templated":true}]}}