{"id":9843,"date":"2022-11-21T16:56:03","date_gmt":"2022-11-21T15:56:03","guid":{"rendered":"https:\/\/www.esssecaffe.com\/collection-of-espresso-cups-il-gioco-dellarte-by-carlo-bonfa\/"},"modified":"2022-11-23T10:22:14","modified_gmt":"2022-11-23T09:22:14","slug":"tassen-sammlung-gioco-dell-arte-carlo-bonfa","status":"publish","type":"page","link":"https:\/\/www.esssecaffe.com\/de\/linea-home\/zubehoerset\/tassen-sammlung-gioco-dell-arte-carlo-bonfa\/","title":{"rendered":"Tassen-sammlung \u201cil Gioco Dell\u2019arte By Carlo Bonf\u00e0\u201d"},"content":{"rendered":"<div id=\"\" class=\"product-section\">\n\n\n\n<div data-scroll-section class=\"l-container\" style=\"margin-bottom: 50px; margin-top: 30px;\"><nav class=\"woocommerce-breadcrumb rank-math-breadcrumb\"><span class=\"last\">Home<\/span><\/nav><\/div>\n\n<div data-scroll-section>\n    <div class=\"l-container\">\n        <div class=\"product-flex product-flex_product product-section-small\">\n            <div class=\"product-gallery with-coffee-bg \"> \n                <div class=\"product-gallery-image\">\n                    <img loading=\"lazy\" decoding=\"async\" width=\"609\" height=\"609\" src=\"https:\/\/www.esssecaffe.com\/wp-content\/uploads\/2022\/11\/gioco_arte_bonfa-1.png\" class=\"attachment-full size-full\" alt=\"\" srcset=\"https:\/\/www.esssecaffe.com\/wp-content\/uploads\/2022\/11\/gioco_arte_bonfa-1.png 609w, https:\/\/www.esssecaffe.com\/wp-content\/uploads\/2022\/11\/gioco_arte_bonfa-1-300x300.png 300w, https:\/\/www.esssecaffe.com\/wp-content\/uploads\/2022\/11\/gioco_arte_bonfa-1-230x230.png 230w, https:\/\/www.esssecaffe.com\/wp-content\/uploads\/2022\/11\/gioco_arte_bonfa-1-477x477.png 477w, https:\/\/www.esssecaffe.com\/wp-content\/uploads\/2022\/11\/gioco_arte_bonfa-1-100x100.png 100w\" sizes=\"auto, (max-width: 609px) 100vw, 609px\" \/>                <\/div>\n            <\/div>\n            <div class=\"product-info\">\n                <div class=\"product-info__inner\">\n                    <p class=\"h1 product-title title-decoration reveal-text longest-title longest-title_short\" data-scroll>Tassen-sammlung \u201cil Gioco Dell\u2019arte By Carlo Bonf\u00e0\u201d<\/p>\n                    <div class=\"product-description fade-in-bottom\" data-scroll>\n                        <p>Durch Zusammenarbeit mit der Veronesi-Stiftung entsteht die vom mantuanischen K\u00fcnstler Carlo Bonf\u00e0 entworfene Keramiktassen-Sammlung von Essse Caff\u00e8.<span class=\"Apple-converted-space\">\u00a0 <\/span>Ein Konzentrat an italienischem Stil und Geschmack, genau wie die Marke Essse Caff\u00e8.<span class=\"Apple-converted-space\">\u00a0<\/span><\/p>\n<p><b>PRODUKTBESCHREIBUNG<\/b><\/p>\n<p>Farbenfrohe, am Design orientierte Werke mit einer Gesamtheit an Ikonen, die wie Spielzeug wirken, jedoch Strenge und ein komplexes und elegantes \u00dcberkreuzungs-Spiel offenbaren.<span class=\"Apple-converted-space\">\u00a0<\/span><\/p>\n<p>Wer sich auch dieses Jahr wieder f\u00fcr diese Tassen entscheidet, tut in Wirklichkeit viel mehr: Ein Teil des Erl\u00f6ses der Sammlung wird n\u00e4mlich an die Stiftung Umberto Veronesi gespendet, um f\u00fcr Forschungsprojekte im onkologischen, kardiologischen und neurologischen Bereich eingesetzt zu werden. <span class=\"Apple-converted-space\">\u00a0<\/span><\/p>\n<p>Die in diesen Jahren durch den Verkauf der Produkte in Zusammenarbeit mit der Veronesi Stiftung gesammelten Spenden haben verschiedene Initiativen im wissenschaftlich-medizinischen, kulturellen Bereich und im Umweltbereich unterst\u00fctzt. <span class=\"Apple-converted-space\">\u00a0<\/span><\/p>\n<p>Ein Engagement, das der t\u00e4glichen Entscheidung f\u00fcr Essse Caff\u00e8 mehr Geschmack verleiht.<span class=\"Apple-converted-space\">\u00a0<\/span><\/p>\n                    <\/div>\n                <\/div>\n            <\/div>\n        <\/div>\n    <\/div>\n<\/div>\n<style>\n    :root {\n        --product-color: #DA98AA;\n    }\n    <\/style>\n\n\n\n<\/div>","protected":false},"excerpt":{"rendered":"","protected":false},"author":95,"featured_media":0,"parent":10243,"menu_order":247,"comment_status":"closed","ping_status":"closed","template":"","meta":{"inline_featured_image":false,"footnotes":""},"class_list":["post-9843","page","type-page","status-publish","hentry"],"_links":{"self":[{"href":"https:\/\/www.esssecaffe.com\/de\/wp-json\/wp\/v2\/pages\/9843","targetHints":{"allow":["GET"]}}],"collection":[{"href":"https:\/\/www.esssecaffe.com\/de\/wp-json\/wp\/v2\/pages"}],"about":[{"href":"https:\/\/www.esssecaffe.com\/de\/wp-json\/wp\/v2\/types\/page"}],"author":[{"embeddable":true,"href":"https:\/\/www.esssecaffe.com\/de\/wp-json\/wp\/v2\/users\/95"}],"replies":[{"embeddable":true,"href":"https:\/\/www.esssecaffe.com\/de\/wp-json\/wp\/v2\/comments?post=9843"}],"version-history":[{"count":0,"href":"https:\/\/www.esssecaffe.com\/de\/wp-json\/wp\/v2\/pages\/9843\/revisions"}],"up":[{"embeddable":true,"href":"https:\/\/www.esssecaffe.com\/de\/wp-json\/wp\/v2\/pages\/10243"}],"wp:attachment":[{"href":"https:\/\/www.esssecaffe.com\/de\/wp-json\/wp\/v2\/media?parent=9843"}],"curies":[{"name":"wp","href":"https:\/\/api.w.org\/{rel}","templated":true}]}}