{"id":9860,"date":"2022-11-21T17:00:20","date_gmt":"2022-11-21T16:00:20","guid":{"rendered":"https:\/\/www.esssecaffe.com\/descaler-for-essse-caffe-s-12-machine\/"},"modified":"2022-11-23T10:21:37","modified_gmt":"2022-11-23T09:21:37","slug":"entkalker-fur-maschine-s12","status":"publish","type":"page","link":"https:\/\/www.esssecaffe.com\/de\/linea-home\/zubehoerset\/entkalker-fur-maschine-s12\/","title":{"rendered":"Entkalker F\u00fcr Maschine S.12 Essse Caff\u00e8"},"content":{"rendered":"<div id=\"\" class=\"product-section\">\n\n\n\n<div data-scroll-section class=\"l-container\" style=\"margin-bottom: 50px; margin-top: 30px;\"><nav class=\"woocommerce-breadcrumb rank-math-breadcrumb\"><span class=\"last\">Home<\/span><\/nav><\/div>\n\n<div data-scroll-section>\n    <div class=\"l-container\">\n        <div class=\"product-flex product-flex_product product-section-small\">\n            <div class=\"product-gallery with-coffee-bg \"> \n                <div class=\"product-gallery-image\">\n                    <img loading=\"lazy\" decoding=\"async\" width=\"609\" height=\"609\" src=\"https:\/\/www.esssecaffe.com\/wp-content\/uploads\/2022\/09\/descaling_3.png\" class=\"attachment-full size-full\" alt=\"\" srcset=\"https:\/\/www.esssecaffe.com\/wp-content\/uploads\/2022\/09\/descaling_3.png 609w, https:\/\/www.esssecaffe.com\/wp-content\/uploads\/2022\/09\/descaling_3-300x300.png 300w, https:\/\/www.esssecaffe.com\/wp-content\/uploads\/2022\/09\/descaling_3-230x230.png 230w, https:\/\/www.esssecaffe.com\/wp-content\/uploads\/2022\/09\/descaling_3-477x477.png 477w, https:\/\/www.esssecaffe.com\/wp-content\/uploads\/2022\/09\/descaling_3-100x100.png 100w\" sizes=\"auto, (max-width: 609px) 100vw, 609px\" \/>                <\/div>\n            <\/div>\n            <div class=\"product-info\">\n                <div class=\"product-info__inner\">\n                    <p class=\"h1 product-title title-decoration reveal-text longest-title longest-title_short\" data-scroll>Entkalker F\u00fcr Maschine S.12 Essse Caff\u00e8<\/p>\n                    <div class=\"product-description fade-in-bottom\" data-scroll>\n                        <p>M\u00f6chten Sie die Standzeit Ihrer Sistema Espresso Maschine verl\u00e4ngern?<\/p>\n<p>Pflegen Sie ihre Maschine mit dem Essse Entkalker und Sie werden sehr lange guten Kaffee genie\u00dfen k\u00f6nnen.<span class=\"Apple-converted-space\">\u00a0<\/span><\/p>\n<p>Wenn Sie ihre Maschine sauber und kalkfrei halten, erlangen Sie andauernde Resultate und haben stets ein optimales Produkt in der Tasse.<span class=\"Apple-converted-space\">\u00a0<\/span><\/p>\n<p><strong>PRODUKTBESCHREIBUNG<\/strong><\/p>\n<p>Der wirkliche Verb\u00fcndete Ihrer Sistema Espresso Maschine ist der Entkalker von Essse Caff\u00e8.<\/p>\n<p>Besteht aus einer speziell entwickelten Formel, um Sistema Espresso Maschinen sauber und kalkfrei zu halten, geruchlos und sicher, aus Rohstoffen nat\u00fcrlichen Ursprungs.<span class=\"Apple-converted-space\">\u00a0<\/span><\/p>\n<p>Au\u00dfer einer schnellen Gebrauchsanweisung finden Sie in der Verpackung zwei 100 ml Flakons (reicht f\u00fcr die Ausf\u00fchrung von zwei Reinigungszylen). <span class=\"Apple-converted-space\">\u00a0<\/span><\/p>\n<p>Erlangen Sie lange Zeit optimalen Kaffee mit Ihrer Sistema Espresso Maschine: W\u00e4hlen Sie Entkalker von Essse Caff\u00e8.<\/p>\n                    <\/div>\n                <\/div>\n            <\/div>\n        <\/div>\n    <\/div>\n<\/div>\n<style>\n    :root {\n        --product-color: #192231;\n    }\n    <\/style>\n\n\n\n<\/div>","protected":false},"excerpt":{"rendered":"","protected":false},"author":95,"featured_media":0,"parent":10243,"menu_order":246,"comment_status":"closed","ping_status":"closed","template":"","meta":{"inline_featured_image":false,"footnotes":""},"class_list":["post-9860","page","type-page","status-publish","hentry"],"_links":{"self":[{"href":"https:\/\/www.esssecaffe.com\/de\/wp-json\/wp\/v2\/pages\/9860","targetHints":{"allow":["GET"]}}],"collection":[{"href":"https:\/\/www.esssecaffe.com\/de\/wp-json\/wp\/v2\/pages"}],"about":[{"href":"https:\/\/www.esssecaffe.com\/de\/wp-json\/wp\/v2\/types\/page"}],"author":[{"embeddable":true,"href":"https:\/\/www.esssecaffe.com\/de\/wp-json\/wp\/v2\/users\/95"}],"replies":[{"embeddable":true,"href":"https:\/\/www.esssecaffe.com\/de\/wp-json\/wp\/v2\/comments?post=9860"}],"version-history":[{"count":0,"href":"https:\/\/www.esssecaffe.com\/de\/wp-json\/wp\/v2\/pages\/9860\/revisions"}],"up":[{"embeddable":true,"href":"https:\/\/www.esssecaffe.com\/de\/wp-json\/wp\/v2\/pages\/10243"}],"wp:attachment":[{"href":"https:\/\/www.esssecaffe.com\/de\/wp-json\/wp\/v2\/media?parent=9860"}],"curies":[{"name":"wp","href":"https:\/\/api.w.org\/{rel}","templated":true}]}}