{"id":9870,"date":"2022-11-21T17:02:38","date_gmt":"2022-11-21T16:02:38","guid":{"rendered":"https:\/\/www.esssecaffe.com\/essse-caffe-milk-frother\/"},"modified":"2022-11-23T10:21:07","modified_gmt":"2022-11-23T09:21:07","slug":"milchaufschaumer-von-essse-caffe","status":"publish","type":"page","link":"https:\/\/www.esssecaffe.com\/de\/linea-home\/zubehoerset\/milchaufschaumer-von-essse-caffe\/","title":{"rendered":"Milchaufsch\u00e4umer von Essse Caff\u00e8"},"content":{"rendered":"<div id=\"\" class=\"product-section\">\n\n\n\n<div data-scroll-section class=\"l-container\" style=\"margin-bottom: 50px; margin-top: 30px;\"><nav class=\"woocommerce-breadcrumb rank-math-breadcrumb\"><span class=\"last\">Home<\/span><\/nav><\/div>\n\n<div data-scroll-section>\n    <div class=\"l-container\">\n        <div class=\"product-flex product-flex_product product-section-small\">\n            <div class=\"product-gallery with-coffee-bg \"> \n                <div class=\"product-gallery-image\">\n                    <img loading=\"lazy\" decoding=\"async\" width=\"678\" height=\"968\" src=\"https:\/\/www.esssecaffe.com\/wp-content\/uploads\/2022\/11\/Montalatte_categoria-1.png\" class=\"attachment-full size-full\" alt=\"\" srcset=\"https:\/\/www.esssecaffe.com\/wp-content\/uploads\/2022\/11\/Montalatte_categoria-1.png 678w, https:\/\/www.esssecaffe.com\/wp-content\/uploads\/2022\/11\/Montalatte_categoria-1-210x300.png 210w, https:\/\/www.esssecaffe.com\/wp-content\/uploads\/2022\/11\/Montalatte_categoria-1-202x288.png 202w, https:\/\/www.esssecaffe.com\/wp-content\/uploads\/2022\/11\/Montalatte_categoria-1-230x328.png 230w, https:\/\/www.esssecaffe.com\/wp-content\/uploads\/2022\/11\/Montalatte_categoria-1-477x681.png 477w\" sizes=\"auto, (max-width: 678px) 100vw, 678px\" \/>                <\/div>\n            <\/div>\n            <div class=\"product-info\">\n                <div class=\"product-info__inner\">\n                    <p class=\"h1 product-title title-decoration reveal-text longest-title longest-title_short\" data-scroll>Milchaufsch\u00e4umer von Essse Caff\u00e8<\/p>\n                    <div class=\"product-description fade-in-bottom\" data-scroll>\n                        <p>Der neue Milchaufsch\u00e4umer von Essse Caff\u00e8 ist perfekt um Ihren Zubereitungen eine <b>zarte Milchnote<\/b> hinzuzuf\u00fcgen.<span class=\"Apple-converted-space\">\u00a0<\/span><\/p>\n<p>Nicht nur ein Ger\u00e4t, das den Gaumen erfreut sondern auch ein <b>Designobjekt<\/b> das Sie in ihrer K\u00fcche ausstellen k\u00f6nnen.<\/p>\n<p><b>PRODUKTBESCHREIBUNG<\/b><\/p>\n<p>Der Milchaufsch\u00e4umer von <b>Essse Caff\u00e8 ist ganz leicht zu benutzen, um immer neue Getr\u00e4nke zu probieren und zu geniessen, und auch nach der Benutzung \u00e4u\u00dferst praktisch, die Basis und die Kanne sind abnehmbar und k\u00f6nnen dank der Ausf\u00fchrung aus professionellem Edelstahl in der Sp\u00fclmaschine gereingt werden.<span class=\"Apple-converted-space\">\u00a0<\/span><\/b><\/p>\n<p>Sein gepflegtes Design f\u00fcr einen <b>kompakten und eleganten Aspekt<\/b>passt sich jeder K\u00fcche perfekt an.<span class=\"Apple-converted-space\">\u00a0<\/span><\/p>\n<p>Der Milchaufsch\u00e4umer von Essse Caff\u00e8 ist mit <b>vier zu entdeckenden automatischen Funktionen<\/b> ausger\u00fcstet:<span class=\"Apple-converted-space\">\u00a0<\/span><\/p>\n<ul>\n<li><b>Erzeugt weiche Wolken<\/b><\/li>\n<\/ul>\n<p>Wenn Sie Kaffee macchiato oder zarten Cappuccino wie im Caf\u00e9 m\u00f6gen wird Sie diese Funktion verbl\u00fcffen.<span class=\"Apple-converted-space\">\u00a0 <\/span>Sie k\u00f6nnen weiche und dichte Wolken aufgesch\u00e4umter warmer Milch erzeugen und das schaumige Vergn\u00fcgen auf den Lippen genie\u00dfen.<span class=\"Apple-converted-space\">\u00a0<\/span><\/p>\n<ul>\n<li><b>Erw\u00e4rmt Milch<\/b><\/li>\n<\/ul>\n<p>Mit dieser zweiten Funktion k\u00f6nnen Sie Ihre Milch erw\u00e4rmen, um sie pur zu genie\u00dfen, aber auch um eine perfekte Latte macchiato zuzubereiten. \u00a0<\/p>\n<ul>\n<li><b>Genie\u00dfen Sie eine Schokolade in der Tasse<\/b><\/li>\n<\/ul>\n<p>Wenn Sie in den kalten Monaten Lust auf eine Tasse Schokolade haben, ist der Milchaufsch\u00e4umer von Essse Caff\u00e8 die richtige L\u00f6sung.<span class=\"Apple-converted-space\">\u00a0 <\/span>Geben Sie Kakaopulver in die Milch und entspannen Sie sich, den Rest erledigt die Maschine.<span class=\"Apple-converted-space\">\u00a0 <\/span>In wenigen Sekunden k\u00f6nnen Sie sich mit Ihrem Lieblingsgetr\u00e4nk aufw\u00e4rmen. \u00a0<\/p>\n<ul>\n<li><b>Experimentieren Sie mit Milchshakes<\/b><\/li>\n<\/ul>\n<p>Sie suchen nach einer frischen und schmackhaften L\u00f6sung im Sommer um die Hitze einzud\u00e4mmen?<span class=\"Apple-converted-space\">\u00a0 <\/span>Der Milchaufsch\u00e4umer von Essse Caff\u00e8 hat eine Funktion f\u00fcr Sie: Durch Aufsch\u00e4umen der Milch k\u00f6nnen Sie cremige und leichte Getr\u00e4nke zubereiten und unterschiedliche Milchshakes ausprobieren.<span class=\"Apple-converted-space\">\u00a0<\/span><\/p>\n<p>Der neue Milchaufsch\u00e4umer von Essse Caff\u00e8 denkt an Alles. Nach jeder Zubereitung wird vom Ger\u00e4t ein akustisches Signal abgegeben, um Sie darauf hinzuweisen, au\u00dferdem ist es sowohl bei Erreichen der Temperatur als auch nach Ende der Zubereitung auf <b>automatische Abschaltung<\/b> programmiert.<span class=\"Apple-converted-space\">\u00a0<\/span><\/p>\n<p><b>Entdecken Sie alle Konsistenzen von Milch: Richten Sie ihre K\u00fcche mit dem Milchaufsch\u00e4umer von Essse Caff\u00e8 ein.<\/b><\/p>\n                    <\/div>\n                <\/div>\n            <\/div>\n        <\/div>\n    <\/div>\n<\/div>\n<style>\n    :root {\n        --product-color: #000000;\n    }\n    <\/style>\n\n\n\n<\/div>","protected":false},"excerpt":{"rendered":"","protected":false},"author":95,"featured_media":0,"parent":10243,"menu_order":245,"comment_status":"closed","ping_status":"closed","template":"","meta":{"inline_featured_image":false,"footnotes":""},"class_list":["post-9870","page","type-page","status-publish","hentry"],"_links":{"self":[{"href":"https:\/\/www.esssecaffe.com\/de\/wp-json\/wp\/v2\/pages\/9870","targetHints":{"allow":["GET"]}}],"collection":[{"href":"https:\/\/www.esssecaffe.com\/de\/wp-json\/wp\/v2\/pages"}],"about":[{"href":"https:\/\/www.esssecaffe.com\/de\/wp-json\/wp\/v2\/types\/page"}],"author":[{"embeddable":true,"href":"https:\/\/www.esssecaffe.com\/de\/wp-json\/wp\/v2\/users\/95"}],"replies":[{"embeddable":true,"href":"https:\/\/www.esssecaffe.com\/de\/wp-json\/wp\/v2\/comments?post=9870"}],"version-history":[{"count":0,"href":"https:\/\/www.esssecaffe.com\/de\/wp-json\/wp\/v2\/pages\/9870\/revisions"}],"up":[{"embeddable":true,"href":"https:\/\/www.esssecaffe.com\/de\/wp-json\/wp\/v2\/pages\/10243"}],"wp:attachment":[{"href":"https:\/\/www.esssecaffe.com\/de\/wp-json\/wp\/v2\/media?parent=9870"}],"curies":[{"name":"wp","href":"https:\/\/api.w.org\/{rel}","templated":true}]}}