{"id":9889,"date":"2022-11-21T17:14:00","date_gmt":"2022-11-21T16:14:00","guid":{"rendered":"https:\/\/www.esssecaffe.com\/linea-home\/maschine-s-12-espresso-system\/s-12-sistema-espresso-machine\/"},"modified":"2022-11-22T21:39:38","modified_gmt":"2022-11-22T20:39:38","slug":"s-12-sistema-espresso-machine","status":"publish","type":"page","link":"https:\/\/www.esssecaffe.com\/de\/linea-home\/s-12-sistema-espresso-machine\/","title":{"rendered":"Maschine S.12 Sistema Espresso"},"content":{"rendered":"<div id=\"\" class=\"product-section\">\n\n\n\n<div data-scroll-section class=\"l-container\" style=\"margin-bottom: 50px; margin-top: 30px;\"><nav class=\"woocommerce-breadcrumb rank-math-breadcrumb\"><span class=\"last\">Home<\/span><\/nav><\/div>\n\n<div data-scroll-section>\n    <div class=\"l-container\">\n        <div class=\"product-flex product-flex_product product-section-small\">\n            <div class=\"product-gallery with-coffee-bg \"> \n                <div class=\"product-gallery-image\">\n                    <img loading=\"lazy\" decoding=\"async\" width=\"372\" height=\"714\" src=\"https:\/\/www.esssecaffe.com\/wp-content\/uploads\/2021\/10\/Fronte_2.png\" class=\"attachment-full size-full\" alt=\"Fronte_2\" srcset=\"https:\/\/www.esssecaffe.com\/wp-content\/uploads\/2021\/10\/Fronte_2.png 372w, https:\/\/www.esssecaffe.com\/wp-content\/uploads\/2021\/10\/Fronte_2-156x300.png 156w, https:\/\/www.esssecaffe.com\/wp-content\/uploads\/2021\/10\/Fronte_2-150x288.png 150w, https:\/\/www.esssecaffe.com\/wp-content\/uploads\/2021\/10\/Fronte_2-230x441.png 230w\" sizes=\"auto, (max-width: 372px) 100vw, 372px\" \/>                <\/div>\n            <\/div>\n            <div class=\"product-info\">\n                <div class=\"product-info__inner\">\n                    <p class=\"h1 product-title title-decoration reveal-text longest-title longest-title_short\" data-scroll>Maschine S.12 Sistema Espresso<\/p>\n                    <div class=\"product-description fade-in-bottom\" data-scroll>\n                        <p>Aus der Begegnung zwischen <b>Essse Caff\u00e8 und Giugiaro Design<\/b> entsteht unsere Maschine S. 12 Sistema Espresso f\u00fcr Kaffee in Kapseln. <span class=\"Apple-converted-space\">\u00a0<\/span><\/p>\n<p><b>Elegant und modern<\/b>, wurde sie entwickelt, um Ihnen stets vorz\u00fcglichen, <b>dicken und cremigen Kaffee zu Hause und im B\u00fcro<\/b> zu bieten.<span class=\"Apple-converted-space\">\u00a0<\/span><\/p>\n<p><b>PRODUKTBESCHREIBUNG\u00a0<\/b><\/p>\n<p>Die Verbindung aus Technologie, Geschack und Design brachte die Maschine S. 12 Sistema Espresso mit einzigartigen Eigenschaften hervor, auf die Sie nicht mehr verzichten k\u00f6nnen.<span class=\"Apple-converted-space\">\u00a0<\/span><\/p>\n<ul>\n<li><b>Sofort einsatzbereit<\/b><\/li>\n<\/ul>\n<p>Ganz leicht zu benutzen, mit S. 12 k\u00f6nnen in nur 40 Sekunden optimale Getr\u00e4nke und Kaffee fachgerecht zubereitet werden.<span class=\"Apple-converted-space\">\u00a0<\/span><\/p>\n<ul>\n<li><b>Exklusive Technologie<\/b><\/li>\n<\/ul>\n<p>Die Auslaufd\u00fcse der S.12 ist ein Patent von Essse Caff\u00e8, entwickelt um die Cremigkeit und geschmackliche Ausgewogenheit Ihres Kaffees hervorzuheben.<span class=\"Apple-converted-space\">\u00a0<\/span><\/p>\n<ul>\n<li><b>Personalisieren Sie Ihr Getr\u00e4nk<\/b><\/li>\n<\/ul>\n<p>Durch einfache Bet\u00e4tigung der Tasten &#8222;starker Kaffee&#8220; und &#8222;langer Kaffee&#8220; k\u00f6nnen Sie die von Ihnen gew\u00fcnschte Menge bestimmen.<\/p>\n<ul>\n<li><b>Intelligentes System<\/b><\/li>\n<\/ul>\n<p>S.12 ist in der Lage<span class=\"Apple-converted-space\">\u00a0 <\/span>den ersten Kaffee des Tages zu erkennen, indem sie die Einstellung von Temperatur und Zubereitung anpasst.<span class=\"Apple-converted-space\">\u00a0 <\/span>Das Temperaturkontrollsystem garantiert Ihnen stets Getr\u00e4nke mit der richtigen Temperatur.<span class=\"Apple-converted-space\">\u00a0<\/span><\/p>\n<p>Au\u00dferdem wird durch automatische Energieersparnis bei 10 Minuten Nichtbenutzung eine \u00dcberhitzung verhindert.<span class=\"Apple-converted-space\">\u00a0<\/span><\/p>\n<ul>\n<li><b>Unverzichtbare Eleganz<\/b><\/li>\n<\/ul>\n<p>Der Stil von S.12 Sistema Espresso ist elegant und edel, ihre leichte und kompakte Form, Ergebnis der unverwechselbaren Hand von IDG Giugiaro Design.\u00a0<\/p>\n<p>Durch die gro\u00dfe Farbauswahl eignet<span class=\"Apple-converted-space\">\u00a0 <\/span>sie sich f\u00fcr jedes Ambiente perfekt.<span class=\"Apple-converted-space\">\u00a0<\/span><\/p>\n<ul>\n<li><b>Programmierte Entkalkung<\/b><\/li>\n<\/ul>\n<p>S.12 zeigt an, wenn nach 600 Zubereitungen eine Entkalkung notwendig ist und kann Sie beim Reinigungsprozess leiten.<span class=\"Apple-converted-space\">\u00a0<\/span><\/p>\n<p><b>W\u00e4hlen Sie die Maschine S.12 Sistema Espresso um Ihr kostbares Kaffeeritual zelebrieren.<span class=\"Apple-converted-space\">\u00a0<\/span><\/b><\/p>\n                    <\/div>\n                <\/div>\n            <\/div>\n        <\/div>\n    <\/div>\n<\/div>\n<style>\n    :root {\n        --product-color: #000000;\n    }\n    <\/style>\n\n\n\n<\/div>","protected":false},"excerpt":{"rendered":"","protected":false},"author":95,"featured_media":0,"parent":5408,"menu_order":105,"comment_status":"closed","ping_status":"closed","template":"","meta":{"inline_featured_image":false,"footnotes":""},"class_list":["post-9889","page","type-page","status-publish","hentry"],"_links":{"self":[{"href":"https:\/\/www.esssecaffe.com\/de\/wp-json\/wp\/v2\/pages\/9889","targetHints":{"allow":["GET"]}}],"collection":[{"href":"https:\/\/www.esssecaffe.com\/de\/wp-json\/wp\/v2\/pages"}],"about":[{"href":"https:\/\/www.esssecaffe.com\/de\/wp-json\/wp\/v2\/types\/page"}],"author":[{"embeddable":true,"href":"https:\/\/www.esssecaffe.com\/de\/wp-json\/wp\/v2\/users\/95"}],"replies":[{"embeddable":true,"href":"https:\/\/www.esssecaffe.com\/de\/wp-json\/wp\/v2\/comments?post=9889"}],"version-history":[{"count":0,"href":"https:\/\/www.esssecaffe.com\/de\/wp-json\/wp\/v2\/pages\/9889\/revisions"}],"up":[{"embeddable":true,"href":"https:\/\/www.esssecaffe.com\/de\/wp-json\/wp\/v2\/pages\/5408"}],"wp:attachment":[{"href":"https:\/\/www.esssecaffe.com\/de\/wp-json\/wp\/v2\/media?parent=9889"}],"curies":[{"name":"wp","href":"https:\/\/api.w.org\/{rel}","templated":true}]}}