{"id":20529,"date":"2021-10-05T12:21:41","date_gmt":"2021-10-05T10:21:41","guid":{"rendered":"https:\/\/www.esssecaffe.com\/ocs-world-and-vending\/sistema-espresso\/manutenzione\/"},"modified":"2026-03-31T10:01:47","modified_gmt":"2026-03-31T08:01:47","slug":"manutenzione","status":"publish","type":"page","link":"https:\/\/www.esssecaffe.com\/el\/ocs-world-and-vending\/sistema-espresso\/manutenzione\/","title":{"rendered":"Manutenzione"},"content":{"rendered":"<div class=\"top-section full-screen-section\" data-scroll-section>\n\n    <div class=\"top-section__bg\">\n    <div class=\"top-section__bg-img\" style=\"background-image: url()\" data-scroll><\/div>\n\n    <\/div>\n    <div class=\"l-container\">rddd\n        <div class=\"top-section__inner\">\n            <div class=\"top-section__info\" data-scroll>\n                <div class=\"top-section__info-inner\">\n                    <h1 class=\"main-title text-center reveal-text\" data-scroll>Manutenzione e assistenza tecnica S.12<\/h1>\n                    <p class=\"main-description text-center fade-in-bottom\" data-scroll>La macchina a capsule S.12 Sistema Espresso \u00e8 un vero e proprio gioiello di design e tecnologia. Sappiamo bene che il caff\u00e8 si beve dapprima con gli occhi, e l\u2019estetica \u00e8 fondamentale anche negli strumenti. Per questo abbiamo deciso, nel 2013, di far curare l\u2019immagine di questa macchina a Giugiaro Design, una garanzia di eleganza e distintivit\u00e0. Il nostro obiettivo primario era quello di offrire anche per la casa e per il vending un caff\u00e8 di ottima qualit\u00e0, all\u2019altezza degli standard Essse Caff\u00e8. Lo speciale beccuccio della macchina S.12, oggi brevettato, \u00e8 il segreto della qualit\u00e0 del caff\u00e8 ottenuto con Sistema Espresso: mescolando caff\u00e8 e aria durante l\u2019erogazione, ci regala una tazza cremosa, corposa e persistente. <\/p>\n                <\/div>\n            <\/div>\n        <\/div>\n    <\/div>\n    <\/div>\n\n<div id=\"\" class=\"info  reverse \" data-scroll-section>\n    <div class=\"l-container\">\n        <div class=\"info__row\">\n            <div class=\"info__col info__col_left\">\n                                    <div class=\"info__title\">\n                        <h2 class=\"main-title title-decoration reveal-text\" data-scroll>MANUTENZIONE E ASSISTENZA<\/h2>\n                    <\/div>\n                                <div class=\"info__text\">\n                   <div class=\"fade-in-bottom\" data-scroll>\n                       <p>Avere una Macchina S.12 significa avere a disposizione un\u2019ampia scelta di miscele, un caff\u00e8 cremoso, la massima resa possibile delle capsule Essse e uno strumento intelligente, in grado di adattarsi in base ai momenti di utilizzo, cos\u00ec da rendere al massimo dal primo all\u2019ultimo caff\u00e8 della giornata. Ma non \u00e8 tutto.<\/p>\n<p>Essse Caff\u00e8 si conferma un partner affidabile anche nel settore monoporzionato: offre infatti puntualit\u00e0 nelle consegne, ricambistica adeguata e una macchina progettata per durare a lungo nel tempo.<\/p>\n<p>La S.12 \u00e8 ricca di programmi di manutenzione ordinaria e straordinaria. Una serie di piccoli dettagli che fanno di questa macchina uno strumento affidabile che si pu\u00f2 adeguare anche ai differenti utilizzi.<\/p>\n                   <\/div>\n\t\t\t\t\t                            \t\t\t\t\t\t\t<a href=\"https:\/\/www.esssecaffe.com\/home\/\" class=\"main-link\">\n    \t\t\t\t\t\t\t\t<div class=\"main-link__flex fade-in-bottom\" data-scroll>\n    \t\t\t\t\t\t\t\t\t<svg width=\"30\" height=\"29\" viewBox=\"0 0 30 29\" fill=\"none\"\n    \t\t\t\t\t\t\t\t\t\t xmlns=\"http:\/\/www.w3.org\/2000\/svg\">\n    \t\t\t\t\t\t\t\t\t\t<path d=\"M7.45662 1.00302C7.33562 0.996017 27.7096 1.02603 27.7096 1.02603L20.3366 24.48C19.6186 26.257 18.0306 27.242 15.6996 27.438C14.1883 27.5313 12.6773 27.2514 11.2996 26.623C3.35963 23.19 -0.678357 14.558 1.65864 5.22802C2.01725 3.9787 2.78243 2.88474 3.83302 2.11944C4.88361 1.35414 6.15952 0.961249 7.45863 1.00302\"\n    \t\t\t\t\t\t\t\t\t\t\t  stroke=\"#BF0020\" fill=\"transparent\" stroke-width=\"2\"\/>\n    \t\t\t\t\t\t\t\t\t<\/svg>\n    \t\t\t\t\t\t\t\t\t<span>Scopri il punto assistenza pi\u00f9 vicino a te<\/span>\n    \t\t\t\t\t\t\t\t<\/div>\n    \t\t\t\t\t\t\t<\/a>\n    \t\t\t\t\t  \t\t\t\t\t                   \n                <\/div>\n\t\t\t\t                    \t\t\t\t            <\/div>\n            <div class=\"info__col info__col_right\">\n\n                                \n                    <div class=\"image-container\">\n                                                    <div class=\"image-parallax-wrapper\">\n                                <div class=\"image-parallax black-overlay\"\n                                     style=\"background-image: url(https:\/\/www.esssecaffe.com\/wp-content\/uploads\/2021\/11\/img-33.png)\" data-scroll\n                                     data-scroll-speed=\"-3.5\"><\/div>\n                            <\/div>\n                                            <\/div>\n                \n                \n            <\/div>\n        <\/div>\n    <\/div>\n<\/div>","protected":false},"excerpt":{"rendered":"","protected":false},"author":95,"featured_media":0,"parent":20671,"menu_order":597,"comment_status":"closed","ping_status":"closed","template":"","meta":{"inline_featured_image":false,"footnotes":""},"class_list":["post-20529","page","type-page","status-publish","hentry"],"_links":{"self":[{"href":"https:\/\/www.esssecaffe.com\/el\/wp-json\/wp\/v2\/pages\/20529","targetHints":{"allow":["GET"]}}],"collection":[{"href":"https:\/\/www.esssecaffe.com\/el\/wp-json\/wp\/v2\/pages"}],"about":[{"href":"https:\/\/www.esssecaffe.com\/el\/wp-json\/wp\/v2\/types\/page"}],"author":[{"embeddable":true,"href":"https:\/\/www.esssecaffe.com\/el\/wp-json\/wp\/v2\/users\/95"}],"replies":[{"embeddable":true,"href":"https:\/\/www.esssecaffe.com\/el\/wp-json\/wp\/v2\/comments?post=20529"}],"version-history":[{"count":0,"href":"https:\/\/www.esssecaffe.com\/el\/wp-json\/wp\/v2\/pages\/20529\/revisions"}],"up":[{"embeddable":true,"href":"https:\/\/www.esssecaffe.com\/el\/wp-json\/wp\/v2\/pages\/20671"}],"wp:attachment":[{"href":"https:\/\/www.esssecaffe.com\/el\/wp-json\/wp\/v2\/media?parent=20529"}],"curies":[{"name":"wp","href":"https:\/\/api.w.org\/{rel}","templated":true}]}}