{"id":3450,"date":"2022-09-29T16:05:07","date_gmt":"2022-09-29T14:05:07","guid":{"rendered":"https:\/\/www.esssecaffe.com\/?page_id=3450"},"modified":"2023-02-01T14:38:02","modified_gmt":"2023-02-01T13:38:02","slug":"esse-caffe-montalatte-milk-frother","status":"publish","type":"page","link":"https:\/\/www.esssecaffe.com\/en\/esse-caffe-montalatte-milk-frother\/","title":{"rendered":"Esse Caff\u00e8 Montalatte (Milk frother)"},"content":{"rendered":"<div class=\"top-section full-screen-section\" data-scroll-section>\n\n    <div class=\"top-section__bg\">\n    <div class=\"top-section__bg-img\" style=\"background-image: url(https:\/\/www.esssecaffe.com\/wp-content\/uploads\/2022\/09\/Big-u\u0300Hero-Montalatte.jpg)\" data-scroll><\/div>\n\n    <\/div>\n    <div class=\"l-container\">rddd\n        <div class=\"top-section__inner\">\n            <div class=\"top-section__info\" data-scroll>\n                <div class=\"top-section__info-inner\">\n                    <h1 class=\"main-title text-center reveal-text\" data-scroll>MONTALATTE ESSSE CAFF\u00e8<\/h1>\n                    <p class=\"main-description text-center fade-in-bottom\" data-scroll>Il nuovo montalatte Essse Caff\u00e8 \u00e8 perfetto per creare una morbida nota di latte da aggiungere alle tue preparazioni.\nOltre ad essere uno strumento che regala piacere al palato \u00e8 anche un oggetto di design che puoi mettere in bella vista nella tua cucina.\n\n<\/p>\n                <\/div>\n            <\/div>\n        <\/div>\n    <\/div>\n    <\/div>\n\n<div id=\"\" class=\"specific-page-content\">\n\n\n\n<div data-scroll-section class=\"l-container\" style=\"margin-bottom: 50px; margin-top: 30px;\"><nav class=\"woocommerce-breadcrumb rank-math-breadcrumb\"><span class=\"last\">Home<\/span><\/nav><\/div>\n\n<div id=\"\" class=\"info   \" data-scroll-section>\n    <div class=\"l-container\">\n        <div class=\"info__row\">\n            <div class=\"info__col info__col_left\">\n                                    <div class=\"info__title\">\n                        <h2 class=\"main-title title-decoration reveal-text\" data-scroll>TUTTE LE BEVANDE CALDE CHE VUOI, CON UN SOLO TOCCO<\/h2>\n                    <\/div>\n                                <div class=\"info__text\">\n                   <div class=\"fade-in-bottom\" data-scroll>\n                       <p><strong>Il montalatte Essse Caff\u00e8 \u00e8 semplicissimo<\/strong> da utilizzare per sperimentare e gustare bevande sempre nuove ed \u00e8 estremamente pratico anche dopo l\u2019uso, infatti la base e il bricco sono smontabili e <strong>lavabili in lavastoviglie<\/strong> grazie alla realizzazione in acciaio inox professionale.<\/p>\n<p>Il suo design curato, pensato per dar vita a un aspetto <strong>compatto ed elegante<\/strong>, si abbina perfettamente ad ogni tipo di cucina.<\/p>\n                   <\/div>\n\t\t\t\t\t                         \t\t\t\t\t                   \n                <\/div>\n\t\t\t\t                        \t\t\t\t\t<a href=\"https:\/\/www.esssecaffe.com\/shop\/\" class=\"main-link\">\n                            <div class=\"main-link__flex fade-in-bottom\" data-scroll>\n                                <svg width=\"30\" height=\"29\" viewBox=\"0 0 30 29\" fill=\"none\"\n                                     xmlns=\"http:\/\/www.w3.org\/2000\/svg\">\n                                    <path d=\"M7.45662 1.00302C7.33562 0.996017 27.7096 1.02603 27.7096 1.02603L20.3366 24.48C19.6186 26.257 18.0306 27.242 15.6996 27.438C14.1883 27.5313 12.6773 27.2514 11.2996 26.623C3.35963 23.19 -0.678357 14.558 1.65864 5.22802C2.01725 3.9787 2.78243 2.88474 3.83302 2.11944C4.88361 1.35414 6.15952 0.961249 7.45863 1.00302\"\n                                          stroke=\"#BF0020\" fill=\"transparent\" stroke-width=\"2\"\/>\n                                <\/svg>\n                                <span>Acquistalo sul nostro shop<\/span>\n                            <\/div>\n                        <\/a>\n                    \t\t\t\t            <\/div>\n            <div class=\"info__col info__col_right\">\n\n                                \n                    <div class=\"image-container\">\n                                                    <div class=\"image-parallax-wrapper\">\n                                <div class=\"image-parallax black-overlay\"\n                                     style=\"background-image: url(https:\/\/www.esssecaffe.com\/wp-content\/uploads\/2022\/09\/Montalatte_2.jpg)\" data-scroll\n                                     data-scroll-speed=\"-3.5\"><\/div>\n                            <\/div>\n                                            <\/div>\n                \n                \n            <\/div>\n        <\/div>\n    <\/div>\n<\/div>\n\n<div id=\"\" class=\"info  reverse \" data-scroll-section>\n    <div class=\"l-container\">\n        <div class=\"info__row\">\n            <div class=\"info__col info__col_left\">\n                                    <div class=\"info__title\">\n                        <h2 class=\"main-title title-decoration reveal-text\" data-scroll>DESIGN E TECNOLOGIA AL SERVIZIO DELLA TUA PAUSA<\/h2>\n                    <\/div>\n                                <div class=\"info__text\">\n                   <div class=\"fade-in-bottom\" data-scroll>\n                       <p>Il montalatte Essse Caff\u00e8 \u00e8 dotato di <strong>quattro funzioni automatiche tutte da scoprire<\/strong>:<\/p>\n<ul>\n<li><strong>\u00a0<\/strong><strong>Crea morbide nuvole: <\/strong>Se ami il caff\u00e8 macchiato o il cappuccino morbido come al bar, questa funzione ti stupir\u00e0. Puoi creare soffici e dense nuvole di latte montato caldo e assaporare tutto il piacere della schiuma sulle labbra.<\/li>\n<li><strong>Scalda il latte: <\/strong>Questa seconda funzione ti permette di scaldare il tuo latte per poterlo gustare in purezza, ma anche di creare un perfetto latte macchiato.\n<\/li>\n<li><strong>Goditi una cioccolata in tazza: <\/strong>Quando nei mesi pi\u00f9 freddi hai voglia di una cioccolata in tazza, il montalatte Essse Caff\u00e8 \u00e8 la soluzione ideale. Unisci il cacao in polvere al latte, rilassati e lascia fare il resto alla macchina. In pochi secondi potrai scaldarti gustando la tua coccola preferita.\n<\/li>\n<li><strong>Sperimenta con i milkshake: <\/strong>In estate cerchi una soluzione fresca e gustosa per sollevarti dalla calura? Il montalatte Essse Caff\u00e8 ha la funzione che fa per te: montando il latte freddo potrai creare bevande cremose e leggere e sperimentare diversi tipi di milkshake.<\/li>\n<\/ul>\n<p>Il nuovo montalatte Essse Caff\u00e8 pensa a tutto. Al termine di ogni preparazione l\u2019apparecchio emetter\u00e0 un segnale acustico per avvisarti ed \u00e8 inoltre programmato per l\u2019<strong>auto-spegnimento <\/strong>sia al raggiungimento della temperatura che a fine lavorazione.<\/p>\n<p><strong>Scopri tutte le consistenze del latte: porta nella tua cucina il montalatte Essse Caff\u00e8.<\/strong><\/p>\n                   <\/div>\n\t\t\t\t\t                         \t\t\t\t\t                   \n                <\/div>\n\t\t\t\t                    \t\t\t\t            <\/div>\n            <div class=\"info__col info__col_right\">\n\n                                \n                    <div class=\"image-container\">\n                                                    <div class=\"image-parallax-wrapper\">\n                                <div class=\"image-parallax black-overlay\"\n                                     style=\"background-image: url(https:\/\/www.esssecaffe.com\/wp-content\/uploads\/2022\/09\/Montalatte_3.jpg)\" data-scroll\n                                     data-scroll-speed=\"-3.5\"><\/div>\n                            <\/div>\n                                            <\/div>\n                \n                \n            <\/div>\n        <\/div>\n    <\/div>\n<\/div>\n\n<\/div>","protected":false},"excerpt":{"rendered":"","protected":false},"author":95,"featured_media":0,"parent":0,"menu_order":553,"comment_status":"closed","ping_status":"closed","template":"","meta":{"inline_featured_image":false,"footnotes":""},"class_list":["post-3450","page","type-page","status-publish","hentry"],"_links":{"self":[{"href":"https:\/\/www.esssecaffe.com\/en\/wp-json\/wp\/v2\/pages\/3450","targetHints":{"allow":["GET"]}}],"collection":[{"href":"https:\/\/www.esssecaffe.com\/en\/wp-json\/wp\/v2\/pages"}],"about":[{"href":"https:\/\/www.esssecaffe.com\/en\/wp-json\/wp\/v2\/types\/page"}],"author":[{"embeddable":true,"href":"https:\/\/www.esssecaffe.com\/en\/wp-json\/wp\/v2\/users\/95"}],"replies":[{"embeddable":true,"href":"https:\/\/www.esssecaffe.com\/en\/wp-json\/wp\/v2\/comments?post=3450"}],"version-history":[{"count":0,"href":"https:\/\/www.esssecaffe.com\/en\/wp-json\/wp\/v2\/pages\/3450\/revisions"}],"wp:attachment":[{"href":"https:\/\/www.esssecaffe.com\/en\/wp-json\/wp\/v2\/media?parent=3450"}],"curies":[{"name":"wp","href":"https:\/\/api.w.org\/{rel}","templated":true}]}}