{"id":13177,"date":"1970-01-01T00:00:00","date_gmt":"1969-12-31T23:00:00","guid":{"rendered":"https:\/\/www.esssecaffe.com\/?page_id=13177"},"modified":"2023-03-20T19:04:47","modified_gmt":"2023-03-20T18:04:47","slug":"maquina-s-20-latte-sistema-espresso","status":"publish","type":"page","link":"https:\/\/www.esssecaffe.com\/es\/linea-home\/maquina-s-12-sistema-espresso\/maquina-s-20-latte-sistema-espresso\/","title":{"rendered":"Maquina S.20 Latte Sistema Espresso"},"content":{"rendered":"<div id=\"\" class=\"product-section\">\n\n\n\n<div data-scroll-section class=\"l-container\" style=\"margin-bottom: 50px; margin-top: 30px;\"><nav class=\"woocommerce-breadcrumb rank-math-breadcrumb\"><span class=\"last\">Home<\/span><\/nav><\/div>\n\n<div data-scroll-section>\n    <div class=\"l-container\">\n        <div class=\"product-flex product-flex_product product-section-small\">\n            <div class=\"product-gallery with-coffee-bg \"> \n                <div class=\"product-gallery-image\">\n                    <img loading=\"lazy\" decoding=\"async\" width=\"531\" height=\"714\" src=\"https:\/\/www.esssecaffe.com\/wp-content\/uploads\/2023\/03\/MILK-S.20-ROSSA-FRONTE.png\" class=\"attachment-full size-full\" alt=\"\" srcset=\"https:\/\/www.esssecaffe.com\/wp-content\/uploads\/2023\/03\/MILK-S.20-ROSSA-FRONTE.png 531w, https:\/\/www.esssecaffe.com\/wp-content\/uploads\/2023\/03\/MILK-S.20-ROSSA-FRONTE-223x300.png 223w, https:\/\/www.esssecaffe.com\/wp-content\/uploads\/2023\/03\/MILK-S.20-ROSSA-FRONTE-214x288.png 214w, https:\/\/www.esssecaffe.com\/wp-content\/uploads\/2023\/03\/MILK-S.20-ROSSA-FRONTE-230x309.png 230w, https:\/\/www.esssecaffe.com\/wp-content\/uploads\/2023\/03\/MILK-S.20-ROSSA-FRONTE-477x641.png 477w\" sizes=\"auto, (max-width: 531px) 100vw, 531px\" \/>                <\/div>\n            <\/div>\n            <div class=\"product-info\">\n                <div class=\"product-info__inner\">\n                    <p class=\"h1 product-title title-decoration reveal-text longest-title longest-title_short\" data-scroll>S.20 Latte Sistema Espresso Machine<\/p>\n                    <div class=\"product-description fade-in-bottom\" data-scroll>\n                        <p>Con un <strong>dise\u00f1o realizado por Italdesign Giugiaro y una tecnolog\u00eda avanzada<\/strong>, la nueva S.20 es la m\u00e1quina ideal para el hogar, la oficina o su negocio.<\/p>\n<p>\u00a0<\/p>\n<p>Esta m\u00e1quina profesional de uso dom\u00e9stico tiene <strong>funciones avanzadas<\/strong> que garantizan una experiencia de uso simple y eficaz, lo que le permite tener siempre <strong>caf\u00e9 y bebidas de excelente calidad<\/strong>.<\/p>\n<p><strong>\u00a0<\/strong><\/p>\n<p><u>DESCRIPCI\u00d3N DEL PRODUCTO<\/u><\/p>\n<p><strong>\u00a0<\/strong><\/p>\n<p>La S.20 Latte es la m\u00e1quina m\u00e1s avanzada del Sistema Espresso de Essse Caff\u00e8, tiene caracter\u00edsticas y tecnolog\u00edas \u00fanicas que la convierten en una de las l\u00edderes del sector.<\/p>\n<p>\u00a0<\/p>\n<ul>\n<li><strong>Pantalla gr\u00e1fica de 2,8\u2019\u2019 con pantalla t\u00e1ctil capacitiva<\/strong><\/li>\n<\/ul>\n<p>Permite gestionar el men\u00fa de navegaci\u00f3n en estilo smartphone, personalizable seg\u00fan sus preferencias.<\/p>\n<p>\u00a0<\/p>\n<ul>\n<li><strong>Boquilla dispensadora patentada de Essse Caff\u00e8<\/strong><\/li>\n<\/ul>\n<p>Dise\u00f1ado para mejorar la cremosidad y la armon\u00eda arom\u00e1tica del caf\u00e9 y de todas las bebidas de la gama Sistema Espresso.<\/p>\n<p><strong>\u00a0<\/strong><\/p>\n<ul>\n<li><strong>Sistema de dispensaci\u00f3n volum\u00e9trico<\/strong><\/li>\n<\/ul>\n<p>S.20 Latte dosifica seg\u00fan el volumen, permitiendo as\u00ed la preparaci\u00f3n de un expreso excelente, respecto a la tradicional y poco precisa dispensaci\u00f3n por duraci\u00f3n.<\/p>\n<p>\u00a0<\/p>\n<ul>\n<li><strong>Hot pipe<\/strong><\/li>\n<\/ul>\n<p>S20 Latte permite preparar no solo bebidas a base de caf\u00e9, sino tambi\u00e9n infusiones, t\u00e9s y otras bebidas calientes.<\/p>\n<p>\u00a0<\/p>\n<ul>\n<li><strong>Apertura de palanca de alta resistencia<\/strong><\/li>\n<\/ul>\n<p>Dise\u00f1ado y realizado con materiales de alta calidad para una mayor resistencia y fiabilidad.<\/p>\n<p>\u00a0<\/p>\n<ul>\n<li><strong>Apoyatazas regulable<\/strong><\/li>\n<\/ul>\n<p>Para cada tipo de necesidad en t\u00e9rminos de vol\u00famenes de producto.<\/p>\n<p>\u00a0<\/p>\n<ul>\n<li><strong>Funci\u00f3n de contador<\/strong><\/li>\n<\/ul>\n<p>Memorizaci\u00f3n de todos los productos suministrados para controlar su consumo.<\/p>\n<p>\u00a0<\/p>\n<ul>\n<li><strong>Secci\u00f3n de pruebas y diagn\u00f3stico<\/strong><\/li>\n<\/ul>\n<p>Para tener siempre bajo control el perfecto funcionamiento de su m\u00e1quina S.20<\/p>\n<p>\u00a0<\/p>\n<ul>\n<li><strong>Sistema de descalcificaci\u00f3n automatizado y guiado<\/strong><\/li>\n<\/ul>\n<p>S.20 gu\u00eda al usuario en los sencillos pasos del proceso de descalcificaci\u00f3n, programado e indicado por una alerta espec\u00edfica.<\/p>\n<p>\u00a0<\/p>\n<ul>\n<li><strong>Dep\u00f3sito de leche de 0,5\u00a0l <\/strong><\/li>\n<\/ul>\n<p>Desmontable y f\u00e1cil de limpiar.<\/p>\n<p><strong>\u00a0<\/strong><\/p>\n<ul>\n<li><strong>8 diferentes tipos de bebidas personalizables. <\/strong><\/li>\n<\/ul>\n<p>\u00a0<\/p>\n<ul>\n<li><strong>Ajuste del tipo de espuma de leche. <\/strong><\/li>\n<\/ul>\n<p>\u00a0<\/p>\n<ul>\n<li><strong>Amplio dep\u00f3sito de agua de 1,4\u00a0l.<\/strong><\/li>\n<\/ul>\n                    <\/div>\n                <\/div>\n            <\/div>\n        <\/div>\n    <\/div>\n<\/div>\n<style>\n    :root {\n        --product-color: #000000;\n    }\n    <\/style>\n\n\n\n<\/div>","protected":false},"excerpt":{"rendered":"","protected":false},"author":95,"featured_media":0,"parent":6329,"menu_order":0,"comment_status":"closed","ping_status":"closed","template":"","meta":{"inline_featured_image":false,"footnotes":""},"class_list":["post-13177","page","type-page","status-publish","hentry"],"_links":{"self":[{"href":"https:\/\/www.esssecaffe.com\/es\/wp-json\/wp\/v2\/pages\/13177","targetHints":{"allow":["GET"]}}],"collection":[{"href":"https:\/\/www.esssecaffe.com\/es\/wp-json\/wp\/v2\/pages"}],"about":[{"href":"https:\/\/www.esssecaffe.com\/es\/wp-json\/wp\/v2\/types\/page"}],"author":[{"embeddable":true,"href":"https:\/\/www.esssecaffe.com\/es\/wp-json\/wp\/v2\/users\/95"}],"replies":[{"embeddable":true,"href":"https:\/\/www.esssecaffe.com\/es\/wp-json\/wp\/v2\/comments?post=13177"}],"version-history":[{"count":0,"href":"https:\/\/www.esssecaffe.com\/es\/wp-json\/wp\/v2\/pages\/13177\/revisions"}],"up":[{"embeddable":true,"href":"https:\/\/www.esssecaffe.com\/es\/wp-json\/wp\/v2\/pages\/6329"}],"wp:attachment":[{"href":"https:\/\/www.esssecaffe.com\/es\/wp-json\/wp\/v2\/media?parent=13177"}],"curies":[{"name":"wp","href":"https:\/\/api.w.org\/{rel}","templated":true}]}}