{"id":13368,"date":"2023-03-19T00:37:56","date_gmt":"2023-03-18T23:37:56","guid":{"rendered":"https:\/\/www.esssecaffe.com\/?page_id=13368"},"modified":"2023-03-20T19:05:05","modified_gmt":"2023-03-20T18:05:05","slug":"maquine-s-20-sistema-espresso","status":"publish","type":"page","link":"https:\/\/www.esssecaffe.com\/es\/maquine-s-20-sistema-espresso\/","title":{"rendered":"Maquine S.20 Sistema Espresso"},"content":{"rendered":"<div id=\"\" class=\"product-section\">\n\n\n\n<div data-scroll-section class=\"l-container\" style=\"margin-bottom: 50px; margin-top: 30px;\"><nav class=\"woocommerce-breadcrumb rank-math-breadcrumb\"><span class=\"last\">Home<\/span><\/nav><\/div>\n\n<div data-scroll-section>\n    <div class=\"l-container\">\n        <div class=\"product-flex product-flex_product product-section-small\">\n            <div class=\"product-gallery with-coffee-bg \"> \n                <div class=\"product-gallery-image\">\n                    <img loading=\"lazy\" decoding=\"async\" width=\"531\" height=\"714\" src=\"https:\/\/www.esssecaffe.com\/wp-content\/uploads\/2023\/03\/S.20-ROSSA-FRONTE.png\" class=\"attachment-full size-full\" alt=\"\" srcset=\"https:\/\/www.esssecaffe.com\/wp-content\/uploads\/2023\/03\/S.20-ROSSA-FRONTE.png 531w, https:\/\/www.esssecaffe.com\/wp-content\/uploads\/2023\/03\/S.20-ROSSA-FRONTE-223x300.png 223w, https:\/\/www.esssecaffe.com\/wp-content\/uploads\/2023\/03\/S.20-ROSSA-FRONTE-214x288.png 214w, https:\/\/www.esssecaffe.com\/wp-content\/uploads\/2023\/03\/S.20-ROSSA-FRONTE-230x309.png 230w, https:\/\/www.esssecaffe.com\/wp-content\/uploads\/2023\/03\/S.20-ROSSA-FRONTE-477x641.png 477w\" sizes=\"auto, (max-width: 531px) 100vw, 531px\" \/>                <\/div>\n            <\/div>\n            <div class=\"product-info\">\n                <div class=\"product-info__inner\">\n                    <p class=\"h1 product-title title-decoration reveal-text longest-title longest-title_short\" data-scroll>S.20 Sistema Espresso Machine<\/p>\n                    <div class=\"product-description fade-in-bottom\" data-scroll>\n                        <p>S.20 combina en s\u00ed la <strong>tecnolog\u00eda avanzada<\/strong> de Essse Caff\u00e8, y el <strong>dise\u00f1o m\u00e1s refinado, realizado por Italdesign Giugiaro<\/strong>, una combinaci\u00f3n que garantiza alto rendimiento y aspecto elegante.<\/p>\n<p>Esta m\u00e1quina ha sido realizada para ofrecer en casa, en la oficina o en su negocio un <strong>excelente y cremoso expreso<\/strong>, gracias a la perfecta extracci\u00f3n del caf\u00e9.<\/p>\n<p><strong>\u00a0<\/strong><\/p>\n<p><u>DESCRIPCI\u00d3N DEL PRODUCTO<\/u><\/p>\n<p><strong>\u00a0<\/strong><\/p>\n<p>La S.20 est\u00e1 equipado con funciones y dispositivos dise\u00f1ados para que sea eficiente pero f\u00e1cil de usar y para garantizar siempre el suministro de caf\u00e9 y bebidas calientes de excelente calidad.<\/p>\n<p><strong>\u00a0<\/strong><\/p>\n<ul>\n<li><strong>Boquilla dispensadora patentada de Essse Caff\u00e8<\/strong><br \/>Dise\u00f1ado para mejorar la cremosidad y la armon\u00eda arom\u00e1tica del caf\u00e9.<\/li>\n<\/ul>\n<ul>\n<li><strong>Ahorro de energ\u00eda<\/strong><\/li>\n<\/ul>\n<p>Modo stand-by autom\u00e1tico despu\u00e9s de 10 minutos de inactividad.<\/p>\n<p><strong>\u00a0<\/strong><\/p>\n<ul>\n<li><strong>Teclado suave al tacto<\/strong><br \/>Para una agradable sensaci\u00f3n al tacto, c\u00e1lido y envolvente como nuestros caf\u00e9s.<\/li>\n<\/ul>\n<ul>\n<li><strong>Reconocimiento del primer caf\u00e9 del d\u00eda<\/strong><br \/>La m\u00e1quina reconoce el primer caf\u00e9 y adapta los ajustes de temperatura y dispensaci\u00f3n en consecuencia.<\/li>\n<\/ul>\n<ul>\n<li><strong>Volumen de dispensaci\u00f3n<\/strong><\/li>\n<\/ul>\n<p>Tambi\u00e9n se puede variar el volumen de la bebida durante la dispensaci\u00f3n con un simple toque en las teclas de caf\u00e9 corto o caf\u00e9 largo.<\/p>\n<ul>\n<li><strong>Alerta de descalcificaci\u00f3n<\/strong><br \/>Despu\u00e9s de 600 dispensaciones, la m\u00e1quina avisa autom\u00e1ticamente al usuario mediante se\u00f1alizaci\u00f3n luminosa.<\/li>\n<\/ul>\n<ul>\n<li><strong>Descalcificaci\u00f3n guiada<\/strong><br \/>Gu\u00eda al usuario en los sencillos pasos del proceso de descalcificaci\u00f3n programado.<\/li>\n<\/ul>\n                    <\/div>\n                <\/div>\n            <\/div>\n        <\/div>\n    <\/div>\n<\/div>\n<style>\n    :root {\n        --product-color: #000000;\n    }\n    <\/style>\n\n\n\n<\/div>","protected":false},"excerpt":{"rendered":"","protected":false},"author":95,"featured_media":0,"parent":0,"menu_order":0,"comment_status":"closed","ping_status":"closed","template":"","meta":{"inline_featured_image":false,"footnotes":""},"class_list":["post-13368","page","type-page","status-publish","hentry"],"_links":{"self":[{"href":"https:\/\/www.esssecaffe.com\/es\/wp-json\/wp\/v2\/pages\/13368","targetHints":{"allow":["GET"]}}],"collection":[{"href":"https:\/\/www.esssecaffe.com\/es\/wp-json\/wp\/v2\/pages"}],"about":[{"href":"https:\/\/www.esssecaffe.com\/es\/wp-json\/wp\/v2\/types\/page"}],"author":[{"embeddable":true,"href":"https:\/\/www.esssecaffe.com\/es\/wp-json\/wp\/v2\/users\/95"}],"replies":[{"embeddable":true,"href":"https:\/\/www.esssecaffe.com\/es\/wp-json\/wp\/v2\/comments?post=13368"}],"version-history":[{"count":0,"href":"https:\/\/www.esssecaffe.com\/es\/wp-json\/wp\/v2\/pages\/13368\/revisions"}],"wp:attachment":[{"href":"https:\/\/www.esssecaffe.com\/es\/wp-json\/wp\/v2\/media?parent=13368"}],"curies":[{"name":"wp","href":"https:\/\/api.w.org\/{rel}","templated":true}]}}