{"id":6165,"date":"2022-09-30T12:44:50","date_gmt":"2022-09-30T10:44:50","guid":{"rendered":"https:\/\/www.esssecaffe.com\/home\/"},"modified":"2023-05-02T12:21:24","modified_gmt":"2023-05-02T10:21:24","slug":"home","status":"publish","type":"page","link":"https:\/\/www.esssecaffe.com\/es\/","title":{"rendered":"Home"},"content":{"rendered":"<div class=\"top-section full-screen-section\" data-scroll-section>\n    <div class=\"top-section__bg\">\n        <div class=\"top-section__bg-img\" style=\"background-image: url(https:\/\/www.esssecaffe.com\/wp-content\/uploads\/2022\/11\/Proposta-Home_ok_2.jpg)\" data-scroll\n             data-scroll-speed=\"-3.5\"><\/div>\n    <\/div>\n    <div class=\"l-container\">\n        <div class=\"top-section__inner\">\n            <div class=\"top-section__info\" data-scroll>\n                <h1 class=\"main-title text-center reveal-text\" data-scroll> DESDE HACE MAS DE 40 A\u00d1OS PRODUCIMOS MEZCLAS DE CAF\u00c9 REFINADAS CON LA F\u00d3RMULA DE LAS 3S<\/h1>\n                <div class=\"top-section__logo\" data-scroll>\n                                    <\/div>\n                <p style=\"text-align: center;\">Desde 1979 nos dedicamos a la elaboraci\u00f3n del caf\u00e9 para ofrecerles el placer del mejor <strong>\u00abespresso\u00bb italiano, elegante, intenso, arm\u00f3nico.<\/strong><\/p>\n<p style=\"text-align: center;\">Essse Caff\u00e8 es la armon\u00eda entre innovaci\u00f3n, cultura, experiencia y tecnolog\u00eda: <strong>la excelencia en 3 S.<\/strong><\/p>\n            <\/div>\n        <\/div>\n    <\/div>\n    <a href=\"#info-professional\" class=\"scroll-down bounce\" data-scroll-to data-scroll\n       data-scroll-speed=\"-0.3\" data-scroll-position=\"top\" data-scroll-delay=\"0.05\">\n        <svg width=\"101\" height=\"53\" viewBox=\"0 0 101 53\" fill=\"none\" xmlns=\"http:\/\/www.w3.org\/2000\/svg\">\n            <path d=\"M2.12207 2.125L50.793 50.796L99.4641 2.125\" stroke=\"white\" stroke-width=\"3\"\n                  stroke-linecap=\"round\" stroke-linejoin=\"round\"\/>\n        <\/svg>\n    <\/a>\n<\/div>\n\n<div class=\"accordion-slider-section\" data-scroll-section>\n    <div class=\"l-container\">\n                    <h2 class=\"section-title title-decoration text-center reveal-text\" data-scroll>Nuestra f\u00f3rmula de las 3 S<\/h2>\n                <div class=\"accordion-slider\" data-scroll data-scroll-offset=\"50%\">\n                        <div class=\"accordion-slider__item active\">\n                                    <div class=\"accordion-slider__letter accordion-slider__letter_bg\">S<\/div>\n                                <div class=\"accordion-slider__bg\" style=\"background-image: url(https:\/\/www.esssecaffe.com\/wp-content\/uploads\/2022\/10\/Scienza.jpg)\"><\/div>\n                <div class=\"accordion-slider__info\">\n                    <div class=\"accordion-slider__info-inner\">\n                        <div class=\"accordion-slider__content\">\n                            <div class=\"accordion-slider__letter\">S<\/div>\n                            <div class=\"accordion-slider__title\">CIENCIA<\/div>\n                            <div class=\"accordion-slider__description\">La constante colaboraci\u00f3n con la Facultad de Agricultura de las Universidades de Bolonia, Cesena y Foggia ha aportado los mejores conocimientos cient\u00edficos al proceso de producci\u00f3n de nuestro caf\u00e9, garantizando la mejor calidad organol\u00e9ptica en la taza.<\/div>\n\t\t\t\t\t\t\t\t\t\t\t\t\t\t\t<div class=\"centered-content\">\n\t\t\t\t\t\t\t\t\t<a href=\"https:\/\/www.esssecaffe.com\/es\/el-mundo-de-essse\/\" class=\"main-link\">\n\t\t\t\t\t\t\t\t\t\t<div class=\"main-link__flex\">\n\t\t\t\t\t\t\t\t\t\t\t<svg width=\"30\" height=\"29\" viewBox=\"0 0 30 29\" fill=\"none\"\n\t\t\t\t\t\t\t\t\t\t\t\t xmlns=\"http:\/\/www.w3.org\/2000\/svg\">\n\t\t\t\t\t\t\t\t\t\t\t\t<path d=\"M7.45662 1.00302C7.33562 0.996017 27.7096 1.02603 27.7096 1.02603L20.3366 24.48C19.6186 26.257 18.0306 27.242 15.6996 27.438C14.1883 27.5313 12.6773 27.2514 11.2996 26.623C3.35963 23.19 -0.678357 14.558 1.65864 5.22802C2.01725 3.9787 2.78243 2.88474 3.83302 2.11944C4.88361 1.35414 6.15952 0.961249 7.45863 1.00302\"\n\t\t\t\t\t\t\t\t\t\t\t\t\t  stroke=\"#BF0020\" fill=\"transparent\" stroke-width=\"2\"\/>\n\t\t\t\t\t\t\t\t\t\t\t<\/svg>\n\t\t\t\t\t\t\t\t\t\t\t<span>Descubre el mundo de ESSSE<\/span>\n\t\t\t\t\t\t\t\t\t\t<\/div>\n\t\t\t\t\t\t\t\t\t<\/a>\n\t\t\t\t\t\t\t\t<\/div>\n\t\t\t\t\t\t\t                        <\/div>\n                    <\/div>\n                <\/div>\n            <\/div>\n                        <div class=\"accordion-slider__item\">\n                                    <div class=\"accordion-slider__letter accordion-slider__letter_bg\">S<\/div>\n                                <div class=\"accordion-slider__bg\" style=\"background-image: url(https:\/\/www.esssecaffe.com\/wp-content\/uploads\/2022\/10\/Sapienza.jpg)\"><\/div>\n                <div class=\"accordion-slider__info\">\n                    <div class=\"accordion-slider__info-inner\">\n                        <div class=\"accordion-slider__content\">\n                            <div class=\"accordion-slider__letter\">S<\/div>\n                            <div class=\"accordion-slider__title\">SABIDUR\u00cdA<\/div>\n                            <div class=\"accordion-slider__description\">Gracias a la sabidur\u00eda de los grandes profesionales expertos del sector que nos acompa\u00f1an en este viaje desde hace m\u00e1s de cuarenta a\u00f1os, con conocimientos exhaustivos, compromiso, constancia, dedicaci\u00f3n y profesionalidad, somos los especialistas del \u00abespresso\u00bb italiano.<\/div>\n\t\t\t\t\t\t\t\t\t\t\t\t\t\t\t<div class=\"centered-content\">\n\t\t\t\t\t\t\t\t\t<a href=\"https:\/\/www.esssecaffe.com\/es\/el-mundo-de-essse\/\" class=\"main-link\">\n\t\t\t\t\t\t\t\t\t\t<div class=\"main-link__flex\">\n\t\t\t\t\t\t\t\t\t\t\t<svg width=\"30\" height=\"29\" viewBox=\"0 0 30 29\" fill=\"none\"\n\t\t\t\t\t\t\t\t\t\t\t\t xmlns=\"http:\/\/www.w3.org\/2000\/svg\">\n\t\t\t\t\t\t\t\t\t\t\t\t<path d=\"M7.45662 1.00302C7.33562 0.996017 27.7096 1.02603 27.7096 1.02603L20.3366 24.48C19.6186 26.257 18.0306 27.242 15.6996 27.438C14.1883 27.5313 12.6773 27.2514 11.2996 26.623C3.35963 23.19 -0.678357 14.558 1.65864 5.22802C2.01725 3.9787 2.78243 2.88474 3.83302 2.11944C4.88361 1.35414 6.15952 0.961249 7.45863 1.00302\"\n\t\t\t\t\t\t\t\t\t\t\t\t\t  stroke=\"#BF0020\" fill=\"transparent\" stroke-width=\"2\"\/>\n\t\t\t\t\t\t\t\t\t\t\t<\/svg>\n\t\t\t\t\t\t\t\t\t\t\t<span>Descubre el mundo de ESSSE<\/span>\n\t\t\t\t\t\t\t\t\t\t<\/div>\n\t\t\t\t\t\t\t\t\t<\/a>\n\t\t\t\t\t\t\t\t<\/div>\n\t\t\t\t\t\t\t                        <\/div>\n                    <\/div>\n                <\/div>\n            <\/div>\n                        <div class=\"accordion-slider__item\">\n                                    <div class=\"accordion-slider__letter accordion-slider__letter_bg\">S<\/div>\n                                <div class=\"accordion-slider__bg\" style=\"background-image: url(https:\/\/www.esssecaffe.com\/wp-content\/uploads\/2022\/10\/Specializzazione.jpg)\"><\/div>\n                <div class=\"accordion-slider__info\">\n                    <div class=\"accordion-slider__info-inner\">\n                        <div class=\"accordion-slider__content\">\n                            <div class=\"accordion-slider__letter\">S<\/div>\n                            <div class=\"accordion-slider__title\">ESPECIALIZACI\u00d3N<\/div>\n                            <div class=\"accordion-slider__description\">Desde 1979 hemos acompa\u00f1ado a miles de profesionales del sector, convirti\u00e9ndonos de este modo en el punto de referencia. Una actividad intensa y constante de especializaci\u00f3n que nos permite proponer, tambi\u00e9n en tu casa, un resultado en la taza a la altura de nuestros est\u00e1ndares en el bar, gracias al exclusivo Sistema Espresso.<\/div>\n\t\t\t\t\t\t\t\t\t\t\t\t\t\t\t<div class=\"centered-content\">\n\t\t\t\t\t\t\t\t\t<a href=\"https:\/\/www.esssecaffe.com\/es\/el-mundo-de-essse\/\" class=\"main-link\">\n\t\t\t\t\t\t\t\t\t\t<div class=\"main-link__flex\">\n\t\t\t\t\t\t\t\t\t\t\t<svg width=\"30\" height=\"29\" viewBox=\"0 0 30 29\" fill=\"none\"\n\t\t\t\t\t\t\t\t\t\t\t\t xmlns=\"http:\/\/www.w3.org\/2000\/svg\">\n\t\t\t\t\t\t\t\t\t\t\t\t<path d=\"M7.45662 1.00302C7.33562 0.996017 27.7096 1.02603 27.7096 1.02603L20.3366 24.48C19.6186 26.257 18.0306 27.242 15.6996 27.438C14.1883 27.5313 12.6773 27.2514 11.2996 26.623C3.35963 23.19 -0.678357 14.558 1.65864 5.22802C2.01725 3.9787 2.78243 2.88474 3.83302 2.11944C4.88361 1.35414 6.15952 0.961249 7.45863 1.00302\"\n\t\t\t\t\t\t\t\t\t\t\t\t\t  stroke=\"#BF0020\" fill=\"transparent\" stroke-width=\"2\"\/>\n\t\t\t\t\t\t\t\t\t\t\t<\/svg>\n\t\t\t\t\t\t\t\t\t\t\t<span>Descubre el mundo de ESSSE<\/span>\n\t\t\t\t\t\t\t\t\t\t<\/div>\n\t\t\t\t\t\t\t\t\t<\/a>\n\t\t\t\t\t\t\t\t<\/div>\n\t\t\t\t\t\t\t                        <\/div>\n                    <\/div>\n                <\/div>\n            <\/div>\n                    <\/div>\n    <\/div>\n<\/div>\n\n\n<div id=\"info-professional\" class=\"info info_professional  \" data-scroll-section >\n    <div class=\"l-container\">\n        <div class=\"info__row\">\n            <div class=\"info__col info__col_left\">\n                <div class=\"info__title\">\n                    <h2 class=\"main-title title-decoration reveal-text\" data-scroll>PARA LOS<br \/>\nPROFESIONALES<\/h2>\n                <\/div>\n                                            <div class=\"info__description\">\n                                <p class=\"fade-in-bottom\" data-scroll>Desde siempre Essse es reconocido como el caf\u00e9 de los profesionales, no solo por la excelencia de los productos ofrecidos, sino tambi\u00e9n por la formaci\u00f3n constante y el servicio al cliente, que contribuyen a su \u00e9xito.<\/p>\n                            <\/div>\n                                                                                                                                                                                                                                <\/div>\n            <div class=\"info__col info__col_right\">\n                <div class=\"image-container\">\n\n                                            <div class=\"image-parallax-wrapper\">\n\t\t\t\n                            <div class=\"image-parallax black-overlay\"\n                                 style=\"background-image: url(https:\/\/www.esssecaffe.com\/wp-content\/uploads\/2022\/09\/per-i-professionisti-1.jpg)\" \n                                 data-scroll\n                                 data-scroll-speed=\"-3.5\">\n\t\t\t\t<\/div>\n                        <\/div>\n                                    <\/div>\n            <\/div>\n        <\/div>\n    <\/div>\n<\/div>\n\n<div id=\"\" class=\"info info_espresso-system reverse \" data-scroll-section >\n    <div class=\"l-container\">\n        <div class=\"info__row\">\n            <div class=\"info__col info__col_left\">\n                <div class=\"info__title\">\n                    <h2 class=\"main-title title-decoration reveal-text\" data-scroll>NUESTRO <br \/>\nSISTEMA <br \/>\nESPRESSO<\/h2>\n                <\/div>\n                                            <div class=\"info__description\">\n                                <p class=\"fade-in-bottom\" data-scroll>El Sistema Espresso nace de la voluntad de llevar a casa un caf\u00e9 extra\u00eddo a la perfecci\u00f3n, obtenido de mezclas estudiadas y calibradas atentamente para lograr una excelente experiencia sensorial. De este modo cobra vida un modelo de m\u00e1quina de c\u00e1psulas \u00fanica en su tipo, cuyo dise\u00f1o ha sido realizado por Giugiaro Design y cuyas caracter\u00edsticas t\u00e9cnicas contribuyen a alcanzar el mejor resultado en la taza, a la altura de los est\u00e1ndares Essse Caff\u00e8.<\/p>\n                            <\/div>\n                                                                                                                                                  \n                                <a href=\"\" class=\"main-link\" >\n                                    <div class=\"main-link__flex fade-in-bottom\" data-scroll>\n                                        <svg width=\"30\" height=\"29\" viewBox=\"0 0 30 29\" fill=\"none\"\n                                             xmlns=\"http:\/\/www.w3.org\/2000\/svg\">\n                                            <path d=\"M7.45662 1.00302C7.33562 0.996017 27.7096 1.02603 27.7096 1.02603L20.3366 24.48C19.6186 26.257 18.0306 27.242 15.6996 27.438C14.1883 27.5313 12.6773 27.2514 11.2996 26.623C3.35963 23.19 -0.678357 14.558 1.65864 5.22802C2.01725 3.9787 2.78243 2.88474 3.83302 2.11944C4.88361 1.35414 6.15952 0.961249 7.45863 1.00302\"\n                                                  stroke=\"#BF0020\" fill=\"transparent\" stroke-width=\"2\"\/>\n                                        <\/svg>\n                                        <span>Descubre nuestro Sistema Espresso<\/span>\n                                    <\/div>\n                                <\/a>\n                                                                                                                                                <\/div>\n            <div class=\"info__col info__col_right\">\n                <div class=\"image-container\">\n\n                                            <div class=\"image-parallax-wrapper\">\n\t\t\t\n                            <div class=\"image-parallax black-overlay\"\n                                 style=\"background-image: url(https:\/\/www.esssecaffe.com\/wp-content\/uploads\/2023\/03\/Group-3543.jpg)\" \n                                 data-scroll\n                                 data-scroll-speed=\"-3.5\">\n\t\t\t\t<\/div>\n                        <\/div>\n                                    <\/div>\n            <\/div>\n        <\/div>\n    <\/div>\n<\/div>","protected":false},"excerpt":{"rendered":"","protected":false},"author":95,"featured_media":16982,"parent":0,"menu_order":628,"comment_status":"closed","ping_status":"closed","template":"","meta":{"inline_featured_image":false,"footnotes":""},"class_list":["post-6165","page","type-page","status-publish","has-post-thumbnail","hentry"],"_links":{"self":[{"href":"https:\/\/www.esssecaffe.com\/es\/wp-json\/wp\/v2\/pages\/6165","targetHints":{"allow":["GET"]}}],"collection":[{"href":"https:\/\/www.esssecaffe.com\/es\/wp-json\/wp\/v2\/pages"}],"about":[{"href":"https:\/\/www.esssecaffe.com\/es\/wp-json\/wp\/v2\/types\/page"}],"author":[{"embeddable":true,"href":"https:\/\/www.esssecaffe.com\/es\/wp-json\/wp\/v2\/users\/95"}],"replies":[{"embeddable":true,"href":"https:\/\/www.esssecaffe.com\/es\/wp-json\/wp\/v2\/comments?post=6165"}],"version-history":[{"count":0,"href":"https:\/\/www.esssecaffe.com\/es\/wp-json\/wp\/v2\/pages\/6165\/revisions"}],"wp:featuredmedia":[{"embeddable":true,"href":"https:\/\/www.esssecaffe.com\/es\/wp-json\/wp\/v2\/media\/16982"}],"wp:attachment":[{"href":"https:\/\/www.esssecaffe.com\/es\/wp-json\/wp\/v2\/media?parent=6165"}],"curies":[{"name":"wp","href":"https:\/\/api.w.org\/{rel}","templated":true}]}}