{"id":6169,"date":"2022-09-30T12:49:29","date_gmt":"2022-09-30T10:49:29","guid":{"rendered":"https:\/\/www.esssecaffe.com\/el-mundo-de-essse\/"},"modified":"2022-11-14T11:14:06","modified_gmt":"2022-11-14T10:14:06","slug":"el-mundo-de-essse","status":"publish","type":"page","link":"https:\/\/www.esssecaffe.com\/es\/el-mundo-de-essse\/","title":{"rendered":"El mundo de Essse"},"content":{"rendered":"<div class=\"top-section full-screen-section\" data-scroll-section>\n\n    <div class=\"top-section__bg\">\n    <div class=\"top-section__bg-img\" style=\"background-image: url(https:\/\/www.esssecaffe.com\/wp-content\/uploads\/2022\/09\/foto-banner.jpg)\" data-scroll><\/div>\n\n    <\/div>\n    <div class=\"l-container\">rddd\n        <div class=\"top-section__inner\">\n            <div class=\"top-section__info\" data-scroll>\n                <div class=\"top-section__info-inner\">\n                    <h1 class=\"main-title text-center reveal-text\" data-scroll>El mundo de Essse<\/h1>\n                    <p class=\"main-description text-center fade-in-bottom\" data-scroll>Desde hace m\u00e1s de Cuarenta a\u00f1os, el secreto de un gran \u00abespresso\u00bb. Con pasi\u00f3n, compromiso y competencia nos dedicamos a la selecci\u00f3n y a la elaboraci\u00f3n de las mezclas m\u00e1s preciadas para ofrecerles el aroma intenso y el sabor elegante y arm\u00f3nico del mejor \u00abespresso\u00bb italiano.<\/p>\n                <\/div>\n            <\/div>\n        <\/div>\n    <\/div>\n        <a href=\"#essse-storia\" class=\"scroll-down bounce\" data-scroll-to data-scroll\n       data-scroll-speed=\"-0.3\" data-scroll-position=\"top\" data-scroll-delay=\"0.05\">\n        <svg width=\"101\" height=\"53\" viewBox=\"0 0 101 53\" fill=\"none\" xmlns=\"http:\/\/www.w3.org\/2000\/svg\">\n            <path d=\"M2.12207 2.125L50.793 50.796L99.4641 2.125\" stroke=\"white\" stroke-width=\"3\"\n                  stroke-linecap=\"round\" stroke-linejoin=\"round\"\/>\n        <\/svg>\n    <\/a>\n    <\/div>\n\n\n\n<div data-scroll-section class=\"l-container\" style=\"margin-bottom: 50px; margin-top: 30px;\"><nav class=\"woocommerce-breadcrumb rank-math-breadcrumb\"><span class=\"last\">Home<\/span><\/nav><\/div>\n\n<div id=\"essse-storia\" class=\"info   \" data-scroll-section >\n    <div class=\"l-container\">\n        <div class=\"info__row\">\n            <div class=\"info__col info__col_left\">\n                <div class=\"info__title\">\n                    <h2 class=\"main-title title-decoration reveal-text\" data-scroll>LA HISTORIA DE ESSSE CAFF\u00c9<\/h2>\n                <\/div>\n                                            <div class=\"info__description\">\n                                <p class=\"fade-in-bottom\" data-scroll>En 1979 Francesco Segafredo, con una larga experiencia familiar en el mundo de la torrefacci\u00f3n, funda Essse Caff\u00e8. El objetivo es desde el primer momento proponer un caf\u00e9 de excelencia, que represente al m\u00e1ximo el concepto de \u00abespresso\u00bb italiano.\n\n<\/p>\n                            <\/div>\n                                                                                                                                                  \n                                <a href=\"https:\/\/www.esssecaffe.com\/il-mondo-di-esse\/la-nostra-storia\/\" class=\"main-link\" >\n                                    <div class=\"main-link__flex fade-in-bottom\" data-scroll>\n                                        <svg width=\"30\" height=\"29\" viewBox=\"0 0 30 29\" fill=\"none\"\n                                             xmlns=\"http:\/\/www.w3.org\/2000\/svg\">\n                                            <path d=\"M7.45662 1.00302C7.33562 0.996017 27.7096 1.02603 27.7096 1.02603L20.3366 24.48C19.6186 26.257 18.0306 27.242 15.6996 27.438C14.1883 27.5313 12.6773 27.2514 11.2996 26.623C3.35963 23.19 -0.678357 14.558 1.65864 5.22802C2.01725 3.9787 2.78243 2.88474 3.83302 2.11944C4.88361 1.35414 6.15952 0.961249 7.45863 1.00302\"\n                                                  stroke=\"#BF0020\" fill=\"transparent\" stroke-width=\"2\"\/>\n                                        <\/svg>\n                                        <span>DESCUBRE NUESTRA HISTORIA<\/span>\n                                    <\/div>\n                                <\/a>\n                                                                                                                                                <\/div>\n            <div class=\"info__col info__col_right\">\n                <div class=\"image-container\">\n\n                                            <div class=\"image-parallax-wrapper\">\n\t\t\t\n                            <div class=\"image-parallax black-overlay\"\n                                 style=\"background-image: url(https:\/\/www.esssecaffe.com\/wp-content\/uploads\/2022\/09\/1982.jpg)\" \n                                 data-scroll\n                                 data-scroll-speed=\"-3.5\">\n\t\t\t\t<\/div>\n                        <\/div>\n                                    <\/div>\n            <\/div>\n        <\/div>\n    <\/div>\n<\/div>\n\n<div id=\"essse-storia\" class=\"info  reverse \" data-scroll-section >\n    <div class=\"l-container\">\n        <div class=\"info__row\">\n            <div class=\"info__col info__col_left\">\n                <div class=\"info__title\">\n                    <h2 class=\"main-title title-decoration reveal-text\" data-scroll>EL CAF\u00c9 DE LAS TRES ESSSES<\/h2>\n                <\/div>\n                                            <div class=\"info__description\">\n                                <p class=\"fade-in-bottom\" data-scroll>Las tres S de Scienza, Sapienza, Specializzazione (Ciencia, Sabidur\u00eda y Especializaci\u00f3n) representan el coraz\u00f3n de nuestra empresa, nuestros valores, nuestros principios fundadores. Essse es la armon\u00eda entre innovaci\u00f3n, cultura, experiencia y tecnolog\u00eda.\n\n\n<\/p>\n                            <\/div>\n                                                                                                                                                  \n                                <a href=\"https:\/\/www.esssecaffe.com\/il-mondo-di-esse\/il-caffe-delle-tre-essse\/\" class=\"main-link\" >\n                                    <div class=\"main-link__flex fade-in-bottom\" data-scroll>\n                                        <svg width=\"30\" height=\"29\" viewBox=\"0 0 30 29\" fill=\"none\"\n                                             xmlns=\"http:\/\/www.w3.org\/2000\/svg\">\n                                            <path d=\"M7.45662 1.00302C7.33562 0.996017 27.7096 1.02603 27.7096 1.02603L20.3366 24.48C19.6186 26.257 18.0306 27.242 15.6996 27.438C14.1883 27.5313 12.6773 27.2514 11.2996 26.623C3.35963 23.19 -0.678357 14.558 1.65864 5.22802C2.01725 3.9787 2.78243 2.88474 3.83302 2.11944C4.88361 1.35414 6.15952 0.961249 7.45863 1.00302\"\n                                                  stroke=\"#BF0020\" fill=\"transparent\" stroke-width=\"2\"\/>\n                                        <\/svg>\n                                        <span>DESCUBRE NUESTROS VALORES Y NUESTRA MISI\u00d3N<\/span>\n                                    <\/div>\n                                <\/a>\n                                                                                                                                                <\/div>\n            <div class=\"info__col info__col_right\">\n                <div class=\"image-container\">\n\n                                            <div class=\"image-parallax-wrapper\">\n\t\t\t\n                            <div class=\"image-parallax black-overlay\"\n                                 style=\"background-image: url(https:\/\/www.esssecaffe.com\/wp-content\/uploads\/2022\/09\/Il-caffe\u0300-delle-tre-Essse.jpg)\" \n                                 data-scroll\n                                 data-scroll-speed=\"-3.5\">\n\t\t\t\t<\/div>\n                        <\/div>\n                                    <\/div>\n            <\/div>\n        <\/div>\n    <\/div>\n<\/div>\n\n<div id=\"essse-storia\" class=\"info   \" data-scroll-section >\n    <div class=\"l-container\">\n        <div class=\"info__row\">\n            <div class=\"info__col info__col_left\">\n                <div class=\"info__title\">\n                    <h2 class=\"main-title title-decoration reveal-text\" data-scroll>EXCELENCIA CERTIFICADA<\/h2>\n                <\/div>\n                                            <div class=\"info__description\">\n                                <p class=\"fade-in-bottom\" data-scroll>La b\u00fasqueda de la calidad es una misi\u00f3n constante que involucra a todos los \u00e1mbitos: desde cada producto hasta la seguridad de los trabajadores, pasando por el respeto por el medio ambiente, nos hemos comprometido a obtener las certificaciones de calidad m\u00e1s importantes.<\/p>\n                            <\/div>\n                                                                                                                                                  \n                                <a href=\"https:\/\/www.esssecaffe.com\/il-mondo-di-esse\/eccellenza-certificata\/\" class=\"main-link\" >\n                                    <div class=\"main-link__flex fade-in-bottom\" data-scroll>\n                                        <svg width=\"30\" height=\"29\" viewBox=\"0 0 30 29\" fill=\"none\"\n                                             xmlns=\"http:\/\/www.w3.org\/2000\/svg\">\n                                            <path d=\"M7.45662 1.00302C7.33562 0.996017 27.7096 1.02603 27.7096 1.02603L20.3366 24.48C19.6186 26.257 18.0306 27.242 15.6996 27.438C14.1883 27.5313 12.6773 27.2514 11.2996 26.623C3.35963 23.19 -0.678357 14.558 1.65864 5.22802C2.01725 3.9787 2.78243 2.88474 3.83302 2.11944C4.88361 1.35414 6.15952 0.961249 7.45863 1.00302\"\n                                                  stroke=\"#BF0020\" fill=\"transparent\" stroke-width=\"2\"\/>\n                                        <\/svg>\n                                        <span>DESCUBRE NUESTRAS CERTIFICACIONES<\/span>\n                                    <\/div>\n                                <\/a>\n                                                                                                                                                <\/div>\n            <div class=\"info__col info__col_right\">\n                <div class=\"image-container\">\n\n                                            <div class=\"image-parallax-wrapper\">\n\t\t\t\n                            <div class=\"image-parallax black-overlay\"\n                                 style=\"background-image: url(https:\/\/www.esssecaffe.com\/wp-content\/uploads\/2022\/10\/Eccellenza-Certificata_big.jpg)\" \n                                 data-scroll\n                                 data-scroll-speed=\"-3.5\">\n\t\t\t\t<\/div>\n                        <\/div>\n                                    <\/div>\n            <\/div>\n        <\/div>\n    <\/div>\n<\/div>\n\n<div id=\"essse-storia\" class=\"info  reverse \" data-scroll-section >\n    <div class=\"l-container\">\n        <div class=\"info__row\">\n            <div class=\"info__col info__col_left\">\n                <div class=\"info__title\">\n                    <h2 class=\"main-title title-decoration reveal-text\" data-scroll>NUESTRO COMPROMISO<\/h2>\n                <\/div>\n                                            <div class=\"info__description\">\n                                <p class=\"fade-in-bottom\" data-scroll>Desde siempre nuestro compromiso va m\u00e1s all\u00e1 de la actividad vinculada con la elaboraci\u00f3n del caf\u00e9. A lo largo de los a\u00f1os nuestro compromiso por el \u00e1mbito social ha dado vida a una serie de proyectos que han involucrado importantes asociaciones, como la Fundaci\u00f3n Umberto Veronesi y la Fondazione per lo Sport Silvia Rinaldi Onlus.<\/p>\n                            <\/div>\n                                                                                                                                                  \n                                <a href=\"https:\/\/www.esssecaffe.com\/il-mondo-di-esse\/il-nostro-impegno\/\" class=\"main-link\" >\n                                    <div class=\"main-link__flex fade-in-bottom\" data-scroll>\n                                        <svg width=\"30\" height=\"29\" viewBox=\"0 0 30 29\" fill=\"none\"\n                                             xmlns=\"http:\/\/www.w3.org\/2000\/svg\">\n                                            <path d=\"M7.45662 1.00302C7.33562 0.996017 27.7096 1.02603 27.7096 1.02603L20.3366 24.48C19.6186 26.257 18.0306 27.242 15.6996 27.438C14.1883 27.5313 12.6773 27.2514 11.2996 26.623C3.35963 23.19 -0.678357 14.558 1.65864 5.22802C2.01725 3.9787 2.78243 2.88474 3.83302 2.11944C4.88361 1.35414 6.15952 0.961249 7.45863 1.00302\"\n                                                  stroke=\"#BF0020\" fill=\"transparent\" stroke-width=\"2\"\/>\n                                        <\/svg>\n                                        <span>DESCUBRE NUESTROS PROYECTOS ESPECIALES<\/span>\n                                    <\/div>\n                                <\/a>\n                                                                                                                                                <\/div>\n            <div class=\"info__col info__col_right\">\n                <div class=\"image-container\">\n\n                                            <div class=\"image-parallax-wrapper\">\n\t\t\t\n                            <div class=\"image-parallax black-overlay\"\n                                 style=\"background-image: url(https:\/\/www.esssecaffe.com\/wp-content\/uploads\/2022\/10\/Impegno_big_hero.jpg)\" \n                                 data-scroll\n                                 data-scroll-speed=\"-3.5\">\n\t\t\t\t<\/div>\n                        <\/div>\n                                    <\/div>\n            <\/div>\n        <\/div>\n    <\/div>\n<\/div>\n\n<div id=\"essse-storia\" class=\"info   \" data-scroll-section >\n    <div class=\"l-container\">\n        <div class=\"info__row\">\n            <div class=\"info__col info__col_left\">\n                <div class=\"info__title\">\n                    <h2 class=\"main-title title-decoration reveal-text\" data-scroll>ESSSE CAF\u00c9 EN EL MUNDO<\/h2>\n                <\/div>\n                                            <div class=\"info__description\">\n                                <p class=\"fade-in-bottom\" data-scroll>Hacer frente a los mercados extranjeros representa para nosotros un reto ambicioso y apasionante, que nos estimula continuamente para mejorar, para responder a todas las exigencias de nuestros clientes.<\/p>\n                            <\/div>\n                                                                                                                                                  \n                                <a href=\"https:\/\/www.esssecaffe.com\/il-mondo-di-esse\/essse-caffe-nel-mondo\/\" class=\"main-link\" >\n                                    <div class=\"main-link__flex fade-in-bottom\" data-scroll>\n                                        <svg width=\"30\" height=\"29\" viewBox=\"0 0 30 29\" fill=\"none\"\n                                             xmlns=\"http:\/\/www.w3.org\/2000\/svg\">\n                                            <path d=\"M7.45662 1.00302C7.33562 0.996017 27.7096 1.02603 27.7096 1.02603L20.3366 24.48C19.6186 26.257 18.0306 27.242 15.6996 27.438C14.1883 27.5313 12.6773 27.2514 11.2996 26.623C3.35963 23.19 -0.678357 14.558 1.65864 5.22802C2.01725 3.9787 2.78243 2.88474 3.83302 2.11944C4.88361 1.35414 6.15952 0.961249 7.45863 1.00302\"\n                                                  stroke=\"#BF0020\" fill=\"transparent\" stroke-width=\"2\"\/>\n                                        <\/svg>\n                                        <span>DESCUBRE M\u00c1S<\/span>\n                                    <\/div>\n                                <\/a>\n                                                                                                                                                <\/div>\n            <div class=\"info__col info__col_right\">\n                <div class=\"image-container\">\n\n                                            <div class=\"image-parallax-wrapper\">\n\t\t\t\n                            <div class=\"image-parallax black-overlay\"\n                                 style=\"background-image: url(https:\/\/www.esssecaffe.com\/wp-content\/uploads\/2022\/10\/Essse-nel-mondo.jpg)\" \n                                 data-scroll\n                                 data-scroll-speed=\"-3.5\">\n\t\t\t\t<\/div>\n                        <\/div>\n                                    <\/div>\n            <\/div>\n        <\/div>\n    <\/div>\n<\/div>","protected":false},"excerpt":{"rendered":"","protected":false},"author":95,"featured_media":16158,"parent":0,"menu_order":615,"comment_status":"closed","ping_status":"closed","template":"","meta":{"inline_featured_image":false,"footnotes":""},"class_list":["post-6169","page","type-page","status-publish","has-post-thumbnail","hentry"],"_links":{"self":[{"href":"https:\/\/www.esssecaffe.com\/es\/wp-json\/wp\/v2\/pages\/6169","targetHints":{"allow":["GET"]}}],"collection":[{"href":"https:\/\/www.esssecaffe.com\/es\/wp-json\/wp\/v2\/pages"}],"about":[{"href":"https:\/\/www.esssecaffe.com\/es\/wp-json\/wp\/v2\/types\/page"}],"author":[{"embeddable":true,"href":"https:\/\/www.esssecaffe.com\/es\/wp-json\/wp\/v2\/users\/95"}],"replies":[{"embeddable":true,"href":"https:\/\/www.esssecaffe.com\/es\/wp-json\/wp\/v2\/comments?post=6169"}],"version-history":[{"count":0,"href":"https:\/\/www.esssecaffe.com\/es\/wp-json\/wp\/v2\/pages\/6169\/revisions"}],"wp:featuredmedia":[{"embeddable":true,"href":"https:\/\/www.esssecaffe.com\/es\/wp-json\/wp\/v2\/media\/16158"}],"wp:attachment":[{"href":"https:\/\/www.esssecaffe.com\/es\/wp-json\/wp\/v2\/media?parent=6169"}],"curies":[{"name":"wp","href":"https:\/\/api.w.org\/{rel}","templated":true}]}}