{"id":6173,"date":"2022-09-30T12:52:28","date_gmt":"2022-09-30T10:52:28","guid":{"rendered":"https:\/\/www.esssecaffe.com\/el-mundo-de-essse\/el-cafe-de-las-tres-essses\/"},"modified":"2022-11-14T08:57:28","modified_gmt":"2022-11-14T07:57:28","slug":"el-cafe-de-las-tres-essses","status":"publish","type":"page","link":"https:\/\/www.esssecaffe.com\/es\/el-mundo-de-essse\/el-cafe-de-las-tres-essses\/","title":{"rendered":"El caf\u00e8 de las tres Essses"},"content":{"rendered":"<div class=\"top-section full-screen-section\" data-scroll-section>\n\n    <div class=\"top-section__bg\">\n    <div class=\"top-section__bg-img\" style=\"background-image: url(https:\/\/www.esssecaffe.com\/wp-content\/uploads\/2022\/09\/Il-caff\u00e8-delle-tre-Essse-1.jpg)\" data-scroll><\/div>\n\n    <\/div>\n    <div class=\"l-container\">rddd\n        <div class=\"top-section__inner\">\n            <div class=\"top-section__info\" data-scroll>\n                <div class=\"top-section__info-inner\">\n                    <h1 class=\"main-title text-center reveal-text\" data-scroll>El caf\u00e8 de las tres Essses<\/h1>\n                    <p class=\"main-description text-center fade-in-bottom\" data-scroll>Ciencia, Sabidur\u00eda y Especializaci\u00f3n: la armon\u00eda entre innovaci\u00f3n, cultura, experiencia y tecnolog\u00eda.\n\nDesde la creaci\u00f3n de la empresa en 1979, hemos contado con la colaboraci\u00f3n sin\u00e9rgica de diferentes institutos universitarios para implementar una investigaci\u00f3n que mejore las habilidades y los conocimientos en todas las fases de elaboraci\u00f3n, desde el caf\u00e9 crudo hasta el caf\u00e9 en taza, desde la torrefacci\u00f3n hasta el envasado, desde el equipamiento profesional hasta la extracci\u00f3n del espresso.\nEn m\u00e1s de cuarenta a\u00f1os de actividad, gracias al principio de las 3 S &#8211; Scienza, Sapienza e Specializzazione (Ciencia, Sabidur\u00eda y Especializaci\u00f3n) &#8211; hemos adquirido una posici\u00f3n de liderazgo en el mundo del caf\u00e9.<\/p>\n                <\/div>\n            <\/div>\n        <\/div>\n    <\/div>\n    <\/div>\n\n\n\n<div data-scroll-section class=\"l-container\" style=\"margin-bottom: 50px; margin-top: 30px;\"><nav class=\"woocommerce-breadcrumb rank-math-breadcrumb\"><span class=\"last\">Home<\/span><\/nav><\/div>\n\n<div id=\"\" class=\"specific-page-content\">\n\n<div id=\"\" class=\"info  reverse without-title\" data-scroll-section>\n    <div class=\"l-container\">\n        <div class=\"info__row\">\n            <div class=\"info__col info__col_left\">\n                                <div class=\"info__text\">\n                   <div class=\"fade-in-bottom\" data-scroll>\n                       <p><strong>CIENCIA <\/strong><\/p>\n<p>La colaboraci\u00f3n constante con la Facultad de Agricultura de las Universidades de Bolonia, Cesena y Foggia ha aportado los mejores conocimientos cient\u00edficos al proceso de torrefacci\u00f3n de nuestro caf\u00e9: primero definimos los mejores m\u00e9todos de elaboraci\u00f3n del caf\u00e9 y luego nos centramos en la b\u00fasqueda de la mejor propiedad organol\u00e9ptica en la taza. Todo con una sola misi\u00f3n: ofrecer el mejor espresso italiano.<\/p>\n                   <\/div>\n\t\t\t\t\t                         \t\t\t\t\t                   \n                <\/div>\n\t\t\t\t                    \t\t\t\t            <\/div>\n            <div class=\"info__col info__col_right\">\n\n                                \n                    <div class=\"image-container\">\n                                                    <div class=\"image-parallax-wrapper\">\n                                <div class=\"image-parallax black-overlay\"\n                                     style=\"background-image: url(https:\/\/www.esssecaffe.com\/wp-content\/uploads\/2022\/10\/Scienza.jpg)\" data-scroll\n                                     data-scroll-speed=\"-3.5\"><\/div>\n                            <\/div>\n                                            <\/div>\n                \n                \n            <\/div>\n        <\/div>\n    <\/div>\n<\/div>\n\n<div id=\"\" class=\"info   without-title\" data-scroll-section>\n    <div class=\"l-container\">\n        <div class=\"info__row\">\n            <div class=\"info__col info__col_left\">\n                                <div class=\"info__text\">\n                   <div class=\"fade-in-bottom\" data-scroll>\n                       <p><strong>SABIDUR\u00cdA<\/strong><\/p>\n<p>Essse Caff\u00e8 nace a finales de los a\u00f1os 70, pero su historia tiene sus ra\u00edces a comienzos de 1900. La Sabidur\u00eda de Essse viene de lejos, transmitiendo la tradici\u00f3n y el <em>know how<\/em> de la familia Segafredo con la relaci\u00f3n constante con los profesionales del sector, que nos han acompa\u00f1ado en los \u00faltimos cuarenta a\u00f1os con conocimientos exhaustivos, compromiso, constancia y dedicaci\u00f3n.<\/p>\n                   <\/div>\n\t\t\t\t\t                         \t\t\t\t\t                   \n                <\/div>\n\t\t\t\t                    \t\t\t\t            <\/div>\n            <div class=\"info__col info__col_right\">\n\n                                \n                    <div class=\"image-container\">\n                                                    <div class=\"image-parallax-wrapper\">\n                                <div class=\"image-parallax black-overlay\"\n                                     style=\"background-image: url(https:\/\/www.esssecaffe.com\/wp-content\/uploads\/2022\/10\/Sapienza.jpg)\" data-scroll\n                                     data-scroll-speed=\"-3.5\"><\/div>\n                            <\/div>\n                                            <\/div>\n                \n                \n            <\/div>\n        <\/div>\n    <\/div>\n<\/div>\n\n<div id=\"\" class=\"info  reverse without-title\" data-scroll-section>\n    <div class=\"l-container\">\n        <div class=\"info__row\">\n            <div class=\"info__col info__col_left\">\n                                <div class=\"info__text\">\n                   <div class=\"fade-in-bottom\" data-scroll>\n                       <p><strong>ESPECIALIZACI\u00d3N<\/strong><\/p>\n<p>Desde 1979 hemos acompa\u00f1ado a miles de profesionales del sector, convirti\u00e9ndonos de este modo en el punto de referencia. Nuestra misi\u00f3n diaria es colaborar para que nuestros clientes puedan extraer un perfecto Espresso italiano, gracias a materias primas cuidadosamente seleccionadas y procesadas, a un servicio integral y a la formaci\u00f3n. Esta actividad intensa y constante de especializaci\u00f3n nos ha permitido desarrollar posteriormente el exclusivo Sistema Espresso, un modelo de m\u00e1quina de c\u00e1psulas dise\u00f1ado por Giugiaro Design, con el objetivo de conseguir un resultado en la taza a la altura de nuestras mezclas profesionales.<\/p>\n                   <\/div>\n\t\t\t\t\t                         \t\t\t\t\t                   \n                <\/div>\n\t\t\t\t                    \t\t\t\t            <\/div>\n            <div class=\"info__col info__col_right\">\n\n                                \n                    <div class=\"image-container\">\n                                                    <div class=\"image-parallax-wrapper\">\n                                <div class=\"image-parallax black-overlay\"\n                                     style=\"background-image: url(https:\/\/www.esssecaffe.com\/wp-content\/uploads\/2022\/10\/Specializzazione.jpg)\" data-scroll\n                                     data-scroll-speed=\"-3.5\"><\/div>\n                            <\/div>\n                                            <\/div>\n                \n                \n            <\/div>\n        <\/div>\n    <\/div>\n<\/div>\n\n<\/div>","protected":false},"excerpt":{"rendered":"","protected":false},"author":95,"featured_media":16176,"parent":6169,"menu_order":621,"comment_status":"closed","ping_status":"closed","template":"","meta":{"inline_featured_image":false,"footnotes":""},"class_list":["post-6173","page","type-page","status-publish","has-post-thumbnail","hentry"],"_links":{"self":[{"href":"https:\/\/www.esssecaffe.com\/es\/wp-json\/wp\/v2\/pages\/6173","targetHints":{"allow":["GET"]}}],"collection":[{"href":"https:\/\/www.esssecaffe.com\/es\/wp-json\/wp\/v2\/pages"}],"about":[{"href":"https:\/\/www.esssecaffe.com\/es\/wp-json\/wp\/v2\/types\/page"}],"author":[{"embeddable":true,"href":"https:\/\/www.esssecaffe.com\/es\/wp-json\/wp\/v2\/users\/95"}],"replies":[{"embeddable":true,"href":"https:\/\/www.esssecaffe.com\/es\/wp-json\/wp\/v2\/comments?post=6173"}],"version-history":[{"count":0,"href":"https:\/\/www.esssecaffe.com\/es\/wp-json\/wp\/v2\/pages\/6173\/revisions"}],"up":[{"embeddable":true,"href":"https:\/\/www.esssecaffe.com\/es\/wp-json\/wp\/v2\/pages\/6169"}],"wp:featuredmedia":[{"embeddable":true,"href":"https:\/\/www.esssecaffe.com\/es\/wp-json\/wp\/v2\/media\/16176"}],"wp:attachment":[{"href":"https:\/\/www.esssecaffe.com\/es\/wp-json\/wp\/v2\/media?parent=6173"}],"curies":[{"name":"wp","href":"https:\/\/api.w.org\/{rel}","templated":true}]}}