{"id":6187,"date":"2022-09-30T13:00:17","date_gmt":"2022-09-30T11:00:17","guid":{"rendered":"https:\/\/www.esssecaffe.com\/el-mundo-de-essse\/nuestro-compromiso\/consorcio-para-la-proteccion-del-cafe-espresso-italiano-tradicional\/"},"modified":"2022-09-30T13:02:15","modified_gmt":"2022-09-30T11:02:15","slug":"consorcio-para-la-proteccion-del-cafe-espresso-italiano-tradicional","status":"publish","type":"page","link":"https:\/\/www.esssecaffe.com\/es\/el-mundo-de-essse\/nuestro-compromiso\/consorcio-para-la-proteccion-del-cafe-espresso-italiano-tradicional\/","title":{"rendered":"CONSORCIO PARA LA PROTECCI\u00d3N DEL CAF\u00c9 ESPRESSO ITALIANO TRADICIONAL"},"content":{"rendered":"<!-- #### array(1) {\n  [\"fields\"]=>\n  array(3) {\n    [\"block_title\"]=>\n    string(0) \"\"\n    [\"title\"]=>\n    string(69) \"CONSORCIO PARA LA PROTECCI\u00d3N DEL CAF\u00c9 ESPRESSO ITALIANO TRADICIONAL\"\n    [\"image\"]=>\n    string(0) \"\"\n  }\n}\n--><div class=\"top-section top-section_min\" data-scroll-section>\n  <div class=\"mobile-gradient\"><\/div>\n  <div class=\"top-section__bg\" >\n    <div class=\"top-section__bg-inner\">\n      <div class=\"top-section__bg-img\" style=\"background-image: url(https:\/\/www.esssecaffe.com\/wp-content\/uploads\/2024\/03\/codice-etico-Essse-Caffe-scaled.jpg)\" data-id=\"6181\"><\/div>\n    <\/div>\n  <\/div>\n  <div class=\"l-container\">\n    <div class=\"top-section__inner\">\n      <div class=\"top-section__info\" data-scroll>\n        <h1 class=\"main-title text-center reveal-text\" data-scroll>CONSORCIO PARA LA PROTECCI\u00d3N DEL CAF\u00c9 ESPRESSO ITALIANO TRADICIONAL<\/h1>\n      <\/div>\n    <\/div>\n  <\/div>\n<\/div>\n\n\n\n<div data-scroll-section class=\"l-container\" style=\"margin-bottom: 50px; margin-top: 30px;\"><nav class=\"woocommerce-breadcrumb rank-math-breadcrumb\"><span class=\"last\">Home<\/span><\/nav><\/div>\n\n<div id=\"\" class=\"specific-page-content\">\n\n<div id=\"\" class=\"info  reverse without-title\" data-scroll-section>\n    <div class=\"l-container\">\n        <div class=\"info__row\">\n            <div class=\"info__col info__col_left\">\n                                <div class=\"info__text\">\n                   <div class=\"fade-in-bottom\" data-scroll>\n                       <p>Estamos orgullosos de ser uno de los socios fundadores del Consorcio para la Protecci\u00f3n del Caf\u00e9 Espresso Tradicional Italiano, cuyo principal objetivo es la promoci\u00f3n, la valorizaci\u00f3n y la protecci\u00f3n del Caf\u00e9 Espresso Tradicional Italiano entre los operadores del sector y los consumidores.<\/p>\n<p>Como empresa italiana de torrefacci\u00f3n, que no solo produce caf\u00e9 sino que tambi\u00e9n se preocupa por lo que la tradici\u00f3n del caf\u00e9 espresso del bar representa para nuestro pa\u00eds, hemos decidido apoyar al consorcio precisamente porque compartimos plenamente sus objetivos, valores y misi\u00f3n, con el compromiso de trabajar activamente en el proyecto de solicitar a la UNESCO el reconocimiento del ritual del caf\u00e9 espresso como Patrimonio Inmaterial de la Humanidad.<\/p>\n                   <\/div>\n\t\t\t\t\t                         \t\t\t\t\t                   \n                <\/div>\n\t\t\t\t                    \t\t\t\t            <\/div>\n            <div class=\"info__col info__col_right\">\n\n                \n            <\/div>\n        <\/div>\n    <\/div>\n<\/div>\n\n<\/div>","protected":false},"excerpt":{"rendered":"","protected":false},"author":95,"featured_media":0,"parent":6181,"menu_order":412,"comment_status":"closed","ping_status":"closed","template":"","meta":{"inline_featured_image":false,"footnotes":""},"class_list":["post-6187","page","type-page","status-publish","hentry"],"_links":{"self":[{"href":"https:\/\/www.esssecaffe.com\/es\/wp-json\/wp\/v2\/pages\/6187","targetHints":{"allow":["GET"]}}],"collection":[{"href":"https:\/\/www.esssecaffe.com\/es\/wp-json\/wp\/v2\/pages"}],"about":[{"href":"https:\/\/www.esssecaffe.com\/es\/wp-json\/wp\/v2\/types\/page"}],"author":[{"embeddable":true,"href":"https:\/\/www.esssecaffe.com\/es\/wp-json\/wp\/v2\/users\/95"}],"replies":[{"embeddable":true,"href":"https:\/\/www.esssecaffe.com\/es\/wp-json\/wp\/v2\/comments?post=6187"}],"version-history":[{"count":0,"href":"https:\/\/www.esssecaffe.com\/es\/wp-json\/wp\/v2\/pages\/6187\/revisions"}],"up":[{"embeddable":true,"href":"https:\/\/www.esssecaffe.com\/es\/wp-json\/wp\/v2\/pages\/6181"}],"wp:attachment":[{"href":"https:\/\/www.esssecaffe.com\/es\/wp-json\/wp\/v2\/media?parent=6187"}],"curies":[{"name":"wp","href":"https:\/\/api.w.org\/{rel}","templated":true}]}}