{"id":6189,"date":"2022-09-30T13:00:41","date_gmt":"2022-09-30T11:00:41","guid":{"rendered":"https:\/\/www.esssecaffe.com\/el-mundo-de-essse\/nuestro-compromiso\/fundacion-umberto-veronesi\/"},"modified":"2022-09-30T13:01:53","modified_gmt":"2022-09-30T11:01:53","slug":"fundacion-umberto-veronesi","status":"publish","type":"page","link":"https:\/\/www.esssecaffe.com\/es\/el-mundo-de-essse\/nuestro-compromiso\/fundacion-umberto-veronesi\/","title":{"rendered":"Fundaci\u00f3n Umberto Veronesi"},"content":{"rendered":"<!-- #### array(1) {\n  [\"fields\"]=>\n  array(3) {\n    [\"block_title\"]=>\n    string(0) \"\"\n    [\"title\"]=>\n    string(27) \"FUNDACI\u00d3N UMBERTO VERONESI\"\n    [\"image\"]=>\n    string(75) \"https:\/\/www.esssecaffe.com\/wp-content\/uploads\/2021\/10\/nostro-impegno-bg.jpg\"\n  }\n}\n--><div class=\"top-section top-section_min\" data-scroll-section>\n  <div class=\"mobile-gradient\"><\/div>\n  <div class=\"top-section__bg\" >\n    <div class=\"top-section__bg-inner\">\n      <div class=\"top-section__bg-img\" style=\"background-image: url(https:\/\/www.esssecaffe.com\/wp-content\/uploads\/2024\/03\/codice-etico-Essse-Caffe-scaled.jpg)\" data-id=\"6181\"><\/div>\n    <\/div>\n  <\/div>\n  <div class=\"l-container\">\n    <div class=\"top-section__inner\">\n      <div class=\"top-section__info\" data-scroll>\n        <h1 class=\"main-title text-center reveal-text\" data-scroll>FUNDACI\u00d3N UMBERTO VERONESI<\/h1>\n      <\/div>\n    <\/div>\n  <\/div>\n<\/div>\n\n\n\n<div data-scroll-section class=\"l-container\" style=\"margin-bottom: 50px; margin-top: 30px;\"><nav class=\"woocommerce-breadcrumb rank-math-breadcrumb\"><span class=\"last\">Home<\/span><\/nav><\/div>\n\n<div id=\"\" class=\"specific-page-content\">\n\n<div id=\"\" class=\"info   without-title\" data-scroll-section>\n    <div class=\"l-container\">\n        <div class=\"info__row\">\n            <div class=\"info__col info__col_left\">\n                                <div class=\"info__text\">\n                   <div class=\"fade-in-bottom\" data-scroll>\n                       <p>La asociaci\u00f3n entre Essse Caff\u00e8 y la Fundaci\u00f3n Umberto Veronesi nace hace varios a\u00f1os, con el deseo y el compromiso de Essse de apoyar concretamente el trabajo diario de los investigadores de la Fundaci\u00f3n, centr\u00e1ndose especialmente en el proyecto \u00abPink is Good\u00bb, que surge del compromiso decenal de la Fundaci\u00f3n y se plantea dos objetivos principales: educar en la prevenci\u00f3n y financiar el trabajo diario de los m\u00e9dicos e investigadores con respecto a la investigaci\u00f3n y el tratamiento de los c\u00e1nceres femeninos.<\/p>\n<p>Essse Caff\u00e8 ha apoyado a la Fundaci\u00f3n Veronesi en los \u00faltimos a\u00f1os lanzando una colecci\u00f3n de productos de tem\u00e1tica rosa (una taza de cer\u00e1mica y una lata de caf\u00e9 molido), cuya recaudaci\u00f3n se destina a la propia Fundaci\u00f3n. Adem\u00e1s, se ha lanzado una colecci\u00f3n de tazas cuyo dise\u00f1o ha sido realizado por el artista Carlo Bonf\u00e0 y que tambi\u00e9n pretende apoyar otros proyectos de la Fundaci\u00f3n.<\/p>\n<p>A estas iniciativas Essse Caff\u00e8 suma c\u00edclicamente varias actividades; la \u00faltima que hemos organizado es \u00abUn caf\u00e9 pendiente para la investigaci\u00f3n\u00bb. Hemos involucrado a nuestros clientes HORECA y les hemos pedido que se convirtieran en portadores de un mensaje fundamental: la importancia de estudiar los c\u00e1nceres femeninos y su prevenci\u00f3n. Se ha convocado a los clientes finales para que colaboraran haciendo una donaci\u00f3n equivalente al valor de un caf\u00e9 en su cafeter\u00eda favorita. A cambio de este gesto, han recibido un peque\u00f1o regalo de agradecimiento. La actividad ha obtenido un gran \u00e9xito y gracias a las donaciones recaudadas hemos podido garantizar una beca de un a\u00f1o para un investigador de la Fundaci\u00f3n.<\/p>\n                   <\/div>\n\t\t\t\t\t                         \t\t\t\t\t                   \n                <\/div>\n\t\t\t\t                    \t\t\t\t            <\/div>\n            <div class=\"info__col info__col_right\">\n\n                                \n                    <div class=\"image-container\">\n                                                    <div class=\"image-parallax-wrapper\">\n                                <div class=\"image-parallax black-overlay\"\n                                     style=\"background-image: url(https:\/\/www.esssecaffe.com\/wp-content\/uploads\/2021\/10\/img-4.png)\" data-scroll\n                                     data-scroll-speed=\"-3.5\"><\/div>\n                            <\/div>\n                                            <\/div>\n                \n                \n            <\/div>\n        <\/div>\n    <\/div>\n<\/div>\n\n<\/div>","protected":false},"excerpt":{"rendered":"","protected":false},"author":95,"featured_media":0,"parent":6181,"menu_order":411,"comment_status":"closed","ping_status":"closed","template":"","meta":{"inline_featured_image":false,"footnotes":""},"class_list":["post-6189","page","type-page","status-publish","hentry"],"_links":{"self":[{"href":"https:\/\/www.esssecaffe.com\/es\/wp-json\/wp\/v2\/pages\/6189","targetHints":{"allow":["GET"]}}],"collection":[{"href":"https:\/\/www.esssecaffe.com\/es\/wp-json\/wp\/v2\/pages"}],"about":[{"href":"https:\/\/www.esssecaffe.com\/es\/wp-json\/wp\/v2\/types\/page"}],"author":[{"embeddable":true,"href":"https:\/\/www.esssecaffe.com\/es\/wp-json\/wp\/v2\/users\/95"}],"replies":[{"embeddable":true,"href":"https:\/\/www.esssecaffe.com\/es\/wp-json\/wp\/v2\/comments?post=6189"}],"version-history":[{"count":0,"href":"https:\/\/www.esssecaffe.com\/es\/wp-json\/wp\/v2\/pages\/6189\/revisions"}],"up":[{"embeddable":true,"href":"https:\/\/www.esssecaffe.com\/es\/wp-json\/wp\/v2\/pages\/6181"}],"wp:attachment":[{"href":"https:\/\/www.esssecaffe.com\/es\/wp-json\/wp\/v2\/media?parent=6189"}],"curies":[{"name":"wp","href":"https:\/\/api.w.org\/{rel}","templated":true}]}}