{"id":6191,"date":"2022-09-30T13:01:01","date_gmt":"2022-09-30T11:01:01","guid":{"rendered":"https:\/\/www.esssecaffe.com\/el-mundo-de-essse\/nuestro-compromiso\/fondazione-per-lo-sport-silvia-rinaldi-onlus-y-sportfund-onlus\/"},"modified":"2022-09-30T13:01:20","modified_gmt":"2022-09-30T11:01:20","slug":"fondazione-per-lo-sport-silvia-rinaldi-onlus-y-sportfund-onlus","status":"publish","type":"page","link":"https:\/\/www.esssecaffe.com\/es\/el-mundo-de-essse\/nuestro-compromiso\/fondazione-per-lo-sport-silvia-rinaldi-onlus-y-sportfund-onlus\/","title":{"rendered":"Fondazione per lo sport silvia rinaldi onlus y sportfund onlus"},"content":{"rendered":"<!-- #### array(1) {\n  [\"fields\"]=>\n  array(3) {\n    [\"block_title\"]=>\n    string(0) \"\"\n    [\"title\"]=>\n    string(62) \"FONDAZIONE PER LO SPORT SILVIA RINALDI ONLUS y SPORTFUND ONLUS\"\n    [\"image\"]=>\n    string(0) \"\"\n  }\n}\n--><div class=\"top-section top-section_min\" data-scroll-section>\n  <div class=\"mobile-gradient\"><\/div>\n  <div class=\"top-section__bg\" >\n    <div class=\"top-section__bg-inner\">\n      <div class=\"top-section__bg-img\" style=\"background-image: url(https:\/\/www.esssecaffe.com\/wp-content\/uploads\/2024\/03\/codice-etico-Essse-Caffe-scaled.jpg)\" data-id=\"6181\"><\/div>\n    <\/div>\n  <\/div>\n  <div class=\"l-container\">\n    <div class=\"top-section__inner\">\n      <div class=\"top-section__info\" data-scroll>\n        <h1 class=\"main-title text-center reveal-text\" data-scroll>FONDAZIONE PER LO SPORT SILVIA RINALDI ONLUS y SPORTFUND ONLUS<\/h1>\n      <\/div>\n    <\/div>\n  <\/div>\n<\/div>\n\n\n\n<div data-scroll-section class=\"l-container\" style=\"margin-bottom: 50px; margin-top: 30px;\"><nav class=\"woocommerce-breadcrumb rank-math-breadcrumb\"><span class=\"last\">Home<\/span><\/nav><\/div>\n\n<div id=\"\" class=\"specific-page-content\">\n\n<div id=\"\" class=\"info  reverse without-title\" data-scroll-section>\n    <div class=\"l-container\">\n        <div class=\"info__row\">\n            <div class=\"info__col info__col_left\">\n                                <div class=\"info__text\">\n                   <div class=\"fade-in-bottom\" data-scroll>\n                       <p>Essse Caff\u00e8 siempre se ha interesado por el tema del deporte, por lo que en los \u00faltimos a\u00f1os nos hemos concentrado en apoyar iniciativas como Sportfund Onlus y Fondazione per lo sport Silvia Rinaldi Onlus, que se dedican a la organizaci\u00f3n y promoci\u00f3n de actividades deportivas e inclusivas de diversa \u00edndole dedicadas a las personas con discapacidad.<\/p>\n<p>En 2019, en colaboraci\u00f3n con Sportfund Onlus, acogimos en nuestra tienda de Via Galliera en Bolonia la muestra fotogr\u00e1fica &#8216;Siblings in Sport&#8217;, que combina nuestro amor por el deporte con el arte y la atenci\u00f3n a una visi\u00f3n inclusiva en todos los \u00e1mbitos: de hecho, la muestra consisti\u00f3 en una serie de instant\u00e1neas dedicadas a parejas de hermanos y hermanas que desaf\u00edan la discapacidad y luchan juntos por el \u00e9xito y la victoria deportiva.<\/p>\n                   <\/div>\n\t\t\t\t\t                         \t\t\t\t\t                   \n                <\/div>\n\t\t\t\t                    \t\t\t\t            <\/div>\n            <div class=\"info__col info__col_right\">\n\n                \n            <\/div>\n        <\/div>\n    <\/div>\n<\/div>\n\n<\/div>","protected":false},"excerpt":{"rendered":"","protected":false},"author":95,"featured_media":0,"parent":6181,"menu_order":410,"comment_status":"closed","ping_status":"closed","template":"","meta":{"inline_featured_image":false,"footnotes":""},"class_list":["post-6191","page","type-page","status-publish","hentry"],"_links":{"self":[{"href":"https:\/\/www.esssecaffe.com\/es\/wp-json\/wp\/v2\/pages\/6191","targetHints":{"allow":["GET"]}}],"collection":[{"href":"https:\/\/www.esssecaffe.com\/es\/wp-json\/wp\/v2\/pages"}],"about":[{"href":"https:\/\/www.esssecaffe.com\/es\/wp-json\/wp\/v2\/types\/page"}],"author":[{"embeddable":true,"href":"https:\/\/www.esssecaffe.com\/es\/wp-json\/wp\/v2\/users\/95"}],"replies":[{"embeddable":true,"href":"https:\/\/www.esssecaffe.com\/es\/wp-json\/wp\/v2\/comments?post=6191"}],"version-history":[{"count":0,"href":"https:\/\/www.esssecaffe.com\/es\/wp-json\/wp\/v2\/pages\/6191\/revisions"}],"up":[{"embeddable":true,"href":"https:\/\/www.esssecaffe.com\/es\/wp-json\/wp\/v2\/pages\/6181"}],"wp:attachment":[{"href":"https:\/\/www.esssecaffe.com\/es\/wp-json\/wp\/v2\/media?parent=6191"}],"curies":[{"name":"wp","href":"https:\/\/api.w.org\/{rel}","templated":true}]}}