{"id":6197,"date":"2022-09-30T13:03:24","date_gmt":"2022-09-30T11:03:24","guid":{"rendered":"https:\/\/www.esssecaffe.com\/el-mundo-de-essse\/essse-caffe-en-el-mundo\/"},"modified":"2022-11-22T17:17:20","modified_gmt":"2022-11-22T16:17:20","slug":"essse-caffe-en-el-mundo","status":"publish","type":"page","link":"https:\/\/www.esssecaffe.com\/es\/el-mundo-de-essse\/essse-caffe-en-el-mundo\/","title":{"rendered":"Essse caff\u00e9 en el mundo"},"content":{"rendered":"<!-- #### array(1) {\n  [\"fields\"]=>\n  array(3) {\n    [\"block_title\"]=>\n    string(0) \"\"\n    [\"title\"]=>\n    string(24) \"Essse Caff\u00e8 en el mundo\"\n    [\"image\"]=>\n    string(0) \"\"\n  }\n}\n--><div class=\"top-section top-section_min\" data-scroll-section>\n  <div class=\"mobile-gradient\"><\/div>\n  <div class=\"top-section__bg\" >\n    <div class=\"top-section__bg-inner\">\n      <div class=\"top-section__bg-img\" style=\"background-image: url(https:\/\/www.esssecaffe.com\/wp-content\/uploads\/2022\/09\/foto-banner.jpg)\" data-id=\"6169\"><\/div>\n    <\/div>\n  <\/div>\n  <div class=\"l-container\">\n    <div class=\"top-section__inner\">\n      <div class=\"top-section__info\" data-scroll>\n        <h1 class=\"main-title text-center reveal-text\" data-scroll>Essse Caff\u00e8 en el mundo<\/h1>\n      <\/div>\n    <\/div>\n  <\/div>\n<\/div>\n\n\n\n<div data-scroll-section class=\"l-container\" style=\"margin-bottom: 50px; margin-top: 30px;\"><nav class=\"woocommerce-breadcrumb rank-math-breadcrumb\"><span class=\"last\">Home<\/span><\/nav><\/div>\n\n<div id=\"\" class=\"specific-page-content\">\n\n<div id=\"\" class=\"info  reverse without-title\" data-scroll-section>\n    <div class=\"l-container\">\n        <div class=\"info__row\">\n            <div class=\"info__col info__col_left\">\n                                <div class=\"info__text\">\n                   <div class=\"fade-in-bottom\" data-scroll>\n                       <p>Tras m\u00e1s de veinte a\u00f1os de experiencia que nos han llevado a una posici\u00f3n de liderazgo en el sector HORECA en Italia, a partir del a\u00f1o 2000, Essse Caff\u00e8 decidi\u00f3 salir de las fronteras nacionales, para conquistar nuevos mercados.<\/p>\n<p>Hoy estamos presente en m\u00e1s de 60 pa\u00edses con posiciones de liderazgo en algunos. Cada a\u00f1o, a trav\u00e9s de nuestras iniciativas, conseguimos crear nuevas asociaciones ampliando nuestra red de distribuidores y, al mismo tiempo, acompa\u00f1amos a nuestros socios para que crezcan org\u00e1nicamente con una estrategia a largo plazo.<\/p>\n<p>Hacer frente a los mercados extranjeros representa para nosotros un reto ambicioso y apasionante, que nos estimula continuamente para mejorar, para responder a todas las exigencias de nuestros clientes. Cada a\u00f1o llevamos al mercado nuevos servicios y elaboraciones para que nuestro producto sea \u00fanico y competitivo en todo el mundo.\u00a0<\/p>\n<p>Contamos con una red de distribuidores fiables y seleccionados que operan compartiendo nuestro c\u00f3digo \u00e9tico, nuestra visi\u00f3n y misi\u00f3n corporativa<\/p>\n<p>La calidad, la constancia y la persistencia de nuestro caf\u00e9 son nuestra carta de presentaci\u00f3n y nuestra fiabilidad es la garant\u00eda de una presencia constante en el tiempo.<\/p>\n<p>Pero esto no es todo. Nuestra contribuci\u00f3n al desarrollo de la cultura del Espresso Italiano es nuestra mayor satisfacci\u00f3n. Nuestro programa de formaci\u00f3n con soporte local es la clave del \u00e9xito de nuestros distribuidores.<\/p>\n<p>Nuestros gerentes y nuestro equipo para el exterior est\u00e1n capacitados para proporcionar el apoyo necesario para ayudar a nuestros socios en su crecimiento y desarrollo en los distintos mercados. Adem\u00e1s la rapidez para ofrecer respuestas inmediatas y soluci\u00f3n a cualquier problema es uno de nuestros puntos fuertes.<\/p>\n<p>Essse Caff\u00e8 participa anualmente en las ferias mundiales m\u00e1s importantes del sector, lo que nos permite, en primer lugar, aumentar nuestra visibilidad y, en segundo lugar, ofrece a nuestros socios la oportunidad de reunirse para conocerse, debatir y apoyarse mutuamente.<\/p>\n                   <\/div>\n\t\t\t\t\t                         \t\t\t\t\t                   \n                <\/div>\n\t\t\t\t                    \t\t\t\t            <\/div>\n            <div class=\"info__col info__col_right\">\n\n                                \n                    <div class=\"image-container\">\n                                                    <div class=\"image-parallax-wrapper\">\n                                <div class=\"image-parallax black-overlay\"\n                                     style=\"background-image: url(https:\/\/www.esssecaffe.com\/wp-content\/uploads\/2022\/10\/Essse-nel-mondo.jpg)\" data-scroll\n                                     data-scroll-speed=\"-3.5\"><\/div>\n                            <\/div>\n                                            <\/div>\n                \n                \n            <\/div>\n        <\/div>\n    <\/div>\n<\/div>\n\n<div class=\"info-more-section info-more-section_contacts\" data-scroll-section>\n    <div class=\"l-container\">\n        <div class=\"info-more\">\n            <h2 class=\"info-more__title text-center title-decoration reveal-text\" data-scroll>Cont\u00e1ctenos<\/h2>\n            <p class=\"fade-in-bottom text-center\" data-scroll>RELLENE NUESTRO FORMULARIO DE CONTACTO<\/p>\n        <\/div>\n    <\/div>\n<\/div>\n\n\n<div class=\"contact-form-wrapper\" data-scroll-section>\n    <div class=\"l-container\">\n        <h2 class=\"section-title contact-form-section__title text-center reveal-text\" data-scroll>\n                    <\/h2>\n       <div class=\"fade-in-bottom\" data-scroll>\n           \n<div class=\"wpcf7 no-js\" id=\"wpcf7-f10120-o1\" lang=\"es-ES\" dir=\"ltr\" data-wpcf7-id=\"10120\">\n<div class=\"screen-reader-response\"><p role=\"status\" aria-live=\"polite\" aria-atomic=\"true\"><\/p> <ul><\/ul><\/div>\n<form action=\"\/es\/wp-json\/wp\/v2\/pages\/6197#wpcf7-f10120-o1\" method=\"post\" class=\"wpcf7-form init contact-form\" aria-label=\"Formulario de contacto\" novalidate=\"novalidate\" data-status=\"init\">\n<fieldset class=\"hidden-fields-container\"><input type=\"hidden\" name=\"_wpcf7\" value=\"10120\" \/><input type=\"hidden\" name=\"_wpcf7_version\" value=\"6.1.5\" \/><input type=\"hidden\" name=\"_wpcf7_locale\" value=\"es_ES\" \/><input type=\"hidden\" name=\"_wpcf7_unit_tag\" value=\"wpcf7-f10120-o1\" \/><input type=\"hidden\" name=\"_wpcf7_container_post\" value=\"0\" \/><input type=\"hidden\" name=\"_wpcf7_posted_data_hash\" value=\"\" \/><input type=\"hidden\" name=\"_wpcf7_recaptcha_response\" value=\"\" \/>\n<\/fieldset>\n<div class=\"contact-form__container\">\n<div class=\"contact-form__row\">\n<div class=\"form-group\">\n<label for=\"first-name\">Nombre *<\/label>\n<span class=\"wpcf7-form-control-wrap\" data-name=\"first_name\"><input size=\"40\" maxlength=\"400\" class=\"wpcf7-form-control wpcf7-text wpcf7-validates-as-required\" id=\"first-name\" aria-required=\"true\" aria-invalid=\"false\" value=\"\" type=\"text\" name=\"first_name\" \/><\/span>\n<\/div>\n<div class=\"form-group\">\n<label for=\"last-name\">Appelido *<\/label>\n<span class=\"wpcf7-form-control-wrap\" data-name=\"last_name\"><input size=\"40\" maxlength=\"400\" class=\"wpcf7-form-control wpcf7-text wpcf7-validates-as-required\" id=\"last-name\" aria-required=\"true\" aria-invalid=\"false\" value=\"\" type=\"text\" name=\"last_name\" \/><\/span>\n<\/div>\n<\/div>\n<div class=\"contact-form__row\">\n<div class=\"form-group\">\n<label for=\"last-name\">Raz\u00f3n social<\/label>\n<span class=\"wpcf7-form-control-wrap\" data-name=\"ragione_sociale\"><input size=\"40\" maxlength=\"400\" class=\"wpcf7-form-control wpcf7-text wpcf7-validates-as-required\" id=\"ragione-sociale\" aria-required=\"true\" aria-invalid=\"false\" value=\"\" type=\"text\" name=\"ragione_sociale\" \/><\/span>\n<\/div>\n<div class=\"form-group\">\n<label for=\"products\">Ciudad *<\/label>\n<span class=\"wpcf7-form-control-wrap\" data-name=\"city\"><select class=\"wpcf7-form-control wpcf7-select wpcf7-validates-as-required\" id=\"city\" aria-required=\"true\" aria-invalid=\"false\" name=\"city\"><option value=\"\">Seleccionar<\/option><option value=\"Seleccionar2\">Seleccionar2<\/option><option value=\"Seleccionar3\">Seleccionar3<\/option><option value=\"Seleccionar4\">Seleccionar4<\/option><\/select><\/span>\n<\/div>\n<\/div>\n<div class=\"contact-form__row\">\n<div class=\"form-group\">\n<label for=\"last-name\">Provincia<\/label>\n<span class=\"wpcf7-form-control-wrap\" data-name=\"provincia\"><input size=\"40\" maxlength=\"400\" class=\"wpcf7-form-control wpcf7-text wpcf7-validates-as-required\" id=\"provincia\" aria-required=\"true\" aria-invalid=\"false\" value=\"\" type=\"text\" name=\"provincia\" \/><\/span>\n<\/div>\n<div class=\"form-group\">\n<label for=\"email\">Correo*<\/label>\n<span class=\"wpcf7-form-control-wrap\" data-name=\"email\"><input size=\"40\" maxlength=\"400\" class=\"wpcf7-form-control wpcf7-email wpcf7-validates-as-required wpcf7-text wpcf7-validates-as-email\" id=\"email\" aria-required=\"true\" aria-invalid=\"false\" value=\"\" type=\"email\" name=\"email\" \/><\/span>\n<\/div>\n<\/div>\n<div class=\"contact-form__row\">\n<div class=\"form-group\">\n<label for=\"tel\">Tel\u00e9fono*<\/label>\n<span class=\"wpcf7-form-control-wrap\" data-name=\"phone\"><input size=\"40\" maxlength=\"400\" class=\"wpcf7-form-control wpcf7-tel wpcf7-validates-as-required wpcf7-text wpcf7-validates-as-tel\" id=\"tel\" aria-required=\"true\" aria-invalid=\"false\" value=\"\" type=\"tel\" name=\"phone\" \/><\/span>\n<\/div>\n<\/div>\n<div class=\"textarea-group\">\n<div class=\"form-group\">\n<label for=\"message\">Deja un mensaje *<\/label>\n<span class=\"wpcf7-form-control-wrap\" data-name=\"message\"><textarea cols=\"40\" rows=\"10\" maxlength=\"2000\" class=\"wpcf7-form-control wpcf7-textarea wpcf7-validates-as-required\" id=\"message\" aria-required=\"true\" aria-invalid=\"false\" name=\"message\"><\/textarea><\/span>\n<\/div>\n<\/div>\n<div class=\"acceptance\">\n<span class=\"acceptance-title\">Consentimiento expl\u00edcito *<\/span><span class=\"wpcf7-form-control-wrap\" data-name=\"acceptance\"><span class=\"wpcf7-form-control wpcf7-acceptance\"><span class=\"wpcf7-list-item\"><input type=\"checkbox\" name=\"acceptance\" value=\"1\" id=\"checkbox\" aria-invalid=\"false\" \/><\/span><\/span><\/span>\n<label class=\"acceptance-label\" for=\"checkbox\"><span>Autorizo el tratamiento de mis datos para atender mi solicitud.<br> Los datos personales se tratar\u00e1n de acuerdo con la informaci\u00f3n de la secci\u00f3n de <a target=\"_blank\" href=\"#\">Privacidad<\/a>*.<\/span><\/label>\n<\/div>\n<div class=\"centered-content\"><input class=\"wpcf7-form-control wpcf7-submit has-spinner form-btn\" type=\"submit\" value=\"Enviar mensaje\" \/><\/div>\n<\/div><div class=\"wpcf7-response-output\" aria-hidden=\"true\"><\/div>\n<\/form>\n<\/div>\n           <a href=\"#show-form\" class=\"main-button form-btn toggle-form-mobile__btn\">Clicca qui<\/a>\n       <\/div>\n    <\/div>\n<\/div>\n\n<\/div>","protected":false},"excerpt":{"rendered":"","protected":false},"author":95,"featured_media":6775,"parent":6169,"menu_order":616,"comment_status":"closed","ping_status":"closed","template":"","meta":{"inline_featured_image":false,"footnotes":""},"class_list":["post-6197","page","type-page","status-publish","has-post-thumbnail","hentry"],"_links":{"self":[{"href":"https:\/\/www.esssecaffe.com\/es\/wp-json\/wp\/v2\/pages\/6197","targetHints":{"allow":["GET"]}}],"collection":[{"href":"https:\/\/www.esssecaffe.com\/es\/wp-json\/wp\/v2\/pages"}],"about":[{"href":"https:\/\/www.esssecaffe.com\/es\/wp-json\/wp\/v2\/types\/page"}],"author":[{"embeddable":true,"href":"https:\/\/www.esssecaffe.com\/es\/wp-json\/wp\/v2\/users\/95"}],"replies":[{"embeddable":true,"href":"https:\/\/www.esssecaffe.com\/es\/wp-json\/wp\/v2\/comments?post=6197"}],"version-history":[{"count":0,"href":"https:\/\/www.esssecaffe.com\/es\/wp-json\/wp\/v2\/pages\/6197\/revisions"}],"up":[{"embeddable":true,"href":"https:\/\/www.esssecaffe.com\/es\/wp-json\/wp\/v2\/pages\/6169"}],"wp:featuredmedia":[{"embeddable":true,"href":"https:\/\/www.esssecaffe.com\/es\/wp-json\/wp\/v2\/media\/6775"}],"wp:attachment":[{"href":"https:\/\/www.esssecaffe.com\/es\/wp-json\/wp\/v2\/media?parent=6197"}],"curies":[{"name":"wp","href":"https:\/\/api.w.org\/{rel}","templated":true}]}}