{"id":6264,"date":"2022-10-04T09:13:38","date_gmt":"2022-10-04T07:13:38","guid":{"rendered":"https:\/\/www.esssecaffe.com\/linea-profesional\/"},"modified":"2022-11-02T13:54:40","modified_gmt":"2022-11-02T12:54:40","slug":"linea-profesional","status":"publish","type":"page","link":"https:\/\/www.esssecaffe.com\/es\/linea-profesional\/","title":{"rendered":"L\u00ednea Profesional"},"content":{"rendered":"<div class=\"top-section full-screen-section\" data-scroll-section>\n\n    <div class=\"top-section__bg\">\n    <div class=\"top-section__bg-img\" style=\"background-image: url(https:\/\/www.esssecaffe.com\/wp-content\/uploads\/2021\/12\/professional_above_the_fold.jpg)\" data-scroll><\/div>\n\n    <\/div>\n    <div class=\"l-container\">rddd\n        <div class=\"top-section__inner\">\n            <div class=\"top-section__info\" data-scroll>\n                <div class=\"top-section__info-inner\">\n                    <h1 class=\"main-title text-center reveal-text\" data-scroll>L\u00cdNEA PROFESIONAL<\/h1>\n                    <p class=\"main-description text-center fade-in-bottom\" data-scroll>En m\u00e1s de cuarenta a\u00f1os de compromiso, dedicaci\u00f3n, estudio e investigaci\u00f3n, Essse Caff\u00e8 se ha convertido en l\u00edder del mercado y marca de referencia en el mundo HORECA. El conocimiento exhaustivo del sector, desde el caf\u00e9 crudo hasta el caf\u00e9 en taza, desde la torrefacci\u00f3n hasta el envasado, desde el equipamiento profesional hasta la extracci\u00f3n del espresso, permite a Essse Caff\u00e8 acompa\u00f1ar a sus clientes en todo lo que necesiten a lo largo del tiempo.<\/p>\n                <\/div>\n            <\/div>\n        <\/div>\n    <\/div>\n        <a href=\"#info-professional\" class=\"scroll-down bounce\" data-scroll-to data-scroll\n       data-scroll-speed=\"-0.3\" data-scroll-position=\"top\" data-scroll-delay=\"0.05\">\n        <svg width=\"101\" height=\"53\" viewBox=\"0 0 101 53\" fill=\"none\" xmlns=\"http:\/\/www.w3.org\/2000\/svg\">\n            <path d=\"M2.12207 2.125L50.793 50.796L99.4641 2.125\" stroke=\"white\" stroke-width=\"3\"\n                  stroke-linecap=\"round\" stroke-linejoin=\"round\"\/>\n        <\/svg>\n    <\/a>\n    <\/div>\n\n\n\n<div data-scroll-section class=\"l-container\" style=\"margin-bottom: 50px; margin-top: 30px;\"><nav class=\"woocommerce-breadcrumb rank-math-breadcrumb\"><span class=\"last\">Home<\/span><\/nav><\/div>\n\n<div id=\"info-professional\" class=\"info   \" data-scroll-section >\n    <div class=\"l-container\">\n        <div class=\"info__row\">\n            <div class=\"info__col info__col_left\">\n                <div class=\"info__title\">\n                    <h2 class=\"main-title title-decoration reveal-text\" data-scroll>ESSSE CAF\u00c9 PARA PROFESIONALES<\/h2>\n                <\/div>\n                                            <div class=\"info__description\">\n                                <p class=\"fade-in-bottom\" data-scroll>Scienza, Sapienza, Specializzazione (ciencia, sabidur\u00eda, especializaci\u00f3n): estos son los tres valores que resumen la filosof\u00eda de Essse Caff\u00e8, basada en el conocimiento y la experiencia y orientada a la innovaci\u00f3n, gracias a la b\u00fasqueda continua de la mejor propiedad organol\u00e9ptica y constancia de las mezclas. Valores que permitieron a Essse convertirse en los especialistas del espresso italiano.<\/p>\n                            <\/div>\n                                                                                                                                                  \n                                <a href=\"\" class=\"main-link\" >\n                                    <div class=\"main-link__flex fade-in-bottom\" data-scroll>\n                                        <svg width=\"30\" height=\"29\" viewBox=\"0 0 30 29\" fill=\"none\"\n                                             xmlns=\"http:\/\/www.w3.org\/2000\/svg\">\n                                            <path d=\"M7.45662 1.00302C7.33562 0.996017 27.7096 1.02603 27.7096 1.02603L20.3366 24.48C19.6186 26.257 18.0306 27.242 15.6996 27.438C14.1883 27.5313 12.6773 27.2514 11.2996 26.623C3.35963 23.19 -0.678357 14.558 1.65864 5.22802C2.01725 3.9787 2.78243 2.88474 3.83302 2.11944C4.88361 1.35414 6.15952 0.961249 7.45863 1.00302\"\n                                                  stroke=\"#BF0020\" fill=\"transparent\" stroke-width=\"2\"\/>\n                                        <\/svg>\n                                        <span>IR AL MUNDO DE LOS PROFESIONALES<\/span>\n                                    <\/div>\n                                <\/a>\n                                                                                                                                                <\/div>\n            <div class=\"info__col info__col_right\">\n                <div class=\"image-container\">\n\n                                            <div class=\"image-parallax-wrapper\">\n\t\t\t\n                            <div class=\"image-parallax black-overlay\"\n                                 style=\"background-image: url(https:\/\/www.esssecaffe.com\/wp-content\/uploads\/2022\/09\/per-i-professionisti-1.jpg)\" \n                                 data-scroll\n                                 data-scroll-speed=\"-3.5\">\n\t\t\t\t<\/div>\n                        <\/div>\n                                    <\/div>\n            <\/div>\n        <\/div>\n    <\/div>\n<\/div>\n\n<div id=\"\" class=\"info  reverse \" data-scroll-section >\n    <div class=\"l-container\">\n        <div class=\"info__row\">\n            <div class=\"info__col info__col_left\">\n                <div class=\"info__title\">\n                    <h2 class=\"main-title title-decoration reveal-text\" data-scroll>MUNDO OCS Y M\u00c1QUINAS EXPENDEDORAS<br \/>\n<\/h2>\n                <\/div>\n                                            <div class=\"info__description\">\n                                <p class=\"fade-in-bottom\" data-scroll>La actividad intensa y constante de especializaci\u00f3n que hemos llevado a cabo junto a los profesionales del mundo del bar desde 1979 nos ha permitido desarrollar el exclusivo Espresso System, un modelo de m\u00e1quina de c\u00e1psulas capaz de ofrecer una excelente pausa para el caf\u00e9 tambi\u00e9n en la oficina y en casa.\n<\/p>\n                            <\/div>\n                                                                                                                                                  \n                                <a href=\"\" class=\"main-link\" >\n                                    <div class=\"main-link__flex fade-in-bottom\" data-scroll>\n                                        <svg width=\"30\" height=\"29\" viewBox=\"0 0 30 29\" fill=\"none\"\n                                             xmlns=\"http:\/\/www.w3.org\/2000\/svg\">\n                                            <path d=\"M7.45662 1.00302C7.33562 0.996017 27.7096 1.02603 27.7096 1.02603L20.3366 24.48C19.6186 26.257 18.0306 27.242 15.6996 27.438C14.1883 27.5313 12.6773 27.2514 11.2996 26.623C3.35963 23.19 -0.678357 14.558 1.65864 5.22802C2.01725 3.9787 2.78243 2.88474 3.83302 2.11944C4.88361 1.35414 6.15952 0.961249 7.45863 1.00302\"\n                                                  stroke=\"#BF0020\" fill=\"transparent\" stroke-width=\"2\"\/>\n                                        <\/svg>\n                                        <span>IR AL MUNDO OCS Y M\u00c1QUINAS EXPENDEDORAS<\/span>\n                                    <\/div>\n                                <\/a>\n                                                                                                                                                <\/div>\n            <div class=\"info__col info__col_right\">\n                <div class=\"image-container\">\n\n                                            <div class=\"image-parallax-wrapper\">\n\t\t\t\n                            <div class=\"image-parallax black-overlay\"\n                                 style=\"background-image: url(https:\/\/www.esssecaffe.com\/wp-content\/uploads\/2021\/12\/Essse_prova01_retouch_00017-scaled.jpg)\" \n                                 data-scroll\n                                 data-scroll-speed=\"-3.5\">\n\t\t\t\t<\/div>\n                        <\/div>\n                                    <\/div>\n            <\/div>\n        <\/div>\n    <\/div>\n<\/div>","protected":false},"excerpt":{"rendered":"","protected":false},"author":95,"featured_media":0,"parent":0,"menu_order":625,"comment_status":"closed","ping_status":"closed","template":"","meta":{"inline_featured_image":false,"footnotes":""},"class_list":["post-6264","page","type-page","status-publish","hentry"],"_links":{"self":[{"href":"https:\/\/www.esssecaffe.com\/es\/wp-json\/wp\/v2\/pages\/6264","targetHints":{"allow":["GET"]}}],"collection":[{"href":"https:\/\/www.esssecaffe.com\/es\/wp-json\/wp\/v2\/pages"}],"about":[{"href":"https:\/\/www.esssecaffe.com\/es\/wp-json\/wp\/v2\/types\/page"}],"author":[{"embeddable":true,"href":"https:\/\/www.esssecaffe.com\/es\/wp-json\/wp\/v2\/users\/95"}],"replies":[{"embeddable":true,"href":"https:\/\/www.esssecaffe.com\/es\/wp-json\/wp\/v2\/comments?post=6264"}],"version-history":[{"count":0,"href":"https:\/\/www.esssecaffe.com\/es\/wp-json\/wp\/v2\/pages\/6264\/revisions"}],"wp:attachment":[{"href":"https:\/\/www.esssecaffe.com\/es\/wp-json\/wp\/v2\/media?parent=6264"}],"curies":[{"name":"wp","href":"https:\/\/api.w.org\/{rel}","templated":true}]}}