{"id":6270,"date":"2022-10-04T09:17:00","date_gmt":"2022-10-04T07:17:00","guid":{"rendered":"https:\/\/www.esssecaffe.com\/linea-profesional\/para-los-profesionales\/productos-para-los-profesionales\/"},"modified":"2022-11-22T17:28:46","modified_gmt":"2022-11-22T16:28:46","slug":"productos-para-los-profesionales","status":"publish","type":"page","link":"https:\/\/www.esssecaffe.com\/es\/linea-profesional\/para-los-profesionales\/productos-para-los-profesionales\/","title":{"rendered":"Productos para los profesionales"},"content":{"rendered":"<!-- #### array(1) {\n  [\"fields\"]=>\n  array(3) {\n    [\"block_title\"]=>\n    string(0) \"\"\n    [\"title\"]=>\n    string(32) \"Productos para los profesionales\"\n    [\"image\"]=>\n    string(75) \"https:\/\/www.esssecaffe.com\/wp-content\/uploads\/2021\/10\/per-Il-tuo-bar-bg.png\"\n  }\n}\n--><div class=\"top-section top-section_min\" data-scroll-section>\n  <div class=\"mobile-gradient\"><\/div>\n  <div class=\"top-section__bg\" >\n    <div class=\"top-section__bg-inner\">\n      <div class=\"top-section__bg-img\" style=\"background-image: url(https:\/\/www.esssecaffe.com\/wp-content\/uploads\/2022\/09\/per-i-professionisti.jpg)\" data-id=\"20718\"><\/div>\n    <\/div>\n  <\/div>\n  <div class=\"l-container\">\n    <div class=\"top-section__inner\">\n      <div class=\"top-section__info\" data-scroll>\n        <h1 class=\"main-title text-center reveal-text\" data-scroll>Productos para los profesionales<\/h1>\n      <\/div>\n    <\/div>\n  <\/div>\n<\/div>\n\n\n\n<div data-scroll-section class=\"l-container\" style=\"margin-bottom: 50px; margin-top: 30px;\"><nav class=\"woocommerce-breadcrumb rank-math-breadcrumb\"><span class=\"last\">Home<\/span><\/nav><\/div>\n\n<div id=\"\" class=\"products-for-professionals\">\n\n<div id=\"\" class=\"info   overflow-visible\" data-scroll-section >\n    <div class=\"l-container\">\n        <div class=\"info__row\">\n            <div class=\"info__col info__col_left\">\n                <div class=\"info__title\">\n                    <h2 class=\"main-title title-decoration reveal-text\" data-scroll>LAS MEZCLAS DE CAF\u00c9 EN GRANOS <br \/>\n<\/h2>\n                <\/div>\n                                            <div class=\"info__description\">\n                                <p class=\"fade-in-bottom\" data-scroll>Essse es el caf\u00e9 de los profesionales. Desde 1979, nuestra empresa propone una serie de mezclas que son el resultado de la scienza, sapienza e specializzazione (ciencia, sabidur\u00eda y especializaci\u00f3n), que dan el m\u00e1ximo valor al trabajo del barista, ofreciendo un espresso siempre extra\u00eddo a la perfecci\u00f3n, armonioso, elegante y consistente en el tiempo. <\/p>\n                            <\/div>\n                                                                                                                                                  \n                                <a href=\"\" class=\"main-link\" >\n                                    <div class=\"main-link__flex fade-in-bottom\" data-scroll>\n                                        <svg width=\"30\" height=\"29\" viewBox=\"0 0 30 29\" fill=\"none\"\n                                             xmlns=\"http:\/\/www.w3.org\/2000\/svg\">\n                                            <path d=\"M7.45662 1.00302C7.33562 0.996017 27.7096 1.02603 27.7096 1.02603L20.3366 24.48C19.6186 26.257 18.0306 27.242 15.6996 27.438C14.1883 27.5313 12.6773 27.2514 11.2996 26.623C3.35963 23.19 -0.678357 14.558 1.65864 5.22802C2.01725 3.9787 2.78243 2.88474 3.83302 2.11944C4.88361 1.35414 6.15952 0.961249 7.45863 1.00302\"\n                                                  stroke=\"#BF0020\" fill=\"transparent\" stroke-width=\"2\"\/>\n                                        <\/svg>\n                                        <span>DESCUBRE LAS MEZCLAS DE CAF\u00c9 EN GRANOS<\/span>\n                                    <\/div>\n                                <\/a>\n                                                                                                                                                <\/div>\n            <div class=\"info__col info__col_right\">\n                <div class=\"image-container\">\n\n                                            <div class=\"image-inner fade-in-bottom\" data-scroll>\n                            <div class=\"image-product\" style=\"background-image: url(https:\/\/www.esssecaffe.com\/wp-content\/uploads\/2022\/10\/Groupage-grani_4.png)\">\n                                <div class=\"image-bg\"><\/div>\n                            <\/div>\n                        <\/div>\n                                    <\/div>\n            <\/div>\n        <\/div>\n    <\/div>\n<\/div>\n\n<div id=\"\" class=\"info without-bg reverse \" data-scroll-section >\n    <div class=\"l-container\">\n        <div class=\"info__row\">\n            <div class=\"info__col info__col_left\">\n                <div class=\"info__title\">\n                    <h2 class=\"main-title title-decoration reveal-text\" data-scroll>LOS OR\u00cdGENES DE LA MEZCLA MASINI <\/h2>\n                <\/div>\n                                            <div class=\"info__description\">\n                                <p class=\"fade-in-bottom\" data-scroll>El buque insignia de Essse Caff\u00e8, Mezcla Masini, nace en 1952 de una idea de Giampiero Segafredo.  En 1979, casi 30 a\u00f1os despu\u00e9s, Francesco Segafredo, hijo de Giampiero, tuvo la intuici\u00f3n de recrear esta excepcional mezcla, que hoy es punto de referencia para quien busca la excelencia del espresso.\n<\/p>\n                            <\/div>\n                                                                                                                                                  \n                                <a href=\"\" class=\"main-link\" >\n                                    <div class=\"main-link__flex fade-in-bottom\" data-scroll>\n                                        <svg width=\"30\" height=\"29\" viewBox=\"0 0 30 29\" fill=\"none\"\n                                             xmlns=\"http:\/\/www.w3.org\/2000\/svg\">\n                                            <path d=\"M7.45662 1.00302C7.33562 0.996017 27.7096 1.02603 27.7096 1.02603L20.3366 24.48C19.6186 26.257 18.0306 27.242 15.6996 27.438C14.1883 27.5313 12.6773 27.2514 11.2996 26.623C3.35963 23.19 -0.678357 14.558 1.65864 5.22802C2.01725 3.9787 2.78243 2.88474 3.83302 2.11944C4.88361 1.35414 6.15952 0.961249 7.45863 1.00302\"\n                                                  stroke=\"#BF0020\" fill=\"transparent\" stroke-width=\"2\"\/>\n                                        <\/svg>\n                                        <span>DESCUBRE M\u00c1S<\/span>\n                                    <\/div>\n                                <\/a>\n                                                                                                                                                <\/div>\n            <div class=\"info__col info__col_right\">\n                <div class=\"image-container\">\n\n                                            <div class=\"image-parallax-wrapper\">\n\t\t\t\n                            <div class=\"image-parallax black-overlay\"\n                                 style=\"background-image: url(https:\/\/www.esssecaffe.com\/wp-content\/uploads\/2021\/10\/img-24.png)\" \n                                 data-scroll\n                                 data-scroll-speed=\"-3.5\">\n\t\t\t\t<\/div>\n                        <\/div>\n                                    <\/div>\n            <\/div>\n        <\/div>\n    <\/div>\n<\/div>\n\n<div id=\"\" class=\"info without-bg  \" data-scroll-section >\n    <div class=\"l-container\">\n        <div class=\"info__row\">\n            <div class=\"info__col info__col_left\">\n                <div class=\"info__title\">\n                    <h2 class=\"main-title title-decoration reveal-text\" data-scroll>CAF\u00c9 MONODOSIS <\/h2>\n                <\/div>\n                                            <div class=\"info__description\">\n                                <p class=\"fade-in-bottom\" data-scroll>Para algunas actividades, la monodosis es la soluci\u00f3n ideal. Essse Caff\u00e8 ofrece varias alternativas, que se adaptan perfectamente a todas las exigencias de consumo: desde las c\u00e1psulas compatibles, hasta el exclusivo sistema propio, el Espresso System. \n<\/p>\n                            <\/div>\n                                                                                                                                                                                                                                <\/div>\n            <div class=\"info__col info__col_right\">\n                <div class=\"image-container\">\n\n                                            <div class=\"image-parallax-wrapper\">\n\t\t\t\n                            <div class=\"image-parallax black-overlay\"\n                                 style=\"background-image: url(https:\/\/www.esssecaffe.com\/wp-content\/uploads\/2022\/10\/Monoporzionate_ok.jpg)\" \n                                 data-scroll\n                                 data-scroll-speed=\"-3.5\">\n\t\t\t\t<\/div>\n                        <\/div>\n                                    <\/div>\n            <\/div>\n        <\/div>\n    <\/div>\n<\/div>\n\n<div id=\"\" class=\"info without-bg reverse \" data-scroll-section >\n    <div class=\"l-container\">\n        <div class=\"info__row\">\n            <div class=\"info__col info__col_left\">\n                <div class=\"info__title\">\n                    <h2 class=\"main-title title-decoration reveal-text\" data-scroll>LAS BEBIDAS COMPLEMENTARIAS <\/h2>\n                <\/div>\n                                            <div class=\"info__description\">\n                                <p class=\"fade-in-bottom\" data-scroll>No solo espresso. La gama de productos Essse Caff\u00e8 va m\u00e1s all\u00e1 para satisfacer numerosas exigencias de consumo. Hablamos de sustitutos del caf\u00e9, como la malta, el ginseng pero tambi\u00e9n de t\u00e9s e infusiones, chocolate a la taza, yogures y granizados.<\/p>\n                            <\/div>\n                                                                                                                                                                                                                                <\/div>\n            <div class=\"info__col info__col_right\">\n                <div class=\"image-container\">\n\n                                            <div class=\"image-parallax-wrapper\">\n\t\t\t\n                            <div class=\"image-parallax black-overlay\"\n                                 style=\"background-image: url(https:\/\/www.esssecaffe.com\/wp-content\/uploads\/2022\/07\/bevande-complementari.jpg)\" \n                                 data-scroll\n                                 data-scroll-speed=\"-3.5\">\n\t\t\t\t<\/div>\n                        <\/div>\n                                    <\/div>\n            <\/div>\n        <\/div>\n    <\/div>\n<\/div>\n\n<\/div>","protected":false},"excerpt":{"rendered":"","protected":false},"author":95,"featured_media":0,"parent":20718,"menu_order":604,"comment_status":"closed","ping_status":"closed","template":"","meta":{"inline_featured_image":false,"footnotes":""},"class_list":["post-6270","page","type-page","status-publish","hentry"],"_links":{"self":[{"href":"https:\/\/www.esssecaffe.com\/es\/wp-json\/wp\/v2\/pages\/6270","targetHints":{"allow":["GET"]}}],"collection":[{"href":"https:\/\/www.esssecaffe.com\/es\/wp-json\/wp\/v2\/pages"}],"about":[{"href":"https:\/\/www.esssecaffe.com\/es\/wp-json\/wp\/v2\/types\/page"}],"author":[{"embeddable":true,"href":"https:\/\/www.esssecaffe.com\/es\/wp-json\/wp\/v2\/users\/95"}],"replies":[{"embeddable":true,"href":"https:\/\/www.esssecaffe.com\/es\/wp-json\/wp\/v2\/comments?post=6270"}],"version-history":[{"count":0,"href":"https:\/\/www.esssecaffe.com\/es\/wp-json\/wp\/v2\/pages\/6270\/revisions"}],"up":[{"embeddable":true,"href":"https:\/\/www.esssecaffe.com\/es\/wp-json\/wp\/v2\/pages\/20718"}],"wp:attachment":[{"href":"https:\/\/www.esssecaffe.com\/es\/wp-json\/wp\/v2\/media?parent=6270"}],"curies":[{"name":"wp","href":"https:\/\/api.w.org\/{rel}","templated":true}]}}