{"id":9088,"date":"2022-11-17T10:50:07","date_gmt":"2022-11-17T09:50:07","guid":{"rendered":"https:\/\/www.esssecaffe.com\/linea-home\/capsulas-sistema-espresso\/caffe-monorigine-honduras-san-andres-capsules\/"},"modified":"2022-12-12T12:31:40","modified_gmt":"2022-12-12T11:31:40","slug":"cafe-de-origen-unico-honduras-san-andres","status":"publish","type":"page","link":"https:\/\/www.esssecaffe.com\/es\/linea-home\/capsulas-sistema-espresso\/cafe-de-origen-unico-honduras-san-andres\/","title":{"rendered":"C\u00e1psulas de Caf\u00e9 de Origen \u00danico Honduras San Andr\u00e9s"},"content":{"rendered":"<div id=\"\" class=\"product-section\">\n\n\n\n<div data-scroll-section class=\"l-container\" style=\"margin-bottom: 50px; margin-top: 30px;\"><nav class=\"woocommerce-breadcrumb rank-math-breadcrumb\"><span class=\"last\">Home<\/span><\/nav><\/div>\n\n<div data-scroll-section>\n    <div class=\"l-container\">\n        <div class=\"product-flex product-flex_product\">\n            <div class=\"product-gallery with-coffee-bg\">\n                <div class=\"product-gallery-bg\"><\/div>\n                <div class=\"product-gallery-image\">\n                    <img loading=\"lazy\" decoding=\"async\" width=\"355\" height=\"465\" src=\"https:\/\/www.esssecaffe.com\/wp-content\/uploads\/2022\/09\/Honduras-1.png\" class=\"attachment-full size-full\" alt=\"\" srcset=\"https:\/\/www.esssecaffe.com\/wp-content\/uploads\/2022\/09\/Honduras-1.png 355w, https:\/\/www.esssecaffe.com\/wp-content\/uploads\/2022\/09\/Honduras-1-229x300.png 229w, https:\/\/www.esssecaffe.com\/wp-content\/uploads\/2022\/09\/Honduras-1-220x288.png 220w, https:\/\/www.esssecaffe.com\/wp-content\/uploads\/2022\/09\/Honduras-1-230x301.png 230w\" sizes=\"auto, (max-width: 355px) 100vw, 355px\" \/>                <\/div>\n            <\/div>\n            <div class=\"product-info\">\n                <div class=\"product-info__inner\">\n                    <p class=\"h1 product-title title-decoration reveal-text\" data-scroll>C\u00e1psulas de Caf\u00e9 de Origen \u00danico Honduras San Andr\u00e9s<\/p>\n                    <div class=\"product-description fade-in-bottom\" data-scroll>\n                        <div class=\"page\" title=\"Page 8\">\n<div class=\"section\">\n<div class=\"layoutArea\">\n<div class=\"column\">\n<p>Honduras San Andr\u00e9s en c\u00e1psulas Essse sabe c\u00f3mo conquistarte con su <b>cuerpo estructurado e intenso<\/b>: un puro Ar\u00e1bica de Am\u00e9rica Central.<\/p>\n<p>Este excelente caf\u00e9 es el resultado de una <b>cadena \u00e9tica<\/b> y de producciones <b>ecosostenibles.<\/b><\/p>\n<p><b>DESCRIPCI\u00d3N DEL PRODUCTO<\/b><\/p>\n<p>Las c\u00e1psulas Honduras San Andr\u00e9s participan en la nueva l\u00ednea de origen \u00fanico Latitudini Itinerari Sensoriali de Essse Caff\u00e8, donde hemos decidido hacerte <b>descubrir aromas \u00fanicos y originales.<\/b><\/p>\n<p>Honduras San Andr\u00e9s cuenta con la certificaci\u00f3n RainForest Alliance y FSC, que garantiza un caf\u00e9 no solo de sabor delicioso, sino tambi\u00e9n <b>\u00e9tico y sostenible.<\/b><span class=\"Apple-converted-space\">\u00a0<\/span><\/p>\n<p><b>SABOR<\/b><\/p>\n<p>Prepara tus papilas gustativas para un viaje incre\u00edble: Honduras San Andr\u00e9s se presenta en la taza con mucho cuerpo y estructura.<\/p>\n<p>Al probarlo se percibe la particularidad de este Ar\u00e1bica: su <b>sabor dulce tiene notas de frutos secos, cacao, tabaco y caramelo<\/b>, sin dejar de lado los aromas particulares de <b>especias y c\u00edtricos.<\/b><\/p>\n<p>El regusto de Honduras San Andr\u00e9s te dejar\u00e1 un <b>aroma a licor,<\/b> equilibrado por las <b>notas afrutadas<\/b> que lo hacen \u00fanico.<span class=\"Apple-converted-space\">\u00a0<\/span><\/p>\n<p><b>MEZCLA<span class=\"Apple-converted-space\">\u00a0<\/span><\/b><\/p>\n<p>Las c\u00e1psulas Honduras San Andr\u00e9s son perfectas para degustar este Ar\u00e1bica <b>de especialidad<\/b> <b>cosechada a mano<\/b> y tratada con el m\u00e9todo de lavado.<\/p>\n<p>El tueste elegido por el equipo de Essse Caff\u00e8 es un tueste medio, que permite conservar la caracter\u00edstica de moderada acidez equilibrada por sus notas dulces.<\/p>\n<p><b>MOMENTO DE CONSUMO<\/b><\/p>\n<p>Honduras San Andr\u00e9s es 100% Ar\u00e1bica con un sabor especial y extraordinariamente perfecto, para concederse un placer a media ma\u00f1ana o a \u00faltima hora de la tarde, gracias a su bajo contenido de cafe\u00edna. Pru\u00e9balo solo, te dejar\u00e1 el paladar fresco y con sabor a especias.<span class=\"Apple-converted-space\">\u00a0<\/span><\/p>\n<p><b>Descubre Honduras San Andr\u00e9s y d\u00e9jate conquistar por el encanto de Am\u00e9rica Central. Todo dentro de una taza.<\/b><\/p>\n<\/div>\n<\/div>\n<\/div>\n<\/div>\n                    <\/div>\n                    <div class=\"product-features\">\n                        \t\t\t\t\t\t <div class=\"products-icons\">\n                        <div class=\"product-features__item product-features__item_roasting\">\n                            <div class=\"product-features__name\">Asado<\/div>\n                            <div class=\"product-roasting__icon medium\">\n                                <svg width=\"41\" height=\"55\" viewBox=\"0 0 41 55\" fill=\"none\" xmlns=\"http:\/\/www.w3.org\/2000\/svg\">\n                                    <path d=\"M23.3257 36.0765C23.9491 37.4673 24.4348 38.9159 24.7757 40.4015C25.5069 44.0016 25.2796 47.7307 24.1167 51.2155C23.8996 52.2539 23.3773 53.2038 22.6167 53.9435C21.876 54.5045 20.973 54.8099 20.0437 54.8135C17.5033 55.0482 14.9474 54.5773 12.6574 53.4527C10.3674 52.328 8.43213 50.5933 7.06473 48.4395C4.4466 44.6793 2.50387 40.4917 1.32373 36.0645\" fill=\"#fff\"\/>\n                                    <path d=\"M0.825684 17.7865C1.28226 15.5856 1.92421 13.4272 2.74467 11.3345C3.80693 8.30201 5.80235 5.68382 8.44469 3.85553C10.5456 2.47837 12.9307 1.59431 15.4217 1.26953C15.2217 2.61453 15.0657 3.89052 14.8507 5.15952C14.5087 7.19052 14.0817 9.20753 13.7797 11.2435C13.4498 13.4115 13.4427 15.6164 13.7587 17.7865\" fill=\"#fff\"\/>\n                                    <path d=\"M40.033 36.0645C39.962 36.3555 39.887 36.6475 39.809 36.9375C39.0481 40.2565 37.7751 43.4369 36.036 46.3645C34.0352 49.4336 31.0904 51.7688 27.646 53.0175C27.816 52.1325 27.971 51.3175 28.128 50.5015C28.534 48.3805 29.038 46.2715 29.328 44.1345C29.7805 41.4239 29.4994 38.6417 28.514 36.0765\" fill=\"#fff\"\/>\n                                    <path d=\"M18.1256 17.7863C17.9783 17.0297 17.867 16.263 17.7916 15.4863C17.4586 11.4534 17.7568 7.39326 18.6756 3.45232C18.7857 2.86002 18.9408 2.277 19.1396 1.70833C19.2937 1.14918 19.651 0.667737 20.1416 0.35842C20.6322 0.0491034 21.2207 -0.0657725 21.7916 0.0363378C25.1969 0.289589 28.4268 1.64612 30.9916 3.90032C32.8816 5.66542 34.4848 7.71438 35.7436 9.97335C37.2556 12.4209 38.4644 15.0431 39.3436 17.7823\" fill=\"#fff\"\/>\n                                    <path d=\"M40.033 36.0652C41.0944 31.6832 41.2668 27.1329 40.54 22.6832C40.2586 21.0236 39.8596 19.3862 39.346 17.7832H18.126C18.9697 22.1328 20.9738 26.1733 23.926 29.4772C24.826 30.5122 25.819 31.4842 26.626 32.5842C27.4023 33.6611 28.0362 34.8338 28.512 36.0732H40.031\" fill=\"#fff\"\/>\n                                    <path d=\"M23.3259 36.0651H1.32587C1.04187 34.9984 0.802531 33.9178 0.607864 32.8231C-0.271774 27.8423 -0.196104 22.7396 0.830856 17.7871H13.7639C14.0966 20.0684 14.7817 22.2842 15.7949 24.3551C16.8938 26.5618 18.2488 28.6314 19.8319 30.5211C21.2533 32.1998 22.4315 34.0701 23.3319 36.0771\" fill=\"#fff\"\/>\n                                <\/svg>\n                            <\/div>\n                            <div class=\"product-features__description\">medium<\/div>\n                        <\/div>\n\t\t\t\t\t\t<div class=\"product-features__item product-features__item_roasting product-features_icon\">\n\t\t\t\t\t\t\t\t\t\t\t\t\t<\/div>\t\n\t\t\t\t\t\t<\/div>\n                                                <div class=\"product-features__item\">\n                            <div class=\"product-features__name\">Aroma<\/div>\n                            <div class=\"product-features__rating\">\n                                 \t\t\t\t\t\t\t\t\t\t\t\t\t\t\t<span class=\"checked\"><\/span>\n\t\t\t\t\t                                \n                            \t                                \t\t\t\t\t\t\t\t\t\t\t\t\t\t\t<span class=\"checked\"><\/span>\n\t\t\t\t\t                                \n                            \t                                \t\t\t\t\t\t\t\t\t\t\t\t\t\t\t<span class=\"checked\"><\/span>\n\t\t\t\t\t                                \n                            \t                                \t\t\t\t\t\t\t\t\t\t\t\t\t\t\t<span class=\"checked\"><\/span>\n\t\t\t\t\t                                \n                            \t                                \t\t\t\t\n                                \t<span><\/span>\n                            \t                                                            <\/div>\n                            <div class=\"product-features__description\">4\/5<\/div>\n                        <\/div>\n                                                <div class=\"product-features__item\">\n                            <div class=\"product-features__name\">Cuerpo<\/div>\n                            <div class=\"product-features__rating\">\n                                \t\t\t\t\t\t\t\t\t\t\t\t\t\t\t<span class=\"checked\"><\/span>\n\t\t\t\t\t                                \n                            \t                                \t\t\t\t\t\t\t\t\t\t\t\t\t\t\t<span class=\"checked\"><\/span>\n\t\t\t\t\t                                \n                            \t                                \t\t\t\t                                \t<span><\/span>\n                            \t                                \t\t\t\t                                \t<span><\/span>\n                            \t                                \t\t\t\t                                \t<span><\/span>\n                            \t                                                            <\/div>\n                            <div class=\"product-features__description\">2\/5<\/div>\n                        <\/div>\n                                                <div class=\"product-features__item\">\n                            <div class=\"product-features__name\">Persistencia<\/div>\n                            <div class=\"product-features__rating\">\n                                \t\t\t\t\t\t\t\t\t\t\t\t\t\t\t<span class=\"checked\"><\/span>\n\t\t\t\t\t                                \n                            \t                                \t\t\t\t\t\t\t\t\t\t\t\t\t\t\t<span class=\"checked\"><\/span>\n\t\t\t\t\t                                \n                            \t                                \t\t\t\t\t\t\t\t\t\t\t\t\t\t\t<span class=\"checked\"><\/span>\n\t\t\t\t\t                                \n                            \t                                \t\t\t\t\t\t\t\t\t\t\t\t\t\t\t<span class=\"checked\"><\/span>\n\t\t\t\t\t                                \n                            \t                                \t\t\t\t                                \t<span><\/span>\n                            \t                                                            <\/div>\n                            <div class=\"product-features__description\">4\/5<\/div>\n                        <\/div>\n                                                <div class=\"product-features__item\">\n                            <div class=\"product-features__name\">Acidez<\/div>\n                            <div class=\"product-features__rating\">\n                                \t\t\t\t\t\t\t\t\t\t\t\t\t\t\t<span class=\"checked\"><\/span>\n\t\t\t\t\t                                \n                            \t                                \t\t\t\t\t\t\t\t\t\t\t\t\t\t\t<span class=\"checked\"><\/span>\n\t\t\t\t\t                                \n                            \t                                \t\t\t\t                                \t<span><\/span>\n                            \t                                \t\t\t\t                                \t<span><\/span>\n                            \t                                \t\t\t\t                                \t<span><\/span>\n                            \t                                                            <\/div>\n                            <div class=\"product-features__description\">2\/5<\/div>\n                        <\/div>\n                    <\/div>\n\t\t\t\t\t                    <a href=\"https:\/\/www.esssecaffe.com\/es\/linea-home\/capsulas-sistema-espresso\/\" class=\"back-button\">\n                        <svg width=\"10\" height=\"15\" viewBox=\"0 0 8 15\" fill=\"none\" xmlns=\"http:\/\/www.w3.org\/2000\/svg\">\n                            <path d=\"M7.02295 0.708984L0.495972 7.23596L7.02295 13.763\" stroke=\"white\" stroke-linecap=\"round\" stroke-linejoin=\"round\"\/>\n                        <\/svg>\t\n                        <span>Volver a todas las mezclas<\/span>\n                    <\/a>\n\n\t\t\t\t\t                <\/div>\n            <\/div>\n        <\/div>\n    <\/div>\n    <style>\n        :root {\n            --product-color: #63A8D4;\n        }\n            <\/style>\n<\/div>\n\n\n\n<\/div>","protected":false},"excerpt":{"rendered":"","protected":false},"author":95,"featured_media":0,"parent":6325,"menu_order":271,"comment_status":"closed","ping_status":"closed","template":"","meta":{"inline_featured_image":false,"footnotes":""},"class_list":["post-9088","page","type-page","status-publish","hentry"],"_links":{"self":[{"href":"https:\/\/www.esssecaffe.com\/es\/wp-json\/wp\/v2\/pages\/9088","targetHints":{"allow":["GET"]}}],"collection":[{"href":"https:\/\/www.esssecaffe.com\/es\/wp-json\/wp\/v2\/pages"}],"about":[{"href":"https:\/\/www.esssecaffe.com\/es\/wp-json\/wp\/v2\/types\/page"}],"author":[{"embeddable":true,"href":"https:\/\/www.esssecaffe.com\/es\/wp-json\/wp\/v2\/users\/95"}],"replies":[{"embeddable":true,"href":"https:\/\/www.esssecaffe.com\/es\/wp-json\/wp\/v2\/comments?post=9088"}],"version-history":[{"count":0,"href":"https:\/\/www.esssecaffe.com\/es\/wp-json\/wp\/v2\/pages\/9088\/revisions"}],"up":[{"embeddable":true,"href":"https:\/\/www.esssecaffe.com\/es\/wp-json\/wp\/v2\/pages\/6325"}],"wp:attachment":[{"href":"https:\/\/www.esssecaffe.com\/es\/wp-json\/wp\/v2\/media?parent=9088"}],"curies":[{"name":"wp","href":"https:\/\/api.w.org\/{rel}","templated":true}]}}