{"id":9104,"date":"2022-11-17T10:52:42","date_gmt":"2022-11-17T09:52:42","guid":{"rendered":"https:\/\/www.esssecaffe.com\/linea-home\/capsulas-sistema-espresso\/ginseng\/"},"modified":"2022-11-22T15:15:09","modified_gmt":"2022-11-22T14:15:09","slug":"ginseng","status":"publish","type":"page","link":"https:\/\/www.esssecaffe.com\/es\/linea-home\/capsulas-sistema-espresso\/ginseng\/","title":{"rendered":"Ginseng"},"content":{"rendered":"<div id=\"\" class=\"product-section\">\n\n\n\n<div data-scroll-section class=\"l-container\" style=\"margin-bottom: 50px; margin-top: 30px;\"><nav class=\"woocommerce-breadcrumb rank-math-breadcrumb\"><span class=\"last\">Home<\/span><\/nav><\/div>\n\n<div data-scroll-section>\n    <div class=\"l-container\">\n        <div class=\"product-flex product-flex_product product-section-small\">\n            <div class=\"product-gallery with-coffee-bg \"> \n                <div class=\"product-gallery-image\">\n                    <img loading=\"lazy\" decoding=\"async\" width=\"355\" height=\"465\" src=\"https:\/\/www.esssecaffe.com\/wp-content\/uploads\/2022\/09\/ginseng.png\" class=\"attachment-full size-full\" alt=\"\" srcset=\"https:\/\/www.esssecaffe.com\/wp-content\/uploads\/2022\/09\/ginseng.png 355w, https:\/\/www.esssecaffe.com\/wp-content\/uploads\/2022\/09\/ginseng-229x300.png 229w, https:\/\/www.esssecaffe.com\/wp-content\/uploads\/2022\/09\/ginseng-220x288.png 220w, https:\/\/www.esssecaffe.com\/wp-content\/uploads\/2022\/09\/ginseng-230x301.png 230w\" sizes=\"auto, (max-width: 355px) 100vw, 355px\" \/>                <\/div>\n            <\/div>\n            <div class=\"product-info\">\n                <div class=\"product-info__inner\">\n                    <p class=\"h1 product-title title-decoration reveal-text \" data-scroll>Ginseng<\/p>\n                    <div class=\"product-description fade-in-bottom\" data-scroll>\n                        <p>Disfruta de un <b>Ginseng dulce y regenerador <\/b>cada vez que lo desees con las c\u00e1psulas para m\u00e1quina S.12 Sistema Espresso Essse Caff\u00e8.\u00a0\u00a0<\/p>\n<p><b>Vivaz y suave<\/b>, nuestro Ginseng en c\u00e1psulas recarga tus pilas cuando necesites una <b>pausa deliciosa y llena de energ\u00eda.<\/b><\/p>\n<p><b>DESCRIPCI\u00d3N DEL PRODUCTO<\/b><\/p>\n<p>El Ginseng de Essse Caff\u00e8 sabe c\u00f3mo saciar tu deseo de dulzura: en la taza resulta <b>aterciopelado y con cuerpo<\/b>, listo para envolver el paladar con <b>notas de caramelo y vainilla.<\/b><\/p>\n<p>Ginseng en c\u00e1psulas es un producto <b>libre de gluten<\/b>, perfecto tambi\u00e9n para las personas intolerantes y preocupadas por su bienestar.<\/p>\n<p><b>MOMENTO DE CONSUMO\u00a0<\/b><\/p>\n<p>Cuando te apetezca una <b>bebida deliciosa, saciante y energizante para pasar el d\u00eda<\/b>, el Ginseng en c\u00e1psulas Essse Caff\u00e8 es la opci\u00f3n ideal.\u00a0<\/p>\n<p>Pru\u00e9balo solo, o divi\u00e9rtete combin\u00e1ndolo con especias dulces o deliciosos toppings.<\/p>\n<p>Te revelamos un secreto: \u00a1<b>bien batido es perfecto para el verano<\/b>!\u00a0<\/p>\n<p><b>Elige las c\u00e1psulas de Ginseng para obtener una taza de dulzura energ\u00e9tica.<\/b><\/p>\n                    <\/div>\n                <\/div>\n            <\/div>\n        <\/div>\n    <\/div>\n<\/div>\n<style>\n    :root {\n        --product-color: #FE74B0;\n    }\n    <\/style>\n\n\n\n<\/div>","protected":false},"excerpt":{"rendered":"","protected":false},"author":95,"featured_media":0,"parent":6325,"menu_order":270,"comment_status":"closed","ping_status":"closed","template":"","meta":{"inline_featured_image":false,"footnotes":""},"class_list":["post-9104","page","type-page","status-publish","hentry"],"_links":{"self":[{"href":"https:\/\/www.esssecaffe.com\/es\/wp-json\/wp\/v2\/pages\/9104","targetHints":{"allow":["GET"]}}],"collection":[{"href":"https:\/\/www.esssecaffe.com\/es\/wp-json\/wp\/v2\/pages"}],"about":[{"href":"https:\/\/www.esssecaffe.com\/es\/wp-json\/wp\/v2\/types\/page"}],"author":[{"embeddable":true,"href":"https:\/\/www.esssecaffe.com\/es\/wp-json\/wp\/v2\/users\/95"}],"replies":[{"embeddable":true,"href":"https:\/\/www.esssecaffe.com\/es\/wp-json\/wp\/v2\/comments?post=9104"}],"version-history":[{"count":0,"href":"https:\/\/www.esssecaffe.com\/es\/wp-json\/wp\/v2\/pages\/9104\/revisions"}],"up":[{"embeddable":true,"href":"https:\/\/www.esssecaffe.com\/es\/wp-json\/wp\/v2\/pages\/6325"}],"wp:attachment":[{"href":"https:\/\/www.esssecaffe.com\/es\/wp-json\/wp\/v2\/media?parent=9104"}],"curies":[{"name":"wp","href":"https:\/\/api.w.org\/{rel}","templated":true}]}}