{"id":9119,"date":"2022-11-17T10:54:03","date_gmt":"2022-11-17T09:54:03","guid":{"rendered":"https:\/\/www.esssecaffe.com\/linea-home\/capsulas-sistema-espresso\/lorzo-barley-coffee\/"},"modified":"2022-12-12T12:31:12","modified_gmt":"2022-12-12T11:31:12","slug":"malta","status":"publish","type":"page","link":"https:\/\/www.esssecaffe.com\/es\/linea-home\/capsulas-sistema-espresso\/malta\/","title":{"rendered":"Malta"},"content":{"rendered":"<div id=\"\" class=\"product-section\">\n\n\n\n<div data-scroll-section class=\"l-container\" style=\"margin-bottom: 50px; margin-top: 30px;\"><nav class=\"woocommerce-breadcrumb rank-math-breadcrumb\"><span class=\"last\">Home<\/span><\/nav><\/div>\n\n<div data-scroll-section>\n    <div class=\"l-container\">\n        <div class=\"product-flex product-flex_product product-section-small\">\n            <div class=\"product-gallery with-coffee-bg \"> \n                <div class=\"product-gallery-image\">\n                    <img loading=\"lazy\" decoding=\"async\" width=\"355\" height=\"465\" src=\"https:\/\/www.esssecaffe.com\/wp-content\/uploads\/2022\/09\/Orzo.png\" class=\"attachment-full size-full\" alt=\"capsule orzo caff\u00e8 Essse\" srcset=\"https:\/\/www.esssecaffe.com\/wp-content\/uploads\/2022\/09\/Orzo.png 355w, https:\/\/www.esssecaffe.com\/wp-content\/uploads\/2022\/09\/Orzo-229x300.png 229w, https:\/\/www.esssecaffe.com\/wp-content\/uploads\/2022\/09\/Orzo-220x288.png 220w, https:\/\/www.esssecaffe.com\/wp-content\/uploads\/2022\/09\/Orzo-230x301.png 230w\" sizes=\"auto, (max-width: 355px) 100vw, 355px\" \/>                <\/div>\n            <\/div>\n            <div class=\"product-info\">\n                <div class=\"product-info__inner\">\n                    <p class=\"h1 product-title title-decoration reveal-text \" data-scroll>Malta<\/p>\n                    <div class=\"product-description fade-in-bottom\" data-scroll>\n                        <p>Cereal utilizado desde tiempos remotos, hoy las c\u00e1psulas de Malta Essse te seducir\u00e1n y acompa\u00f1ar\u00e1n en un <b>momento de relax.<\/b><\/p>\n<p><b>DESCRIPCI\u00d3N DEL PRODUCTO<\/b><\/p>\n<p>La Malta de Essse Caff\u00e8 tiene un <b>aroma intenso<\/b>, capaz de conquistar tus papilas gustativas con su consistencia <b>cremosa y delicada.<\/b><\/p>\n<p><b>Pr\u00e1ctico para degustar en casa o en la oficina<\/b>, las c\u00e1psulas de Malta Essse Caff\u00e8 ofrecen un momento de placer a todos tus sentidos.\u00a0<\/p>\n<p><b>MOMENTO DE CONSUMO\u00a0<\/b><\/p>\n<p>\u00d3ptimo despu\u00e9s de la comida, Malta en c\u00e1psulas de Essse es <b>ideal en cualquier momento, incluso por la noche.<\/b><\/p>\n<p>Disfruta de una taza de Malta para terminar el d\u00eda y experimenta la agradable sensaci\u00f3n de una bebida caliente mientras te relajas.<\/p>\n<p><b>La Malta de Essse Caff\u00e8 es para quien no renuncia nunca a una pausa de sabor intenso y aterciopelado.<\/b><\/p>\n                    <\/div>\n                <\/div>\n            <\/div>\n        <\/div>\n    <\/div>\n<\/div>\n<style>\n    :root {\n        --product-color: #8C5524;\n    }\n    <\/style>\n\n\n\n<\/div>","protected":false},"excerpt":{"rendered":"","protected":false},"author":95,"featured_media":0,"parent":6325,"menu_order":269,"comment_status":"closed","ping_status":"closed","template":"","meta":{"inline_featured_image":false,"footnotes":""},"class_list":["post-9119","page","type-page","status-publish","hentry"],"_links":{"self":[{"href":"https:\/\/www.esssecaffe.com\/es\/wp-json\/wp\/v2\/pages\/9119","targetHints":{"allow":["GET"]}}],"collection":[{"href":"https:\/\/www.esssecaffe.com\/es\/wp-json\/wp\/v2\/pages"}],"about":[{"href":"https:\/\/www.esssecaffe.com\/es\/wp-json\/wp\/v2\/types\/page"}],"author":[{"embeddable":true,"href":"https:\/\/www.esssecaffe.com\/es\/wp-json\/wp\/v2\/users\/95"}],"replies":[{"embeddable":true,"href":"https:\/\/www.esssecaffe.com\/es\/wp-json\/wp\/v2\/comments?post=9119"}],"version-history":[{"count":0,"href":"https:\/\/www.esssecaffe.com\/es\/wp-json\/wp\/v2\/pages\/9119\/revisions"}],"up":[{"embeddable":true,"href":"https:\/\/www.esssecaffe.com\/es\/wp-json\/wp\/v2\/pages\/6325"}],"wp:attachment":[{"href":"https:\/\/www.esssecaffe.com\/es\/wp-json\/wp\/v2\/media?parent=9119"}],"curies":[{"name":"wp","href":"https:\/\/api.w.org\/{rel}","templated":true}]}}