{"id":9136,"date":"2022-11-17T10:56:26","date_gmt":"2022-11-17T09:56:26","guid":{"rendered":"https:\/\/www.esssecaffe.com\/linea-home\/capsulas-sistema-espresso\/earl-grey-green-leaf-tea\/"},"modified":"2022-12-12T12:30:59","modified_gmt":"2022-12-12T11:30:59","slug":"te-verde-earl-grey-en-hebras","status":"publish","type":"page","link":"https:\/\/www.esssecaffe.com\/es\/linea-home\/capsulas-sistema-espresso\/te-verde-earl-grey-en-hebras\/","title":{"rendered":"T\u00e9 Verde Earl Grey en hebras"},"content":{"rendered":"<div id=\"\" class=\"product-section\">\n\n\n\n<div data-scroll-section class=\"l-container\" style=\"margin-bottom: 50px; margin-top: 30px;\"><nav class=\"woocommerce-breadcrumb rank-math-breadcrumb\"><span class=\"last\">Home<\/span><\/nav><\/div>\n\n<div data-scroll-section>\n    <div class=\"l-container\">\n        <div class=\"product-flex product-flex_product product-section-small\">\n            <div class=\"product-gallery with-coffee-bg \"> \n                <div class=\"product-gallery-image\">\n                    <img loading=\"lazy\" decoding=\"async\" width=\"355\" height=\"465\" src=\"https:\/\/www.esssecaffe.com\/wp-content\/uploads\/2022\/09\/Te\u0300-verde.png\" class=\"attachment-full size-full\" alt=\"\" srcset=\"https:\/\/www.esssecaffe.com\/wp-content\/uploads\/2022\/09\/Te\u0300-verde.png 355w, https:\/\/www.esssecaffe.com\/wp-content\/uploads\/2022\/09\/Te\u0300-verde-229x300.png 229w, https:\/\/www.esssecaffe.com\/wp-content\/uploads\/2022\/09\/Te\u0300-verde-220x288.png 220w, https:\/\/www.esssecaffe.com\/wp-content\/uploads\/2022\/09\/Te\u0300-verde-230x301.png 230w\" sizes=\"auto, (max-width: 355px) 100vw, 355px\" \/>                <\/div>\n            <\/div>\n            <div class=\"product-info\">\n                <div class=\"product-info__inner\">\n                    <p class=\"h1 product-title title-decoration reveal-text longest-title longest-title_short\" data-scroll>T\u00e9 Verde Earl Grey en hebras<\/p>\n                    <div class=\"product-description fade-in-bottom\" data-scroll>\n                        <p>Todo el <b>perfume de la bergamota<\/b> junto con las inconfundibles <b>notas del t\u00e9 verde<\/b> en este producto.<\/p>\n<p>Las c\u00e1psulas de T\u00e9 Verde Earl Grey en hebras de Essse Caff\u00e8 crean una bebida \u00fanica, muy agradable y reconfortante.<span class=\"Apple-converted-space\">\u00a0<\/span><\/p>\n<p><b>Se prepara f\u00e1cilmente,<\/b> se puede degustar una taza de t\u00e9 verde tanto en casa como en la oficina y sus perfumes te envolver\u00e1n siempre como en un abrazo.\u00a0<\/p>\n<p><b>DESCRIPCI\u00d3N DEL PRODUCTO<\/b><\/p>\n<p>En la taza encontrar\u00e1 un <b>t\u00e9 de color \u00e1mbar<\/b> y al probarlo se sorprender\u00e1 con su <b>aroma<\/b> <b>suave y equilibrado.<\/b><\/p>\n<p><b>MOMENTO DE CONSUMO\u00a0<\/b><\/p>\n<p>Las c\u00e1psulas de T\u00e9 Verde Earl Grey en hebras son ideales cuando necesitas una pausa para recargar las pilas. <b>Pru\u00e9balo a media ma\u00f1ana o al terminar la tarde<\/b> para una pausa elegante y deliciosa.<\/p>\n<p><b>Elige el t\u00e9 verde Earl Grey para experimentar el agradable encuentro entre el afrutado de la bergamota y la delicadeza del t\u00e9 verde.<\/b><\/p>\n                    <\/div>\n                <\/div>\n            <\/div>\n        <\/div>\n    <\/div>\n<\/div>\n<style>\n    :root {\n        --product-color: #58ACA8;\n    }\n    <\/style>\n\n\n\n<\/div>","protected":false},"excerpt":{"rendered":"","protected":false},"author":95,"featured_media":0,"parent":6325,"menu_order":268,"comment_status":"closed","ping_status":"closed","template":"","meta":{"inline_featured_image":false,"footnotes":""},"class_list":["post-9136","page","type-page","status-publish","hentry"],"_links":{"self":[{"href":"https:\/\/www.esssecaffe.com\/es\/wp-json\/wp\/v2\/pages\/9136","targetHints":{"allow":["GET"]}}],"collection":[{"href":"https:\/\/www.esssecaffe.com\/es\/wp-json\/wp\/v2\/pages"}],"about":[{"href":"https:\/\/www.esssecaffe.com\/es\/wp-json\/wp\/v2\/types\/page"}],"author":[{"embeddable":true,"href":"https:\/\/www.esssecaffe.com\/es\/wp-json\/wp\/v2\/users\/95"}],"replies":[{"embeddable":true,"href":"https:\/\/www.esssecaffe.com\/es\/wp-json\/wp\/v2\/comments?post=9136"}],"version-history":[{"count":0,"href":"https:\/\/www.esssecaffe.com\/es\/wp-json\/wp\/v2\/pages\/9136\/revisions"}],"up":[{"embeddable":true,"href":"https:\/\/www.esssecaffe.com\/es\/wp-json\/wp\/v2\/pages\/6325"}],"wp:attachment":[{"href":"https:\/\/www.esssecaffe.com\/es\/wp-json\/wp\/v2\/media?parent=9136"}],"curies":[{"name":"wp","href":"https:\/\/api.w.org\/{rel}","templated":true}]}}