{"id":9154,"date":"2022-11-17T10:59:37","date_gmt":"2022-11-17T09:59:37","guid":{"rendered":"https:\/\/www.esssecaffe.com\/linea-home\/capsulas-sistema-espresso\/wildberry-leaf-infusion\/"},"modified":"2022-12-12T12:30:33","modified_gmt":"2022-12-12T11:30:33","slug":"infusion-con-frutos-del-bosque-en-hebras","status":"publish","type":"page","link":"https:\/\/www.esssecaffe.com\/es\/linea-home\/capsulas-sistema-espresso\/infusion-con-frutos-del-bosque-en-hebras\/","title":{"rendered":"Infusi\u00f3n con Frutos del Bosque en hebras"},"content":{"rendered":"<div id=\"\" class=\"product-section\">\n\n\n\n<div data-scroll-section class=\"l-container\" style=\"margin-bottom: 50px; margin-top: 30px;\"><nav class=\"woocommerce-breadcrumb rank-math-breadcrumb\"><span class=\"last\">Home<\/span><\/nav><\/div>\n\n<div data-scroll-section>\n    <div class=\"l-container\">\n        <div class=\"product-flex product-flex_product product-section-small\">\n            <div class=\"product-gallery with-coffee-bg \"> \n                <div class=\"product-gallery-image\">\n                    <img loading=\"lazy\" decoding=\"async\" width=\"355\" height=\"465\" src=\"https:\/\/www.esssecaffe.com\/wp-content\/uploads\/2022\/09\/Infuso-Frutti-di-Bosco-1.png\" class=\"attachment-full size-full\" alt=\"\" srcset=\"https:\/\/www.esssecaffe.com\/wp-content\/uploads\/2022\/09\/Infuso-Frutti-di-Bosco-1.png 355w, https:\/\/www.esssecaffe.com\/wp-content\/uploads\/2022\/09\/Infuso-Frutti-di-Bosco-1-229x300.png 229w, https:\/\/www.esssecaffe.com\/wp-content\/uploads\/2022\/09\/Infuso-Frutti-di-Bosco-1-220x288.png 220w, https:\/\/www.esssecaffe.com\/wp-content\/uploads\/2022\/09\/Infuso-Frutti-di-Bosco-1-230x301.png 230w\" sizes=\"auto, (max-width: 355px) 100vw, 355px\" \/>                <\/div>\n            <\/div>\n            <div class=\"product-info\">\n                <div class=\"product-info__inner\">\n                    <p class=\"h1 product-title title-decoration reveal-text longest-title longest-title_short\" data-scroll>Infusi\u00f3n con Frutos del Bosque en hebras<\/p>\n                    <div class=\"product-description fade-in-bottom\" data-scroll>\n                        <p>Descubre todo el <b>sabor y las propiedades ben\u00e9ficas de los frutos del bosque<\/b> en una c\u00e1psula Essse Caff\u00e8.<\/p>\n<p>La dulzura de la infusi\u00f3n con frutos del bosque en hebras acaricia tus sentidos en cada sorbo: <b>pru\u00e9balo fr\u00edo o caliente.<\/b><\/p>\n<p><b>DESCRIPCI\u00d3N DEL PRODUCTO<\/b><\/p>\n<p>Los frutos del bosque, con sus caracter\u00edsticas <b>antioxidantes<\/b> son \u00f3ptimos aliados de la salud, descubre todo su <b>sabor pleno y envolvente<\/b> en las c\u00e1psulas Essse Caff\u00e8.<\/p>\n<p><b>Refrescante en verano y relajante en invierno<\/b>, la infusi\u00f3n con frutos del bosque se distingue por su intenso sabor que te transporta a los perfumes de las flores y de los arbustos de donde nace.<\/p>\n<p><b>MOMENTO DE CONSUMO\u00a0<\/b><\/p>\n<p>Puede disfrutar de la infusi\u00f3n con frutos del bosque en<span class=\"Apple-converted-space\">\u00a0 <\/span>c\u00e1psulas <b>siempre que lo desees<\/b>: conc\u00e9dete una taza por la ma\u00f1ana para despertar tus sentidos, durante el descanso de la tarde o bien, despu\u00e9s de la cena para asegurarse un momento de pura relajaci\u00f3n.<\/p>\n<p><b>Si eres un amante de las tisanas de perfume intrigante y sabor definido<\/b>, no podr\u00e1s dejar de probar nuestra infusi\u00f3n con frutos del bosque en hebras.<\/p>\n<p><b>C\u00f3mprala ahora y pru\u00e9bala muy caliente, tibia o helada. Es siempre deliciosa.<\/b><\/p>\n                    <\/div>\n                <\/div>\n            <\/div>\n        <\/div>\n    <\/div>\n<\/div>\n<style>\n    :root {\n        --product-color: #58ACA8;\n    }\n    <\/style>\n\n\n\n<\/div>","protected":false},"excerpt":{"rendered":"","protected":false},"author":95,"featured_media":0,"parent":6325,"menu_order":267,"comment_status":"closed","ping_status":"closed","template":"","meta":{"inline_featured_image":false,"footnotes":""},"class_list":["post-9154","page","type-page","status-publish","hentry"],"_links":{"self":[{"href":"https:\/\/www.esssecaffe.com\/es\/wp-json\/wp\/v2\/pages\/9154","targetHints":{"allow":["GET"]}}],"collection":[{"href":"https:\/\/www.esssecaffe.com\/es\/wp-json\/wp\/v2\/pages"}],"about":[{"href":"https:\/\/www.esssecaffe.com\/es\/wp-json\/wp\/v2\/types\/page"}],"author":[{"embeddable":true,"href":"https:\/\/www.esssecaffe.com\/es\/wp-json\/wp\/v2\/users\/95"}],"replies":[{"embeddable":true,"href":"https:\/\/www.esssecaffe.com\/es\/wp-json\/wp\/v2\/comments?post=9154"}],"version-history":[{"count":0,"href":"https:\/\/www.esssecaffe.com\/es\/wp-json\/wp\/v2\/pages\/9154\/revisions"}],"up":[{"embeddable":true,"href":"https:\/\/www.esssecaffe.com\/es\/wp-json\/wp\/v2\/pages\/6325"}],"wp:attachment":[{"href":"https:\/\/www.esssecaffe.com\/es\/wp-json\/wp\/v2\/media?parent=9154"}],"curies":[{"name":"wp","href":"https:\/\/api.w.org\/{rel}","templated":true}]}}