{"id":9166,"date":"2022-11-17T10:59:42","date_gmt":"2022-11-17T09:59:42","guid":{"rendered":"https:\/\/www.esssecaffe.com\/linea-home\/capsulas-sistema-espresso\/ginger-and-lemon-leaf-infusion\/"},"modified":"2022-12-12T12:30:09","modified_gmt":"2022-12-12T11:30:09","slug":"infusion-de-jengibre-y-limon-en-hebras","status":"publish","type":"page","link":"https:\/\/www.esssecaffe.com\/es\/linea-home\/capsulas-sistema-espresso\/infusion-de-jengibre-y-limon-en-hebras\/","title":{"rendered":"Infusi\u00f3n de Jengibre y Lim\u00f3n en hebras"},"content":{"rendered":"<div id=\"\" class=\"product-section\">\n\n\n\n<div data-scroll-section class=\"l-container\" style=\"margin-bottom: 50px; margin-top: 30px;\"><nav class=\"woocommerce-breadcrumb rank-math-breadcrumb\"><span class=\"last\">Home<\/span><\/nav><\/div>\n\n<div data-scroll-section>\n    <div class=\"l-container\">\n        <div class=\"product-flex product-flex_product product-section-small\">\n            <div class=\"product-gallery with-coffee-bg \"> \n                <div class=\"product-gallery-image\">\n                    <img loading=\"lazy\" decoding=\"async\" width=\"355\" height=\"465\" src=\"https:\/\/www.esssecaffe.com\/wp-content\/uploads\/2022\/09\/Infuso-Zenzero-Limone.png\" class=\"attachment-full size-full\" alt=\"\" srcset=\"https:\/\/www.esssecaffe.com\/wp-content\/uploads\/2022\/09\/Infuso-Zenzero-Limone.png 355w, https:\/\/www.esssecaffe.com\/wp-content\/uploads\/2022\/09\/Infuso-Zenzero-Limone-229x300.png 229w, https:\/\/www.esssecaffe.com\/wp-content\/uploads\/2022\/09\/Infuso-Zenzero-Limone-220x288.png 220w, https:\/\/www.esssecaffe.com\/wp-content\/uploads\/2022\/09\/Infuso-Zenzero-Limone-230x301.png 230w\" sizes=\"auto, (max-width: 355px) 100vw, 355px\" \/>                <\/div>\n            <\/div>\n            <div class=\"product-info\">\n                <div class=\"product-info__inner\">\n                    <p class=\"h1 product-title title-decoration reveal-text longest-title longest-title_short\" data-scroll>Infusi\u00f3n de Jengibre y Lim\u00f3n en hebras<\/p>\n                    <div class=\"product-description fade-in-bottom\" data-scroll>\n                        <p>Una agradable mezcla natural que combina las <b>propiedades<\/b> <b>antiinflamatorias y antioxidantes del jengibre con las propiedades saciantes para calmar la sed del lim\u00f3n.<\/b><\/p>\n<p>La infusi\u00f3n de jengibre y lim\u00f3n en hebras despertar\u00e1 tus papilas gustativas con su sabor definido y equilibrado.<\/p>\n<p><b>DESCRIPCI\u00d3N DEL PRODUCTO<\/b><\/p>\n<p>En este producto, las notas punzantes del jengibre se equilibran h\u00e1bilmente con la armon\u00eda del lim\u00f3n, dando a la infusi\u00f3n de jengibre y lim\u00f3n en hebras el <b>car\u00e1cter definido y fresco<\/b> que buscas.\u00a0<\/p>\n<p>Una <b>bebida equilibrada y agradable<\/b> que te sorprender\u00e1 con cada sorbo.<\/p>\n<p><b>MOMENTO DE CONSUMO\u00a0<\/b><\/p>\n<p>Es la infusi\u00f3n <b>perfecta despu\u00e9s de la comida o de la cena<\/b>, capaz de darte una inyecci\u00f3n de energ\u00eda gracias tambi\u00e9n a sus <b>propiedades digestivas.<\/b>\u00a0<\/p>\n<p>La infusi\u00f3n de jengibre y lim\u00f3n es estupenda para disfrutarla en cualquier \u00e9poca del a\u00f1o, pero tomar una taza humeante durante las tardes de invierno se convertir\u00e1 en un ritual imprescindible.\u00a0<\/p>\n<p>La infusi\u00f3n de jengibre y lim\u00f3n en hebras de Essse Caff\u00e8 es ideal para quien no puede decir que no a una <b>bebida con notas vivas y regeneradoras.<\/b><\/p>\n<p><b>\u00a1Pru\u00e9balo ahora!<\/b><\/p>\n                    <\/div>\n                <\/div>\n            <\/div>\n        <\/div>\n    <\/div>\n<\/div>\n<style>\n    :root {\n        --product-color: #58ACA8;\n    }\n    <\/style>\n\n\n\n<\/div>","protected":false},"excerpt":{"rendered":"","protected":false},"author":95,"featured_media":0,"parent":6325,"menu_order":266,"comment_status":"closed","ping_status":"closed","template":"","meta":{"inline_featured_image":false,"footnotes":""},"class_list":["post-9166","page","type-page","status-publish","hentry"],"_links":{"self":[{"href":"https:\/\/www.esssecaffe.com\/es\/wp-json\/wp\/v2\/pages\/9166","targetHints":{"allow":["GET"]}}],"collection":[{"href":"https:\/\/www.esssecaffe.com\/es\/wp-json\/wp\/v2\/pages"}],"about":[{"href":"https:\/\/www.esssecaffe.com\/es\/wp-json\/wp\/v2\/types\/page"}],"author":[{"embeddable":true,"href":"https:\/\/www.esssecaffe.com\/es\/wp-json\/wp\/v2\/users\/95"}],"replies":[{"embeddable":true,"href":"https:\/\/www.esssecaffe.com\/es\/wp-json\/wp\/v2\/comments?post=9166"}],"version-history":[{"count":0,"href":"https:\/\/www.esssecaffe.com\/es\/wp-json\/wp\/v2\/pages\/9166\/revisions"}],"up":[{"embeddable":true,"href":"https:\/\/www.esssecaffe.com\/es\/wp-json\/wp\/v2\/pages\/6325"}],"wp:attachment":[{"href":"https:\/\/www.esssecaffe.com\/es\/wp-json\/wp\/v2\/media?parent=9166"}],"curies":[{"name":"wp","href":"https:\/\/api.w.org\/{rel}","templated":true}]}}