{"id":9193,"date":"2022-11-17T11:09:37","date_gmt":"2022-11-17T10:09:37","guid":{"rendered":"https:\/\/www.esssecaffe.com\/linea-home\/capsulas-nespresso-compatibles\/conbrio\/"},"modified":"2022-11-22T15:22:10","modified_gmt":"2022-11-22T14:22:10","slug":"conbrio","status":"publish","type":"page","link":"https:\/\/www.esssecaffe.com\/es\/linea-home\/capsulas-nespresso-compatibles\/conbrio\/","title":{"rendered":"Conbr\u00eco Nespresso"},"content":{"rendered":"<div id=\"\" class=\"product-section\">\n\n\n\n<div data-scroll-section class=\"l-container\" style=\"margin-bottom: 50px; margin-top: 30px;\"><nav class=\"woocommerce-breadcrumb rank-math-breadcrumb\"><span class=\"last\">Home<\/span><\/nav><\/div>\n\n<div data-scroll-section>\n    <div class=\"l-container\">\n        <div class=\"product-flex product-flex_product product-section-small\">\n            <div class=\"product-gallery with-coffee-bg \"> \n                <div class=\"product-gallery-image\">\n                    <img loading=\"lazy\" decoding=\"async\" width=\"500\" height=\"648\" src=\"https:\/\/www.esssecaffe.com\/wp-content\/uploads\/2021\/09\/nespresso_mockup_con_brio.png\" class=\"attachment-full size-full\" alt=\"\" srcset=\"https:\/\/www.esssecaffe.com\/wp-content\/uploads\/2021\/09\/nespresso_mockup_con_brio.png 500w, https:\/\/www.esssecaffe.com\/wp-content\/uploads\/2021\/09\/nespresso_mockup_con_brio-231x300.png 231w, https:\/\/www.esssecaffe.com\/wp-content\/uploads\/2021\/09\/nespresso_mockup_con_brio-222x288.png 222w, https:\/\/www.esssecaffe.com\/wp-content\/uploads\/2021\/09\/nespresso_mockup_con_brio-230x298.png 230w, https:\/\/www.esssecaffe.com\/wp-content\/uploads\/2021\/09\/nespresso_mockup_con_brio-477x618.png 477w\" sizes=\"auto, (max-width: 500px) 100vw, 500px\" \/>                <\/div>\n            <\/div>\n            <div class=\"product-info\">\n                <div class=\"product-info__inner\">\n                    <p class=\"h1 product-title title-decoration reveal-text \" data-scroll>Conbr\u00eco<\/p>\n                    <div class=\"product-description fade-in-bottom\" data-scroll>\n                        <p><b>Intenso\u00a0<\/b><\/p>\n<p>Si buscas toda <b>la excelencia de Essse Caff\u00e8 en c\u00e1psulas compatibles con Nespresso\u00ae,<\/b> Conbr\u00eco es el caf\u00e9 adecuado para ti.<\/p>\n<p>Obtenido de los preciados caf\u00e9s Ar\u00e1bica y Robusta, Conbr\u00eco en c\u00e1psulas expresa perfectamente toda su riqueza, gracias al <b>bouquet de sabores arm\u00f3nicos y a un cuerpo aterciopelado, contenidos en una elegante c\u00e1psula de aluminio.<span class=\"Apple-converted-space\">\u00a0<\/span><\/b><\/p>\n<p><b>DESCRIPCI\u00d3N DEL PRODUCTO<\/b><\/p>\n<p>Cuando necesites una <b>pausa completa y consistente, elige Conbr\u00eco<\/b>. Esta mezcla de caf\u00e9 har\u00e1 que tu paladar experimente un momento pleno y satisfactorio.<\/p>\n<p>Las <b>c\u00e1psulas compatible con Nespresso<\/b>\u00ae de aluminio<b> son pr\u00e1cticas y f\u00e1ciles de usar<\/b>, son autoprotegidas y ahorran espacio gracias a su dimensi\u00f3n reducida.<span class=\"Apple-converted-space\">\u00a0<\/span><\/p>\n<p><b>SABOR\u00a0<\/b><\/p>\n<p>La estructura con gran cuerpo de Intenso realza los <b>aromas del chocolate<\/b>, que se mezclan con matices de <b>vainilla y especias<\/b>, en completo <b>equilibrio entre lo dulce y lo amargo<\/b>. Un caf\u00e9 persistente e intenso, perfecto para acompa\u00f1ar cada pausa.<span class=\"Apple-converted-space\">\u00a0<\/span><\/p>\n<p><b>MEZCLA\u00a0<\/b><\/p>\n<p>Gracias a la amplia experiencia de Essse Caff\u00e8, Intenso se origina a partir de una h\u00e1bil<b> mezcla de caf\u00e9s Ar\u00e1bica y Robusta<\/b>, estudiados y seleccionados para crear un resultado arom\u00e1tico, cremoso y equilibrado en la taza.\u00a0<\/p>\n<p><b>MOMENTO DE CONSUMO\u00a0<\/b><\/p>\n<p>D\u00e9jate envolver por el incre\u00edble sabor de Intenso, <b>perfecto para cuando necesites la energ\u00eda<\/b> adecuada para empezar el d\u00eda o retomar el trabajo.\u00a0<\/p>\n<p><b>Elige Conbr\u00eco en c\u00e1psulas de aluminio compatibles con Nespresso\u00ae para tener siempre a mano tu caf\u00e9 favorito.<\/b><\/p>\n                    <\/div>\n                <\/div>\n            <\/div>\n        <\/div>\n    <\/div>\n<\/div>\n<style>\n    :root {\n        --product-color: #312F2F;\n    }\n    <\/style>\n\n\n\n<\/div>","protected":false},"excerpt":{"rendered":"","protected":false},"author":95,"featured_media":0,"parent":8638,"menu_order":264,"comment_status":"closed","ping_status":"closed","template":"","meta":{"inline_featured_image":false,"footnotes":""},"class_list":["post-9193","page","type-page","status-publish","hentry"],"_links":{"self":[{"href":"https:\/\/www.esssecaffe.com\/es\/wp-json\/wp\/v2\/pages\/9193","targetHints":{"allow":["GET"]}}],"collection":[{"href":"https:\/\/www.esssecaffe.com\/es\/wp-json\/wp\/v2\/pages"}],"about":[{"href":"https:\/\/www.esssecaffe.com\/es\/wp-json\/wp\/v2\/types\/page"}],"author":[{"embeddable":true,"href":"https:\/\/www.esssecaffe.com\/es\/wp-json\/wp\/v2\/users\/95"}],"replies":[{"embeddable":true,"href":"https:\/\/www.esssecaffe.com\/es\/wp-json\/wp\/v2\/comments?post=9193"}],"version-history":[{"count":0,"href":"https:\/\/www.esssecaffe.com\/es\/wp-json\/wp\/v2\/pages\/9193\/revisions"}],"up":[{"embeddable":true,"href":"https:\/\/www.esssecaffe.com\/es\/wp-json\/wp\/v2\/pages\/8638"}],"wp:attachment":[{"href":"https:\/\/www.esssecaffe.com\/es\/wp-json\/wp\/v2\/media?parent=9193"}],"curies":[{"name":"wp","href":"https:\/\/api.w.org\/{rel}","templated":true}]}}