{"id":9209,"date":"2022-11-17T11:09:47","date_gmt":"2022-11-17T10:09:47","guid":{"rendered":"https:\/\/www.esssecaffe.com\/linea-home\/capsule-compatibili-lavazza-a-modo-mio\/conbrio\/"},"modified":"2022-12-13T15:47:34","modified_gmt":"2022-12-13T14:47:34","slug":"conbrio","status":"publish","type":"page","link":"https:\/\/www.esssecaffe.com\/es\/linea-home\/capsulas-compatibles-lavazza-a-modo-mio\/conbrio\/","title":{"rendered":"Conbr\u00eco Lavazza A Modo Mio"},"content":{"rendered":"<div id=\"\" class=\"product-section\">\n\n\n\n<div data-scroll-section class=\"l-container\" style=\"margin-bottom: 50px; margin-top: 30px;\"><nav class=\"woocommerce-breadcrumb rank-math-breadcrumb\"><span class=\"last\">Home<\/span><\/nav><\/div>\n\n<div data-scroll-section>\n    <div class=\"l-container\">\n        <div class=\"product-flex product-flex_product product-section-small\">\n            <div class=\"product-gallery with-coffee-bg \"> \n                <div class=\"product-gallery-image\">\n                    <img loading=\"lazy\" decoding=\"async\" width=\"484\" height=\"609\" src=\"https:\/\/www.esssecaffe.com\/wp-content\/uploads\/2022\/10\/singola_conbrio-1.png\" class=\"attachment-full size-full\" alt=\"\" srcset=\"https:\/\/www.esssecaffe.com\/wp-content\/uploads\/2022\/10\/singola_conbrio-1.png 484w, https:\/\/www.esssecaffe.com\/wp-content\/uploads\/2022\/10\/singola_conbrio-1-238x300.png 238w, https:\/\/www.esssecaffe.com\/wp-content\/uploads\/2022\/10\/singola_conbrio-1-230x289.png 230w, https:\/\/www.esssecaffe.com\/wp-content\/uploads\/2022\/10\/singola_conbrio-1-477x600.png 477w\" sizes=\"auto, (max-width: 484px) 100vw, 484px\" \/>                <\/div>\n            <\/div>\n            <div class=\"product-info\">\n                <div class=\"product-info__inner\">\n                    <p class=\"h1 product-title title-decoration reveal-text \" data-scroll>Conbr\u00eco<\/p>\n                    <div class=\"product-description fade-in-bottom\" data-scroll>\n                        <p>PRONTO DISPONIBLE EN TU PA\u00cdS<\/p>\n<p>Intenso nace de la inteligente selecci\u00f3n de caf\u00e9s <b>Ar\u00e1bica y Robusta<\/b>, que juntos dan vida a un <b>sabor delicioso y complejo.<\/b><\/p>\n<p>Conbr\u00eco est\u00e1 disponible tambi\u00e9n en c\u00e1psulas compatibles que permiten degustar esta mezcla con tu m\u00e1quina Lavazza A Modo Mio\u00ae.<span class=\"Apple-converted-space\">\u00a0<\/span><\/p>\n<p><b>DESCRIPCI\u00d3N DEL PRODUCTO<\/b><\/p>\n<p>El nombre de esta mezcla anticipa la sensaci\u00f3n que se experimentar\u00e1 en el paladar durante su degustaci\u00f3n.<span class=\"Apple-converted-space\">\u00a0<\/span><\/p>\n<p>Conbr\u00eco es <b>aterciopelado y tiene cuerpo pero siempre arm\u00f3nico<\/b>, por ello se convierte inmediatamente en un placer al que no podr\u00e1s renunciar.<\/p>\n<p>Las <b>c\u00e1psulas <\/b>compatibles con Lavazza A Modo Mio\u00ae han sido pensadas para ser <b>f\u00e1ciles de usar y de transportar, <\/b>para que puedas disfrutarlas incluso en el trabajo o de vacaciones.<\/p>\n<p><b>SABOR\u00a0<\/b><\/p>\n<p>La complejidad de Conbr\u00eco deriva de la suma de aromas de<b> chocolate, vainilla y especias.<\/b><span class=\"Apple-converted-space\">\u00a0<\/span><\/p>\n<p>En el paladar se destacan tanto la <b>nota amarga como la dulce, manteniendo un equilibrio perfecto<\/b> que te dar\u00e1 ganas de seguir degust\u00e1ndolo.<\/p>\n<p>La <b>persistencia del sabor<\/b> te despertar\u00e1 el deseo de beberlo incluso inmediatamente despu\u00e9s de haber tomado uno.<span class=\"Apple-converted-space\">\u00a0<\/span><\/p>\n<p><b>MEZCLA\u00a0<\/b><\/p>\n<p>Conbr\u00eco ha sido elaborado con una <b>mezcla refinada de caf\u00e9s Ar\u00e1bica y Robusta<\/b>, seleccionada por los expertos de Essse Caff\u00e8 para ofrecerte aromas agradables, armoniosos y voluptuosos.<\/p>\n<p><b>MOMENTO DE CONSUMO\u00a0<\/b><\/p>\n<p>Conbr\u00eco es el caf\u00e9 ideal <b>para un auspicioso comienzo de jornada<\/b> o para dar a un momento de placer una inyecci\u00f3n de energ\u00eda.<\/p>\n<p>Fuerte y definido, es la opci\u00f3n ideal cuando <b>necesitas un poco de entusiasmo<\/b> y quieres premiarte con sabor envolvente.<\/p>\n<p><b>Elige Conbr\u00eco en c\u00e1psulas compatibles con Lavazza A Modo Mio \u00ae y d\u00e9jate conquistar por su vigor.<\/b><\/p>\n                    <\/div>\n                <\/div>\n            <\/div>\n        <\/div>\n    <\/div>\n<\/div>\n<style>\n    :root {\n        --product-color: #42403F;\n    }\n    <\/style>\n\n\n\n<\/div>","protected":false},"excerpt":{"rendered":"","protected":false},"author":95,"featured_media":0,"parent":8627,"menu_order":256,"comment_status":"closed","ping_status":"closed","template":"","meta":{"inline_featured_image":false,"footnotes":""},"class_list":["post-9209","page","type-page","status-publish","hentry"],"_links":{"self":[{"href":"https:\/\/www.esssecaffe.com\/es\/wp-json\/wp\/v2\/pages\/9209","targetHints":{"allow":["GET"]}}],"collection":[{"href":"https:\/\/www.esssecaffe.com\/es\/wp-json\/wp\/v2\/pages"}],"about":[{"href":"https:\/\/www.esssecaffe.com\/es\/wp-json\/wp\/v2\/types\/page"}],"author":[{"embeddable":true,"href":"https:\/\/www.esssecaffe.com\/es\/wp-json\/wp\/v2\/users\/95"}],"replies":[{"embeddable":true,"href":"https:\/\/www.esssecaffe.com\/es\/wp-json\/wp\/v2\/comments?post=9209"}],"version-history":[{"count":0,"href":"https:\/\/www.esssecaffe.com\/es\/wp-json\/wp\/v2\/pages\/9209\/revisions"}],"up":[{"embeddable":true,"href":"https:\/\/www.esssecaffe.com\/es\/wp-json\/wp\/v2\/pages\/8627"}],"wp:attachment":[{"href":"https:\/\/www.esssecaffe.com\/es\/wp-json\/wp\/v2\/media?parent=9209"}],"curies":[{"name":"wp","href":"https:\/\/api.w.org\/{rel}","templated":true}]}}