{"id":9700,"date":"2022-11-21T11:45:02","date_gmt":"2022-11-21T10:45:02","guid":{"rendered":"https:\/\/www.esssecaffe.com\/decaffeinated-paper-pods\/"},"modified":"2022-12-12T12:27:39","modified_gmt":"2022-12-12T11:27:39","slug":"descafeinado","status":"publish","type":"page","link":"https:\/\/www.esssecaffe.com\/es\/linea-home\/capsulas-de-papel\/descafeinado\/","title":{"rendered":"C\u00e1psulas de papel Descafeinado"},"content":{"rendered":"<div id=\"\" class=\"product-section\">\n\n\n\n<div data-scroll-section class=\"l-container\" style=\"margin-bottom: 50px; margin-top: 30px;\"><nav class=\"woocommerce-breadcrumb rank-math-breadcrumb\"><span class=\"last\">Home<\/span><\/nav><\/div>\n\n<div data-scroll-section>\n    <div class=\"l-container\">\n        <div class=\"product-flex product-flex_product product-section-small\">\n            <div class=\"product-gallery with-coffee-bg \"> \n                <div class=\"product-gallery-image\">\n                    <img loading=\"lazy\" decoding=\"async\" width=\"355\" height=\"465\" src=\"https:\/\/www.esssecaffe.com\/wp-content\/uploads\/2022\/09\/Decaffeinato_solo.png\" class=\"attachment-full size-full\" alt=\"\" srcset=\"https:\/\/www.esssecaffe.com\/wp-content\/uploads\/2022\/09\/Decaffeinato_solo.png 355w, https:\/\/www.esssecaffe.com\/wp-content\/uploads\/2022\/09\/Decaffeinato_solo-229x300.png 229w, https:\/\/www.esssecaffe.com\/wp-content\/uploads\/2022\/09\/Decaffeinato_solo-220x288.png 220w, https:\/\/www.esssecaffe.com\/wp-content\/uploads\/2022\/09\/Decaffeinato_solo-230x301.png 230w\" sizes=\"auto, (max-width: 355px) 100vw, 355px\" \/>                <\/div>\n            <\/div>\n            <div class=\"product-info\">\n                <div class=\"product-info__inner\">\n                    <p class=\"h1 product-title title-decoration reveal-text longest-title longest-title_short\" data-scroll>C\u00e1psulas de papel Descafeinado<\/p>\n                    <div class=\"product-description fade-in-bottom\" data-scroll>\n                        <p>El descafeinado en c\u00e1psulas es el verdadero placer del caf\u00e9 Essse pero sin cafe\u00edna. Puedes degustar una taza cada vez que quieras beber un \u00f3ptimo caf\u00e9.<\/p>\n<p>Delicado y ligero, nuestro descafeinado te conquista con el placer de descubrir su sabor.<\/p>\n<p>Nuestras c\u00e1psulas de papel, envasadas individualmente en sobres que conservan el aroma, son muy f\u00e1ciles de usar.<\/p>\n<p><strong>DESCRIPCI\u00d3N DEL PRODUCTO<\/strong><\/p>\n<p>El sobre que conserva el aroma y el envase monodosis permiten que todas las propiedades organol\u00e9pticas del Descafeinado en c\u00e1psulas de papel de Essse Caff\u00e8 se conserven durante mucho tiempo.<\/p>\n<p>Cada vez que coloques una c\u00e1psula de esta mezcla en tu m\u00e1quina de caf\u00e9, te sorprender\u00e1s por el aroma \u00abfresco\u00bb e intenso que sentir\u00e1s inmediatamente.<\/p>\n<p><strong>SABOR<\/strong><\/p>\n<p>El descafeinado en c\u00e1psulas tiene un sabor ligero, equilibrado y cuerpo redondo.<span class=\"Apple-converted-space\">\u00a0<\/span><\/p>\n<p>Caracterizado por elegantes notas de frutos secos y cacao, el Descafeinado Essse cautivar\u00e1 tus sentidos con su aroma a caf\u00e9 tradicional.<\/p>\n<p><strong>MEZCLA<\/strong><span class=\"Apple-converted-space\">\u00a0<\/span><\/p>\n<p>Creado a partir de una mezcla eficaz de caf\u00e9 Ar\u00e1bica y Robusta descafeinado y sin ceras, el Descafeinado en c\u00e1psulas es una mezcla que mantiene su contenido de cafe\u00edna por debajo del 0,10%.<\/p>\n<p>Se puede disfrutar de todo el sabor del caf\u00e9 sin los efectos de la cafe\u00edna.<\/p>\n<p><strong>MOMENTO DE CONSUMO<\/strong><\/p>\n<p>Descafeinado en c\u00e1psulas es el caf\u00e9 que se puedes permitirte en cualquier momento del d\u00eda, incluso cuando necesita el placer de una taza despu\u00e9s de la cena.<span class=\"Apple-converted-space\">\u00a0<\/span><\/p>\n<p>No debes renunciar al sabor del verdadero caf\u00e9, del descafeinado en c\u00e1psulas ser\u00e1 tu nuevo permitido.<\/p>\n                    <\/div>\n                <\/div>\n            <\/div>\n        <\/div>\n    <\/div>\n<\/div>\n<style>\n    :root {\n        --product-color: #1FB4DB;\n    }\n    <\/style>\n\n\n\n<\/div>","protected":false},"excerpt":{"rendered":"","protected":false},"author":95,"featured_media":0,"parent":10094,"menu_order":253,"comment_status":"closed","ping_status":"closed","template":"","meta":{"inline_featured_image":false,"footnotes":""},"class_list":["post-9700","page","type-page","status-publish","hentry"],"_links":{"self":[{"href":"https:\/\/www.esssecaffe.com\/es\/wp-json\/wp\/v2\/pages\/9700","targetHints":{"allow":["GET"]}}],"collection":[{"href":"https:\/\/www.esssecaffe.com\/es\/wp-json\/wp\/v2\/pages"}],"about":[{"href":"https:\/\/www.esssecaffe.com\/es\/wp-json\/wp\/v2\/types\/page"}],"author":[{"embeddable":true,"href":"https:\/\/www.esssecaffe.com\/es\/wp-json\/wp\/v2\/users\/95"}],"replies":[{"embeddable":true,"href":"https:\/\/www.esssecaffe.com\/es\/wp-json\/wp\/v2\/comments?post=9700"}],"version-history":[{"count":0,"href":"https:\/\/www.esssecaffe.com\/es\/wp-json\/wp\/v2\/pages\/9700\/revisions"}],"up":[{"embeddable":true,"href":"https:\/\/www.esssecaffe.com\/es\/wp-json\/wp\/v2\/pages\/10094"}],"wp:attachment":[{"href":"https:\/\/www.esssecaffe.com\/es\/wp-json\/wp\/v2\/media?parent=9700"}],"curies":[{"name":"wp","href":"https:\/\/api.w.org\/{rel}","templated":true}]}}