{"id":9781,"date":"2022-11-21T16:37:44","date_gmt":"2022-11-21T15:37:44","guid":{"rendered":"https:\/\/www.esssecaffe.com\/linea-home\/cafe-molido\/ground-coffee-for-espresso-machine\/"},"modified":"2022-11-22T16:24:39","modified_gmt":"2022-11-22T15:24:39","slug":"cafe-molido-para-maquinas-de-cafe-espresso","status":"publish","type":"page","link":"https:\/\/www.esssecaffe.com\/es\/linea-home\/cafe-molido\/cafe-molido-para-maquinas-de-cafe-espresso\/","title":{"rendered":"Caf\u00e9 molido para m\u00e1quinas de caf\u00e9 espresso"},"content":{"rendered":"<div id=\"\" class=\"product-section\">\n\n\n\n<div data-scroll-section class=\"l-container\" style=\"margin-bottom: 50px; margin-top: 30px;\"><nav class=\"woocommerce-breadcrumb rank-math-breadcrumb\"><span class=\"last\">Home<\/span><\/nav><\/div>\n\n<div data-scroll-section>\n    <div class=\"l-container\">\n        <div class=\"product-flex product-flex_product product-section-small\">\n            <div class=\"product-gallery with-coffee-bg \"> \n                <div class=\"product-gallery-image\">\n                    <img loading=\"lazy\" decoding=\"async\" width=\"484\" height=\"609\" src=\"https:\/\/www.esssecaffe.com\/wp-content\/uploads\/2021\/09\/Espresso.png\" class=\"attachment-full size-full\" alt=\"\" srcset=\"https:\/\/www.esssecaffe.com\/wp-content\/uploads\/2021\/09\/Espresso.png 484w, https:\/\/www.esssecaffe.com\/wp-content\/uploads\/2021\/09\/Espresso-238x300.png 238w, https:\/\/www.esssecaffe.com\/wp-content\/uploads\/2021\/09\/Espresso-230x289.png 230w, https:\/\/www.esssecaffe.com\/wp-content\/uploads\/2021\/09\/Espresso-477x600.png 477w\" sizes=\"auto, (max-width: 484px) 100vw, 484px\" \/>                <\/div>\n            <\/div>\n            <div class=\"product-info\">\n                <div class=\"product-info__inner\">\n                    <p class=\"h1 product-title title-decoration reveal-text longest-title longest-title_short\" data-scroll>Caf\u00e9 molido para m\u00e1quinas de caf\u00e9 espresso <\/p>\n                    <div class=\"product-description fade-in-bottom\" data-scroll>\n                        <p>Nuestro caf\u00e9 molido est\u00e1 pensado para ti, que nunca renuncias a la <b>calidad de un buen caf\u00e9<\/b>.<b> <\/b><\/p>\n<p>En Essse Caff\u00e8 hemos desarrollado una mezcla \u00fanica, prestando especial atenci\u00f3n a la molienda y al tueste de esta mezcla con mucho cuerpo. El resultado es un caf\u00e9 <b>perfecto para comenzar la ma\u00f1ana<\/b> y para seguir recargando energ\u00edas <b>despu\u00e9s de la comida<\/b>.<\/p>\n<p><b>DESCRIPCI\u00d3N DEL PRODUCTO<\/b><\/p>\n<p>El caf\u00e9 molido para m\u00e1quina espresso conserva todo su aroma porque se vende en una <b>lata de 250 gramos, metalizada, reutilizable, anticorte y totalmente reciclable.<\/b><span class=\"Apple-converted-space\">\u00a0<\/span><\/p>\n<p>Un envase de calidad para una mezcla que te acompa\u00f1a toda la semana desde el desayuno hasta despu\u00e9s de la comida.<\/p>\n<p><b>SABOR<\/b><\/p>\n<p>El sabor del caf\u00e9 molido para m\u00e1quina espresso es <b>intenso y completo.<\/b><\/p>\n<p>Sus <b>aromas definidos<\/b> saben transportar las papilas gustativas hacia un <b>regusto persistente<\/b>, que aumenta el placer de beber un buen caf\u00e9.<span class=\"Apple-converted-space\">\u00a0<\/span><\/p>\n<p><b>MEZCLA<span class=\"Apple-converted-space\">\u00a0<\/span><\/b><\/p>\n<p>Las mezclas de <b>Ar\u00e1bica y Robusta<\/b> son ideales en este caf\u00e9 molido para m\u00e1quina de caf\u00e9 espresso para los amantes de los sabores fuertes.<span class=\"Apple-converted-space\">\u00a0<\/span><\/p>\n<p><b>Fuerte y estructurado<\/b>, este caf\u00e9 molido evitar\u00e1 que eches de menos el caf\u00e9 degustado en el bar.<\/p>\n<p><b>MOMENTO DE CONSUMO<\/b><\/p>\n<p>El caf\u00e9 molido para m\u00e1quina espresso es tu aliado cuando necesitas recargar energ\u00edas <b>despu\u00e9s de la comida o para comenzar la jornada.<\/b> <\/p>\n<p><b>Si amas los sabores definidos, nuestro caf\u00e9 molido para m\u00e1quina espresso tiene el car\u00e1cter ideal para ti.<\/b><\/p>\n                    <\/div>\n                <\/div>\n            <\/div>\n        <\/div>\n    <\/div>\n<\/div>\n<style>\n    :root {\n        --product-color: #2C2C2C;\n    }\n    <\/style>\n\n\n\n<\/div>","protected":false},"excerpt":{"rendered":"","protected":false},"author":95,"featured_media":0,"parent":9754,"menu_order":251,"comment_status":"closed","ping_status":"closed","template":"","meta":{"inline_featured_image":false,"footnotes":""},"class_list":["post-9781","page","type-page","status-publish","hentry"],"_links":{"self":[{"href":"https:\/\/www.esssecaffe.com\/es\/wp-json\/wp\/v2\/pages\/9781","targetHints":{"allow":["GET"]}}],"collection":[{"href":"https:\/\/www.esssecaffe.com\/es\/wp-json\/wp\/v2\/pages"}],"about":[{"href":"https:\/\/www.esssecaffe.com\/es\/wp-json\/wp\/v2\/types\/page"}],"author":[{"embeddable":true,"href":"https:\/\/www.esssecaffe.com\/es\/wp-json\/wp\/v2\/users\/95"}],"replies":[{"embeddable":true,"href":"https:\/\/www.esssecaffe.com\/es\/wp-json\/wp\/v2\/comments?post=9781"}],"version-history":[{"count":0,"href":"https:\/\/www.esssecaffe.com\/es\/wp-json\/wp\/v2\/pages\/9781\/revisions"}],"up":[{"embeddable":true,"href":"https:\/\/www.esssecaffe.com\/es\/wp-json\/wp\/v2\/pages\/9754"}],"wp:attachment":[{"href":"https:\/\/www.esssecaffe.com\/es\/wp-json\/wp\/v2\/media?parent=9781"}],"curies":[{"name":"wp","href":"https:\/\/api.w.org\/{rel}","templated":true}]}}