{"id":9836,"date":"2022-11-21T16:53:05","date_gmt":"2022-11-21T15:53:05","guid":{"rendered":"https:\/\/www.esssecaffe.com\/accessory-kit\/"},"modified":"2022-12-12T12:22:45","modified_gmt":"2022-12-12T11:22:45","slug":"kit-accessorios","status":"publish","type":"page","link":"https:\/\/www.esssecaffe.com\/es\/linea-home\/accesorios\/kit-accessorios\/","title":{"rendered":"Kit Accesorios Essse Caff\u00e8"},"content":{"rendered":"<div id=\"\" class=\"product-section\">\n\n\n\n<div data-scroll-section class=\"l-container\" style=\"margin-bottom: 50px; margin-top: 30px;\"><nav class=\"woocommerce-breadcrumb rank-math-breadcrumb\"><span class=\"last\">Home<\/span><\/nav><\/div>\n\n<div data-scroll-section>\n    <div class=\"l-container\">\n        <div class=\"product-flex product-flex_product product-section-small\">\n            <div class=\"product-gallery with-coffee-bg \"> \n                <div class=\"product-gallery-image\">\n                    <img loading=\"lazy\" decoding=\"async\" width=\"609\" height=\"609\" src=\"https:\/\/www.esssecaffe.com\/wp-content\/uploads\/2022\/11\/kit-vending_2.png\" class=\"attachment-full size-full\" alt=\"\" srcset=\"https:\/\/www.esssecaffe.com\/wp-content\/uploads\/2022\/11\/kit-vending_2.png 609w, https:\/\/www.esssecaffe.com\/wp-content\/uploads\/2022\/11\/kit-vending_2-300x300.png 300w, https:\/\/www.esssecaffe.com\/wp-content\/uploads\/2022\/11\/kit-vending_2-230x230.png 230w, https:\/\/www.esssecaffe.com\/wp-content\/uploads\/2022\/11\/kit-vending_2-477x477.png 477w, https:\/\/www.esssecaffe.com\/wp-content\/uploads\/2022\/11\/kit-vending_2-100x100.png 100w\" sizes=\"auto, (max-width: 609px) 100vw, 609px\" \/>                <\/div>\n            <\/div>\n            <div class=\"product-info\">\n                <div class=\"product-info__inner\">\n                    <p class=\"h1 product-title title-decoration reveal-text longest-title longest-title_short\" data-scroll>Kit Accesorios Essse Caff\u00e8<\/p>\n                    <div class=\"product-description fade-in-bottom\" data-scroll>\n                        <p>El kit de accesorios Essse Caff\u00e8 contiene todos los elementos que sirven para poder degustar un buen caf\u00e9 en cualquier parte y est\u00e1 pensado para ser c\u00f3modo, pr\u00e1ctico y respetuoso con el medio ambiente.<\/p>\n<p><b>DESCRIPCI\u00d3N DEL PRODUCTO<\/b><\/p>\n<p>Hemos dise\u00f1ado este equipo para que se pueda transportar c\u00f3modamente, para facilitar el trabajo a quienes siempre anhelan tomar un buen caf\u00e9 y, adem\u00e1s, cuidar el planeta.<span class=\"Apple-converted-space\">\u00a0<\/span><\/p>\n<p>Todos los componentes del kit son desechables, pero han sido <b>creados con materiales alternativos y ecosostenibles,<\/b> para limitar el consumo de pl\u00e1stico.<\/p>\n<p>Nuestro kit de accesorios se entrega en una bolsa de papel que contiene:\u00a0<\/p>\n<ul>\n<li><b>50 vasos de papel;<\/b><\/li>\n<li><b>50 agitadores de madera envueltas individualmente;<\/b><\/li>\n<li><b>50 sobres de az\u00facar.<\/b><\/li>\n<\/ul>\n<p>Si cuidas el medio ambiente pero tambi\u00e9n te gustan los accesorios para el caf\u00e9: <b>elige nuestro kit pr\u00e1ctico, c\u00f3modo y ecol\u00f3gico.<\/b><\/p>\n<p>\u00a1Ay\u00fadanos a respetar el medio ambiente y haz la recogida selectiva!<\/p>\n                    <\/div>\n                <\/div>\n            <\/div>\n        <\/div>\n    <\/div>\n<\/div>\n<style>\n    :root {\n        --product-color: #A67D52;\n    }\n    <\/style>\n\n\n\n<\/div>","protected":false},"excerpt":{"rendered":"","protected":false},"author":95,"featured_media":0,"parent":10098,"menu_order":248,"comment_status":"closed","ping_status":"closed","template":"","meta":{"inline_featured_image":false,"footnotes":""},"class_list":["post-9836","page","type-page","status-publish","hentry"],"_links":{"self":[{"href":"https:\/\/www.esssecaffe.com\/es\/wp-json\/wp\/v2\/pages\/9836","targetHints":{"allow":["GET"]}}],"collection":[{"href":"https:\/\/www.esssecaffe.com\/es\/wp-json\/wp\/v2\/pages"}],"about":[{"href":"https:\/\/www.esssecaffe.com\/es\/wp-json\/wp\/v2\/types\/page"}],"author":[{"embeddable":true,"href":"https:\/\/www.esssecaffe.com\/es\/wp-json\/wp\/v2\/users\/95"}],"replies":[{"embeddable":true,"href":"https:\/\/www.esssecaffe.com\/es\/wp-json\/wp\/v2\/comments?post=9836"}],"version-history":[{"count":0,"href":"https:\/\/www.esssecaffe.com\/es\/wp-json\/wp\/v2\/pages\/9836\/revisions"}],"up":[{"embeddable":true,"href":"https:\/\/www.esssecaffe.com\/es\/wp-json\/wp\/v2\/pages\/10098"}],"wp:attachment":[{"href":"https:\/\/www.esssecaffe.com\/es\/wp-json\/wp\/v2\/media?parent=9836"}],"curies":[{"name":"wp","href":"https:\/\/api.w.org\/{rel}","templated":true}]}}