{"id":9847,"date":"2022-11-21T16:56:13","date_gmt":"2022-11-21T15:56:13","guid":{"rendered":"https:\/\/www.esssecaffe.com\/collection-of-espresso-cups-il-gioco-dellarte-by-carlo-bonfa\/"},"modified":"2022-12-12T12:22:23","modified_gmt":"2022-12-12T11:22:23","slug":"coleccion-de-tazas-el-juego-del-arte-por-carlo-bonfa","status":"publish","type":"page","link":"https:\/\/www.esssecaffe.com\/es\/linea-home\/accesorios\/coleccion-de-tazas-el-juego-del-arte-por-carlo-bonfa\/","title":{"rendered":"Colecci\u00f3n De Tazas \u201cEl Juego Del Arte por Carlo Bonf\u00e0\u201d"},"content":{"rendered":"<div id=\"\" class=\"product-section\">\n\n\n\n<div data-scroll-section class=\"l-container\" style=\"margin-bottom: 50px; margin-top: 30px;\"><nav class=\"woocommerce-breadcrumb rank-math-breadcrumb\"><span class=\"last\">Home<\/span><\/nav><\/div>\n\n<div data-scroll-section>\n    <div class=\"l-container\">\n        <div class=\"product-flex product-flex_product product-section-small\">\n            <div class=\"product-gallery with-coffee-bg \"> \n                <div class=\"product-gallery-image\">\n                    <img loading=\"lazy\" decoding=\"async\" width=\"609\" height=\"609\" src=\"https:\/\/www.esssecaffe.com\/wp-content\/uploads\/2022\/11\/gioco_arte_bonfa-1.png\" class=\"attachment-full size-full\" alt=\"\" srcset=\"https:\/\/www.esssecaffe.com\/wp-content\/uploads\/2022\/11\/gioco_arte_bonfa-1.png 609w, https:\/\/www.esssecaffe.com\/wp-content\/uploads\/2022\/11\/gioco_arte_bonfa-1-300x300.png 300w, https:\/\/www.esssecaffe.com\/wp-content\/uploads\/2022\/11\/gioco_arte_bonfa-1-230x230.png 230w, https:\/\/www.esssecaffe.com\/wp-content\/uploads\/2022\/11\/gioco_arte_bonfa-1-477x477.png 477w, https:\/\/www.esssecaffe.com\/wp-content\/uploads\/2022\/11\/gioco_arte_bonfa-1-100x100.png 100w\" sizes=\"auto, (max-width: 609px) 100vw, 609px\" \/>                <\/div>\n            <\/div>\n            <div class=\"product-info\">\n                <div class=\"product-info__inner\">\n                    <p class=\"h1 product-title title-decoration reveal-text longest-title longest-title_short\" data-scroll>Colecci\u00f3n De Tazas \u201cEl Juego Del Arte por Carlo Bonf\u00e0\u201d<\/p>\n                    <div class=\"product-description fade-in-bottom\" data-scroll>\n                        <p>De la colaboraci\u00f3n con la Fundaci\u00f3n Veronesi, nace la colecci\u00f3n de tazas de cer\u00e1mica Essse Caff\u00e8, dise\u00f1ada por el artista mantuano Carlo Bonf\u00e0. Una concentraci\u00f3n de sabor y estilo italiano, precisamente como la mezcla Essse Caff\u00e8.<span class=\"Apple-converted-space\">\u00a0<\/span><\/p>\n<p><b>DESCRIPCI\u00d3N DEL PRODUCTO<\/b><\/p>\n<p>Creaciones multicolores, que se inspiran en el dise\u00f1o con un grupo de iconos que parecen juguetes, pero que desvelan una precisi\u00f3n y un juego de encastres complejo y elegante.<\/p>\n<p>Tambi\u00e9n este a\u00f1o, quien elige estas tazas, en realidad est\u00e1 haciendo mucho m\u00e1s: una parte de las ganancias de la colecci\u00f3n se destinar\u00e1 a la Fundaci\u00f3n Umberto Veronesi, para utilizar en proyectos de investigaci\u00f3n en el campo oncol\u00f3gico, cardiol\u00f3gico y neurol\u00f3gico.<span class=\"Apple-converted-space\">\u00a0<\/span><\/p>\n<p>Los fondos recaudados en estos a\u00f1os con la venta de los productos en colaboraci\u00f3n con la Fundaci\u00f3n Veronesi, han apoyado a distintas iniciativas en el campo m\u00e9dico cient\u00edfico, cultural y ambiental.<span class=\"Apple-converted-space\">\u00a0<\/span><\/p>\n<p>Un compromiso que da una mayor contribuci\u00f3n al elegir Essse Caff\u00e8 todos los d\u00edas.<span class=\"Apple-converted-space\">\u00a0<\/span><\/p>\n                    <\/div>\n                <\/div>\n            <\/div>\n        <\/div>\n    <\/div>\n<\/div>\n<style>\n    :root {\n        --product-color: #DA98AA;\n    }\n    <\/style>\n\n\n\n<\/div>","protected":false},"excerpt":{"rendered":"","protected":false},"author":95,"featured_media":0,"parent":10098,"menu_order":247,"comment_status":"closed","ping_status":"closed","template":"","meta":{"inline_featured_image":false,"footnotes":""},"class_list":["post-9847","page","type-page","status-publish","hentry"],"_links":{"self":[{"href":"https:\/\/www.esssecaffe.com\/es\/wp-json\/wp\/v2\/pages\/9847","targetHints":{"allow":["GET"]}}],"collection":[{"href":"https:\/\/www.esssecaffe.com\/es\/wp-json\/wp\/v2\/pages"}],"about":[{"href":"https:\/\/www.esssecaffe.com\/es\/wp-json\/wp\/v2\/types\/page"}],"author":[{"embeddable":true,"href":"https:\/\/www.esssecaffe.com\/es\/wp-json\/wp\/v2\/users\/95"}],"replies":[{"embeddable":true,"href":"https:\/\/www.esssecaffe.com\/es\/wp-json\/wp\/v2\/comments?post=9847"}],"version-history":[{"count":0,"href":"https:\/\/www.esssecaffe.com\/es\/wp-json\/wp\/v2\/pages\/9847\/revisions"}],"up":[{"embeddable":true,"href":"https:\/\/www.esssecaffe.com\/es\/wp-json\/wp\/v2\/pages\/10098"}],"wp:attachment":[{"href":"https:\/\/www.esssecaffe.com\/es\/wp-json\/wp\/v2\/media?parent=9847"}],"curies":[{"name":"wp","href":"https:\/\/api.w.org\/{rel}","templated":true}]}}