{"id":9856,"date":"2022-11-21T16:59:37","date_gmt":"2022-11-21T15:59:37","guid":{"rendered":"https:\/\/www.esssecaffe.com\/descaler-for-essse-caffe-s-12-machine\/"},"modified":"2022-12-12T12:21:48","modified_gmt":"2022-12-12T11:21:48","slug":"descalcificador-maquina-s12-essse-caffe","status":"publish","type":"page","link":"https:\/\/www.esssecaffe.com\/es\/linea-home\/accesorios\/descalcificador-maquina-s12-essse-caffe\/","title":{"rendered":"Descalcificador M\u00e1quina S.12 Essse Caff\u00e8"},"content":{"rendered":"<div id=\"\" class=\"product-section\">\n\n\n\n<div data-scroll-section class=\"l-container\" style=\"margin-bottom: 50px; margin-top: 30px;\"><nav class=\"woocommerce-breadcrumb rank-math-breadcrumb\"><span class=\"last\">Home<\/span><\/nav><\/div>\n\n<div data-scroll-section>\n    <div class=\"l-container\">\n        <div class=\"product-flex product-flex_product product-section-small\">\n            <div class=\"product-gallery with-coffee-bg \"> \n                <div class=\"product-gallery-image\">\n                    <img loading=\"lazy\" decoding=\"async\" width=\"609\" height=\"609\" src=\"https:\/\/www.esssecaffe.com\/wp-content\/uploads\/2022\/09\/descaling_3.png\" class=\"attachment-full size-full\" alt=\"\" srcset=\"https:\/\/www.esssecaffe.com\/wp-content\/uploads\/2022\/09\/descaling_3.png 609w, https:\/\/www.esssecaffe.com\/wp-content\/uploads\/2022\/09\/descaling_3-300x300.png 300w, https:\/\/www.esssecaffe.com\/wp-content\/uploads\/2022\/09\/descaling_3-230x230.png 230w, https:\/\/www.esssecaffe.com\/wp-content\/uploads\/2022\/09\/descaling_3-477x477.png 477w, https:\/\/www.esssecaffe.com\/wp-content\/uploads\/2022\/09\/descaling_3-100x100.png 100w\" sizes=\"auto, (max-width: 609px) 100vw, 609px\" \/>                <\/div>\n            <\/div>\n            <div class=\"product-info\">\n                <div class=\"product-info__inner\">\n                    <p class=\"h1 product-title title-decoration reveal-text longest-title longest-title_short\" data-scroll>Descalcificador M\u00e1quina S.12 Essse Caff\u00e8<\/p>\n                    <div class=\"product-description fade-in-bottom\" data-scroll>\n                        <p>DESCALCIFICADOR ESSSE CAFFE\u2019<\/p>\n<p>\u00bfQuieres alargar la vida \u00fatil de tu m\u00e1quina Sistema Espresso?<\/p>\n<p>Entonces cu\u00eddala con el descalcificador Essse para poder disfrutar de excelentes caf\u00e9s durante mucho tiempo.<\/p>\n<p>Conservando la m\u00e1quina limpia y sin cal obtendr\u00e1s resultados constantes y tendr\u00e1s siempre un \u00f3ptimo producto en la taza.<\/p>\n<p>DESCRIPCI\u00d3N DEL PRODUCTO<\/p>\n<p>El verdadero aliado de la m\u00e1quina Sistema Espresso es el descalcificador Essse Caff\u00e8.<\/p>\n<p>Compuesto con una f\u00f3rmula ideada expresamente para mantener las m\u00e1quinas del Sistema Espresso limpias y descalcificadas, es inoloro y seguro, fabricado con materias primas de origen natural.<\/p>\n<p>El paquete contiene dos envases de 100 ml (suficientes para dos ciclos de limpieza) y las instrucciones breves de uso.<span class=\"Apple-converted-space\">\u00a0<\/span><\/p>\n<p>Sigue obteniendo excelentes caf\u00e9s a lo largo del tiempo con la m\u00e1quina Sistema Espresso: elige el descalcificador Essse Caff\u00e8.<\/p>\n                    <\/div>\n                <\/div>\n            <\/div>\n        <\/div>\n    <\/div>\n<\/div>\n<style>\n    :root {\n        --product-color: #192231;\n    }\n    <\/style>\n\n\n\n<\/div>","protected":false},"excerpt":{"rendered":"","protected":false},"author":95,"featured_media":0,"parent":10098,"menu_order":246,"comment_status":"closed","ping_status":"closed","template":"","meta":{"inline_featured_image":false,"footnotes":""},"class_list":["post-9856","page","type-page","status-publish","hentry"],"_links":{"self":[{"href":"https:\/\/www.esssecaffe.com\/es\/wp-json\/wp\/v2\/pages\/9856","targetHints":{"allow":["GET"]}}],"collection":[{"href":"https:\/\/www.esssecaffe.com\/es\/wp-json\/wp\/v2\/pages"}],"about":[{"href":"https:\/\/www.esssecaffe.com\/es\/wp-json\/wp\/v2\/types\/page"}],"author":[{"embeddable":true,"href":"https:\/\/www.esssecaffe.com\/es\/wp-json\/wp\/v2\/users\/95"}],"replies":[{"embeddable":true,"href":"https:\/\/www.esssecaffe.com\/es\/wp-json\/wp\/v2\/comments?post=9856"}],"version-history":[{"count":0,"href":"https:\/\/www.esssecaffe.com\/es\/wp-json\/wp\/v2\/pages\/9856\/revisions"}],"up":[{"embeddable":true,"href":"https:\/\/www.esssecaffe.com\/es\/wp-json\/wp\/v2\/pages\/10098"}],"wp:attachment":[{"href":"https:\/\/www.esssecaffe.com\/es\/wp-json\/wp\/v2\/media?parent=9856"}],"curies":[{"name":"wp","href":"https:\/\/api.w.org\/{rel}","templated":true}]}}