{"id":9876,"date":"2022-11-21T17:02:56","date_gmt":"2022-11-21T16:02:56","guid":{"rendered":"https:\/\/www.esssecaffe.com\/essse-caffe-milk-frother\/"},"modified":"2022-12-12T12:21:22","modified_gmt":"2022-12-12T11:21:22","slug":"espumador-de-leche-essse-caffe","status":"publish","type":"page","link":"https:\/\/www.esssecaffe.com\/es\/linea-home\/accesorios\/espumador-de-leche-essse-caffe\/","title":{"rendered":"Espumador de leche Essse Caff\u00e8"},"content":{"rendered":"<div id=\"\" class=\"product-section\">\n\n\n\n<div data-scroll-section class=\"l-container\" style=\"margin-bottom: 50px; margin-top: 30px;\"><nav class=\"woocommerce-breadcrumb rank-math-breadcrumb\"><span class=\"last\">Home<\/span><\/nav><\/div>\n\n<div data-scroll-section>\n    <div class=\"l-container\">\n        <div class=\"product-flex product-flex_product product-section-small\">\n            <div class=\"product-gallery with-coffee-bg \"> \n                <div class=\"product-gallery-image\">\n                    <img loading=\"lazy\" decoding=\"async\" width=\"678\" height=\"968\" src=\"https:\/\/www.esssecaffe.com\/wp-content\/uploads\/2022\/11\/Montalatte_categoria-1.png\" class=\"attachment-full size-full\" alt=\"\" srcset=\"https:\/\/www.esssecaffe.com\/wp-content\/uploads\/2022\/11\/Montalatte_categoria-1.png 678w, https:\/\/www.esssecaffe.com\/wp-content\/uploads\/2022\/11\/Montalatte_categoria-1-210x300.png 210w, https:\/\/www.esssecaffe.com\/wp-content\/uploads\/2022\/11\/Montalatte_categoria-1-202x288.png 202w, https:\/\/www.esssecaffe.com\/wp-content\/uploads\/2022\/11\/Montalatte_categoria-1-230x328.png 230w, https:\/\/www.esssecaffe.com\/wp-content\/uploads\/2022\/11\/Montalatte_categoria-1-477x681.png 477w\" sizes=\"auto, (max-width: 678px) 100vw, 678px\" \/>                <\/div>\n            <\/div>\n            <div class=\"product-info\">\n                <div class=\"product-info__inner\">\n                    <p class=\"h1 product-title title-decoration reveal-text longest-title longest-title_short\" data-scroll>Espumador de leche Essse Caff\u00e8<\/p>\n                    <div class=\"product-description fade-in-bottom\" data-scroll>\n                        <p>El nuevo espumador de leche Essse Caff\u00e8 es perfecto para crear <b>una<\/b> <b>suave nota de leche <\/b>para agregar a las preparaciones.<\/p>\n<p>Adem\u00e1s de ser un accesorio que confiere placer al paladar tambi\u00e9n es un <b>objeto de dise\u00f1o<\/b> que puedes exhibir en tu cocina.<\/p>\n<p><b>DESCRIPCI\u00d3N DEL PRODUCTO<\/b><\/p>\n<p><b>El espumador de leche Essse Caff\u00e8 es muy f\u00e1cil de usar<\/b> para probar y disfrutar de nuevas bebidas y es muy pr\u00e1ctico incluso despu\u00e9s de su uso, ya que la base y la jarra son desmontables y <b>se pueden lavar en el lavavajillas<\/b> gracias a su fabricaci\u00f3n de acero inoxidable profesional.<\/p>\n<p>Su esmerado dise\u00f1o, creado para lograr un aspecto <b>compacto y elegante<\/b>, combina perfectamente con cualquier tipo de cocina.<\/p>\n<p>El espumador de leche Essse Caff\u00e8 tiene <b>cuatro funciones autom\u00e1ticas que es importante descubrir.<\/b><\/p>\n<ul>\n<li><b>Crea nubes suaves<\/b><\/li>\n<\/ul>\n<p>Si amas el caf\u00e9 cortado o el cappuccino suave como lo sirven en el bar, esta funci\u00f3n te sorprender\u00e1. Puedes crear una nube suave y densa de leche batida caliente y degustar todo el placer de la espuma en tus labios.<\/p>\n<ul>\n<li><b>Calienta la leche<\/b><\/li>\n<\/ul>\n<p>Esta segunda funci\u00f3n permite calentar la leche para degustarla pura pero tambi\u00e9n para crear un latte macchiato perfecto.\u00a0<\/p>\n<ul>\n<li><b>Del\u00e9itate con un chocolate a la taza<\/b><\/li>\n<\/ul>\n<p>Cuando en los meses m\u00e1s fr\u00edos te apetece tomar un chocolate a la taza, el espumador Essse Caff\u00e8 es la soluci\u00f3n ideal. Mezcla el cacao en polvo con la leche, rel\u00e1jate y deja que la m\u00e1quina haga lo dem\u00e1s. En pocos segundos podr\u00e1s calentarse degustando tu bebida favorita.\u00a0<\/p>\n<ul>\n<li><b>Experimenta con los batidos<\/b><\/li>\n<\/ul>\n<p>\u00bfEn verano quieres una soluci\u00f3n fresca y rica para aliviar el calor? El espumador de leche Essse Caff\u00e8 tiene la funci\u00f3n que necesitas: batiendo la leche fr\u00eda podr\u00e1s crear bebidas cremosas y ligeras y probar distintos tipos de batidos.<\/p>\n<p>El nuevo espumador de leche Essse Caff\u00e8 piensa en todo. El aparato emitir\u00e1 una se\u00f1al ac\u00fastica cuando la preparaci\u00f3n est\u00e9 lista y adem\u00e1s est\u00e1 programado para <b>apagarse autom\u00e1ticamente <\/b>tanto al alcanzar la temperatura necesaria como al finalizar el proceso.<\/p>\n<p><b>Descubre todas las consistencias de la leche: lleva a tu cocina el espumador de leche Essse Caff\u00e8.<\/b><\/p>\n                    <\/div>\n                <\/div>\n            <\/div>\n        <\/div>\n    <\/div>\n<\/div>\n<style>\n    :root {\n        --product-color: #000000;\n    }\n    <\/style>\n\n\n\n<\/div>","protected":false},"excerpt":{"rendered":"","protected":false},"author":95,"featured_media":0,"parent":10098,"menu_order":245,"comment_status":"closed","ping_status":"closed","template":"","meta":{"inline_featured_image":false,"footnotes":""},"class_list":["post-9876","page","type-page","status-publish","hentry"],"_links":{"self":[{"href":"https:\/\/www.esssecaffe.com\/es\/wp-json\/wp\/v2\/pages\/9876","targetHints":{"allow":["GET"]}}],"collection":[{"href":"https:\/\/www.esssecaffe.com\/es\/wp-json\/wp\/v2\/pages"}],"about":[{"href":"https:\/\/www.esssecaffe.com\/es\/wp-json\/wp\/v2\/types\/page"}],"author":[{"embeddable":true,"href":"https:\/\/www.esssecaffe.com\/es\/wp-json\/wp\/v2\/users\/95"}],"replies":[{"embeddable":true,"href":"https:\/\/www.esssecaffe.com\/es\/wp-json\/wp\/v2\/comments?post=9876"}],"version-history":[{"count":0,"href":"https:\/\/www.esssecaffe.com\/es\/wp-json\/wp\/v2\/pages\/9876\/revisions"}],"up":[{"embeddable":true,"href":"https:\/\/www.esssecaffe.com\/es\/wp-json\/wp\/v2\/pages\/10098"}],"wp:attachment":[{"href":"https:\/\/www.esssecaffe.com\/es\/wp-json\/wp\/v2\/media?parent=9876"}],"curies":[{"name":"wp","href":"https:\/\/api.w.org\/{rel}","templated":true}]}}