{"id":9895,"date":"2022-11-21T17:14:04","date_gmt":"2022-11-21T16:14:04","guid":{"rendered":"https:\/\/www.esssecaffe.com\/linea-home\/maquina-s-12-sistema-espresso\/s-12-sistema-espresso-machine\/"},"modified":"2022-11-22T15:38:59","modified_gmt":"2022-11-22T14:38:59","slug":"s-12-sistema-espresso-machine","status":"publish","type":"page","link":"https:\/\/www.esssecaffe.com\/es\/linea-home\/s-12-sistema-espresso-machine\/","title":{"rendered":"M\u00e1quina S.12 Sistema Espresso"},"content":{"rendered":"<div id=\"\" class=\"product-section\">\n\n\n\n<div data-scroll-section class=\"l-container\" style=\"margin-bottom: 50px; margin-top: 30px;\"><nav class=\"woocommerce-breadcrumb rank-math-breadcrumb\"><span class=\"last\">Home<\/span><\/nav><\/div>\n\n<div data-scroll-section>\n    <div class=\"l-container\">\n        <div class=\"product-flex product-flex_product product-section-small\">\n            <div class=\"product-gallery with-coffee-bg \"> \n                <div class=\"product-gallery-image\">\n                    <img loading=\"lazy\" decoding=\"async\" width=\"372\" height=\"714\" src=\"https:\/\/www.esssecaffe.com\/wp-content\/uploads\/2021\/10\/Fronte_2.png\" class=\"attachment-full size-full\" alt=\"Fronte_2\" srcset=\"https:\/\/www.esssecaffe.com\/wp-content\/uploads\/2021\/10\/Fronte_2.png 372w, https:\/\/www.esssecaffe.com\/wp-content\/uploads\/2021\/10\/Fronte_2-156x300.png 156w, https:\/\/www.esssecaffe.com\/wp-content\/uploads\/2021\/10\/Fronte_2-150x288.png 150w, https:\/\/www.esssecaffe.com\/wp-content\/uploads\/2021\/10\/Fronte_2-230x441.png 230w\" sizes=\"auto, (max-width: 372px) 100vw, 372px\" \/>                <\/div>\n            <\/div>\n            <div class=\"product-info\">\n                <div class=\"product-info__inner\">\n                    <p class=\"h1 product-title title-decoration reveal-text longest-title longest-title_short\" data-scroll>M\u00e1quina S.12 Sistema Espresso<\/p>\n                    <div class=\"product-description fade-in-bottom\" data-scroll>\n                        <p>Nuestra m\u00e1quina de caf\u00e9 en c\u00e1psulas S.12 Sistema Espresso, nace de la colaboraci\u00f3n entre <b>Essse Caff\u00e8 y Giugiaro Design<\/b>.<span class=\"Apple-converted-space\">\u00a0<\/span><\/p>\n<p><b>Elegante y moderna<\/b>, ha sido estudiada para garantizar siempre un excelente <b>caf\u00e9 denso y cremoso tanto en casa como en la oficina.<\/b><\/p>\n<p><b>DESCRIPCI\u00d3N DEL PRODUCTO\u00a0<\/b><\/p>\n<p>La uni\u00f3n entre tecnolog\u00eda, buen gusto y dise\u00f1o, ha dado como resultado la m\u00e1quina S.12 Sistema Espresso, con caracter\u00edsticas \u00fanicas de las que no podr\u00e1 prescindir.<\/p>\n<ul>\n<li><b>Lista r\u00e1pidamente<\/b><\/li>\n<\/ul>\n<p>Muy<span class=\"Apple-converted-space\">\u00a0 <\/span>f\u00e1cil de utilizar, la S.12 permite preparar \u00f3ptimas bebidas y garantiza una excelente extracci\u00f3n del caf\u00e9 en solo 40 segundos.<\/p>\n<ul>\n<li><b>Tecnolog\u00eda exclusiva<\/b><\/li>\n<\/ul>\n<p>El pico vertedor de la S.12 ha sido patentado por Essse Caff\u00e8 y estudiado para exaltar la cremosidad y el equilibrio arom\u00e1tico de tus caf\u00e9s.<\/p>\n<ul>\n<li><b>Personaliza tu bebida<\/b><\/li>\n<\/ul>\n<p>Puedes seleccionar la cantidad de caf\u00e9 que deseas solo con un toque de los botones \u201ccaff\u00e8 ristretto\u201d (caf\u00e9 corto) y \u201ccaff\u00e8 lungo\u201d (caf\u00e9 largo).<\/p>\n<ul>\n<li><b>Sistema inteligente<\/b><\/li>\n<\/ul>\n<p>La S.12 sabe reconocer el primer caf\u00e9 del d\u00eda, ajustando los par\u00e1metros de temperatura y erogaci\u00f3n. El sistema de control de la temperatura garantiza que las bebidas est\u00e9n siempre calientes en el punto justo.<\/p>\n<p>Adem\u00e1s, despu\u00e9s de 10 minutos de inactividad entra en modo de ahorro energ\u00e9tico, evitando el sobrecalentamiento del aparato.<\/p>\n<ul>\n<li><b>Elegancia irrenunciable<\/b><\/li>\n<\/ul>\n<p>El estilo de S.12 Sistema Espresso es elegante y refinado, sus formas ligeras y compactas, tienen el sello inconfundible de IDG Giugiaro Design.\u00a0<\/p>\n<p>Una amplia gama de colores disponibles permitir\u00e1 adaptarla perfectamente a cada ambiente.<\/p>\n<ul>\n<li><b>Descalcificaci\u00f3n programada<\/b><\/li>\n<\/ul>\n<p>S.12 avisa cuando es el momento de efectuar la descalcificaci\u00f3n, despu\u00e9s de 600 erogaciones, y puede guiarte en el proceso de limpieza.<\/p>\n<p><b>Elige la m\u00e1quina S.12 Sistema Espresso para exaltar su preciado ritual del caf\u00e9.<\/b><\/p>\n                    <\/div>\n                <\/div>\n            <\/div>\n        <\/div>\n    <\/div>\n<\/div>\n<style>\n    :root {\n        --product-color: #000000;\n    }\n    <\/style>\n\n\n\n<\/div>","protected":false},"excerpt":{"rendered":"","protected":false},"author":95,"featured_media":0,"parent":6321,"menu_order":105,"comment_status":"closed","ping_status":"closed","template":"","meta":{"inline_featured_image":false,"footnotes":""},"class_list":["post-9895","page","type-page","status-publish","hentry"],"_links":{"self":[{"href":"https:\/\/www.esssecaffe.com\/es\/wp-json\/wp\/v2\/pages\/9895","targetHints":{"allow":["GET"]}}],"collection":[{"href":"https:\/\/www.esssecaffe.com\/es\/wp-json\/wp\/v2\/pages"}],"about":[{"href":"https:\/\/www.esssecaffe.com\/es\/wp-json\/wp\/v2\/types\/page"}],"author":[{"embeddable":true,"href":"https:\/\/www.esssecaffe.com\/es\/wp-json\/wp\/v2\/users\/95"}],"replies":[{"embeddable":true,"href":"https:\/\/www.esssecaffe.com\/es\/wp-json\/wp\/v2\/comments?post=9895"}],"version-history":[{"count":0,"href":"https:\/\/www.esssecaffe.com\/es\/wp-json\/wp\/v2\/pages\/9895\/revisions"}],"up":[{"embeddable":true,"href":"https:\/\/www.esssecaffe.com\/es\/wp-json\/wp\/v2\/pages\/6321"}],"wp:attachment":[{"href":"https:\/\/www.esssecaffe.com\/es\/wp-json\/wp\/v2\/media?parent=9895"}],"curies":[{"name":"wp","href":"https:\/\/api.w.org\/{rel}","templated":true}]}}